{"id":1018,"date":"2011-05-12T13:39:07","date_gmt":"2011-05-12T11:39:07","guid":{"rendered":"http:\/\/www.abseitsreisen.de\/blog\/?page_id=1018"},"modified":"2023-11-20T18:01:47","modified_gmt":"2023-11-20T17:01:47","slug":"kambodscha","status":"publish","type":"page","link":"https:\/\/www.abseitsreisen.de\/blog\/lander-informationen\/kambodscha\/","title":{"rendered":"Kambodscha"},"content":{"rendered":"<p style=\"text-align: justify;\"><strong>Stand der Informationen<\/strong><br \/>\nM\u00e4rz 2011<\/p>\n<p style=\"text-align: justify;\"><strong>Visa<\/strong><br \/>\nAn der Grenze erh\u00e4lt man f\u00fcr 25 $ ein Visum f\u00fcr 30 Tage Aufenthalt, das in Pnom Penh verl\u00e4ngert werden kann.<\/p>\n<p style=\"text-align: justify;\"><strong>Einreisebestimmungen<\/strong><br \/>\nLaut der kambodschanischen Botschaft in Vientiane\/Laos ben\u00f6tigt man f\u00fcr die Einfuhr eines deutschen Fahrzeugs nach Kambodscha eine Einfuhrgenehmigung.<br \/>\nDiese Einfuhrgenehmigung erh\u00e4lt man kostenlos innerhalb von 2 Tagen bei der kambodschanischen Botschaft, wenn man neben Fahrzeugpapieren und F\u00fchrerschein auch eine beglaubigte Best\u00e4tigung der Deutschen Botschaft vorweisen kann, die bezeugt, dass das Fahrzeug in Deutschland registriert ist (es muss nicht angemeldet sein).<br \/>\nWir erhielten diese Best\u00e4tigung bei der Deutschen Botschaft in Vientiane nach Vorlage unseres Fahrzeugscheins. (Bearbeitungsgeb\u00fchr: 20 \u20ac).<br \/>\nEine Fahrzeugversicherung wurde bei Einreise nicht verlangt.<br \/>\nDeutsche Botschaft in Vientiane \/ Laos: N 17\u00b0 56&#8242; 43.3&#8220;, E102\u00b0 37&#8242; 32.6&#8220;<br \/>\nK\u00f6nigliche Botschaft von Kambodscha in Vientiane \/ Laos: N 17\u00b0 56&#8242; 35,2&#8220;, E102\u00b0 37&#8242; 08,9&#8220;<\/p>\n<p style=\"text-align: justify;\"><strong>Grenzabwicklung<\/strong><br \/>\nDie Einreise von Laos bei Dong Kralor verlief sehr unkompliziert. Die angeblich notwendige \u201eEinfuhrgenehmigung\u201c wurde kaum in Augenschein genommen. Mit einem \u201eOk\u201c war die Zollabwicklung auch schon abgeschlossen, das Fahrzeug wurde gar nicht erst inspiziert. Anschlie\u00dfend wurde f\u00fcr 1 $ pro Person mit einem Infrarotthermometer unsere K\u00f6rpertemperatur an der Stirn abgelesen und f\u00fcr wiederum 1 $ wurden unsere P\u00e4sse eingestempelt. Gesamtdauer ca. 20 Minuten.<br \/>\nBei Ausreise am \u00dcbergang Poipet nach Thailand wurde nur der Pass ausgestempelt, das Fahrzeug spielte keinerlei Rolle. Dauer je nach Touristenaufkommen: 2 bis 45 Minuten.<\/p>\n<blockquote>\n<p style=\"text-align: justify;\">Helfen euch die Informationen auf unserer Webseite beim Reisen oder der Vorbereitung dazu weiter? Freut uns. Auch ihr k\u00f6nnt unser Reiseprojekt unterst\u00fctzen, einfach und kostenlos.<\/p>\n<p style=\"text-align: justify;\">Wenn ihr das n\u00e4chste Mal bei Amazon bestellt, nutzt daf\u00fcr den\u00a0<a href=\"http:\/\/www.amazon.de\/?_encoding=UTF8&amp;site-redirect=de&amp;tag=wwwabseitsrei-21&amp;linkCode=ur2&amp;camp=1638&amp;creative=6742\" target=\"_blank\" rel=\"noopener\">Amazon-Link<\/a>\u00a0bei abseitsreisen.de bevor ihr etwas in den Warenkorb legt. Amazon verg\u00fctet uns dadurch ein kleine Linkpr\u00e4mie. Der Preis f\u00fcr euch als Kunden bleibt dadurch nat\u00fcrlich unber\u00fchrt.<\/p>\n<p style=\"text-align: justify;\">Noch besser: Zieht euch diesen\u00a0<a href=\"http:\/\/www.amazon.de\/?_encoding=UTF8&amp;site-redirect=de&amp;tag=wwwabseitsrei-21&amp;linkCode=ur2&amp;camp=1638&amp;creative=6742\" target=\"_blank\" rel=\"noopener\">Amazon-Link<\/a>\u00a0per Drag-and-Drop in die Lesezeichen eures Browsers und klickt euch so f\u00fcr die n\u00e4chsten Bestellungen zu Amazon. Damit unterst\u00fctzt ihr kostenlos diese Webseite bei jedem Einkauf. Dankesch\u00f6n.<\/p>\n<\/blockquote>\n<p style=\"text-align: justify;\"><strong>Stellpl\u00e4tze<\/strong><br \/>\nDa Kambodscha leider zu den am meisten mit Minen verseuchten L\u00e4ndern der Welt z\u00e4hlt, waren wir bei der Stellplatzwahl sehr vorsichtig und parkten entweder auf Parkpl\u00e4tzen oder bei Tankstellen. Als Ausgangspunkt f\u00fcr Angkor Wat eignet sich der Busparkplatz direkt vor Angkor Wat sehr gut. Hier steht man unter schattigen B\u00e4umen v\u00f6llig unbehelligt und ruhig, da die Touristen nach Sonnenuntergang die Anlage verlassen und s\u00e4mtliche H\u00e4ndler ihre L\u00e4den schlie\u00dfen (N 13\u00b0 24&#8242; 47.5&#8220;, E103\u00b0 51&#8242; 27.0&#8220;).<\/p>\n<p style=\"text-align: justify;\"><strong>Kraftstoff<\/strong><br \/>\nGute Kraftstoffversorgung, der Diesel kostet ca. 1 $ pro Liter.<\/p>\n<p style=\"text-align: justify;\"><strong>Kommunikation<\/strong><br \/>\nWir waren mit dem Mobilfunkanbieter &#8218;Beeline&#8216; zufrieden, die Netzabdeckung war auf unserer Route fl\u00e4chendeckend vorhanden. Die Sim-Karte kann auch f\u00fcr ein USB-Internetmodem genutzt werden, 1 MB kostet derzeit ca. 1 \u20ac.<\/p>\n<p style=\"text-align: justify;\"><strong>Stra\u00dfen<\/strong><br \/>\nDie von uns befahrenen Stra\u00dfen waren in guten oder sehr gutem Zustand. In St\u00e4dten und D\u00f6rfern hatten wir bisweilen Probleme mit der H\u00f6he (3,40 m), da h\u00e4ufig Stromkabel provisorisch \u00fcber die Stra\u00dfen gespannt werden.<br \/>\nAb Kratie verlie\u00dfen wir die Schnellstra\u00dfe Nr. 7 und fuhren die alte Stra\u00dfe am Mekong entlang in Richtung Kompong Cham. Dieser Abschnitt ist traumhaft und f\u00fchrt durch eine malerische Gegend. Etliche Kilometer vor Kompong Cham endet die Stra\u00dfe jedoch und f\u00fchrt auf der Westseite fort. Eine kleine F\u00e4hre bringt einen f\u00fcr f\u00fcnf bis sieben Dollar ans andere Ufer. Da die kleine Anlegestelle sehr versteckt liegt und lediglich auf kambodschanisch angeschrieben ist, hier die GPS-Korordinaten f\u00fcr die Abzweigung: N 12\u00b014&#8242; 41.8\u201c E105\u00b0 32&#8242; 54.5\u201c, nach ca. 100 m erreicht man die Anlegestelle.<\/p>\n<p style=\"text-align: justify;\"><strong>Trinkwasser \/ Versorgungslage<\/strong><br \/>\nWir bevorzugten abgepacktes Trinkwasser, das es \u00fcberall zu kaufen gibt. Obst und Gem\u00fcse gibt es allen Ortes auf kleinen M\u00e4rkten. Dinge des t\u00e4glichen Gebrauchs findet man in kleinen Tante-Emma-L\u00e4den. Einen &#8218;Supermarkt&#8216; fanden wir nur Siam Reap.<\/p>\n<p style=\"text-align: justify;\"><strong>Geld<\/strong><br \/>\nDer US-Dollar wird in Kambodscha als g\u00e4ngige Nebenw\u00e4hrung verwendet. An Geldautomaten k\u00f6nnen mit ausl\u00e4ndischer Kreditkarte ausschlie\u00dflich Dollarnoten abgehoben werden. Au\u00dfer an kleinen Marktst\u00e4nden kann daher fast allerorts mit US-Dollar gezahlt werden, auch an Tankstellen. Landes\u00fcblicher Umrechnungskurs derzeit: 4000 Riel zu 1 $.<\/p>\n","protected":false},"excerpt":{"rendered":"<p>Stand der Informationen M\u00e4rz 2011 Visa An der Grenze erh\u00e4lt man f\u00fcr 25 $ ein Visum f\u00fcr 30 Tage Aufenthalt, das in Pnom Penh verl\u00e4ngert werden kann. Einreisebestimmungen Laut der kambodschanischen Botschaft in Vientiane\/Laos ben\u00f6tigt man f\u00fcr die Einfuhr eines &hellip; <a href=\"https:\/\/www.abseitsreisen.de\/blog\/lander-informationen\/kambodscha\/\">Weiterlesen<\/a><\/p>\n","protected":false},"author":1,"featured_media":0,"parent":473,"menu_order":16,"comment_status":"closed","ping_status":"closed","template":"","meta":{"kt_blocks_editor_width":"","_metis_text_type":"standard","_metis_text_length":4651,"_post_count":0,"footnotes":""},"class_list":["post-1018","page","type-page","status-publish","hentry"],"aioseo_notices":[],"public_identification_id":"76c20952ab7844dfbe29d0d38ba1fba0","private_identification_id":"8d50d4a264674af0941a04c34f548f2d","_links":{"self":[{"href":"https:\/\/www.abseitsreisen.de\/blog\/wp-json\/wp\/v2\/pages\/1018","targetHints":{"allow":["GET"]}}],"collection":[{"href":"https:\/\/www.abseitsreisen.de\/blog\/wp-json\/wp\/v2\/pages"}],"about":[{"href":"https:\/\/www.abseitsreisen.de\/blog\/wp-json\/wp\/v2\/types\/page"}],"author":[{"embeddable":true,"href":"https:\/\/www.abseitsreisen.de\/blog\/wp-json\/wp\/v2\/users\/1"}],"replies":[{"embeddable":true,"href":"https:\/\/www.abseitsreisen.de\/blog\/wp-json\/wp\/v2\/comments?post=1018"}],"version-history":[{"count":18,"href":"https:\/\/www.abseitsreisen.de\/blog\/wp-json\/wp\/v2\/pages\/1018\/revisions"}],"predecessor-version":[{"id":181727,"href":"https:\/\/www.abseitsreisen.de\/blog\/wp-json\/wp\/v2\/pages\/1018\/revisions\/181727"}],"up":[{"embeddable":true,"href":"https:\/\/www.abseitsreisen.de\/blog\/wp-json\/wp\/v2\/pages\/473"}],"wp:attachment":[{"href":"https:\/\/www.abseitsreisen.de\/blog\/wp-json\/wp\/v2\/media?parent=1018"}],"curies":[{"name":"wp","href":"https:\/\/api.w.org\/{rel}","templated":true}]}}