{"id":1269,"date":"2011-09-16T07:08:12","date_gmt":"2011-09-16T05:08:12","guid":{"rendered":"http:\/\/www.abseitsreisen.de\/blog\/?page_id=1269"},"modified":"2023-11-20T18:01:50","modified_gmt":"2023-11-20T17:01:50","slug":"thailand","status":"publish","type":"page","link":"https:\/\/www.abseitsreisen.de\/blog\/lander-informationen\/thailand\/","title":{"rendered":"Thailand"},"content":{"rendered":"<p style=\"text-align: justify;\">&#8212;&gt; Update 1-2017: Die angek\u00fcndigten Ver\u00e4nderungen zum Fahrzeugimport wurden vollzogen. Es scheint erhebliche Auflagen zu geben. Zitat auf der <a href=\"http:\/\/logi.dyndns.info\/2016Kambodscha.php#48\" target=\"_blank\" rel=\"noopener noreferrer\">Webseite von Gisela und Lorenz<\/a>:<\/p>\n<p style=\"text-align: justify;\"><em>&#8222;Thailand hat die Bestimmungen f\u00fcr den tempor\u00e4ren Import von fremden Fahrzeugen derart erschwert, dass die Durchreise durch das Land des L\u00e4chelns praktisch unm\u00f6glich wurde. Man braucht vorg\u00e4ngig eine Genehmigung, welche durch ein Reiseb\u00fcro besorgt werden muss. Zudem darf nur noch mit einem lokalen Reisef\u00fchrer im Land gefahren werden. Umtriebe und zus\u00e4tzliche Kosten sind die Folge [&#8230;]&#8220;<\/em><\/p>\n<p style=\"text-align: justify;\"><strong>Stand der Informationen<\/strong><br \/>\nApril 2011<\/p>\n<p style=\"text-align: justify;\"><strong>Visa<\/strong><br \/>\nBei Ankunft am Flughafen erh\u00e4lt man ein 30 Tage g\u00fcltiges Visum, bei Einreise \u00fcber Land nur ein 15 Tage g\u00fcltiges. M\u00f6chte man sich l\u00e4nger in Thailand aufhalten, so kann man sich vorab bei einer Thail\u00e4ndischen Botschaft\/Konsulat ein Visum f\u00fcr z.B. 2 Monate &#8211; \u201edouble entry\u201c ausstellen lassen. Dieses Visum hat eine G\u00fcltigkeit von drei Monaten, beginnend ab Ausstellungsdatum. Das hei\u00dft, um sich vier Monate in Thailand aufhalten zu k\u00f6nnen, muss die zweite Einreise innerhalb dieser drei Monate erfolgen. Zur Zeit unserer Beantragung wurde das 2-Monats-Double-Entry-Visum geb\u00fchrenfrei ausgestellt.<\/p>\n<p style=\"text-align: justify;\"><strong>Einreisebestimmungen<\/strong><br \/>\nF\u00fcr das Fahrzeug erh\u00e4lt man eine tempor\u00e4re Einfuhrgenehmigung von h\u00f6chstens einem Monat Laufzeit. Vor Ablauf der Frist kann diese in einer Zollbeh\u00f6rde (\u201ecustom office\u201c) kostenlos wiederum um einen Monat verl\u00e4ngert werden, allerdings nicht \u00fcber die G\u00fcltigkeit des Visums hinaus. L\u00e4uft gleichzeitig das Visum ab, muss zuerst dieses erneuert werden, bevor die Fahrzeugpapiere verl\u00e4ngert werden k\u00f6nnen. Zollstationen gibt es in jedem Bezirk, aber auch an H\u00e4fen wie z.B. Ko Chang oder Ranong. Die zust\u00e4ndige Beh\u00f6rde in Bangkok befindet sich in der Sunthornkosa Road (genaue Adresse siehe \u201eBotschaften und Beh\u00f6rden\u201c).<br \/>\nDokumente, die man zur Verl\u00e4ngerung der Einfuhrgenehmigung ben\u00f6tigt:<\/p>\n<ul style=\"text-align: justify;\">\n<li>Pass mit g\u00fcltigem Visum<\/li>\n<li>tempor\u00e4re Einfuhrgenehmigung<\/li>\n<li>Fahrzeugpapiere<\/li>\n<li>das Fahrzeug selbst muss nicht vorgef\u00fchrt werden<\/li>\n<\/ul>\n<p>*Update am 11.7.2016: Es finden derzeit \u00c4nderungen bei der Fahrzeugeinreise nach Thailand statt. Detailierte Informationen <a href=\"https:\/\/www.facebook.com\/groups\/1024579897597702\/\" target=\"_blank\" rel=\"noopener noreferrer\">hier auf Facebook<\/a> und <a href=\"https:\/\/www.google.de\/url?sa=t&amp;rct=j&amp;q=&amp;esrc=s&amp;source=web&amp;cd=1&amp;ved=0ahUKEwj2lffFzO3NAhWmJJoKHa76CXQQFggcMAA&amp;url=http%3A%2F%2Fwww.horizonsunlimited.com%2Fhubb%2Fattachments%2Ftravellers-seeking-travellers%2F17903d1467873940-crossing-myanmar-india-thailand-october-overland_thailand_20160706_lm.pdf&amp;usg=AFQjCNHLD9nfETY_527gZ1drLceO_l2L8w&amp;sig2=mbhPm9eSw4mAujODR-Pnkg&amp;bvm=bv.126993452,d.bGs&amp;cad=rja\" target=\"_blank\" rel=\"noopener noreferrer\">hier als pdf<\/a>.<\/p>\n<p style=\"text-align: justify;\"><strong>Grenzabwicklung<\/strong><br \/>\nDie Einreise von Poipet \/ Kambodscha kommend verlief z\u00fcgig. Nach dem Einstempeln der P\u00e4sse werden von den zust\u00e4ndigen Beamten anhand der Fahrzeugpapiere einige Formulare ausgef\u00fcllt bevor man die tempor\u00e4re Einfuhrgenehmigung f\u00fcr das Fahrzeug erh\u00e4lt. Allerdings unterschreibt man auf der tempor\u00e4ren Einfuhrgenehmigung, dass man, im Falle einer \u00dcberschreitung des genehmigten Zeitrahmens, eine enorme Geldstrafe zu zahlen hat. Das Fahrzeug wird nicht in den Pass eingetragen. Eine Fahrzeugversicherung wird nicht verlangt, ebenso auch kein Carnet de Passage. Das Fahrzeug wurde nicht kontrolliert. Einreisedauer ca. eine Stunde.<br \/>\nDie Ausreise am Grenz\u00fcbergang Bukit Kayu Hitam nach Malaysia verlief z\u00fcgig, wenn auch aufgrund des gro\u00dfen Andrangs ein wenig chaotisch. An einem Schalter werden die P\u00e4sse ausgestempelt, an einem weiteren kann man die tempor\u00e4re Fahrzeugzulassung abgeben. Das Fahrzeug wurde nicht kontrolliert. Dauer ca. eine Stunde.<\/p>\n<p style=\"text-align: justify;\"><strong>Stellpl\u00e4tze<\/strong><br \/>\nTraumhafte Stellpl\u00e4tze direkt am Meer finden sich in Thailand selbst in touristischen Gebieten. H\u00e4ufig ist es auch m\u00f6glich f\u00fcr eine kleine Geb\u00fchr bei Bungalowanlagen zu stehen, so kann man auch Toiletten und Duschen mitben\u00fctzen.<br \/>\nBangkok: N 13\u00b0 48&#8242; 20.3&#8220;, E100\u00b0 33&#8242; 07.7&#8220;<\/p>\n<ul style=\"text-align: justify;\">\n<li>gro\u00dfer geteerter und bewachter Parkplatz in direkter N\u00e4he zum Chatuchak-Wochenendmarkt<\/li>\n<li>50 Bath (1,20 \u20ac) \/ Tag<\/li>\n<li>saubere Stehklos sind vorhanden<\/li>\n<li>an Tagen, an denen das Gel\u00e4nde des Chatuchak-Marktes ge\u00f6ffnet ist, kann in den dortigen Toilettenanlagen auch geduscht werden<\/li>\n<li>sehr gute Anbindung an das \u00f6ffentliche Verkehrsnetz<br \/>\n( Skytrain und U-bahn in f\u00fcnf Minuten zu Fu\u00df zu erreichen)<\/li>\n<li>mit dem Taxi in ca. 20 Min. f\u00fcr 100 Bath (2,50 \u20ac) ins Zentrum<\/li>\n<li>ruhig, da der Parkplatz unter der Woche und Abends kaum genutzt wird<\/li>\n<\/ul>\n<p style=\"text-align: justify;\"><strong>Kraftstoff<\/strong><br \/>\nDas Tankstellennetz ist sehr gut ausgebaut. Diesel kostet derzeit 30,4 Bath (0,71\u20ac) pro Liter.<\/p>\n<blockquote>\n<p style=\"text-align: justify;\">Helfen euch die Informationen auf unserer Webseite beim Reisen oder der Vorbereitung dazu weiter? Freut uns. Auch ihr k\u00f6nnt unser Reiseprojekt unterst\u00fctzen, einfach und kostenlos.<\/p>\n<p style=\"text-align: justify;\">Wenn ihr das n\u00e4chste Mal bei Amazon bestellt, nutzt daf\u00fcr den\u00a0<a href=\"http:\/\/www.amazon.de\/?_encoding=UTF8&amp;site-redirect=de&amp;tag=wwwabseitsrei-21&amp;linkCode=ur2&amp;camp=1638&amp;creative=6742\" target=\"_blank\" rel=\"noopener noreferrer\">Amazon-Link<\/a>\u00a0bei abseitsreisen.de bevor ihr etwas in den Warenkorb legt. Amazon verg\u00fctet uns dadurch ein kleine Linkpr\u00e4mie. Der Preis f\u00fcr euch als Kunden bleibt dadurch nat\u00fcrlich unber\u00fchrt.<\/p>\n<p style=\"text-align: justify;\">Noch besser: Zieht euch diesen\u00a0<a href=\"http:\/\/www.amazon.de\/?_encoding=UTF8&amp;site-redirect=de&amp;tag=wwwabseitsrei-21&amp;linkCode=ur2&amp;camp=1638&amp;creative=6742\" target=\"_blank\" rel=\"noopener noreferrer\">Amazon-Link<\/a>\u00a0per Drag-and-Drop in die Lesezeichen eures Browsers und klickt euch so f\u00fcr die n\u00e4chsten Bestellungen zu Amazon. Damit unterst\u00fctzt ihr kostenlos diese Webseite bei jedem Einkauf. Dankesch\u00f6n.<\/p>\n<\/blockquote>\n<p style=\"text-align: justify;\"><strong>Kommunikation<\/strong><br \/>\nIn Thailand gibt es eine F\u00fclle von Mobilfunkbetreibern. Da sich deren Angebote st\u00e4ndig \u00e4ndern, k\u00f6nnen die folgenden Beispiele nur zur groben Orientierung dienen.<br \/>\n&#8218;1-2-call&#8216; hat eine sehr gute Netzabdeckung. Viele Anbieter bieten eine spezielle Vorwahlnummer an, mit welcher man g\u00fcnstig bis sehr g\u00fcnstig nach Deutschland telefonieren kann. Bei &#8218;1-2-call&#8216; kann mit Hilfe der Vorwahl 00500 f\u00fcr ca. 10 Bath (0,25 \u20ac) \/ Minute ins Ausland telefoniert werden. &#8218;True move&#8216; bietet eine spezielle Simkarte f\u00fcr Auslandsgespr\u00e4che an, mit welcher man unter Vorwahl der Nummer 00600 f\u00fcr 1 Bath (0,025 \u20ac) \/ Minute ins deutsche Festnetz und f\u00fcr 7 Bath (0,16 \u20ac) \/ Minute ins deutsche Mobilfunknetz telefonieren kann. Allerdings war die Netzabdeckung bei &#8218;True move&#8216; deutlich schlechter als bei &#8218;1-2-call&#8216;. Dar\u00fcber hinaus k\u00f6nnen &#8218;Vorwahlkarten&#8216; erworben werden, mit denen z.B. \u00fcber das &#8218;1-2-call&#8216; Netz f\u00fcr 1 Bath \/ Minute ins deutsche Festnetz telefoniert werden kann. Sim Karten, Top-up Karten, sowie &#8218;Vorwahlkarten&#8216; k\u00f6nnen im &#8218;7Eleven&#8216;-Supermarkt im kleinsten Ort gekauft werden.<br \/>\nJe nach Anbieter gibt es auch f\u00fcr die Nutzung des Internets unterschiedliche Angebote. So kosteten 100 Stunden Internetzugang bei &#8218;1-2-call&#8216; aktuell 350 Bath (8,50 \u20ac) bei einer G\u00fcltigkeit von einem Monat.<\/p>\n<p style=\"text-align: justify;\"><strong>Stra\u00dfen<\/strong><br \/>\nIn Thailand herrscht Linksverkehr. Die Stra\u00dfen sind in sehr gutem Zustand. Selbst kleine Stra\u00dfen sind breit und gut geteert. Der Verkehr wirkt sehr geordnet und \u00fcbersichtlich. Seitenspuren f\u00fcr Motorrad und Kleinfahrzeuge machen das Fahren in Thailand sehr angenehm und man kommt z\u00fcgig vorw\u00e4rts. Autobahnen sind mautpflichtig.<\/p>\n<p style=\"text-align: justify;\"><strong>Trinkwasser \/ Versorgungslage<\/strong><br \/>\nTrinkwasser gibt es in 18l-Kanistern in kleinen L\u00e4den entlang der Stra\u00dfen. Eine F\u00fcllung kostet ca. 10 Baht \/ 0,25 \u20ac. Brauchwasser kann an den meisten Tankstellen aufgef\u00fcllt werden. \u00dcber die Versorgungslage muss man sich in Thailand keine Gedanken machen, die Supermarktketten &#8218;Tesco&#8216; und &#8218;Macro&#8216; bieten ein europ\u00e4isches Warenangebot zu europ\u00e4ischen Preisen. Ansonsten gibt es Grundnahrungsmittel wie Milch, Toastbrot und Eier in den sehr weit verbreiteten &#8218;7Eleven&#8217;\u2013M\u00e4rkten, die 7 Tage in der Woche rund um die Uhr ge\u00f6ffnet haben.<\/p>\n<p style=\"text-align: justify;\"><strong>Geld<\/strong><br \/>\nGeldautomaten gibt es \u00fcberall, allerdings verlangen die meisten thail\u00e4ndischen Banken pro Abhebevorgang eine Geb\u00fchr von 150 Baht (ca. 3,50 \u20ac).<\/p>\n<p style=\"text-align: justify;\"><strong>Botschaften und Beh\u00f6rden<\/strong><br \/>\nThail\u00e4ndisches Konsulat in Vientiane \/ Laos: N 17\u00b0 57&#8242; 53.1&#8220;, E 102\u00b0 37&#8242; 28.3&#8220;<br \/>\nCustoms Department in Bangkok (Verl\u00e4ngerung der tempor\u00e4ren Einfuhrgenehmigung f\u00fcr das Fahrzeug):<br \/>\nN 13\u00b0 42&#8242; 42.5&#8220;, E 100\u00b0 33&#8242; 52.0&#8220;,\u00a01 Sunthornkosa Road, Klong Toey,\u00a0Geb\u00e4ude 8 \/ 3. Stock, Abt. Privileges Formality Section, Tel. 02-6677100<\/p>\n","protected":false},"excerpt":{"rendered":"<p>&#8212;&gt; Update 1-2017: Die angek\u00fcndigten Ver\u00e4nderungen zum Fahrzeugimport wurden vollzogen. Es scheint erhebliche Auflagen zu geben. Zitat auf der Webseite von Gisela und Lorenz: &#8222;Thailand hat die Bestimmungen f\u00fcr den tempor\u00e4ren Import von fremden Fahrzeugen derart erschwert, dass die Durchreise &hellip; <a href=\"https:\/\/www.abseitsreisen.de\/blog\/lander-informationen\/thailand\/\">Weiterlesen<\/a><\/p>\n","protected":false},"author":2,"featured_media":0,"parent":473,"menu_order":17,"comment_status":"closed","ping_status":"closed","template":"","meta":{"kt_blocks_editor_width":"","_metis_text_type":"standard","_metis_text_length":7624,"_post_count":0,"footnotes":""},"class_list":["post-1269","page","type-page","status-publish","hentry"],"aioseo_notices":[],"public_identification_id":"a49505a86e574d968b68058696c91434","private_identification_id":"6ea96ae891b54664ac337dc56d4006a6","_links":{"self":[{"href":"https:\/\/www.abseitsreisen.de\/blog\/wp-json\/wp\/v2\/pages\/1269","targetHints":{"allow":["GET"]}}],"collection":[{"href":"https:\/\/www.abseitsreisen.de\/blog\/wp-json\/wp\/v2\/pages"}],"about":[{"href":"https:\/\/www.abseitsreisen.de\/blog\/wp-json\/wp\/v2\/types\/page"}],"author":[{"embeddable":true,"href":"https:\/\/www.abseitsreisen.de\/blog\/wp-json\/wp\/v2\/users\/2"}],"replies":[{"embeddable":true,"href":"https:\/\/www.abseitsreisen.de\/blog\/wp-json\/wp\/v2\/comments?post=1269"}],"version-history":[{"count":14,"href":"https:\/\/www.abseitsreisen.de\/blog\/wp-json\/wp\/v2\/pages\/1269\/revisions"}],"predecessor-version":[{"id":9110,"href":"https:\/\/www.abseitsreisen.de\/blog\/wp-json\/wp\/v2\/pages\/1269\/revisions\/9110"}],"up":[{"embeddable":true,"href":"https:\/\/www.abseitsreisen.de\/blog\/wp-json\/wp\/v2\/pages\/473"}],"wp:attachment":[{"href":"https:\/\/www.abseitsreisen.de\/blog\/wp-json\/wp\/v2\/media?parent=1269"}],"curies":[{"name":"wp","href":"https:\/\/api.w.org\/{rel}","templated":true}]}}