{"id":1274,"date":"2011-10-08T01:33:34","date_gmt":"2011-10-07T23:33:34","guid":{"rendered":"http:\/\/www.abseitsreisen.de\/blog\/?page_id=1274"},"modified":"2023-11-20T18:01:52","modified_gmt":"2023-11-20T17:01:52","slug":"malaysia","status":"publish","type":"page","link":"https:\/\/www.abseitsreisen.de\/blog\/lander-informationen\/malaysia\/","title":{"rendered":"Malaysia"},"content":{"rendered":"<p style=\"text-align: justify;\"><strong>Stand der Informationen<br \/>\n<\/strong> Mai 2011<\/p>\n<p style=\"text-align: justify;\"><strong>Visa<br \/>\n<\/strong> Deutsche Staatsangeh\u00f6rige k\u00f6nnen sich 90 Tage visafrei in Malaysia aufhalten, bei Einreise wird dieser Zeitraum in den Pass eingestempelt.<\/p>\n<p style=\"text-align: justify;\"><strong>Einreisebestimmungen<br \/>\n<\/strong> 1. Einreise mit Carnet de Passage<br \/>\nEinzige offizielle M\u00f6glichkeit ein Fahrzeug nach Malaysia einzuf\u00fchren!<br \/>\nDas Carnet wird eingestempelt, fertig! Eine Fahrzeugversicherung wird nicht verlangt.<\/p>\n<p style=\"text-align: justify;\">2. Einreise ohne Carnet de Passage<br \/>\nPraktisch m\u00f6glich, theoretisch nicht!<br \/>\nPraktisch deshalb, weil man auch ohne Carnet durchgelassen wird. Je nach Grenze wird ein &#8218;ICP&#8216; = &#8218;International Circulation Permit&#8216; (Fahrerlaubnis) ausgestellt, f\u00fcr welchen man eine Fahrzeugversicherung vorweisen muss. In unserem Fall gab es direkt an der Grenze keine Lkw-Versicherung und so lie\u00df man uns die Grenze passieren, um im 40 km entfernten Alor Setar eine abzuschlie\u00dfen. Bei der Ausreise nach Singapur wurden wir weder nach einem &#8218;ICP&#8216; noch nach dem Carnet de Passage gefragt.<br \/>\nLaut Aussage der &#8218;k\u00f6niglichen Zollbeh\u00f6rde&#8216; in Putra Jaya ist weder die Einreise noch die Ausreise ohne Carnet m\u00f6glich. Wir sind jedoch kein Einzelfall, wir wissen von drei weiteren Fahrzeugen, die \u00fcber Land ohne Carnet ein- und wieder ausreisten.<br \/>\nEine Ausreise per Schiff ist ohne Carnet allerdings definitiv nicht m\u00f6glich. Wir waren ohne Carnet eingereist und dachten daher, auch ohne Carnet unser Fahrzeug am Hafen auszollen zu k\u00f6nnen. Aber weit gefehlt, wir h\u00e4tten im Falle einer Verschiffung von Malaysia aus, zun\u00e4chst \u00fcber Land ausreisen m\u00fcssen, um bei erneuter Einreise das Carnet ordnungsgem\u00e4\u00df einzustempeln, um das Carnet bei Ausreise am Hafen wieder ausstempeln zu k\u00f6nnen. Selbst die &#8218;k\u00f6nigliche Zollbeh\u00f6rde&#8216; kannte keine geschicktere L\u00f6sung.<\/p>\n<p style=\"text-align: justify;\"><strong>Grenzabwicklung<\/strong><br \/>\nDie P\u00e4sse werden eingestempelt, das Fahrzeug wird nicht im Pass vermerkt. Das Carnet de Passage wird eingestempelt. Dauer ca. 1 Stunde.<\/p>\n<blockquote>\n<p style=\"text-align: justify;\">Helfen euch die Informationen auf unserer Webseite beim Reisen oder der Vorbereitung dazu weiter? Freut uns. Auch ihr k\u00f6nnt unser Reiseprojekt unterst\u00fctzen, einfach und kostenlos.<\/p>\n<p style=\"text-align: justify;\">Wenn ihr das n\u00e4chste Mal bei Amazon bestellt, nutzt daf\u00fcr den&nbsp;<a href=\"http:\/\/www.amazon.de\/?_encoding=UTF8&amp;site-redirect=de&amp;tag=wwwabseitsrei-21&amp;linkCode=ur2&amp;camp=1638&amp;creative=6742\" target=\"_blank\" rel=\"noopener\">Amazon-Link<\/a>&nbsp;bei abseitsreisen.de bevor ihr etwas in den Warenkorb legt. Amazon verg\u00fctet uns dadurch ein kleine Linkpr\u00e4mie. Der Preis f\u00fcr euch als Kunden bleibt dadurch nat\u00fcrlich unber\u00fchrt.<\/p>\n<p style=\"text-align: justify;\">Noch besser: Zieht euch diesen&nbsp;<a href=\"http:\/\/www.amazon.de\/?_encoding=UTF8&amp;site-redirect=de&amp;tag=wwwabseitsrei-21&amp;linkCode=ur2&amp;camp=1638&amp;creative=6742\" target=\"_blank\" rel=\"noopener\">Amazon-Link<\/a>&nbsp;per Drag-and-Drop in die Lesezeichen eures Browsers und klickt euch so f\u00fcr die n\u00e4chsten Bestellungen zu Amazon. Damit unterst\u00fctzt ihr kostenlos diese Webseite bei jedem Einkauf. Dankesch\u00f6n.<\/p>\n<\/blockquote>\n<p style=\"text-align: justify;\"><strong>Stellpl\u00e4tze<\/strong><br \/>\nBesonders an der Ostk\u00fcste von Malaysia finden sich viele abgelegenen Stehm\u00f6glichkeiten direkt am Strand. Auch Autobahnrasth\u00f6fe bieten, wenngleich keinen besonders sch\u00f6nen, doch zumindest einen recht funktionalen Stellplatz mit Toiletten, Duschen und Restaurants. In den St\u00e4dten finden sich leicht gro\u00dfe Parkpl\u00e4tze oder Freifl\u00e4chen, auf denen man tagelang ungest\u00f6rt stehen kann.<\/p>\n<p style=\"text-align: justify;\">Georgetown: N 05\u00b0 25&#8242; 24.3&#8220;, E100\u00b0 19&#8242; 57.4&#8220;<br \/>\n&#8211; Ecke Jalan Sultan Ahmad Shah \/ Transfer Road<br \/>\n&#8211; 10 RM (2,50 \u20ac) \/ Tag<br \/>\n&#8211; Parkplatz, tags\u00fcber bewacht<br \/>\n&#8211; ruhig, viel Freiraum, R\u00fcckzugsm\u00f6glichkeiten<br \/>\n&#8211; Dusche vorhanden<br \/>\n&#8211; in wenigen Minuten zu Fu\u00df in &#8218;Chinatown&#8216; und &#8218;Little India&#8216;<\/p>\n<p style=\"text-align: justify;\">Melaka: N 02\u00b011&#8217;20.6&#8220;, E102\u00b014&#8217;52.7&#8220;<br \/>\n&#8211; freie Schotterfl\u00e4che, kostenlos, nicht bewacht<br \/>\n&#8211; leicht zu finden, direkt neben dem &#8218;Holiday Inn&#8216;<br \/>\n&#8211; zentral gelegen<br \/>\n&#8211; angenehm windig, allerdings ohne jeden Schatten<br \/>\n&#8211; unter der Woche ruhig, an den Wochenenden herrscht auf dem Parkplatz bis sp\u00e4t in die Nacht reger Betrieb<\/p>\n<p style=\"text-align: justify;\">Cameron Highlands: N 04\u00b028&#8217;11.2&#8220;,E101\u00b022&#8217;37.4&#8220;<br \/>\n&#8211; geteerter Parkplatz, kostenlos, nicht bewacht<br \/>\n&#8211; zentral in Tanah Rata gelegen<br \/>\n&#8211; ruhig<\/p>\n<p style=\"text-align: justify;\">Kuala Lumpur: N 03\u00b009&#8217;29.5&#8220;, E101\u00b042&#8217;24.6&#8220;<br \/>\n&#8211; an der Jalan Ampang gelegen, direkt gegen\u00fcber der Touristeninformation und neben der Botschaft von Pakistan<br \/>\n&#8211; 4 RM (1 \u20ac) \/ Tag<br \/>\n&#8211; bewacht<br \/>\n&#8211; schattiger, sehr weitl\u00e4ufiger Parkplatz<br \/>\n&#8211; sehr zentral mit Blick auf die Petronas-Zwillingst\u00fcrme (in f\u00fcnf Minuten zu Fu\u00df zu erreichen)<br \/>\n&#8211; gute Anbindung: Monorail nur wenige Gehminuten entfernt<br \/>\n&#8211; ruhig, gute R\u00fcckzugsm\u00f6glichkeiten<br \/>\n&#8211; Toilettenanlage mit Dusche in der Touristeninformation gleich gegen\u00fcber<\/p>\n<p style=\"text-align: justify;\"><strong>Kraftstoff<\/strong><br \/>\nDas Tankstellennetz ist in Malaysia sehr gut ausgebaut. Der Dieselpreis betr\u00e4gt aktuell 1,8 RM (0,43 \u20ac) pro Liter.<\/p>\n<p style=\"text-align: justify;\"><strong>Kommunikation<\/strong><br \/>\nEs gibt etliche Mobilfunknetzbetreiber die eine Prepaidkarte anbieten. Die gel\u00e4ufigsten sind &#8218;Maxis&#8216;, &#8218;Di-Gi&#8216; und &#8218;Celfone&#8216;. &#8218;Maxis&#8216; hat eine sehr gute Netzabdeckung und schnellen Internetzugang. Allerdings muss man dazu sagen, dass die Internetverbindung trotz guten Empfangs manchmal f\u00fcr einige Stunden ausf\u00e4llt und die kostenpflichtige Service-Hotline keine gro\u00dfe Hilfe darstellt. Telefonate von Malaysia \u00fcber &#8218;Maxis&#8216; ins deutsche Festnetz kosten derzeit 0,20 RM (0,05\u20ac) \/ Minute und ins deutsche Mobilfunknetz 1 RM (0,25\u20ac) \/ Minute. Je nach Anbieter gibt es auch f\u00fcr die Nutzung des Internets unterschiedliche Angebote. So kosten 1,5 GB mit einer G\u00fcltigkeit von 30 Tagen bei &#8218;Maxis&#8216; beispielsweise 58 RM (15 \u20ac). &#8218;Top-up&#8216;- Karten gibt es im weit verbreiteten &#8218;7Eleven&#8216;.<\/p>\n<p style=\"text-align: justify;\"><strong>Stra\u00dfen<\/strong><br \/>\nIn Malaysia herrscht Linksverkehr. Die Stra\u00dfen sind in sehr gutem Zustand, auch Nebenstra\u00dfen sind gut geteert. Die Autobahn ist Mautpflichtig. Einmal von Nord nach S\u00fcd kostet ca. 20 \u20ac.<\/p>\n<p style=\"text-align: justify;\"><strong>Trinkwasser \/ Versorgungslage<br \/>\n<\/strong> In Malaysia gibt es neben dem 24 Stunden ge\u00f6ffnetem &#8218;7Eleven&#8216;, indem man Grundnahrungsmittel wie Milch, Saft, Wasser, Toast, und Bier findet, diverse Supermarktketten wie &#8218;Tesco&#8216; oder &#8218;Giant&#8216;, in denen westliche Produkte wie Oliven\u00f6l, Balsamico-Essig, Fetak\u00e4se und vieles mehr angeboten werden. Alkohol ist enorm teuer, eine 0,3l Flasche Bier kostet im Supermarkt ungef\u00e4hr 2 Euro, im Pub bis zu 5 Euro.<\/p>\n<p style=\"text-align: justify;\"><strong>Geld<\/strong><br \/>\nGeldautomaten finden sich \u00fcberall, manche Banken verlangen 1 RM (0,25\u20ac) pro Abhebevorgang.<\/p>\n<p style=\"text-align: justify;\"><strong>Diverses<\/strong><br \/>\n&#8211; Postsendungen von Malaysia nach Deutschland sind \u00fcberaus g\u00fcnstig. Ein 20kg Paket kostet per Seefracht nur 92,60 RM (22,- \u20ac), allerdings ist das Paket ein bis drei Monate unterwegs.<br \/>\n&#8211; In Kuala Lumpur gibt es bei &#8218;GEE HUP AUTO SUPPLY&#8216; eine gro\u00dfe Auswahl an Lkw \u2013 Ersatzteilen, sowohl neu, als auch gebraucht. F\u00fcr unseren Kurzhauber gab es jede Menge Originalersatzteile von Mercedes, meist deutlich billiger als in Deutschland, als auch g\u00fcnstige Nachbauten. Adresse: No. 292, Jalan Segambut, 51200 Kuala Lumpur. N 03\u00b011&#8217;00.3\u201c, E101\u00b040&#8217;23.4\u201c. Ganz in der N\u00e4he befindet sich das Lager f\u00fcr Gebrauchtteile: N 03\u00b011&#8217;23.3\u201c, E101\u00b040&#8217;30.3\u201c<br \/>\n&#8211; Einen Besuch in der Philharmonie in den Petronas-T\u00fcrmen in Kuala Lumpur empfanden wir als sehr lohnend. Studentenkarten gibt es schon ab 15 MR (4 \u20ac).<\/p>\n","protected":false},"excerpt":{"rendered":"<p>Stand der Informationen Mai 2011 Visa Deutsche Staatsangeh\u00f6rige k\u00f6nnen sich 90 Tage visafrei in Malaysia aufhalten, bei Einreise wird dieser Zeitraum in den Pass eingestempelt. Einreisebestimmungen 1. Einreise mit Carnet de Passage Einzige offizielle M\u00f6glichkeit ein Fahrzeug nach Malaysia einzuf\u00fchren! &hellip; <a href=\"https:\/\/www.abseitsreisen.de\/blog\/lander-informationen\/malaysia\/\">Weiterlesen<\/a><\/p>\n","protected":false},"author":2,"featured_media":0,"parent":473,"menu_order":18,"comment_status":"closed","ping_status":"closed","template":"","meta":{"kt_blocks_editor_width":"","_metis_text_type":"standard","_metis_text_length":7071,"_post_count":0,"footnotes":""},"class_list":["post-1274","page","type-page","status-publish","hentry"],"aioseo_notices":[],"public_identification_id":"3bd10296b250446d80c5c8e0f45d5a49","private_identification_id":"526d961aa8b5414ba8a133a82c87ed6b","_links":{"self":[{"href":"https:\/\/www.abseitsreisen.de\/blog\/wp-json\/wp\/v2\/pages\/1274","targetHints":{"allow":["GET"]}}],"collection":[{"href":"https:\/\/www.abseitsreisen.de\/blog\/wp-json\/wp\/v2\/pages"}],"about":[{"href":"https:\/\/www.abseitsreisen.de\/blog\/wp-json\/wp\/v2\/types\/page"}],"author":[{"embeddable":true,"href":"https:\/\/www.abseitsreisen.de\/blog\/wp-json\/wp\/v2\/users\/2"}],"replies":[{"embeddable":true,"href":"https:\/\/www.abseitsreisen.de\/blog\/wp-json\/wp\/v2\/comments?post=1274"}],"version-history":[{"count":9,"href":"https:\/\/www.abseitsreisen.de\/blog\/wp-json\/wp\/v2\/pages\/1274\/revisions"}],"predecessor-version":[{"id":333984,"href":"https:\/\/www.abseitsreisen.de\/blog\/wp-json\/wp\/v2\/pages\/1274\/revisions\/333984"}],"up":[{"embeddable":true,"href":"https:\/\/www.abseitsreisen.de\/blog\/wp-json\/wp\/v2\/pages\/473"}],"wp:attachment":[{"href":"https:\/\/www.abseitsreisen.de\/blog\/wp-json\/wp\/v2\/media?parent=1274"}],"curies":[{"name":"wp","href":"https:\/\/api.w.org\/{rel}","templated":true}]}}