{"id":182262,"date":"2019-02-18T22:02:23","date_gmt":"2019-02-18T21:02:23","guid":{"rendered":"http:\/\/www.abseitsreisen.de\/blog\/?page_id=182262"},"modified":"2024-07-10T16:51:52","modified_gmt":"2024-07-10T14:51:52","slug":"das-buch-zur-reise","status":"publish","type":"page","link":"https:\/\/www.abseitsreisen.de\/blog\/das-buch-zur-reise\/","title":{"rendered":"Das Buch zur Reise"},"content":{"rendered":"<div id=\"pl-182262\"  class=\"panel-layout\" ><div id=\"pg-182262-0\"  class=\"panel-grid panel-no-style\" ><div id=\"pgc-182262-0-0\"  class=\"panel-grid-cell\" ><div id=\"panel-182262-0-0-0\" class=\"so-panel widget widget_sow-editor panel-first-child\" data-index=\"0\" ><div\n\t\t\t\n\t\t\tclass=\"so-widget-sow-editor so-widget-sow-editor-base\"\n\t\t\t\n\t\t><h3 class=\"widget-title\">Bestellformular<\/h3>\n<div class=\"siteorigin-widget-tinymce textwidget\">\n\t<p>Vielen Dank, dass du direkt bei uns bestellst.<\/p>\n<p>Einfach das Bestellformular ausf\u00fcllen und du erh\u00e4ltst in K\u00fcrze eine Antwort von uns.<\/p>\n<p>Wir versenden die B\u00fccher, sobald die Zahlung eingegangen ist. Wenn du mit Paypal bezahlst, verpacken wir dein Buch wenn m\u00f6glich noch heute. Bei Vorkasse kann es ein paar Tage dauern, bis uns dein Geld erreicht.<\/p>\n<p>Bei Sendungen innerhalb von Deutschland \u00fcbernehmen wir die Versandkosten. Bei Sendungen innerhalb der EU fallen Portokosten in H\u00f6he von 6,49 \u20ac (8,99 \u20ac in die Schweiz) an. Bitte bei der Bestellung erw\u00e4hnen, damit die B\u00fccher richtig frankiert werden.<\/p>\n<p>Da wir per B\u00fcchersendung verschicken, kann die Lieferung bis zu 4 Werktage dauern. Falls du nicht so lange warten willst, kannst du 2,-\u20ac Versand bezahlen und bekommst das Buch per Paketversand in der Regel innerhalb von zwei Werktagen.<\/p>\n<p>&nbsp;<\/p>\n<p>Wir w\u00fcnschen viel Spa\u00df beim Lesen!<\/p>\n<p>Falls dir das Buch gef\u00e4llt, freuen wir uns \u00fcber deinen Kommentar auf unserer Seite - oder auf Amazon.de<\/p>\n<p>&nbsp;<\/p>\n<p>&nbsp;<\/p>\n<\/div>\n<\/div><\/div><div id=\"panel-182262-0-0-1\" class=\"so-panel widget widget_sow-contact-form panel-last-child\" data-index=\"1\" ><div\n\t\t\t\n\t\t\tclass=\"so-widget-sow-contact-form so-widget-sow-contact-form-default-60cd38b38dff-182262\"\n\t\t\t\n\t\t>\t<form\n\t\taction=\"\/blog\/wp-json\/wp\/v2\/pages\/182262\"\n\t\tmethod=\"POST\"\n\t\tclass=\"sow-contact-form\"\n\t\tid=\"contact-form-99af\"\n\t>\n\n\t\t\n\t\t\t\t\t<div class=\"sow-form-field sow-form-field-name\">\n\t\t\t\t<label class=\"sow-form-field-label-above\" for=\"sow-contact-form-field-name-und-adresse-1\">\n\t\t\t\t<strong>\n\t\t\t\t\tName und Adresse\t\t\t\t\t\t\t\t\t<\/strong>\n\t\t\t<\/label>\n\t\t\t\t\t\t\t<div class=\"sow-field-container\">\n\t\t\t\t\t\t\t<input\n\t\t\ttype=\"text\"\n\t\t\tname=\"name-und-adresse-1\"\n\t\t\tid=\"sow-contact-form-field-name-und-adresse-1\"\n\t\t\tvalue=\"\"\n\t\t\tclass=\"sow-text-field\"\n\t\t\t\t\t\taria-describedby=\"sow-contact-form-field-name-und-adresse-1-description\" \t\t\/>\n\t\t\t\t\t\t\t\t<div\n\t\t\t\t\t\t\tclass=\"sow-form-field-description\"\n\t\t\t\t\t\t\tid=\"sow-contact-form-field-name-und-adresse-1-description\"\n\t\t\t\t\t\t>\n\t\t\t\t\t\t\tVorname, Nachname, Stra\u00dfe und Hausnummer, Postleitzahl und Ort\t\t\t\t\t\t<\/div>\n\t\t\t\t\t\t\t\t\t\t<\/div>\n\t\t\t\t\t\t\t<\/div>\n\t\t\t\t\t\t<div class=\"sow-form-field sow-form-field-email\">\n\t\t\t\t<label class=\"sow-form-field-label-above\" for=\"sow-contact-form-field-e-mail-1\">\n\t\t\t\t<strong>\n\t\t\t\t\tE-Mail\t\t\t\t\t\t\t\t\t<\/strong>\n\t\t\t<\/label>\n\t\t\t\t\t\t\t<div class=\"sow-field-container\">\n\t\t\t\t\t\t\t<input\n\t\t\ttype=\"email\"\n\t\t\tname=\"e-mail-1\"\n\t\t\tid=\"sow-contact-form-field-e-mail-1\"\n\t\t\tvalue=\"\"\n\t\t\tclass=\"sow-text-field\"\t\t\t\t\t\t\t\t\/>\n\t\t\t\t\t\t<\/div>\n\t\t\t\t\t\t\t<\/div>\n\t\t\t\t\t\t<div class=\"sow-form-field sow-form-field-text\">\n\t\t\t\t<label class=\"sow-form-field-label-above\" for=\"sow-contact-form-field-anzahl-1\">\n\t\t\t\t<strong>\n\t\t\t\t\tAnzahl\t\t\t\t\t\t\t\t\t<\/strong>\n\t\t\t<\/label>\n\t\t\t\t\t\t\t<div class=\"sow-field-container\">\n\t\t\t\t\t\t\t<input\n\t\t\ttype=\"text\"\n\t\t\tname=\"anzahl-1\"\n\t\t\tid=\"sow-contact-form-field-anzahl-1\"\n\t\t\tvalue=\"\"\n\t\t\tclass=\"sow-text-field\"\t\t\taria-describedby=\"sow-contact-form-field-anzahl-1-description\" \t\t\t\t\t\/>\n\t\t\t\t\t\t\t\t<div\n\t\t\t\t\t\t\tclass=\"sow-form-field-description\"\n\t\t\t\t\t\t\tid=\"sow-contact-form-field-anzahl-1-description\"\n\t\t\t\t\t\t>\n\t\t\t\t\t\t\tBitte gib die gew\u00fcnschte Anzahl an B\u00fcchern an.\t\t\t\t\t\t<\/div>\n\t\t\t\t\t\t\t\t\t\t<\/div>\n\t\t\t\t\t\t\t<\/div>\n\t\t\t\t\t\t<div class=\"sow-form-field sow-form-field-text\">\n\t\t\t\t<label class=\"sow-form-field-label-above\" for=\"sow-contact-form-field-zahlungsart-1\">\n\t\t\t\t<strong>\n\t\t\t\t\tZahlungsart\t\t\t\t\t\t\t\t\t<\/strong>\n\t\t\t<\/label>\n\t\t\t\t\t\t\t<div class=\"sow-field-container\">\n\t\t\t\t\t\t\t<input\n\t\t\ttype=\"text\"\n\t\t\tname=\"zahlungsart-1\"\n\t\t\tid=\"sow-contact-form-field-zahlungsart-1\"\n\t\t\tvalue=\"\"\n\t\t\tclass=\"sow-text-field\"\t\t\taria-describedby=\"sow-contact-form-field-zahlungsart-1-description\" \t\t\t\t\t\/>\n\t\t\t\t\t\t\t\t<div\n\t\t\t\t\t\t\tclass=\"sow-form-field-description\"\n\t\t\t\t\t\t\tid=\"sow-contact-form-field-zahlungsart-1-description\"\n\t\t\t\t\t\t>\n\t\t\t\t\t\t\tWie m\u00f6chtest du bezahlen? Via Paypal oder per Vorkasse.\t\t\t\t\t\t<\/div>\n\t\t\t\t\t\t\t\t\t\t<\/div>\n\t\t\t\t\t\t\t<\/div>\n\t\t\t\t\t\t<div class=\"sow-form-field sow-form-field-text\">\n\t\t\t\t<label class=\"sow-form-field-label-above\" for=\"sow-contact-form-field-welche-postkarte-haettest-du-gerne-als-lesezeichen-geschenkt-oder-laesst-du-dich-ueberraschen-1\">\n\t\t\t\t<strong>\n\t\t\t\t\tWelche Postkarte h\u00e4ttest du gerne als Lesezeichen geschenkt? Oder l\u00e4sst du dich \u00fcberraschen?\t\t\t\t\t\t\t\t\t<\/strong>\n\t\t\t<\/label>\n\t\t\t\t\t\t\t<div class=\"sow-field-container\">\n\t\t\t\t\t\t\t<input\n\t\t\ttype=\"text\"\n\t\t\tname=\"welche-postkarte-haettest-du-gerne-als-lesezeichen-geschenkt-oder-laesst-du-dich-ueberraschen-1\"\n\t\t\tid=\"sow-contact-form-field-welche-postkarte-haettest-du-gerne-als-lesezeichen-geschenkt-oder-laesst-du-dich-ueberraschen-1\"\n\t\t\tvalue=\"\"\n\t\t\tclass=\"sow-text-field\"\t\t\t\t\t\t\t\t\/>\n\t\t\t\t\t\t<\/div>\n\t\t\t\t\t\t\t<\/div>\n\t\t\t\t\t\t<div class=\"sow-form-field sow-form-field-textarea\">\n\t\t\t\t<label class=\"sow-form-field-label-above\" for=\"sow-contact-form-field-hast-du-sonst-einen-wunsch-moechtest-du-eine-widmung-oder-hast-du-eine-frage-1\">\n\t\t\t\t<strong>\n\t\t\t\t\tHast du sonst einen Wunsch? M\u00f6chtest du eine Widmung oder hast du eine Frage?\t\t\t\t\t\t\t\t\t<\/strong>\n\t\t\t<\/label>\n\t\t\t\t\t\t\t<div class=\"sow-field-container\">\n\t\t\t\t\t\t\t<textarea\n\t\t\tname=\"hast-du-sonst-einen-wunsch-moechtest-du-eine-widmung-oder-hast-du-eine-frage-1\"\n\t\t\tid=\"sow-contact-form-field-hast-du-sonst-einen-wunsch-moechtest-du-eine-widmung-oder-hast-du-eine-frage-1\"\n\t\t\trows=\"10\"\n\t\t\t\t\t\t\t\t><\/textarea>\n\t\t\t\t\t\t<\/div>\n\t\t\t\t\t\t\t<\/div>\n\t\t\t\t\t\t<div class=\"sow-form-field sow-form-field-text\">\n\t\t\t\t<label class=\"sow-form-field-label-above\" for=\"sow-contact-form-field-versandart-buechersendung-innerhalb-deutschlands-versandkostenfrei-eu-649-e-schweiz-899-e-dauer-2-4-werktage-paketversand-2-e-dauer-1-2-werktage-1\">\n\t\t\t\t<strong>\n\t\t\t\t\tVersandart: B\u00fcchersendung (innerhalb Deutschlands versandkostenfrei, EU 6,49 \u20ac, Schweiz 8,99 \u20ac, Dauer 2- 4 Werktage), Paketversand (2,-\u20ac, Dauer 1-2 Werktage)\t\t\t\t\t\t\t\t\t<\/strong>\n\t\t\t<\/label>\n\t\t\t\t\t\t\t<div class=\"sow-field-container\">\n\t\t\t\t\t\t\t<input\n\t\t\ttype=\"text\"\n\t\t\tname=\"versandart-buechersendung-innerhalb-deutschlands-versandkostenfrei-eu-649-e-schweiz-899-e-dauer-2-4-werktage-paketversand-2-e-dauer-1-2-werktage-1\"\n\t\t\tid=\"sow-contact-form-field-versandart-buechersendung-innerhalb-deutschlands-versandkostenfrei-eu-649-e-schweiz-899-e-dauer-2-4-werktage-paketversand-2-e-dauer-1-2-werktage-1\"\n\t\t\tvalue=\"\"\n\t\t\tclass=\"sow-text-field\"\t\t\taria-describedby=\"sow-contact-form-field-versandart-buechersendung-innerhalb-deutschlands-versandkostenfrei-eu-649-e-schweiz-899-e-dauer-2-4-werktage-paketversand-2-e-dauer-1-2-werktage-1-description\" \t\t\t\t\t\/>\n\t\t\t\t\t\t\t\t<div\n\t\t\t\t\t\t\tclass=\"sow-form-field-description\"\n\t\t\t\t\t\t\tid=\"sow-contact-form-field-versandart-buechersendung-innerhalb-deutschlands-versandkostenfrei-eu-649-e-schweiz-899-e-dauer-2-4-werktage-paketversand-2-e-dauer-1-2-werktage-1-description\"\n\t\t\t\t\t\t>\n\t\t\t\t\t\t\tBitte w\u00e4hle die Versandart\t\t\t\t\t\t<\/div>\n\t\t\t\t\t\t\t\t\t\t<\/div>\n\t\t\t\t\t\t\t<\/div>\n\t\t\t\n\t\t\n\t\t<div class=\"sow-submit-wrapper \n\t\tsow-submit-styled\t\t\">\n\n\t\t\t<button\n\t\t\t\ttype=\"submit\"\n\t\t\t\tclass=\"sow-submit\n\t\t\t\t\t\t\t\t\"\n\t\t\t\t\t\t\t>\n\t\t\t\tBestellung absenden\t\t\t<\/button>\n\t\t<\/div>\n\t\t\t\t<input\n\t\t\ttype=\"hidden\"\n\t\t\tname=\"instance_hash-1\"\n\t\t\tvalue=\"99af056d\"\n\t\t\/>\n\n\t\t<input type=\"hidden\" id=\"_wpnonce\" name=\"_wpnonce\" value=\"61dcb021e3\" \/><input type=\"hidden\" name=\"_wp_http_referer\" value=\"\/blog\/wp-json\/wp\/v2\/pages\/182262\" \/>\t<\/form>\n\t<\/div><\/div><\/div><\/div><\/div>","protected":false},"excerpt":{"rendered":"<p>Vielen Dank, dass du direkt bei uns bestellst. Einfach das Bestellformular ausf\u00fcllen und du erh\u00e4ltst in K\u00fcrze eine Antwort von uns. Wir versenden die B\u00fccher, sobald die Zahlung eingegangen ist. Wenn du mit Paypal bezahlst, verpacken wir dein Buch wenn &hellip; <a href=\"https:\/\/www.abseitsreisen.de\/blog\/das-buch-zur-reise\/\">Weiterlesen<\/a><\/p>\n","protected":false},"author":2,"featured_media":0,"parent":0,"menu_order":0,"comment_status":"closed","ping_status":"closed","template":"","meta":{"kt_blocks_editor_width":"","_metis_text_type":"standard","_metis_text_length":1588,"_post_count":0,"footnotes":""},"class_list":["post-182262","page","type-page","status-publish","hentry"],"aioseo_notices":[],"_links":{"self":[{"href":"https:\/\/www.abseitsreisen.de\/blog\/wp-json\/wp\/v2\/pages\/182262","targetHints":{"allow":["GET"]}}],"collection":[{"href":"https:\/\/www.abseitsreisen.de\/blog\/wp-json\/wp\/v2\/pages"}],"about":[{"href":"https:\/\/www.abseitsreisen.de\/blog\/wp-json\/wp\/v2\/types\/page"}],"author":[{"embeddable":true,"href":"https:\/\/www.abseitsreisen.de\/blog\/wp-json\/wp\/v2\/users\/2"}],"replies":[{"embeddable":true,"href":"https:\/\/www.abseitsreisen.de\/blog\/wp-json\/wp\/v2\/comments?post=182262"}],"version-history":[{"count":61,"href":"https:\/\/www.abseitsreisen.de\/blog\/wp-json\/wp\/v2\/pages\/182262\/revisions"}],"predecessor-version":[{"id":334153,"href":"https:\/\/www.abseitsreisen.de\/blog\/wp-json\/wp\/v2\/pages\/182262\/revisions\/334153"}],"wp:attachment":[{"href":"https:\/\/www.abseitsreisen.de\/blog\/wp-json\/wp\/v2\/media?parent=182262"}],"curies":[{"name":"wp","href":"https:\/\/api.w.org\/{rel}","templated":true}]}}