{"id":182313,"date":"2019-02-19T18:37:39","date_gmt":"2019-02-19T17:37:39","guid":{"rendered":"http:\/\/www.abseitsreisen.de\/blog\/?page_id=182313"},"modified":"2019-02-19T18:39:50","modified_gmt":"2019-02-19T17:39:50","slug":"bestellung-wurde-abgebrochen","status":"publish","type":"page","link":"https:\/\/www.abseitsreisen.de\/blog\/bestellung-wurde-abgebrochen\/","title":{"rendered":"Bestellung wurde abgebrochen."},"content":{"rendered":"<p>Hier gelangst du zur\u00fcck zu unserer <a href=\"https:\/\/www.abseitsreisen.de\/blog\/blog\/2019\/02\/18\/6-jahre-weltumrundung-das-buch-zur-reise-comming-soon\/\">Seite<\/a> und kannst dir in Ruhe \u00fcberlegen, ob du das Buch wirklich kaufen m\u00f6chtest. Wenn dir der Kauf \u00fcber uns zu umst\u00e4ndlich ist, schau doch auf <a href=\"https:\/\/www.amazon.de\/gp\/product\/3890294960\/ref=as_li_tl?ie=UTF8&amp;camp=1638&amp;creative=6742&amp;creativeASIN=3890294960&amp;linkCode=as2&amp;tag=wwwabseitsrei-21&amp;linkId=804da41d65e9725d7a4cff045742397c\">Amazon<\/a> oder erfreue den Buchh\u00e4ndler deines Vertrauens.<\/p>\n","protected":false},"excerpt":{"rendered":"<p>Hier gelangst du zur\u00fcck zu unserer Seite und kannst dir in Ruhe \u00fcberlegen, ob du das Buch wirklich kaufen m\u00f6chtest. Wenn dir der Kauf \u00fcber uns zu umst\u00e4ndlich ist, schau doch auf Amazon oder erfreue den Buchh\u00e4ndler deines Vertrauens.<\/p>\n","protected":false},"author":2,"featured_media":0,"parent":0,"menu_order":0,"comment_status":"closed","ping_status":"closed","template":"","meta":{"kt_blocks_editor_width":"","_metis_text_type":"standard","_metis_text_length":232,"_post_count":0,"footnotes":""},"class_list":["post-182313","page","type-page","status-publish","hentry"],"aioseo_notices":[],"_links":{"self":[{"href":"https:\/\/www.abseitsreisen.de\/blog\/wp-json\/wp\/v2\/pages\/182313","targetHints":{"allow":["GET"]}}],"collection":[{"href":"https:\/\/www.abseitsreisen.de\/blog\/wp-json\/wp\/v2\/pages"}],"about":[{"href":"https:\/\/www.abseitsreisen.de\/blog\/wp-json\/wp\/v2\/types\/page"}],"author":[{"embeddable":true,"href":"https:\/\/www.abseitsreisen.de\/blog\/wp-json\/wp\/v2\/users\/2"}],"replies":[{"embeddable":true,"href":"https:\/\/www.abseitsreisen.de\/blog\/wp-json\/wp\/v2\/comments?post=182313"}],"version-history":[{"count":2,"href":"https:\/\/www.abseitsreisen.de\/blog\/wp-json\/wp\/v2\/pages\/182313\/revisions"}],"predecessor-version":[{"id":182316,"href":"https:\/\/www.abseitsreisen.de\/blog\/wp-json\/wp\/v2\/pages\/182313\/revisions\/182316"}],"wp:attachment":[{"href":"https:\/\/www.abseitsreisen.de\/blog\/wp-json\/wp\/v2\/media?parent=182313"}],"curies":[{"name":"wp","href":"https:\/\/api.w.org\/{rel}","templated":true}]}}