{"id":182571,"date":"2019-07-13T15:35:05","date_gmt":"2019-07-13T13:35:05","guid":{"rendered":"http:\/\/www.abseitsreisen.de\/blog\/?page_id=182571"},"modified":"2024-02-24T11:57:02","modified_gmt":"2024-02-24T10:57:02","slug":"hin-und-weg","status":"publish","type":"page","link":"https:\/\/www.abseitsreisen.de\/blog\/hin-und-weg\/","title":{"rendered":"Hin und weg"},"content":{"rendered":"<div id=\"pl-182571\"  class=\"panel-layout\" ><div id=\"pg-182571-0\"  class=\"panel-grid panel-no-style\" ><div id=\"pgc-182571-0-0\"  class=\"panel-grid-cell\" ><div id=\"panel-182571-0-0-0\" class=\"so-panel widget widget_sow-image panel-first-child panel-last-child\" data-index=\"0\" ><div\n\t\t\t\n\t\t\tclass=\"so-widget-sow-image so-widget-sow-image-default-dbf295114b96-182571\"\n\t\t\t\n\t\t>\n<div class=\"sow-image-container\">\n\t\t<img \n\tsrc=\"https:\/\/www.abseitsreisen.de\/blog\/wp-content\/uploads\/2016\/07\/Titel-hin-und-weg-Amberg-4-2017.jpg\" width=\"1708\" height=\"442\" srcset=\"https:\/\/www.abseitsreisen.de\/blog\/wp-content\/uploads\/2016\/07\/Titel-hin-und-weg-Amberg-4-2017.jpg 1708w, https:\/\/www.abseitsreisen.de\/blog\/wp-content\/uploads\/2016\/07\/Titel-hin-und-weg-Amberg-4-2017-300x78.jpg 300w, https:\/\/www.abseitsreisen.de\/blog\/wp-content\/uploads\/2016\/07\/Titel-hin-und-weg-Amberg-4-2017-768x199.jpg 768w, https:\/\/www.abseitsreisen.de\/blog\/wp-content\/uploads\/2016\/07\/Titel-hin-und-weg-Amberg-4-2017-1024x265.jpg 1024w\" sizes=\"(max-width: 1708px) 100vw, 1708px\" title=\"Titel-hin-und-weg-Amberg 4-2017\" alt=\"\" \t\tclass=\"so-widget-image\"\/>\n\t<\/div>\n\n<\/div><\/div><\/div><\/div><div id=\"pg-182571-1\"  class=\"panel-grid panel-no-style\" ><div id=\"pgc-182571-1-0\"  class=\"panel-grid-cell\" ><div id=\"panel-182571-1-0-0\" class=\"so-panel widget widget_sow-editor panel-first-child\" data-index=\"1\" ><div\n\t\t\t\n\t\t\tclass=\"so-widget-sow-editor so-widget-sow-editor-base\"\n\t\t\t\n\t\t>\n<div class=\"siteorigin-widget-tinymce textwidget\">\n\t<h4 style=\"text-align: center;\">Liebe Freunde der Live-Reportage,<\/h4>\n<p>da wir seit September 2022 auf Reisen sind, werden wir mit Live-Reportagen in Amberg erst wieder ab Winter 2024 starten und dann auch wieder gewohnt\u00a0hochkar\u00e4tige Referenten einladen.<\/p>\n<p>Bis es soweit ist, k\u00f6nnen wir euch dank der Kooperation mit \"Welt&amp;Wir\" einige Live-Streams anbieten. Wie immer auf Spendenbasis, sodass ihr selbst entscheiden k\u00f6nnt, wie viel ihr geben m\u00f6chtet. Denkt aber bitte daran, dass die Referenten und die Organisatoren dieses Angebot nur Aufrecht erhalten k\u00f6nnen, wenn ihr angemessen spendet. Vielen Dank daf\u00fcr.<\/p>\n<\/div>\n<\/div><\/div><div id=\"panel-182571-1-0-1\" class=\"so-panel widget widget_sow-headline panel-last-child\" data-index=\"2\" ><div\n\t\t\t\n\t\t\tclass=\"so-widget-sow-headline so-widget-sow-headline-default-35461ea34539-182571\"\n\t\t\t\n\t\t><div class=\"sow-headline-container \">\n\t\t\t\t\t\t<div class=\"decoration\">\n\t\t\t\t\t\t<div class=\"decoration-inside\"><\/div>\n\t\t\t\t\t<\/div>\n\t\t\t\t\t<\/div>\n<\/div><\/div><\/div><\/div><div id=\"pg-182571-2\"  class=\"panel-grid panel-no-style\" ><div id=\"pgc-182571-2-0\"  class=\"panel-grid-cell\" ><div id=\"panel-182571-2-0-0\" class=\"so-panel widget widget_sow-editor panel-first-child\" data-index=\"3\" ><div\n\t\t\t\n\t\t\tclass=\"so-widget-sow-editor so-widget-sow-editor-base\"\n\t\t\t\n\t\t>\n<div class=\"siteorigin-widget-tinymce textwidget\">\n\t<div id=\"c1t6pinlineContent\" class=\"s9inlineContent\" data-reactid=\".0.$SITE_ROOT.$desktop_siteRoot.$PAGES_CONTAINER.1.1.$SITE_PAGES.$c1t6p.1\">\n<div id=\"comp-ipnwo249\" class=\"s6\" data-reactid=\".0.$SITE_ROOT.$desktop_siteRoot.$PAGES_CONTAINER.1.1.$SITE_PAGES.$c1t6p.1.$comp-ipnx1iru.0.$comp-ipnwo249\">\n<div id=\"comp-ipnwo256\" class=\"s6\" data-reactid=\".0.$SITE_ROOT.$desktop_siteRoot.$PAGES_CONTAINER.1.1.$SITE_PAGES.$c1t6p.1.$comp-ipnx1iru.0.$comp-ipnwo256\">\n<h3 class=\"font_5\"><span class=\"color_15\">Die 19.03.24 | 19:30 Uhr | Live-Stream<\/span><span class=\"color_15\"><br \/>\n<\/span><\/h3>\n<h1 class=\"font_5\"><\/h1>\n<h1 class=\"font_5\">PER RAD UM DIE WELT<\/h1>\n<div class=\"FPS_fadeIn ani_duration_15 ani_delay_02\">\n<h2 class=\"detail_gr_2 text-uppercase\">R\u00dcCKENWIND<\/h2>\n<\/div>\n<h3 class=\"FPS_fadeIn ani_duration_15 ani_delay_04\">von und mit Anita Burgholzer &amp; Andrea H\u00fcbl<\/h3>\n<\/div>\n<p>&nbsp;<\/p>\n<div id=\"comp-ipnwo256\" class=\"s6\" data-reactid=\".0.$SITE_ROOT.$desktop_siteRoot.$PAGES_CONTAINER.1.1.$SITE_PAGES.$c1t6p.1.$comp-ipnx1iru.0.$comp-ipnwo256\">\n<div class=\"\"><\/div>\n<\/div>\n<\/div>\n<\/div>\n<p><iframe loading=\"lazy\" title=\"vimeo-player\" src=\"https:\/\/player.vimeo.com\/video\/876685624?h=4580913a4f\" width=\"640\" height=\"360\" frameborder=\"0\" allowfullscreen=\"allowfullscreen\"><\/iframe><\/p>\n<\/div>\n<\/div><\/div><div id=\"panel-182571-2-0-1\" class=\"so-panel widget widget_sow-editor\" data-index=\"4\" ><div\n\t\t\t\n\t\t\tclass=\"so-widget-sow-editor so-widget-sow-editor-base\"\n\t\t\t\n\t\t>\n<div class=\"siteorigin-widget-tinymce textwidget\">\n\t<p>&gt;&gt;&gt; Der Stream startet 30 Min. vor Beginn mit unserer Backstage Kamera. So kannst du vorab schon deine Bild- und Ton-Einstellungen testen, damit deinem Stream-Erlebnis dann nichts mehr im Weg steht. Nebenbei kannst du bei uns hinter die Kulissen schauen. Wir senden LIVE - es ist keine Wiederholung dieses Termins geplant! &gt;&gt;&gt;<\/p>\n<p><strong>\"Raus aus der Tretm\u00fchle und rauf auf den Drahtesel!\", sagten sich die Steyrer Anita Burgholzer und Andreas H\u00fcbl, als sie sich ihren lange gehegten Lebenstraum erf\u00fcllten und den weichen B\u00fcrosessel gegen einen harten Fahrradsattel eintauschten. Die Jobs wurden gek\u00fcndigt, ihre Wohnung aufgel\u00f6st, das Auto verkauft. Wie f\u00fchlt es sich an, wenn man sich von seiner vertrauten Heimat langsam entfernt und einl\u00e4sst auf das ungewisse Abenteuer? <\/strong><\/p>\n<p>Was geht einem durch den Kopf, wenn man auf engen Stra\u00dfen von r\u00fccksichtslosen LKW-Fahrern fast in den Stra\u00dfengraben gedr\u00e4ngt wird und im Gegensatz dazu auf den einsamsten Pisten der Welt nur den weiten, blauen Horizont vor Augen hat? In ihrer mitrei\u00dfenden Live-Show erz\u00e4hlen die beiden von ihrem intensiven, einfachen Leben im Sattel, in dem sie 35 L\u00e4nder auf drei Kontinenten besuchten und knapp 36.500 km zur\u00fcckgelegt haben. Pers\u00f6nlich und ungeschminkt gew\u00e4hren sie dir einen tiefen Einblick in den Alltag eines \"ganz gew\u00f6hnlichen\" Reiseradler-Paars, gepr\u00e4gt von H\u00f6hen und Tiefen, k\u00f6rperlichen und mentalen Herausforderungen, Beziehungsproben und einzigartigen Begegnungen mit fremden Kulturen, Menschen und gro\u00dfen Naturlandschaften.<\/p>\n<p><strong>R\u00fcckenwind - eine epische Reise, in der nicht Tempo und Leistung bestimmend sind. Eine Reise, die vor Augen f\u00fchrt, wie wenig man zum pers\u00f6nlichen Gl\u00fcck ben\u00f6tigt.<\/strong><\/p>\n<\/div>\n<\/div><\/div>\n\n          <div id=\"panel-182571-2-0-2\" class=\"so-panel widget widget_pinnacle_calltoaction_widget pinnacle_calltoaction_widget panel-last-child\" data-index=\"5\" ><h1 style=\"   text-align:center;\"><\/h1><div style=\"text-align:center\"><a href=\"https:\/\/livestream.weltundwir.de\/videostream\/per-rad-um-die-welt\/\" id=\"kadbtn30\" target=\"_blank\" class=\"kad-btn btn-shortcode kad-btn-primary   lg-kad-btn headerfont\" style=\" border: 0 solid; border-color:#000;  color:#ffffff;\" onMouseOver=\"\" onMouseOut=\"\">zum Stream <\/a><\/div><\/div>\n    <\/div><\/div><div id=\"pg-182571-3\"  class=\"panel-grid panel-no-style\" ><div id=\"pgc-182571-3-0\"  class=\"panel-grid-cell\" ><div id=\"panel-182571-3-0-0\" class=\"so-panel widget widget_sow-headline panel-first-child panel-last-child\" data-index=\"6\" ><div\n\t\t\t\n\t\t\tclass=\"so-widget-sow-headline so-widget-sow-headline-default-35461ea34539-182571\"\n\t\t\t\n\t\t><div class=\"sow-headline-container \">\n\t\t\t\t\t\t<div class=\"decoration\">\n\t\t\t\t\t\t<div class=\"decoration-inside\"><\/div>\n\t\t\t\t\t<\/div>\n\t\t\t\t\t<\/div>\n<\/div><\/div><\/div><\/div><div id=\"pg-182571-4\"  class=\"panel-grid panel-no-style\" ><div id=\"pgc-182571-4-0\"  class=\"panel-grid-cell\" ><div id=\"panel-182571-4-0-0\" class=\"so-panel widget widget_sow-editor panel-first-child\" data-index=\"7\" ><div\n\t\t\t\n\t\t\tclass=\"so-widget-sow-editor so-widget-sow-editor-base\"\n\t\t\t\n\t\t>\n<div class=\"siteorigin-widget-tinymce textwidget\">\n\t<div id=\"c1t6pinlineContent\" class=\"s9inlineContent\" data-reactid=\".0.$SITE_ROOT.$desktop_siteRoot.$PAGES_CONTAINER.1.1.$SITE_PAGES.$c1t6p.1\">\n<div id=\"comp-ipnwo249\" class=\"s6\" data-reactid=\".0.$SITE_ROOT.$desktop_siteRoot.$PAGES_CONTAINER.1.1.$SITE_PAGES.$c1t6p.1.$comp-ipnx1iru.0.$comp-ipnwo249\">\n<div id=\"comp-ipnwo256\" class=\"s6\" data-reactid=\".0.$SITE_ROOT.$desktop_siteRoot.$PAGES_CONTAINER.1.1.$SITE_PAGES.$c1t6p.1.$comp-ipnx1iru.0.$comp-ipnwo256\">\n<h3 class=\"font_5\"><span class=\"color_15\">Die 09.03.24 | 19:30 Uhr | Live-Stream<\/span><span class=\"color_15\"><br \/>\n<\/span><\/h3>\n<h1 class=\"font_5\"><\/h1>\n<h1 class=\"font_5\">FASZINATION GRENZGANG<\/h1>\n<div class=\"FPS_fadeIn ani_duration_15 ani_delay_02\">\n<h2 class=\"detail_gr_2 text-uppercase\">OUTDOOR LEDGENDS<\/h2>\n<\/div>\n<h3 class=\"FPS_fadeIn ani_duration_15 ani_delay_04\">von und mit Thomas Huber, Harald Philipp, Olaf Obsommer &amp; Paul Guschlbauer<\/h3>\n<\/div>\n<p>&nbsp;<\/p>\n<div id=\"comp-ipnwo256\" class=\"s6\" data-reactid=\".0.$SITE_ROOT.$desktop_siteRoot.$PAGES_CONTAINER.1.1.$SITE_PAGES.$c1t6p.1.$comp-ipnx1iru.0.$comp-ipnwo256\">\n<div class=\"\"><\/div>\n<\/div>\n<\/div>\n<\/div>\n<p><iframe loading=\"lazy\" title=\"vimeo-player\" src=\"https:\/\/player.vimeo.com\/video\/907877094?h=73674aa40a\" width=\"640\" height=\"360\" frameborder=\"0\"    allowfullscreen><\/iframe><\/p>\n<\/div>\n<\/div><\/div><div id=\"panel-182571-4-0-1\" class=\"so-panel widget widget_sow-editor\" data-index=\"8\" ><div\n\t\t\t\n\t\t\tclass=\"so-widget-sow-editor so-widget-sow-editor-base\"\n\t\t\t\n\t\t>\n<div class=\"siteorigin-widget-tinymce textwidget\">\n\t<p>&gt;&gt;&gt; Der Stream startet 30 Min. vor Beginn mit unserer Backstage Kamera. So kannst du vorab schon deine Bild- und Ton-Einstellungen testen, damit deinem Stream-Erlebnis dann nichts mehr im Weg steht. Nebenbei kannst du bei uns hinter die Kulissen schauen. Wir senden LIVE - es ist keine Wiederholung dieses Termins geplant! &gt;&gt;&gt;<\/p>\n<p><strong>Immer wieder holt WELT &amp; WIR gro\u00dfe Namen und gro\u00dfe Geschichten live ins Studio. Aber gleich vier der absolut besten Outdoor-Sportler ihres Faches gemeinsam in einer Live-Show? Das gab es so wohl noch nie! Jeder der vier G\u00e4ste reist mit inspirierenden, teils haarstr\u00e4ubenden Geschichten und Filmaufnahmen ins WELT &amp; WIR-Studio. Absoluter Wahnsinn und gro\u00dfe Leidenschaft liegen hier ganz nah beieinander.<\/strong><\/p>\n<p>Der Kletterer Thomas Huber von den Huberbuam, der Mountainbiker Harald Philipp, der Gleitschirmflieger Paul Guschlbauer und der Kajafahrer Olaf Obsommer erz\u00e4hlen in diesem Live-Stream-Highlight dar\u00fcber, warum sie freiwillig immer wieder an ihre Grenzen gehen, was sie antreibt, warum sie tun, was sie tun und ob der Wahnsinn ein Ende hat. Doch diese au\u00dfergew\u00f6hnliche WELT &amp; WIR-Show bietet mehr als nur Einblicke in die Welt des Extremsports. Hier werden Geschichten \u00fcber das Leben und den Tod erz\u00e4hlt, \u00fcber die \u00dcberwindung von \u00c4ngsten, \u00fcber Motivation, Erfolge und Niederlagen und \u00fcber die Sehnsucht nach neuen Horizonten.<\/p>\n<p>Kajak-Tausendsassa Olaf Obsommer, Mountainbike-Virtuose Harald Phillipp, Paragleit-Profi Paul Guschlbauer und Kletterlegende Thomas Huber von den Huberbuam werden Einblicke in ihre faszinierenden Sportarten geben, Einblicke, die gleicherma\u00dfen fesseln wie ber\u00fchren. Dieser Stream bietet die Chance, in die Welt des Extremsports und der Abenteuer einzutauchen \u2013 packend und authentisch.<\/p>\n<p><strong>Wir freuen uns jetzt schon auf einen gro\u00dfartigen Abend mit unvergesslichen Geschichten und einzigartigen Momenten. Dieser Live-Stream ist definitiv der kr\u00f6nende Abschluss der vierten Live-Stream Staffel von WELT &amp; WIR! Pr\u00e4dikat: absolut sehenswert.<\/strong><\/p>\n<\/div>\n<\/div><\/div>\n\n          <div id=\"panel-182571-4-0-2\" class=\"so-panel widget widget_pinnacle_calltoaction_widget pinnacle_calltoaction_widget panel-last-child\" data-index=\"9\" ><h1 style=\"   text-align:center;\"><\/h1><div style=\"text-align:center\"><a href=\"https:\/\/livestream.weltundwir.de\/videostream\/faszination-grenzgang\/\" id=\"kadbtn22\" target=\"_blank\" class=\"kad-btn btn-shortcode kad-btn-primary   lg-kad-btn headerfont\" style=\" border: 0 solid; border-color:#000;  color:#ffffff;\" onMouseOver=\"\" onMouseOut=\"\">zum Stream <\/a><\/div><\/div>\n    <\/div><\/div><\/div>","protected":false},"excerpt":{"rendered":"<p>Liebe Freunde der Live-Reportage, da wir seit September 2022 auf Reisen sind, werden wir mit Live-Reportagen in Amberg erst wieder ab Winter 2024 starten und dann auch wieder gewohnt\u00a0hochkar\u00e4tige Referenten einladen. Bis es soweit ist, k\u00f6nnen wir euch dank der &hellip; <a href=\"https:\/\/www.abseitsreisen.de\/blog\/hin-und-weg\/\">Weiterlesen<\/a><\/p>\n","protected":false},"author":2,"featured_media":0,"parent":0,"menu_order":0,"comment_status":"closed","ping_status":"closed","template":"","meta":{"kt_blocks_editor_width":"","_metis_text_type":"standard","_metis_text_length":4585,"_post_count":0,"footnotes":""},"class_list":["post-182571","page","type-page","status-publish","hentry"],"aioseo_notices":[],"_links":{"self":[{"href":"https:\/\/www.abseitsreisen.de\/blog\/wp-json\/wp\/v2\/pages\/182571","targetHints":{"allow":["GET"]}}],"collection":[{"href":"https:\/\/www.abseitsreisen.de\/blog\/wp-json\/wp\/v2\/pages"}],"about":[{"href":"https:\/\/www.abseitsreisen.de\/blog\/wp-json\/wp\/v2\/types\/page"}],"author":[{"embeddable":true,"href":"https:\/\/www.abseitsreisen.de\/blog\/wp-json\/wp\/v2\/users\/2"}],"replies":[{"embeddable":true,"href":"https:\/\/www.abseitsreisen.de\/blog\/wp-json\/wp\/v2\/comments?post=182571"}],"version-history":[{"count":310,"href":"https:\/\/www.abseitsreisen.de\/blog\/wp-json\/wp\/v2\/pages\/182571\/revisions"}],"predecessor-version":[{"id":182586,"href":"https:\/\/www.abseitsreisen.de\/blog\/wp-json\/wp\/v2\/pages\/182571\/revisions\/182586"}],"wp:attachment":[{"href":"https:\/\/www.abseitsreisen.de\/blog\/wp-json\/wp\/v2\/media?parent=182571"}],"curies":[{"name":"wp","href":"https:\/\/api.w.org\/{rel}","templated":true}]}}