{"id":2006,"date":"2012-07-19T00:59:39","date_gmt":"2012-07-18T22:59:39","guid":{"rendered":"http:\/\/www.abseitsreisen.de\/blog\/?page_id=2006"},"modified":"2023-11-20T18:08:48","modified_gmt":"2023-11-20T17:08:48","slug":"guatemala","status":"publish","type":"page","link":"https:\/\/www.abseitsreisen.de\/blog\/lander-informationen\/guatemala\/","title":{"rendered":"Guatemala"},"content":{"rendered":"<p style=\"text-align: justify;\"><strong>Stand der Informationen<\/strong><br \/>\nMai 2012<\/p>\n<p style=\"text-align: justify;\"><strong>Visa<\/strong><br \/>\nAls deutscher Staatsb\u00fcrger darf man sich bis zu 90 Tage visafrei in Guatemala aufhalten. Allerdings z\u00e4hlt dieser Zeitraum fort, wenn man zuvor oder anschlie\u00dfend die L\u00e4nder El Salvador, Honduras oder Nicaragua besucht. Ein &#8218;visa-run&#8216; ist daher nur \u00fcber Mexiko, Belize oder Costa Rica m\u00f6glich.<br \/>\nKosten: 100,- Q (\u20ac 10,-) Fahrzeugeinfuhr, 46,70 Q (\u20ac 4,67) Desinfektion, ca. \u20ac 2,- f\u00fcr Rikscha und Kopien. Die Bank akzeptiert mexikanische Peso, guatemaltekische Quetzal und US$.<\/p>\n<p style=\"text-align: justify;\"><strong>Einreisebestimmungen<\/strong><br \/>\nF\u00fcr das Fahrzeug wird kein Carnet de Passage verlangt. Es wird nicht im Pass vermerkt. F\u00fcr das Fahrzeug erh\u00e4lt man eine Einfuhrgenehmigung f\u00fcr 90 Tage und eine Plakette, die man auf der Windschutzscheibe anbringt.<\/p>\n<p style=\"text-align: justify;\"><strong>Grenzabwicklung<\/strong><br \/>\nAn dem neuen Grenz\u00fcbergang &#8218;El Ceibe&#8216; von Mexiko kommend, befindet sich die guatemaltekische Grenze noch im Aufbau. W\u00e4hrend die Passkontrolle in einem kleinen Geb\u00e4ude stattfindet, ist der Zoll provisorisch in einem Lkw untergebracht, ebenso wie die &#8218;Bank&#8216;, bei der die Geb\u00fchren f\u00fcr die Fahrzeugeinfuhr 100,- Q (\u20ac 10,-) und Desinfektion 46,70 Q (\u20ac 4,67) eingezahlt werden m\u00fcssen.<br \/>\nDer Zoll ben\u00f6tigt Kopien von folgenden Papieren des Fahrzeugbesitzers: F\u00fchrerschein, erste Passseite, Seite mit Einreisestempel, Fahrzeugpapiere. Ein Tuck-tuck-fahrer bringt einen auf Wunsch zum n\u00e4chsten Kopierer, der wenige hundert Meter entfernt im Wirrwarr eines Marktes zu finden ist. Nach Bezahlung der Geb\u00fchr kehrt man samt Kopien und Quittungen zur\u00fcck und erh\u00e4lt die erforderlichen Papiere. Das Fahrzeug selbst wurde nicht kontrolliert, daf\u00fcr jedoch &#8218;desinfiziert&#8216;. Da wir die einzigen Grenzg\u00e4nger waren, verlief die Prozedur sehr z\u00fcgig, samt Kopierfahrt dauerte die Abwicklung etwa ein Stunde.<br \/>\nDie Ausreise an der Grenze nach Copan \/ Honduras verlief z\u00fcgig. Die Grenze ist klein, wenig besucht und \u00fcbersichtlich. Der Pass wird aufgestempelt und die Fahrzeugpapiere kontrolliert. Dauer etwa zwanzig Minuten.<\/p>\n<p style=\"text-align: justify;\"><strong>Stellpl\u00e4tze<\/strong><br \/>\nEbenso wie schon f\u00fcr Mexiko entscheiden wir uns f\u00fcr bewachte oder belebte Stellpl\u00e4tze. Folgende Stellpl\u00e4tze haben wir ben\u00fctzt oder begutachtet.<\/p>\n<p style=\"text-align: justify;\"><span style=\"text-decoration: underline;\">Tikal<\/span><br \/>\nHotel Jaguar Inn<br \/>\n&#8211; N 17\u00b0 13&#8242; 34.5&#8220;, W 089\u00b0 36&#8242; 41.7&#8220;<br \/>\n&#8211; 25 Q (\u20ac 2,50) pro Person und Nacht<br \/>\n&#8211; sauber neue Toiletten, einfache kalte Dusche<br \/>\n&#8211; WiFi f\u00fcr 40 Q Aufpreis m\u00f6glich<br \/>\n&#8211; Restaurant<br \/>\n&#8211; wenig Schatten<\/p>\n<p style=\"text-align: justify;\">Campingplatz<br \/>\n&#8211; direkt gegen\u00fcber des Hotels Jaguar Inn<br \/>\n&#8211; 50 Q (\u20ac 5,-) pro Person und Nacht<br \/>\n&#8211; Toiletten und Duschen vorhanden<br \/>\n&#8211; sehr weitl\u00e4ufige Rasenfl\u00e4che, kaum Schatten<br \/>\n&#8211; keine H\u00f6henbeschr\u00e4nkung<\/p>\n<p style=\"text-align: justify;\">Um vor dem Eingang zu den Ruinen \u00fcbernachten zu k\u00f6nnen, muss der Parkeintritt von 150 Q pro Person und Tag bezahlt werden. Am sp\u00e4ten Nachmittag wird nur die Geb\u00fchr f\u00fcr den n\u00e4chsten Tag erhoben.<\/p>\n<p style=\"text-align: justify;\"><span style=\"text-decoration: underline;\">Poptun<\/span><br \/>\nFinka Ixobel<br \/>\nwww.fincaixobel.com<br \/>\n&#8211; N 16\u00b0 18&#8242; 12.0&#8220;, W 089\u00b0 25&#8242; 13.6&#8220;<br \/>\n&#8211; sehr gut ausgeschildert<br \/>\n&#8211; 25 Q (\u20ac 2,50) pro Person und Nacht<br \/>\n&#8211; kostenloses WiFi<br \/>\n&#8211; Restaurant und B\u00e4ckerei<br \/>\n&#8211; Naturpool, der von der hauseigenen Quelle gespeist wird<br \/>\n&#8211; gro\u00dfer Campingplatz mit vielen Schattenpl\u00e4tzen<br \/>\n&#8211; wundersch\u00f6ne Anlage um einige Tage auszuspannen<\/p>\n<p style=\"text-align: justify;\"><span style=\"text-decoration: underline;\">Lanquin<\/span><br \/>\n&#8211; N 15\u00b0 34&#8242; 49.3&#8220;, W 089\u00b0 59&#8242; 25.5&#8220;<br \/>\n&#8211; Parkplatz vor der H\u00f6hle von Lanquin<br \/>\n&#8211; 10 Q (\u20ac 1,-) f\u00fcr den Tag, 10 Q f\u00fcr die Nacht pro Fahrzeug<br \/>\n&#8211; angenehmer, ruhiger, bewachter Parkplatz<br \/>\n&#8211; leicht schattig<br \/>\n&#8211; Toiletten<br \/>\n&#8211; k\u00fchler Fluss zum Baden nur wenige Meter entfernt<\/p>\n<p style=\"text-align: justify;\"><span style=\"text-decoration: underline;\">Semuc Chempey<br \/>\n<\/span> &#8211; N 15\u00b0 32&#8242; 10.8&#8220; W 089\u00b0 57&#8242; 17.8&#8220;<br \/>\n&#8211; Parkplatz vor dem Eingang zu den Kaskaden<br \/>\n&#8211; 10 Q f\u00fcr den Tag, 50 Q f\u00fcr die Nacht pro Fahrzeug<br \/>\n&#8211; ruhiger, bewachter, gro\u00dfer Parkplatz ohne Schatten<br \/>\n&#8211; Toiletten<br \/>\n&#8211; Restaurant im nahegelegenen Hotel &#8218;El Portal&#8216;<\/p>\n<p style=\"text-align: justify;\">Die Strecke zwischen Lanquin und Semuc Champey ist extrem holprig und weitestgehend einspurig. Die letzte Br\u00fccke kurz vor den Kaskaden ist f\u00fcr gr\u00f6\u00dfere Fahrzeuge problematisch, da die Br\u00fccke mit Stahlseilen abgespannt ist. Mit unserem Fahrzeug (HBL 3.40m\/ 2.50m\/ 7m) war es sehr schwierig (<a href=\"https:\/\/www.abseitsreisen.de\/blog\/2012\/06\/guatemala-bruckengeschichten\/\" target=\"_self\" rel=\"noopener\">eigentlich unm\u00f6glich<\/a>) die Br\u00fccke im richtigen Winkel anzufahren. Daher lohnt sich die \u00dcberlegung, das Fahrzeug bei den H\u00f6hlen von Lanquin stehen zu lassen und Semuc Champey nur f\u00fcr einen Tagesausflug zu besuchen oder im gem\u00fctlichen Hostel &#8218;El Portal&#8216; zu n\u00e4chtigen.<\/p>\n<p style=\"text-align: justify;\"><span style=\"text-decoration: underline;\">Nebaj<br \/>\n<\/span> Hotel Lleb\u00b4al Tenam<br \/>\n&#8211; N 15\u00b0 24&#8242; 37.9&#8220;, W 091\u00b0 08&#8242; 53.3&#8220;<br \/>\n&#8211; gro\u00dfer Hotelparkplatz, breite Einfahrt ohne H\u00f6henbegrenzung<br \/>\n&#8211; 60 Q (\u20ac 6,-) f\u00fcr zwei Personen pro Nacht<br \/>\n&#8211; 10 Q pro Tag wenn man das Fahrzeug w\u00e4hrend einer mehrt\u00e4gigen Wanderung parken m\u00f6chte<br \/>\n&#8211; saubere Toiletten und hei\u00dfe Duschen<br \/>\n&#8211; wenige Gehminuten ins Zentrum<br \/>\n&#8211; ruhige Lage<\/p>\n<p style=\"text-align: justify;\"><span style=\"text-decoration: underline;\">Chichicastenango<\/span><br \/>\nWerkstatthof von Diego Canil in der Avenida 7<br \/>\n&#8211; N 14\u00b0 56&#8242; 40.2&#8220;, W 091\u00b0 06&#8242; 33.8&#8220;<br \/>\n&#8211; 37, 5 Q f\u00fcr 12 Stunden<br \/>\n(nach langen hartn\u00e4ckigen Verhandlungen zahlen wir 75 Q f\u00fcr 24 Stunden bzw. 112,5 Q f\u00fcr zwei N\u00e4chte und einen Tag. Urspr\u00fcnglich wollte Diego 75 Q f\u00fcr 12 Stunden, was f\u00fcr einen einfachen Parkplatz schon an eine Unversch\u00e4mtheit grenzt)<br \/>\n&#8211; Parkplatz liegt versteckt hinter einem gro\u00dfen schwarzen Tor mit der Aufschrift &#8218;carwash&#8216;<br \/>\n&#8211; aufgrund der vielen Einbahnstra\u00dfen in Chichicastenango etwas schwierig zu finden, doch Diego scheint stadtbekannt, ein jeder den wir nach dem Weg fragten, konnte uns weiterhelfen<br \/>\n&#8211; breite Einfahrt ohne H\u00f6henbegrenzung<br \/>\n&#8211; einfache Toilette und Wasser vorhanden<br \/>\n&#8211; nette Atmosph\u00e4re, wenn man sich erst einmal \u00fcber den Preis einig geworden ist<br \/>\n&#8211; sehr zentral gelegen und dennoch ruhig<\/p>\n<p style=\"text-align: justify;\"><span style=\"text-decoration: underline;\">Lago Atitlan \/ Panajachel<br \/>\n<\/span> Hotel Vision Azul<br \/>\n&#8211; N 14\u00b0 44&#8242; 51.3&#8220;, W 091\u00b0 09&#8242; 49.0&#8220;<br \/>\n&#8211; 40 Q (\u20ac 4,-) pro Person und Nacht<br \/>\n&#8211; gro\u00dfz\u00fcgiger Campingplatz direkt am See<br \/>\n&#8211; keine H\u00f6henbegrenzung<br \/>\n&#8211; Stromanschluss<br \/>\n&#8211; kostenloses WiFi<br \/>\n&#8211; Toiletten und hei\u00dfe Duschen<br \/>\n&#8211; Pool<br \/>\n&#8211; Restaurant<br \/>\n&#8211; sehr gem\u00fctliche Atmosph\u00e4re, idealer Ort um einige Tage auszuspannen<br \/>\n&#8211; Tuck-tuck nach Panajachel kostet ca. 10 Q pro Person und dauert wenige Minuten<\/p>\n<p style=\"text-align: justify;\">Hotel Tzanjuyu<br \/>\n&#8211; N14\u00b0 44&#8242; 36.2&#8220;, W 091\u00b0 09&#8242; 45.1&#8220;<br \/>\n&#8211; 50 Q (\u20ac 5,-) pro Person und Nacht<br \/>\n&#8211; gro\u00dfz\u00fcgiger Campingplatz direkt am See<br \/>\n&#8211; keine H\u00f6henbegrenzung<br \/>\n&#8211; \u00e4hnlich wie Vision Azul doch ohne Internet und Stromanschluss<br \/>\n&#8211; uns hat die Atmosph\u00e4re im nahegelegenen Hotel Vision Azul deutlich mehr angesprochen<\/p>\n<p style=\"text-align: justify;\"><span style=\"text-decoration: underline;\">Antigua<br \/>\n<\/span> &#8211; N 14\u00b0 33&#8242; 21.2&#8220;, 090\u00b0 44&#8242; 23.1&#8220;<br \/>\n&#8211; 6a Calle Poniente Final, Antigua<br \/>\n&#8211; Parkplatz im Hinterhof der Touristenpolizei &#8218;Asistur&#8216;<br \/>\n&#8211; kostenlos, evtl. wird man um eine kleine Spende gebeten<br \/>\n&#8211; Toiletten und kalte Duschen<br \/>\n&#8211; breite Einfahrt ohne H\u00f6henbegrenzung<br \/>\n&#8211; sehr weitl\u00e4ufiger ebener Parkplatz mit etwas Rasen<br \/>\n&#8211; zentraler Stellplatz um die Stadt ein paar Tage zu erkunden<br \/>\n&#8211; ruhige, entspannte Atmosph\u00e4re, perfekt um andere Reisende zu treffen<br \/>\n&#8211; wir haben uns hier so wohl gef\u00fchlt, dass wir zwei Wochen geblieben sind<\/p>\n<p style=\"text-align: justify;\">weitere Stellpl\u00e4tze findet man auf der sehr informativen Website von <a href=\"http:\/\/www.abenteuertour.de\/2011ma\/uebern_guatemala.php\" target=\"_blank\" rel=\"noopener\">abenteuertour<\/a>.<\/p>\n<p style=\"text-align: justify;\"><strong>Kraftstoff<\/strong><br \/>\nDiesel kostet zur Zeit zwischen \u20ac 0,85 und \u20ac 0,90 pro Liter.<\/p>\n<p style=\"text-align: justify;\"><strong>Kommunikation<\/strong><br \/>\nIn nahezu jedem Ort gibt es Internetcaf\u00e9s, Kosten ca. 6 Q (\u20ac 0,60) die Stunde. Dar\u00fcber hinaus bieten viele Hotels und Campingpl\u00e4tze kostenloses WiFi an. \u00dcber die Konditionen einer lokalen Simkarte haben wir uns nicht erkundigt.<\/p>\n<blockquote>\n<p style=\"text-align: justify;\">Helfen euch die Informationen auf unserer Webseite beim Reisen oder der Vorbereitung dazu weiter? Freut uns. Auch ihr k\u00f6nnt unser Reiseprojekt unterst\u00fctzen, einfach und kostenlos.<\/p>\n<p style=\"text-align: justify;\">Wenn ihr das n\u00e4chste Mal bei Amazon bestellt, nutzt daf\u00fcr den\u00a0<a href=\"http:\/\/www.amazon.de\/?_encoding=UTF8&amp;site-redirect=de&amp;tag=wwwabseitsrei-21&amp;linkCode=ur2&amp;camp=1638&amp;creative=6742\" target=\"_blank\" rel=\"noopener\">Amazon-Link<\/a>\u00a0bei abseitsreisen.de bevor ihr etwas in den Warenkorb legt. Amazon verg\u00fctet uns dadurch ein kleine Linkpr\u00e4mie. Der Preis f\u00fcr euch als Kunden bleibt dadurch nat\u00fcrlich unber\u00fchrt.<\/p>\n<p style=\"text-align: justify;\">Noch besser: Zieht euch diesen\u00a0<a href=\"http:\/\/www.amazon.de\/?_encoding=UTF8&amp;site-redirect=de&amp;tag=wwwabseitsrei-21&amp;linkCode=ur2&amp;camp=1638&amp;creative=6742\" target=\"_blank\" rel=\"noopener\">Amazon-Link<\/a>\u00a0per Drag-and-Drop in die Lesezeichen eures Browsers und klickt euch so f\u00fcr die n\u00e4chsten Bestellungen zu Amazon. Damit unterst\u00fctzt ihr kostenlos diese Webseite bei jedem Einkauf. Dankesch\u00f6n.<\/p>\n<\/blockquote>\n<p style=\"text-align: justify;\"><strong>Stra\u00dfen<\/strong><br \/>\nDer Stra\u00dfenbau ist in vollem Gange, doch aktuell sind viele Nebenstra\u00dfen nicht geteert und oder von Schlagl\u00f6chern \u00fcbers\u00e4t. Selbst bei guten Stra\u00dfen ist das Vorw\u00e4rtskommen in den bergigen Regionen sehr m\u00fchsam. Hinzu kommen &#8218;Tumulos&#8216;, Bremsh\u00fcgel, die jeden Dorfbeginn, jede Schule und Kirche ank\u00fcndigen. Die Strecke zwischen Modesto Mendez und Semuc Chempey ist sehr wechselhaft. Teilweise ist die neue Stra\u00dfe schon fertig, doch der Gro\u00dfteil ist sandig, holprig und einspurig, die letzten zwanzig Kilometer sind voller Schlagl\u00f6cher und tiefer Furchen. Ein Vorw\u00e4rtskommen ist nur sehr langsam m\u00f6glich. Die Stra\u00dfe 7W zwischen Coban und Nebaj ist in \u00e4hnlich schlechtem Zustand. Hinzu kommt, dass sie h\u00e4ufig von Bergrutschen betroffen ist und vor allem w\u00e4hrend der Regenzeit stellenweise extrem gef\u00e4hrlich werden kann.<\/p>\n<p style=\"text-align: justify;\"><strong>Trinkwasser \/ Versorgungslage<\/strong><br \/>\nTrinkwasser wird in 20 Litern Kanistern verkauft. Man kann sie in den weitverbreiteten kleinen Tiendas kaufen. Es gibt zwar auch &#8218;Wasserautos&#8216; wie in Mexiko, doch hierzulande machen sie nicht mit einer Musik aufmerksam, man verpasst sie also nur allzu leicht. Superm\u00e4rkte sind die Ausnahme, man findet sie nur in gr\u00f6\u00dferen St\u00e4dten. M\u00e4rkte mit frischen Gem\u00fcse und Obst gibt es in jedem Ort, ebenso kleine B\u00e4ckereien und Tante-Emma-L\u00e4den, die einen mit Brot, Milch und Butter weiterhelfen k\u00f6nnen.<\/p>\n<p style=\"text-align: justify;\"><strong>Geld<\/strong><br \/>\nGeldautomaten die Visakarten akzeptieren gibt es in Superm\u00e4rkten, Banken und Tankstellen. Pro Abhebevorgang k\u00f6nnen h\u00f6chstens 2000 Q (\u20ac 200,-) gezogen werden. Ein erneuter Abhebevorgang mit der selben Karte ist nicht m\u00f6glich.<\/p>\n","protected":false},"excerpt":{"rendered":"<p>Stand der Informationen Mai 2012 Visa Als deutscher Staatsb\u00fcrger darf man sich bis zu 90 Tage visafrei in Guatemala aufhalten. Allerdings z\u00e4hlt dieser Zeitraum fort, wenn man zuvor oder anschlie\u00dfend die L\u00e4nder El Salvador, Honduras oder Nicaragua besucht. Ein &#8218;visa-run&#8216; &hellip; <a href=\"https:\/\/www.abseitsreisen.de\/blog\/lander-informationen\/guatemala\/\">Weiterlesen<\/a><\/p>\n","protected":false},"author":2,"featured_media":0,"parent":473,"menu_order":22,"comment_status":"closed","ping_status":"closed","template":"","meta":{"kt_blocks_editor_width":"","_metis_text_type":"standard","_metis_text_length":9951,"_post_count":0,"footnotes":""},"class_list":["post-2006","page","type-page","status-publish","hentry"],"aioseo_notices":[],"public_identification_id":"7549d32e6f514f92ae2505505b4e88b5","private_identification_id":"3a81e80e54764a688b21fe220e44c679","_links":{"self":[{"href":"https:\/\/www.abseitsreisen.de\/blog\/wp-json\/wp\/v2\/pages\/2006","targetHints":{"allow":["GET"]}}],"collection":[{"href":"https:\/\/www.abseitsreisen.de\/blog\/wp-json\/wp\/v2\/pages"}],"about":[{"href":"https:\/\/www.abseitsreisen.de\/blog\/wp-json\/wp\/v2\/types\/page"}],"author":[{"embeddable":true,"href":"https:\/\/www.abseitsreisen.de\/blog\/wp-json\/wp\/v2\/users\/2"}],"replies":[{"embeddable":true,"href":"https:\/\/www.abseitsreisen.de\/blog\/wp-json\/wp\/v2\/comments?post=2006"}],"version-history":[{"count":11,"href":"https:\/\/www.abseitsreisen.de\/blog\/wp-json\/wp\/v2\/pages\/2006\/revisions"}],"predecessor-version":[{"id":333990,"href":"https:\/\/www.abseitsreisen.de\/blog\/wp-json\/wp\/v2\/pages\/2006\/revisions\/333990"}],"up":[{"embeddable":true,"href":"https:\/\/www.abseitsreisen.de\/blog\/wp-json\/wp\/v2\/pages\/473"}],"wp:attachment":[{"href":"https:\/\/www.abseitsreisen.de\/blog\/wp-json\/wp\/v2\/media?parent=2006"}],"curies":[{"name":"wp","href":"https:\/\/api.w.org\/{rel}","templated":true}]}}