{"id":2020,"date":"2012-07-19T01:37:41","date_gmt":"2012-07-18T23:37:41","guid":{"rendered":"http:\/\/www.abseitsreisen.de\/blog\/?page_id=2020"},"modified":"2023-11-20T18:08:54","modified_gmt":"2023-11-20T17:08:54","slug":"nicaragua","status":"publish","type":"page","link":"https:\/\/www.abseitsreisen.de\/blog\/lander-informationen\/nicaragua\/","title":{"rendered":"Nicaragua"},"content":{"rendered":"<p style=\"text-align: justify;\"><strong>Stand der Informationen<\/strong><br \/>\nJuni 2012<\/p>\n<p style=\"text-align: justify;\"><strong>Visa<\/strong><br \/>\nAls deutscher Staatsb\u00fcrger darf man sich bis zu 90 Tage visafrei in Nicaragua aufhalten. Dieser Zeitraum z\u00e4hlt f\u00fcr die Aufenthaltsdauer im gesamten &#8218;C4-Raum&#8216;. Dem C4 Abkommen unterliegen Nicaragua, El Salvador, Honduras und Guatemala. Ein &#8218;visa-run&#8216; ist von Nicaragua aus also nur \u00fcber Costa Rica m\u00f6glich. Befindet man sich bereits vor Nicaragua in einem der L\u00e4nder, die dem C4 Abkommen unterliegen, so z\u00e4hlt der Einreisestempel des Eintrittlandes in den C4 Raum und der Pass wird nicht erneut gestempelt. Eine Einreisegeb\u00fchr von 12 US$ pro Person wird dennoch erhoben.<\/p>\n<p style=\"text-align: justify;\"><strong>Einreisebestimmungen<\/strong><br \/>\nF\u00fcr das Fahrzeug wird kein Carnet de Passage verlangt. Es wird nicht im Pass vermerkt.<\/p>\n<p style=\"text-align: justify;\"><strong>Grenzabwicklung<\/strong><br \/>\nKosten: 3,75 US$ Fahrzeugdesinfektion, 12 US$ Einreisegeb\u00fchr pro Person, 1 US$ Steuer pro Person, 12 US$ Fahrzeugversicherung f\u00fcr 30 Tage \u2013 keine Kopien notwendig.<br \/>\nSehr wirre Grenzabwicklung, ein selbsternannter Grenzhelfer stiftete mehr Verwirrung als Hilfestellung. Wann immer man glaubt, jetzt endlich s\u00e4mtliche Stellen erfolgreich abgearbeitet zu haben, kommt ein weiterer Beamter auf uns zu, der eine der unz\u00e4hligen Quittungen pr\u00fcfen m\u00f6chte. Dauer ca. eineinhalb Stunden.<br \/>\nDie Ausreise an der Grenze Penas Blancas zu Costa Rica verlief z\u00fcgig. Die &#8218;Grenzhelfer&#8216; lie\u00dfen sich leicht abweisen und waren dennoch freundlich und hilfsbereit. Zuerst muss 1 US$ pro Person Steuer bezahlt werden und am Schalter zur Ausreise weitere 2 US$ pro Person Ausreisegeb\u00fchr beglichen werden. Nun wird der Pass ausgestempelt. Anschlie\u00dfend werden die Fahrzeugpapiere von einem Beamten kontrolliert, der bereits an unserem Auto auf uns wartete. Die Papiere m\u00fcssen nun bei der gegen\u00fcberliegenden Polizeistation gestempelt und anschlie\u00dfend in einem kleinen Fenster im Hauptgeb\u00e4ude abgegeben werden. Dauer ca. drei\u00dfig Minuten.<\/p>\n<p style=\"text-align: justify;\"><strong>Stellpl\u00e4tze<\/strong><br \/>\n<span style=\"text-decoration: underline;\">San Juan del Sur<br \/>\n<\/span>Campingplatz und Hostel &#8218;Matilda&#8216;<br \/>\n&#8211; N 11\u00b0 17&#8242; 51.1&#8220;, W 085\u00b0 54&#8242; 53.0&#8220;<br \/>\n&#8211; 100 C$ pro Person<br \/>\n&#8211; Zufahrt von San Juan del Sur \u00fcber eine etwa neun Kilometer lange unbefestigte Stra\u00dfe, teilweise niedrig h\u00e4ngende B\u00e4ume<br \/>\n&#8211; Zufahrt auch direkt von Rivas aus m\u00f6glich, allerdings muss man dann gut 30 km auf einer unbefestigten Stra\u00dfe fahren, ebenfalls mit teilweise niedrig h\u00e4ngenden B\u00e4umen<br \/>\n&#8211; Einfahrt zum Campingplatz war f\u00fcr unser Fahrzeug (2,50 m) zu schmal, wir mussten erst einen Zaunpfosten ausgraben um mit M\u00fch und Not durch die Einfahrt zu passen. Die Einfahrt soll jedoch in den n\u00e4chsten Tagen vergr\u00f6\u00dfert werden, da dieses Problem schon h\u00e4ufiger auftrat<br \/>\n&#8211; traumhaft schattiger Stellplatz mit Meerblick<br \/>\n&#8211; Toilette und kalte Dusche im dazugeh\u00f6rigen Hostel<br \/>\n&#8211; nahezu menschenleerer Strand<br \/>\n&#8211; kleiner Strandimbiss<br \/>\n&#8211; starke Wellen, herrlich zum Baden, weniger zum Schwimmen<br \/>\n&#8211; 10 Minuten zu Fu\u00df zum beliebten Surfstrand &#8218;Maderas&#8216;<br \/>\n&#8211; kein Internet oder Handyempfang<br \/>\n&#8211; 20 Liter Wasserkanister k\u00f6nnen im Hostel gekauft werden (20 Liter Wasser kosten 50 C$)<br \/>\n&#8211; alle paar Tage kommt ein Gem\u00fcseauto vorbei das mit Lautsprecherdurchsagen auf sich aufmerksam macht. Die Gem\u00fcsepreise sind g\u00fcnstiger als am Markt in San Juan<br \/>\n&#8211; das Fischerboot, das angeblich alle paar Tage am Nachbarstrand h\u00e4lt, haben wir leider nie angetroffen<br \/>\n&#8211; Stellplatz, an dem man es lange aushalten kann, denn sch\u00f6ner wird\u2019s kaum<\/p>\n<p style=\"text-align: justify;\">Playa Madera<br \/>\n&#8211; auch hier gibt es eine Campingm\u00f6glichkeit<br \/>\n&#8211; 100 C$ pro Person \/ Nacht<br \/>\n&#8211; Strand zum Surfen geeignet, sowohl f\u00fcr Anf\u00e4nger als auch f\u00fcr Fortgeschrittene<br \/>\n&#8211; aufgrund der vielen Surfer nicht zum Baden geeignet, doch schon die n\u00e4chste Bucht ist menschenleer<br \/>\n&#8211; zwei Restaurants in direkter N\u00e4he<br \/>\n&#8211; \u00dcbernachtung auch im Hostel m\u00f6glich<br \/>\n&#8211; tags\u00fcber sehr belebter Strand, nachts ruhig<br \/>\n&#8211; Zufahrt sehr steil und mit tiefen Furchen durchzogen<\/p>\n<p style=\"text-align: justify;\">Achtung: Stachelrochen sind weit verbreitet. Da sie sich im Sand vergraben, passiert es h\u00e4ufig, dass man auf sie tritt. Falls man gestochen wird, den Fu\u00df sofort in hei\u00dfem Wasser baden, um den sehr starken Schmerz, der sich bis zur H\u00fcfte hin ausbreitet kann, zu lindern. Nat\u00fcrlich nur so hei\u00df, dass man sich nicht verbr\u00fcht. Der Schmerz soll nach etwa zwei Stunden wieder vergehen.<\/p>\n<p style=\"text-align: justify;\"><span style=\"text-decoration: underline;\">Granada<br \/>\n<\/span> Stadtzentrum<br \/>\n&#8211; N 11\u00b0 55&#8242; 48.6&#8220; W 085\u00b0 57&#8242; 11.5&#8220;<br \/>\n&#8211; in der Calle la Calzada, direkt am zentralen Platz neben der Kathedrale gelegen<br \/>\n&#8211; Parkplatz entlang der Stra\u00dfe<br \/>\n&#8211; nachts beleuchtet und tags\u00fcber sehr belebt<br \/>\n&#8211; kein Verkehr, daher nachts erstaunlich ruhig<br \/>\n&#8211; kein idealer Stellplatz, doch f\u00fcr ein, zwei Tage recht annehmbar<\/p>\n<p style=\"text-align: justify;\">Tourist centro<span style=\"text-decoration: underline;\"><br \/>\n<\/span>&#8211; N 11\u00b0 55&#8242; 15.8&#8220;, W 085\u00b0 56&#8242; 21.4&#8220;<br \/>\n&#8211; Stadtpark von Granada am See von Nicaragua<br \/>\n&#8211; der Eintritt von 50 C$ muss nur w\u00e4hrend des Tages bis 17 Uhr bezahlt werden<br \/>\n&#8211; wir empfanden diesen Stellplatz aufgrund seiner Abgeschiedenheit alles andere als sicher und zogen den Stellplatz im Zentrum Granadas vor<\/p>\n<p style=\"text-align: justify;\"><span style=\"text-decoration: underline;\">Vulkan Masaya<br \/>\n<\/span> &#8211; N 12\u00b0 00&#8242; 11.2&#8220;, W 086\u00b0 08&#8242; 55.1&#8220;<br \/>\n&#8211; Parkeintritt: 100 C$ pro Person<br \/>\n&#8211; Camping: 100 C$<br \/>\n&#8211; im Nationalpark beim Visitorcenter<br \/>\n&#8211; ebener Parkplatz<br \/>\n&#8211; saubere Toilette w\u00e4hrend den \u00d6ffnungszeiten im Visitorcenter<br \/>\n&#8211; sehr ruhig<br \/>\n&#8211; es gibt einen Au\u00dfenwasserhahn, den man sicher ben\u00fctzen darf, wir haben jedoch nicht gefragt<br \/>\n&#8211; keine H\u00f6henbeschr\u00e4nkung<\/p>\n<p style=\"text-align: justify;\"><span style=\"text-decoration: underline;\">Laguna de Apoyo<br \/>\n<\/span> Hotel P\u00e1jaro Azul<br \/>\n&#8211; N 11\u00b0 54&#8242; 59.5&#8220;, W 086\u00b0 03&#8242; 26.6&#8220;<br \/>\n&#8211; 100 C$ pro Tag\/Person, 100 C$ pro Nacht\/Person<br \/>\n(mit etwas Verhandlungsgl\u00fcck zahlten wir statt 400C$ nur 250C$ f\u00fcr 22 Stunden)<br \/>\n&#8211; direkt an der Lagune gelegen<br \/>\n&#8211; Campingplatz mit \u00fcberdachten Sitzm\u00f6glichkeiten und Grill<br \/>\n&#8211; Wasser \/ Strom, saubere Toiletten, keine Duschen<br \/>\n&#8211; herrlich zum Schwimmen im See<br \/>\n&#8211; Gel\u00e4nde recht absch\u00fcssig<br \/>\n&#8211; keine H\u00f6henbegrenzung, allerdings niedrig h\u00e4ngende B\u00e4ume auf dem Weg bis zur Lagune<br \/>\n&#8211; kostenloses Wi-Fi<br \/>\n&#8211; sehr ruhig<\/p>\n<p style=\"text-align: justify;\"><span style=\"text-decoration: underline;\">Selva Negra<br \/>\n<\/span> Hotel selva negra<br \/>\n&#8211; N 12\u00b0 59&#8242; 55.3&#8220;, W 085\u00b0 54&#8242; 33.4&#8220;<br \/>\n&#8211; ein Panzer markiert die Einfahrt<br \/>\n&#8211; Tageseintritt 50 C$ pro Person<br \/>\n&#8211; \u00dcbernachtparken kostet unversch\u00e4mte 35 US$<br \/>\n&#8211; riesige Hotelanlage, die von deutschen Auswanderern gef\u00fchrt wird<br \/>\n&#8211; angelegte Wanderwege<br \/>\n&#8211; Reiten (10 US$ \/ Stunde) m\u00f6glich<br \/>\n&#8211; Restaurant an einem kleinen Teich. Sonntags nur Buffet m\u00f6glich (15 $ pro Person plus Steuer und Trinkgeld)<br \/>\n&#8211; aufgrund der hohen Lage abends sehr k\u00fchl<br \/>\n&#8211; kostenloses Internet im Restaurant<br \/>\n&#8211; guter und g\u00fcnstiger Camembert<br \/>\n&#8211; f\u00fcr uns hat sich der Besuch nicht gelohnt, wir sind nach zwei Stunden weitergefahren<\/p>\n<p style=\"text-align: justify;\">Hotel de montana cabanas alpes de fermin<br \/>\n&#8211; N 13\u00b0 02&#8242; 47.6&#8220;, W 085\u00b0 57&#8242; 49.7&#8220;<br \/>\n&#8211; 80 C$ f\u00fcr eine Nacht<br \/>\n&#8211; Toilette<br \/>\n&#8211; kleiner Hotelparkplatz, etwas absch\u00fcssig<br \/>\n&#8211; wir wurden von dem Besitzer sehr herzlich empfangen<br \/>\n&#8211; es werden auch Cabanas vermietet<br \/>\n&#8211; von Jinotega kommend wenige Kilometer vor dem Hotel Selva Negra auf der rechten Seite am Hang gelegen<\/p>\n<p style=\"text-align: justify;\"><span style=\"text-decoration: underline;\">Esteli<br \/>\n<\/span> Touri-centro<br \/>\n&#8211; N 13\u00b0 05&#8242; 51.9&#8220;, W 086\u00b0 20&#8242; 09.2&#8220;<br \/>\n&#8211; 8US$ pro Nacht (ohne Verhandlung 10US$, mit Strom 15US$)<br \/>\n&#8211; Balenario und Freizeitpark mit Campingm\u00f6glichkeit<br \/>\n&#8211; angeblich soll es bei den Schwimmbecken Wi-Fi geben, wir konnten es nicht ausfindig machen<br \/>\n&#8211; sauber Toilette und kalte Dusche<br \/>\n&#8211; sehr ruhig<\/p>\n<p style=\"text-align: justify;\"><strong>Kraftstoff<\/strong><br \/>\nDiesel kostet aktuell ca. 26,4 C$ (\u20ac 0,90) \/ Liter.<\/p>\n<blockquote>\n<p style=\"text-align: justify;\">Helfen euch die Informationen auf unserer Webseite beim Reisen oder der Vorbereitung dazu weiter? Freut uns. Auch ihr k\u00f6nnt unser Reiseprojekt unterst\u00fctzen, einfach und kostenlos.<\/p>\n<p style=\"text-align: justify;\">Wenn ihr das n\u00e4chste Mal bei Amazon bestellt, nutzt daf\u00fcr den\u00a0<a href=\"http:\/\/www.amazon.de\/?_encoding=UTF8&amp;site-redirect=de&amp;tag=wwwabseitsrei-21&amp;linkCode=ur2&amp;camp=1638&amp;creative=6742\" target=\"_blank\" rel=\"noopener\">Amazon-Link<\/a>\u00a0bei abseitsreisen.de bevor ihr etwas in den Warenkorb legt. Amazon verg\u00fctet uns dadurch ein kleine Linkpr\u00e4mie. Der Preis f\u00fcr euch als Kunden bleibt dadurch nat\u00fcrlich unber\u00fchrt.<\/p>\n<p style=\"text-align: justify;\">Noch besser: Zieht euch diesen\u00a0<a href=\"http:\/\/www.amazon.de\/?_encoding=UTF8&amp;site-redirect=de&amp;tag=wwwabseitsrei-21&amp;linkCode=ur2&amp;camp=1638&amp;creative=6742\" target=\"_blank\" rel=\"noopener\">Amazon-Link<\/a>\u00a0per Drag-and-Drop in die Lesezeichen eures Browsers und klickt euch so f\u00fcr die n\u00e4chsten Bestellungen zu Amazon. Damit unterst\u00fctzt ihr kostenlos diese Webseite bei jedem Einkauf. Dankesch\u00f6n.<\/p>\n<\/blockquote>\n<p style=\"text-align: justify;\"><strong>Kommunikation<\/strong><br \/>\nWir haben uns eine Simkarte von Claro besorgt. Man kann die Simkarte auch f\u00fcr ein Internetmodem nutzen. 10 C$\/Stunde, 50 C$\/12 Stunden, 150 C$\/3 Tage. Allerdings war die Freischaltung des Internetzugangs f\u00fcr uns nicht nachvollziehbar, wann immer wir eine Stunde frei schalteten, war am n\u00e4chsten Tag die Karte leer. Am Strand Madera und am Campingplatz Matilda hatten wir keinen Handyempfang, ansonsten waren wir mit der Abdeckung zufrieden. In jedem Ort gibt es Internetcaf\u00e9s und viele Hostels bieten kostenloses WiFi.<\/p>\n<p style=\"text-align: justify;\"><strong>Stra\u00dfen<\/strong><br \/>\nDie Panamerikaner ist in perfektem Zustand. Da es in Nicaragua so gut wie keine &#8218;Topes&#8216; gibt, kommt man sehr z\u00fcgig voran. Es herrscht wenig Verkehr und im Gegensatz zu anderen Zentralamerikanischen L\u00e4ndern wird sich penibel an die Verkehrsvorschriften gehalten. Die Stecke S\u00e9baco &#8211; Jinotega ist geteert und in gutem Zustand, allerdings kurvig und steil. Der Abschnitt zwischen Esteli und Jinotega durch die nicaraguanische Bergwelt ist landschaftlich traumhaft sch\u00f6n jedoch in sehr schlechtem Zustand. Was als Schotterpiste beginnt wird zunehmend schlechter. Tiefe Furchen durchziehen den einspurigen, teils sehr steilen Weg. F\u00fcr 20 km ben\u00f6tigten wir \u00fcber drei Stunden. Die Nr. 16 nach San Juan del Sur ist in sehr gutem Zustand, ab San Juan del Sur jedoch endet die Teerstra\u00dfe und ein einfacher Weg f\u00fchrt \u00fcber neun Kilometer zum Campingplatz Matilda. Der Weg zum Playa Madera ist weit schlechter, deutlich steiler und von tiefen Furchen durchzogen.<br \/>\nBesondere Vorschriften f\u00fcr Fahrzeuge: Feuerl\u00f6scher, zwei Warndreiecke, wei\u00df-rot reflektierende Streifen an den Sto\u00dfstangen.<\/p>\n<p style=\"text-align: justify;\"><strong>Trinkwasser \/ Versorgungslage<\/strong><br \/>\nAuch in Nicaragua gibt es aufbereitetes Trinkwasser in 20 Liter Kanistern. Der Unterschied zu den bisher von uns bereisten L\u00e4ndern ist, dass man einen einmal gekauften Kanister zwar tauschen, aber nicht mehr zur\u00fcckgeben kann. Eine F\u00fcllung kostet 45 C$, der Kanister selbst 170 C$. In Nicaragua ist die Supermarktkette &#8218;Pali&#8216; weit verbreitet. Das Angebot ist schlicht aber ausreichend. Der &#8218;Maxi-Pali&#8216; bietet ein gr\u00f6\u00dferes Angebot.<\/p>\n<p style=\"text-align: justify;\"><strong>Geld<\/strong><br \/>\nGeldautomaten die Visakarten akzeptieren gibt es in gr\u00f6\u00dferen Superm\u00e4rkten oder in gr\u00f6\u00dferen Ortschaften.<\/p>\n","protected":false},"excerpt":{"rendered":"<p>Stand der Informationen Juni 2012 Visa Als deutscher Staatsb\u00fcrger darf man sich bis zu 90 Tage visafrei in Nicaragua aufhalten. Dieser Zeitraum z\u00e4hlt f\u00fcr die Aufenthaltsdauer im gesamten &#8218;C4-Raum&#8216;. Dem C4 Abkommen unterliegen Nicaragua, El Salvador, Honduras und Guatemala. Ein &hellip; <a href=\"https:\/\/www.abseitsreisen.de\/blog\/lander-informationen\/nicaragua\/\">Weiterlesen<\/a><\/p>\n","protected":false},"author":2,"featured_media":0,"parent":473,"menu_order":24,"comment_status":"closed","ping_status":"closed","template":"","meta":{"kt_blocks_editor_width":"","_metis_text_type":"standard","_metis_text_length":10522,"_post_count":0,"footnotes":""},"class_list":["post-2020","page","type-page","status-publish","hentry"],"aioseo_notices":[],"public_identification_id":"53906e9556944fd8bfd143f626dbe7c9","private_identification_id":"3319b0f3d8084bdc9db48d718e0407a9","_links":{"self":[{"href":"https:\/\/www.abseitsreisen.de\/blog\/wp-json\/wp\/v2\/pages\/2020","targetHints":{"allow":["GET"]}}],"collection":[{"href":"https:\/\/www.abseitsreisen.de\/blog\/wp-json\/wp\/v2\/pages"}],"about":[{"href":"https:\/\/www.abseitsreisen.de\/blog\/wp-json\/wp\/v2\/types\/page"}],"author":[{"embeddable":true,"href":"https:\/\/www.abseitsreisen.de\/blog\/wp-json\/wp\/v2\/users\/2"}],"replies":[{"embeddable":true,"href":"https:\/\/www.abseitsreisen.de\/blog\/wp-json\/wp\/v2\/comments?post=2020"}],"version-history":[{"count":18,"href":"https:\/\/www.abseitsreisen.de\/blog\/wp-json\/wp\/v2\/pages\/2020\/revisions"}],"predecessor-version":[{"id":333992,"href":"https:\/\/www.abseitsreisen.de\/blog\/wp-json\/wp\/v2\/pages\/2020\/revisions\/333992"}],"up":[{"embeddable":true,"href":"https:\/\/www.abseitsreisen.de\/blog\/wp-json\/wp\/v2\/pages\/473"}],"wp:attachment":[{"href":"https:\/\/www.abseitsreisen.de\/blog\/wp-json\/wp\/v2\/media?parent=2020"}],"curies":[{"name":"wp","href":"https:\/\/api.w.org\/{rel}","templated":true}]}}