{"id":2162,"date":"2012-09-10T15:54:45","date_gmt":"2012-09-10T13:54:45","guid":{"rendered":"http:\/\/www.abseitsreisen.de\/blog\/?page_id=2162"},"modified":"2023-11-20T18:08:56","modified_gmt":"2023-11-20T17:08:56","slug":"costa-rica","status":"publish","type":"page","link":"https:\/\/www.abseitsreisen.de\/blog\/lander-informationen\/costa-rica\/","title":{"rendered":"Costa Rica"},"content":{"rendered":"<p style=\"text-align: justify;\"><strong>Stand der Informationen<br \/>\n<\/strong>Juli 2012<\/p>\n<p style=\"text-align: justify;\"><strong>Visa<\/strong><br \/>\nAls deutscher Staatsb\u00fcrger darf man sich 90 Tage visafrei in Costa Rica aufhalten. Dieser Zeitraum wird geb\u00fchrenfrei in den Pass eingestempelt.<\/p>\n<p style=\"text-align: justify;\"><strong>Einreisebestimmungen<\/strong><br \/>\nNach Abschluss einer Fahrzeugversicherung (12 US$ f\u00fcr 90 Tage) erh\u00e4lt man eine Einfuhrgenehmigung f\u00fcr 90 Tage.<\/p>\n<p style=\"text-align: justify;\"><strong>Grenzabwicklung<\/strong><br \/>\nDie Atmosph\u00e4re an der Grenze Pena Blancas von Nicaragua kommend ist entspannt und angenehm. Doch aufgrund des sehr komplexen Ablaufes recht langwierig und umst\u00e4ndlich. Uns half die genaue Ablaufbeschreibung von <a href=\"http:\/\/www.abenteuertour.de\/2011ma\/grenzuebertritt_costarica.php?version=screen\" target=\"_blank\" rel=\"noopener\">abenteuertour.de <\/a>sehr, um unn\u00f6tige Lauferei zu vermeiden. Dauer ca. zwei Stunden.<br \/>\nDie Ausreise nach Panama an dem Grenz\u00fcbergang Paso Canoas verlief sehr z\u00fcgig. Dauer ca. 15 Minuten.<\/p>\n<p style=\"text-align: justify;\"><strong>Stellpl\u00e4tze<br \/>\n<\/strong> Wir haben uns in Costa Rica seit langem wieder so sicher gef\u00fchlt, dass wir teilweise frei kampiert haben.<\/p>\n<p style=\"text-align: justify;\"><span style=\"text-decoration: underline;\">La Cruz<br \/>\n<\/span> Finca Canas Castilla<br \/>\nN 11\u00b0 07&#8242; 17.3&#8220;, W 085\u00b0 35&#8242; 38.5&#8220;<br \/>\n&#8211; 5 US$ pro Nacht pro Fahrzeug<br \/>\n&#8211; 12 US$ ausgezeichnetes Abendessen mit alkoholfreiem Getr\u00e4nk und Kaffee<br \/>\n(aus Nicaragua kommend erscheinen 12 US$ viel, doch im Landesvergleich ist das Preis-Leistungsverh\u00e4ltnis kaum zu schlagen.)<br \/>\n&#8211; 2 US$ f\u00fcr eine kleine Flasche selbstgemachten Wein<br \/>\n&#8211; von den Schweizern Agi und Guido liebevoll gef\u00fchrte Anlage<br \/>\n&#8211; Toilette und Dusche haben europ\u00e4ischen Standard<br \/>\n&#8211; riesiges Gel\u00e4nde mit drei verschiedenen Wanderlehrpfaden<\/p>\n<p style=\"text-align: justify;\"><span style=\"text-decoration: underline;\">Nationalpark Rincon de la Vieja<br \/>\n<\/span> N 10\u00b0 46&#8242; 21.6&#8220;, W 085\u00b0 21&#8242; 00.6&#8220;<br \/>\n&#8211; gro\u00dfer ebener Parkplatz vor dem Nationalpark<br \/>\n&#8211; sehr windig<br \/>\n&#8211; w\u00e4hrend der \u00d6ffnungszeiten k\u00f6nnen die Toiletten des Parks benutzt werden<br \/>\n&#8211; da die Zufahrt zum Park auf privatem Gel\u00e4nde verl\u00e4uft m\u00fcssen 200 Colones Geb\u00fchr bezahlt werden<br \/>\n&#8211; der Parkeintritt kostet 10 US$ pro Person<br \/>\n&#8211; wer lieber bewacht steht findet wenige Kilometer vor dem Park auf der rechten Seite einen ausgeschilderten Campingplatz<\/p>\n<p style=\"text-align: justify;\"><span style=\"text-decoration: underline;\">Santa Elena<br \/>\n<\/span> N 10\u00b0 20&#8242; 37.8&#8220;, W 084\u00b0 47&#8242; 45.7&#8220;<br \/>\n&#8211; Parkplatz vor dem Eingang zum Nationalpark<br \/>\n&#8211; w\u00e4hrend der \u00d6ffnungszeiten k\u00f6nnen die Toiletten des Parks benutzt werden<br \/>\n&#8211; sehr ruhig und herrlich k\u00fchl<\/p>\n<p style=\"text-align: justify;\"><span style=\"text-decoration: underline;\">Monteverde<br \/>\n<\/span> N 10\u00b0 18&#8242; 08.9&#8220;, W 084\u00b0 47&#8242; 45.5&#8220;<br \/>\n&#8211; da der Parkplatz des Nationalparks nachts geschlossen wird, durften wir dort nicht \u00fcbernacht parken, doch man kann einfach vor dem Eingang zum Park am Stra\u00dfenrand parken<br \/>\n&#8211; nachts sehr ruhig und k\u00fchl<br \/>\n&#8211; w\u00e4hrend der \u00d6ffnungszeiten k\u00f6nnen die Toiletten im Park benutzt werden<br \/>\nTipp: die &#8218;hummingbird-galery&#8216; auf der linken Seite kurz vor dem Eingang zum Park ist wirklich einen Besuch wert.<\/p>\n<p style=\"text-align: justify;\"><span style=\"text-decoration: underline;\">Nationalpark St. Antonio Manuel<br \/>\n<\/span> N 09\u00b0 23&#8242; 26.2&#8220;, W 084\u00b0 08&#8242; 53.9&#8220;<br \/>\n&#8211; 2000 Colones pro Tag, nachts kostenlos und nicht bewacht<br \/>\n&#8211; gro\u00dfer ebener Parkplatz direkt am Strand, etwas Schatten<br \/>\n&#8211; nachts relativ ruhig<\/p>\n<p style=\"text-align: justify;\"><span style=\"text-decoration: underline;\">Dominical<br \/>\n<\/span> N 09\u00b0 15&#8242; 06.3&#8220;, W 083\u00b0 51&#8242; 52.4&#8220;<br \/>\n&#8211; kostenloser, unbewachter Stellplatz direkt am Strand unter Palmen<br \/>\n&#8211; WiFi und Toiletten im nahegelegenen Restaurant<br \/>\n&#8211; sehr kleiner gem\u00fctlicher Ort, bei Surfern beliebt<br \/>\n&#8211; gr\u00f6\u00dfere Fahrzeuge k\u00f6nnen am westlichen Ende des Strands parken<\/p>\n<p style=\"text-align: justify;\"><strong>Kommunikation<\/strong><br \/>\nDa es in vielen Caf\u00e9s und Restaurants Wi-Fi gibt, verzichteten wir auf einen lokale Simkarte.<\/p>\n<p style=\"text-align: justify;\"><strong>Stra\u00dfen<\/strong><br \/>\nDie Panamerikaner ist in gr\u00f6\u00dftenteils in gutem Zustand. Der Abschnitt zwischen Turin von Las Juntas kommend nach Monteverde ist nicht geteert. Da er stetig ansteigt kommt man nur sehr langsam vorw\u00e4rts. Die schnellere Variante verl\u00e4uft von Rancho Grande \u00fcber die 606. Zwar endet auch hier die Teerstra\u00dfe, doch es folgen nur 20 km Schotterpiste statt 33 km.<\/p>\n<blockquote>\n<p style=\"text-align: justify;\">Helfen euch die Informationen auf unserer Webseite beim Reisen oder der Vorbereitung dazu weiter? Freut uns. Auch ihr k\u00f6nnt unser Reiseprojekt unterst\u00fctzen, einfach und kostenlos.<\/p>\n<p style=\"text-align: justify;\">Wenn ihr das n\u00e4chste Mal bei Amazon bestellt, nutzt daf\u00fcr den\u00a0<a href=\"http:\/\/www.amazon.de\/?_encoding=UTF8&amp;site-redirect=de&amp;tag=wwwabseitsrei-21&amp;linkCode=ur2&amp;camp=1638&amp;creative=6742\" target=\"_blank\" rel=\"noopener\">Amazon-Link<\/a>\u00a0bei abseitsreisen.de bevor ihr etwas in den Warenkorb legt. Amazon verg\u00fctet uns dadurch ein kleine Linkpr\u00e4mie. Der Preis f\u00fcr euch als Kunden bleibt dadurch nat\u00fcrlich unber\u00fchrt.<\/p>\n<p style=\"text-align: justify;\">Noch besser: Zieht euch diesen\u00a0<a href=\"http:\/\/www.amazon.de\/?_encoding=UTF8&amp;site-redirect=de&amp;tag=wwwabseitsrei-21&amp;linkCode=ur2&amp;camp=1638&amp;creative=6742\" target=\"_blank\" rel=\"noopener\">Amazon-Link<\/a>\u00a0per Drag-and-Drop in die Lesezeichen eures Browsers und klickt euch so f\u00fcr die n\u00e4chsten Bestellungen zu Amazon. Damit unterst\u00fctzt ihr kostenlos diese Webseite bei jedem Einkauf. Dankesch\u00f6n.<\/p>\n<\/blockquote>\n<p style=\"text-align: justify;\"><strong>Trinkwasser \/ Versorgungslage<br \/>\n<\/strong> Das Leitungswasser hat in Costa Rica Trinkwasserqualit\u00e4t, schmeckt jedoch je nach Region etwas nach Chlor. Ansonsten kann auch aufbereitetes Wasser in 20 Liter Gebinden gekauft werden. Superm\u00e4rkte haben ein gr\u00f6\u00dferes Warenangebot als in Nicaragua. Die Lebensmittelpreise haben europ\u00e4ischen Standard. Eine Pizza Margarita kostet ca. 12 &#8211; 14 US$, unter 8 US$ bekommt man selbst in einem Backpackerhostel h\u00f6chstens eine Vorspeise.<\/p>\n<p style=\"text-align: justify;\"><strong>Geld<br \/>\n<\/strong> Neben der einheimischen W\u00e4hrung wird au\u00dferdem der Dollar akzeptiert und zu einem Kurs von 500 Colones \/ 1 US$ verrechnet. Geldautomaten die Visakarten aktzeptieren gibt es in jedem Ort.<\/p>\n","protected":false},"excerpt":{"rendered":"<p>Stand der Informationen Juli 2012 Visa Als deutscher Staatsb\u00fcrger darf man sich 90 Tage visafrei in Costa Rica aufhalten. Dieser Zeitraum wird geb\u00fchrenfrei in den Pass eingestempelt. Einreisebestimmungen Nach Abschluss einer Fahrzeugversicherung (12 US$ f\u00fcr 90 Tage) erh\u00e4lt man eine &hellip; <a href=\"https:\/\/www.abseitsreisen.de\/blog\/lander-informationen\/costa-rica\/\">Weiterlesen<\/a><\/p>\n","protected":false},"author":2,"featured_media":0,"parent":473,"menu_order":25,"comment_status":"open","ping_status":"open","template":"","meta":{"kt_blocks_editor_width":"","_metis_text_type":"standard","_metis_text_length":5031,"_post_count":0,"footnotes":""},"class_list":["post-2162","page","type-page","status-publish","hentry"],"aioseo_notices":[],"public_identification_id":"d87188d35cd54a0cb649fbd94e0a16c7","private_identification_id":"f4d3468394f24ab182528eb4e2399eee","_links":{"self":[{"href":"https:\/\/www.abseitsreisen.de\/blog\/wp-json\/wp\/v2\/pages\/2162","targetHints":{"allow":["GET"]}}],"collection":[{"href":"https:\/\/www.abseitsreisen.de\/blog\/wp-json\/wp\/v2\/pages"}],"about":[{"href":"https:\/\/www.abseitsreisen.de\/blog\/wp-json\/wp\/v2\/types\/page"}],"author":[{"embeddable":true,"href":"https:\/\/www.abseitsreisen.de\/blog\/wp-json\/wp\/v2\/users\/2"}],"replies":[{"embeddable":true,"href":"https:\/\/www.abseitsreisen.de\/blog\/wp-json\/wp\/v2\/comments?post=2162"}],"version-history":[{"count":7,"href":"https:\/\/www.abseitsreisen.de\/blog\/wp-json\/wp\/v2\/pages\/2162\/revisions"}],"predecessor-version":[{"id":333993,"href":"https:\/\/www.abseitsreisen.de\/blog\/wp-json\/wp\/v2\/pages\/2162\/revisions\/333993"}],"up":[{"embeddable":true,"href":"https:\/\/www.abseitsreisen.de\/blog\/wp-json\/wp\/v2\/pages\/473"}],"wp:attachment":[{"href":"https:\/\/www.abseitsreisen.de\/blog\/wp-json\/wp\/v2\/media?parent=2162"}],"curies":[{"name":"wp","href":"https:\/\/api.w.org\/{rel}","templated":true}]}}