{"id":2166,"date":"2012-09-10T21:12:49","date_gmt":"2012-09-10T19:12:49","guid":{"rendered":"http:\/\/www.abseitsreisen.de\/blog\/?page_id=2166"},"modified":"2023-11-20T18:08:58","modified_gmt":"2023-11-20T17:08:58","slug":"panama","status":"publish","type":"page","link":"https:\/\/www.abseitsreisen.de\/blog\/lander-informationen\/panama\/","title":{"rendered":"Panama"},"content":{"rendered":"<p style=\"text-align: justify;\"><strong>Stand der Informationen<\/strong><br \/>\nJuli 2012<\/p>\n<p style=\"text-align: justify;\"><strong>Visa<\/strong><br \/>\nDeutsche Staatsb\u00fcrger d\u00fcrfen sich 180 Tage visafrei in Panama aufhalten.<\/p>\n<p style=\"text-align: justify;\"><strong>Einreisebestimmungen<\/strong><br \/>\nDie Einfuhrgenehmigung f\u00fcr das Fahrzeug hatte eine G\u00fcltigkeit von 30 Tagen, kann jedoch zwei Mal um je 30 Tage in Panama-Stadt verl\u00e4ngert werden.<\/p>\n<p style=\"text-align: justify;\"><strong>Grenzabwicklung<\/strong><br \/>\nDie Grenzabwicklung an der Grenze Paso Canoas verlief z\u00fcgig. Man parkt unter einer gro\u00dfen bogenf\u00f6rmigen \u00dcberdachung in direkter N\u00e4he zu s\u00e4mtlichen B\u00fcros. Zur Linken befinden sich drei kleine Geb\u00e4ude, die \u00fcber einen ersten Stock miteinander verbunden sind. Im ersten Geb\u00e4ude ist das B\u00fcro f\u00fcr den Fahrzeugimport untergebracht. Im zweiten Geb\u00e4ude, das nur aus einem kleinen Raum besteht, bekommt man Deklarationsformulare, die man f\u00fcr den Zoll ausf\u00fcllen muss. Im dritten Geb\u00e4ude befindet sich die Migration und die Zahlstelle f\u00fcr die Fahrzeugdesinfektion. Nach Ausstellung der Fahrzeugimportpapiere m\u00fcssen diese im ersten Stock (\u00fcber der Migration) abgestempelt werden. Das Papier wird anschlie\u00dfend von einem Beamten kontrolliert, der die Fahrgestellnummer am Fahrzeug \u00fcberpr\u00fcft. Auf der gegen\u00fcberliegenden Stra\u00dfenseite erh\u00e4lt man f\u00fcr 15 US$ eine Fahrzeugversicherung f\u00fcr 30 Tage. Ins Fahrzeug wurde einer kurzer Blick geworfen.<br \/>\nDauer ca. eine Stunde.<br \/>\nAchtung: Falls man von Panama aus verschiffen m\u00f6chte, unbedingt darauf achten, dass das Feld &#8218;Motornummer&#8216; ausgef\u00fcllt wird und s\u00e4mtliche Eintragungen richtig sind. Ansonsten muss dieses Formular beim Zollamt in Panama-Stadt korrigiert werden.<\/p>\n<p style=\"text-align: justify;\"><strong>Stellpl\u00e4tze<\/strong><br \/>\n<span style=\"text-decoration: underline;\">Santa Clara<\/span><br \/>\nN 08\u00b0 22&#8242; 25.8&#8220;, W 080\u00b0 06&#8242; 28.5&#8220;<br \/>\n&#8211; kleiner Parkplatz, der zu einem Restaurant mit Privatstrand geh\u00f6rt<br \/>\n&#8211; gegen eine geringe Geb\u00fchr k\u00f6nnen Strand, Duschen und Toiletten gen\u00fctzt werden<br \/>\n&#8211; sehr sch\u00f6ner Schwimmstrand<br \/>\n&#8211; wir durften kostenlos auf dem Parkplatz \u00fcbernachten<\/p>\n<p style=\"text-align: justify;\"><span style=\"text-decoration: underline;\">Playa Las Lajas<\/span><br \/>\nN 08\u00b0 10&#8242; 02.2&#8220;, W 081\u00b0 51&#8242; 41.8&#8220;<br \/>\n&#8211; Stellplatz direkt am Meer<br \/>\n&#8211; der Strand selbst ist nicht besonders einladend, aber zumindest unter der Woche ein ruhiger und luftiger Platz<\/p>\n<p style=\"text-align: justify;\"><span style=\"text-decoration: underline;\">Panama \u2013 Stadt<\/span><br \/>\nBalboa Yachtclub<br \/>\nN 08\u00b0 56&#8242; 28.1&#8220;, W 079\u00b0 33&#8242; 11.3&#8220;<br \/>\n&#8211; viele Reisende stehen entlang der Stra\u00dfe direkt vor dem Balboa Yachtclub, uns war der riesige Parkplatz nur wenige Meter weiter lieber<br \/>\n&#8211; unter der Woche sehr ruhig<br \/>\n&#8211; der Parkplatz ist laut Polizei sicher, er wird regelm\u00e4\u00dfig von einer Streife kontrolliert<br \/>\n&#8211; viel Platz, um sein Auto in Ruhe auf die Verschiffung vorzubereiten, wir haben uns hier zwei Wochen sehr wohl gef\u00fchlt<br \/>\n&#8211; die Sanit\u00e4ranlagen des Yachtclubs k\u00f6nnen kostenlos genutzt werden<br \/>\n&#8211; hei\u00dfe Duschen und Toiletten am Peer<br \/>\n&#8211; Waschmaschine pro Ladung 0,50 US$, Trockner 0,75US$<br \/>\n&#8211; kostenloses Wi-Fi im Restaurant des Yachtclubs<\/p>\n<p style=\"text-align: justify;\"><strong>Kraftstoff<\/strong><br \/>\nDiesel kostete zur Zeit unserer Durchreise ca. 0,75 \u20ac pro Liter.<\/p>\n<p style=\"text-align: justify;\"><strong>Kommunikation<\/strong><br \/>\nEs gibt verschiedenen Mobilfunkanbieter, die f\u00fcr wenige Dollar eine prepaid Simkarte anbieten. Wir haben uns f\u00fcr &#8218;Claro&#8216; entschieden und waren mit der Netzabdeckung zufrieden. Die Geschwindigkeit der Internetverbindung \u00fcber ein USB-Modem war ausreichend um Emails zu empfangen und zu senden, skypen war nicht m\u00f6glich. Dennoch waren wir froh, so immer auf dem Laufenden mit unserer Verschiffungsagentur zu sein. In Panama-Stadt gibt es auf einigen Pl\u00e4tzen kostenloses Wi-Fi.<\/p>\n<blockquote>\n<p style=\"text-align: justify;\">Helfen euch die Informationen auf unserer Webseite beim Reisen oder der Vorbereitung dazu weiter? Freut uns. Auch ihr k\u00f6nnt unser Reiseprojekt unterst\u00fctzen, einfach und kostenlos.<\/p>\n<p style=\"text-align: justify;\">Wenn ihr das n\u00e4chste Mal bei Amazon bestellt, nutzt daf\u00fcr den\u00a0<a href=\"http:\/\/www.amazon.de\/?_encoding=UTF8&amp;site-redirect=de&amp;tag=wwwabseitsrei-21&amp;linkCode=ur2&amp;camp=1638&amp;creative=6742\" target=\"_blank\" rel=\"noopener\">Amazon-Link<\/a>\u00a0bei abseitsreisen.de bevor ihr etwas in den Warenkorb legt. Amazon verg\u00fctet uns dadurch ein kleine Linkpr\u00e4mie. Der Preis f\u00fcr euch als Kunden bleibt dadurch nat\u00fcrlich unber\u00fchrt.<\/p>\n<p style=\"text-align: justify;\">Noch besser: Zieht euch diesen\u00a0<a href=\"http:\/\/www.amazon.de\/?_encoding=UTF8&amp;site-redirect=de&amp;tag=wwwabseitsrei-21&amp;linkCode=ur2&amp;camp=1638&amp;creative=6742\" target=\"_blank\" rel=\"noopener\">Amazon-Link<\/a>\u00a0per Drag-and-Drop in die Lesezeichen eures Browsers und klickt euch so f\u00fcr die n\u00e4chsten Bestellungen zu Amazon. Damit unterst\u00fctzt ihr kostenlos diese Webseite bei jedem Einkauf. Dankesch\u00f6n.<\/p>\n<\/blockquote>\n<p style=\"text-align: justify;\"><strong>Stra\u00dfen<\/strong><br \/>\nDie Panamericana ist in gutem Zustand. Die Altstadt von Panama-City ist derzeit eine riesige Baustelle, die bis 2015 fertig gestellt werden soll.<\/p>\n<p style=\"text-align: justify;\"><strong>Trinkwasser \/ Versorgungslage<\/strong><br \/>\nDank des Panama-Kanals gibt es fast Nichts, was es in Panama nicht gibt. Das Warenangebot ist enorm. Die Preise sind niedriger als in Costa Rica und Kolumbien. Ein Gro\u00dfeinkauf lohnt sich.<\/p>\n<p style=\"text-align: justify;\"><strong>Geld<\/strong><br \/>\nDie W\u00e4hrung in Panama ist der US$. Es gibt daneben panamaische M\u00fcnzen, aber keine Scheine. Bankautomaten, die Visakarten akzeptieren gibt es reichlich, unter anderem in gr\u00f6\u00dferen Superm\u00e4rkten.<\/p>\n<p style=\"text-align: justify;\">Tipp: Wer plant nach Panama auch Venezuela zu bereisen, sollte in Panama seine Bargeldreserven in US-Dollar aufstocken. Der Wechselkurs auf dem allgegenw\u00e4rtigen Schwarzmarkt f\u00fcr US-Dollar liegt in Venezuela weit \u00fcber dem offiziellen Kurs, den man bei einer Abhebung am Bankautomaten bekommen w\u00fcrde.<\/p>\n","protected":false},"excerpt":{"rendered":"<p>Stand der Informationen Juli 2012 Visa Deutsche Staatsb\u00fcrger d\u00fcrfen sich 180 Tage visafrei in Panama aufhalten. Einreisebestimmungen Die Einfuhrgenehmigung f\u00fcr das Fahrzeug hatte eine G\u00fcltigkeit von 30 Tagen, kann jedoch zwei Mal um je 30 Tage in Panama-Stadt verl\u00e4ngert werden. &hellip; <a href=\"https:\/\/www.abseitsreisen.de\/blog\/lander-informationen\/panama\/\">Weiterlesen<\/a><\/p>\n","protected":false},"author":2,"featured_media":0,"parent":473,"menu_order":26,"comment_status":"open","ping_status":"open","template":"","meta":{"kt_blocks_editor_width":"","_metis_text_type":"standard","_metis_text_length":4895,"_post_count":0,"footnotes":""},"class_list":["post-2166","page","type-page","status-publish","hentry"],"aioseo_notices":[],"public_identification_id":"9b038524dff64de1a5d430e1d7214348","private_identification_id":"d088d494f3db46e8ae525b8245d04482","_links":{"self":[{"href":"https:\/\/www.abseitsreisen.de\/blog\/wp-json\/wp\/v2\/pages\/2166","targetHints":{"allow":["GET"]}}],"collection":[{"href":"https:\/\/www.abseitsreisen.de\/blog\/wp-json\/wp\/v2\/pages"}],"about":[{"href":"https:\/\/www.abseitsreisen.de\/blog\/wp-json\/wp\/v2\/types\/page"}],"author":[{"embeddable":true,"href":"https:\/\/www.abseitsreisen.de\/blog\/wp-json\/wp\/v2\/users\/2"}],"replies":[{"embeddable":true,"href":"https:\/\/www.abseitsreisen.de\/blog\/wp-json\/wp\/v2\/comments?post=2166"}],"version-history":[{"count":16,"href":"https:\/\/www.abseitsreisen.de\/blog\/wp-json\/wp\/v2\/pages\/2166\/revisions"}],"predecessor-version":[{"id":333994,"href":"https:\/\/www.abseitsreisen.de\/blog\/wp-json\/wp\/v2\/pages\/2166\/revisions\/333994"}],"up":[{"embeddable":true,"href":"https:\/\/www.abseitsreisen.de\/blog\/wp-json\/wp\/v2\/pages\/473"}],"wp:attachment":[{"href":"https:\/\/www.abseitsreisen.de\/blog\/wp-json\/wp\/v2\/media?parent=2166"}],"curies":[{"name":"wp","href":"https:\/\/api.w.org\/{rel}","templated":true}]}}