{"id":2209,"date":"2012-09-12T18:21:18","date_gmt":"2012-09-12T16:21:18","guid":{"rendered":"http:\/\/www.abseitsreisen.de\/blog\/?page_id=2209"},"modified":"2023-11-20T18:09:03","modified_gmt":"2023-11-20T17:09:03","slug":"kolumbien","status":"publish","type":"page","link":"https:\/\/www.abseitsreisen.de\/blog\/lander-informationen\/kolumbien\/","title":{"rendered":"Kolumbien"},"content":{"rendered":"<p style=\"text-align: justify;\"><strong>Stand der Informationen<br \/>\n<\/strong> September 2012<\/p>\n<p style=\"text-align: justify;\"><strong>Visa<br \/>\n<\/strong> Deutsche Staatsb\u00fcrger d\u00fcrfen sich bis zu 180 Tage visafrei in Kolumbien aufhalten. An der Grenze bekommt man zun\u00e4chst nur 90 Tage bewilligt, kann diese jedoch kurz vor Ablauf um weitere 90 Tage verl\u00e4ngern lassen.<\/p>\n<p style=\"text-align: justify;\"><strong>Einreisebestimmungen<br \/>\n<\/strong> Der Zeitraum der Einfuhrgenehmigung f\u00fcr das Fahrzeug ist abh\u00e4ngig von der f\u00fcr den Fahrzeughalter bewilligten Aufenthaltsdauer. Erh\u00e4lt man 90 Tage im Pass, so erh\u00e4lt man ebenfalls 90 Tage f\u00fcr das Fahrzeug. Dieser Zeitraum kann nach Verl\u00e4ngerung der pers\u00f6nlichen Aufenthaltsdauer um weitere 90 Tage verl\u00e4ngert werden. Die Verl\u00e4ngerung kann erst kurz vor Ablauf der &#8218;ersten&#8216; 90 Tage stattfinden.<\/p>\n<p style=\"text-align: justify;\"><strong>Grenzabwicklung<br \/>\n<\/strong> Die erste Einreise erfolgte \u00fcber den Seeweg. Die diesbez\u00fcgliche Grenzabwicklung f\u00fcr das Fahrzeug kann unter <a href=\"https:\/\/www.abseitsreisen.de\/blog\/lander-informationen\/verschiffung-panama-kolumbien\/\" target=\"_self\" rel=\"noopener\">Verschiffung Panama \u2013 Kolumbien<\/a> nachgelesen werden. Wir selbst kamen mit einem kleinen Segelboot in Kolumbien an. Da sich unser Kapit\u00e4n um die Einreisestempel gek\u00fcmmert hat, k\u00f6nnen wir hierzu keine Auskunft geben.<br \/>\nDie Ausreise nach Venezuela an der Grenze Maicao verlief z\u00fcgig. Der Pass wurde ausgestempelt und die tempor\u00e4re Einfuhrerlaubnis haben wir abgegeben.<br \/>\nDie zweite Einreise von Venezuela kommend an der Grenze San Antonio \/ La Parada verlief ebenfalls z\u00fcgig, wobei zu bedenken gilt, dass die kolumbianische Zollbeh\u00f6rde sonntags und die venezolanische Zollbeh\u00f6rde das ganze Wochenende geschlossen ist. Migration (N 07\u00b0 49&#8242; 08.2&#8220;, W 072\u00b0 27&#8242; 11.2&#8220;) und Zoll befinden sich auf der rechten Seite. Das Fahrzeug kann w\u00e4hrenddessen auf einem gro\u00dfen Parkplatz in direkter N\u00e4he geparkt werden. Dieser Parkplatz eignet sich auch als Stellplatz f\u00fcr eine \u00dcbernachtung. Zun\u00e4chst wird der Pass eingestempelt. Anschlie\u00dfend kontrolliert ein Zollbeamte die Fahrgestellnummer und nimmt eine Blaupause, die er auf das Formular der tempor\u00e4ren Einfuhrerlaubnis klebt. Bei Bedarf kann in einem kleinen B\u00fcro auf der rechten Seite im Geb\u00e4ude der Migration eine Fahrzeugversicherung abgeschlossen werden, hier k\u00f6nnen auch Kopien get\u00e4tigt werden. Die tempor\u00e4re Einfuhrerlaubnis erh\u00e4lt man an einem Fenster eines kleinen Geb\u00e4udes, rechts neben der Migration. Es fallen keinerlei Geb\u00fchren an. Dauer ca. eine Stunde.<br \/>\nDie Ausreise von Ipiales nach Ecuador ist unkompliziert. Das Fahrzeug kann auf einem gro\u00dfen Parkplatz direkt vor der Migration geparkt werden. Hier warten bereits einige Geldwechsler, die kolumbianische Pesos in Dollar wechseln. Nun den Pass in der Migration ausstempeln lassen und die Fahrzeugimportpapiere bei der dahinter liegenden Zollstelle abgeben. Dauer ca. 20 Minuten. Der Sonntag erwies sich als guter Ausreisetag.<\/p>\n<blockquote>\n<p style=\"text-align: justify;\">Helfen euch die Informationen auf unserer Webseite beim Reisen oder der Vorbereitung dazu weiter? Freut uns. Auch ihr k\u00f6nnt unser Reiseprojekt unterst\u00fctzen, einfach und kostenlos.<\/p>\n<p style=\"text-align: justify;\">Wenn ihr das n\u00e4chste Mal bei Amazon bestellt, nutzt daf\u00fcr den\u00a0<a href=\"http:\/\/www.amazon.de\/?_encoding=UTF8&amp;site-redirect=de&amp;tag=wwwabseitsrei-21&amp;linkCode=ur2&amp;camp=1638&amp;creative=6742\" target=\"_blank\" rel=\"noopener\">Amazon-Link<\/a>\u00a0bei abseitsreisen.de bevor ihr etwas in den Warenkorb legt. Amazon verg\u00fctet uns dadurch ein kleine Linkpr\u00e4mie. Der Preis f\u00fcr euch als Kunden bleibt dadurch nat\u00fcrlich unber\u00fchrt.<\/p>\n<p style=\"text-align: justify;\">Noch besser: Zieht euch diesen\u00a0<a href=\"http:\/\/www.amazon.de\/?_encoding=UTF8&amp;site-redirect=de&amp;tag=wwwabseitsrei-21&amp;linkCode=ur2&amp;camp=1638&amp;creative=6742\" target=\"_blank\" rel=\"noopener\">Amazon-Link<\/a>\u00a0per Drag-and-Drop in die Lesezeichen eures Browsers und klickt euch so f\u00fcr die n\u00e4chsten Bestellungen zu Amazon. Damit unterst\u00fctzt ihr kostenlos diese Webseite bei jedem Einkauf. Dankesch\u00f6n.<\/p>\n<\/blockquote>\n<p style=\"text-align: justify;\"><strong>Stellpl\u00e4tze<\/strong><br \/>\n<span style=\"text-decoration: underline;\"> Cartagena<br \/>\n<\/span> Hotel Mamallena (kein Stellplatz)<br \/>\n&#8211; m\u00f6gliches Hostal f\u00fcr die Wartezeit w\u00e4hrend der Verschiffung<br \/>\n&#8211; Doppelzimmer mit Bad 50 000 COP<br \/>\n&#8211; Wi-Fi<br \/>\n&#8211; K\u00fcche vorhanden<br \/>\n&#8211; Zentral gelegen, zehn Minuten zu Fu\u00df in die Altstadt<br \/>\n&#8211; W\u00e4scheservice f\u00fcr 10 000 Peso die Maschinenladung<\/p>\n<p style=\"text-align: justify;\">Hotel Bella Vista<br \/>\nN 10\u00b026&#8242; 05.3&#8220;, W 075\u00b0 32&#8242; 18.1&#8220;<br \/>\n&#8211; Stellplatz f\u00fcr zwei Personen im Farhzeug 30 000\u00a0COP\u00a0pro Nacht<br \/>\n&#8211; heruntergekommene, sehr einfache Toiletten und kalte Dusche<br \/>\n&#8211; schattiger Parkplatz<br \/>\n&#8211; Wi-Fi und g\u00fcnstiges Essen im Restaurant<br \/>\n&#8211; keine H\u00f6henbeschr\u00e4nkung bei der Einfahrt, doch die B\u00e4ume sind stellenweise etwas niedrig<br \/>\n&#8211; v\u00f6llig \u00fcberteuerter Stellplatz, aber die Atmosph\u00e4re aus Hoteldauerg\u00e4sten, Austauschstudenten und kolumbianischen Familien, die in diesem recht verwinkelten und teilweise heruntergekommenen Hotelkomplex wohnen, hat uns gut gefallen<\/p>\n<p style=\"text-align: justify;\"><span style=\"text-decoration: underline;\">Taganga<\/span><br \/>\nCasa Monchijtos<br \/>\nN 11\u00b0 16&#8242; 18.1&#8220;, W 074\u00b0 11&#8242; 33.4&#8220;<br \/>\n&#8211; wir haben Thomas, den deutschen Besitzer des Hostels, zuf\u00e4llig getroffen und er bot uns an, vor seinem Hostel zu parken. Weitere Camper sind willkommen.<br \/>\n&#8211; Stellplatz in der Stra\u00dfe vor dem Hostel<br \/>\n&#8211; Motorradfahrer k\u00f6nnen ihre Maschine im eingez\u00e4unten Vorgarten abstellen<br \/>\n&#8211; Stromanschluss m\u00f6glich<br \/>\n&#8211; Toilette und Dusche im Hostal<br \/>\n&#8211; ein Baum beschr\u00e4nkt die H\u00f6he auf etwa 3,40m. Laut Thomas braucht man auf diesen jedoch keine R\u00fccksicht zu nehmen.<br \/>\nWir empfanden Taganga als staubig, hei\u00df und wenig sehenswert. H\u00e4tten wir nicht auf ein Musikfestival in Santa Marta gewartet, w\u00e4ren wir nicht eine Nacht geblieben.<\/p>\n<p style=\"text-align: justify;\"><span style=\"text-decoration: underline;\">SSF Los Flamencos<br \/>\n<\/span> N 11\u00b0 25&#8242; 42.3&#8220;, W 073\u00b0 05&#8242; 01.3&#8220;<br \/>\n&#8211; Sabas, ein Familienvater ist uns zuf\u00e4llig begegnet und lud uns ein in der N\u00e4he seines Hauses zu stehen. Wir waren nicht die ersten Wohnmobilisten und er freut sich \u00fcber kommende G\u00e4ste.<br \/>\n&#8211; sch\u00f6ner ruhiger Stellplatz mit Blick auf die Lagune<br \/>\n&#8211; Sabas bietet Bootstouren mit dem Einbaum zu den Flamingos an, die in der Lagune leben<br \/>\n&#8211; 30 000 COP f\u00fcr die zwei bis dreist\u00fcndige Fahrt mit dem Einbaum \u2013 sehr lohnenswert!<\/p>\n<p style=\"text-align: justify;\"><span style=\"text-decoration: underline;\">Salinas<\/span><br \/>\nN 11\u00b0 43&#8242; 56.0&#8220;, W 072\u00b0 33&#8242; 02.2&#8220;<br \/>\n&#8211; in dieser Gegend kann man einfach ein St\u00fcck von der Piste abfahren und frei kampieren<br \/>\n&#8211; kaum besiedelte Ebene, wird Stellenweise zur Meersalzgewinnung genutzt<\/p>\n<p style=\"text-align: justify;\"><span style=\"text-decoration: underline;\">Cabo de la Vela<br \/>\n<\/span> N 12\u00b0 09&#8242; 06.6&#8220;, 072\u00b0 08&#8242; 33.6&#8220;<br \/>\n&#8211; freies Kampieren direkt am Meer<\/p>\n<p style=\"text-align: justify;\"><span style=\"text-decoration: underline;\">Punta Gallina<br \/>\n<\/span> N 12\u00b0 27&#8242; 27.9&#8220;, W 071\u00b0 40&#8242; 04.4&#8220;<br \/>\n&#8211; n\u00f6rdlichster Punkt S\u00fcdamerikas<br \/>\n&#8211; freies Kampieren mit Blick aufs Meer<\/p>\n<p style=\"text-align: justify;\"><span style=\"text-decoration: underline;\">D\u00fcne von Taroa<br \/>\n<\/span> N 12\u00b0 26&#8242; 05.5&#8220;, W 071\u00b0 36&#8242; 34.4&#8220;<br \/>\n&#8211; vierzig Meter hohe Sandd\u00fcne, die direkt ins Meer f\u00fchrt<br \/>\n&#8211; traumhafte bizarre Landschaft<br \/>\n&#8211; freies Kampieren<\/p>\n<p style=\"text-align: justify;\"><span style=\"text-decoration: underline;\">El Cerrej\u00f3n<br \/>\n<\/span> &#8211; gr\u00f6\u00dfter Steinkohletagebau der Welt<br \/>\n&#8211; kostenloser Parkplatz direkt vor dem Eingang zur Mine<br \/>\n&#8211; sehr laut, da st\u00fcndlich zwei Kohlez\u00fcge passieren<br \/>\n&#8211; Toiletten im Besucherzentrum<br \/>\nDie Mine kann in Form einer einst\u00fcndigen F\u00fchrung (spanisch) besichtigt werden. Eine Voranmeldung war nicht notwendig, die F\u00fchrung begann um 10 Uhr.\u00a0Mit dem Bus geht es zu einer der sechs gigantischen Abbaustellen. Sehr beeindruckend!<\/p>\n<p style=\"text-align: justify;\"><span style=\"text-decoration: underline;\">Grenze zu Venezuela \u2013 La Parada<br \/>\n<\/span> N 07\u00b0 49&#8242; 09.5&#8220;, W 072\u00b0 27&#8242; 13.7&#8220;<br \/>\n&#8211; direkt an der Grenze auf kolumbianischer Seite<br \/>\n&#8211; gro\u00dfer kostenloser Parkplatz<br \/>\n&#8211; ruhig, da er kaum genutzt wurde<br \/>\n&#8211; Toiletten in der Migration<br \/>\n&#8211; keine H\u00f6henbeschr\u00e4nkung<\/p>\n<p style=\"text-align: justify;\"><span style=\"text-decoration: underline;\">Kleine Ortschaft zwischen C\u00facuta und Bucaramanga<br \/>\n<\/span> N 07\u00b0 15&#8242; 12.1&#8220;, W 072\u00b0 45&#8242; 43.1&#8220;<br \/>\n&#8211; 3000 COP die Nacht<br \/>\n&#8211; sehr gro\u00dfer relativ ebener Parkplatz<br \/>\n&#8211; keine H\u00f6henbeschr\u00e4nkung<br \/>\n&#8211; traumhafter Ausblick<br \/>\n&#8211; auf \u00fcber 3000 Meter, daher sehr frisch<br \/>\n&#8211; saubere Toiletten<br \/>\n&#8211; angenehmer ruhiger Stellplatz, perfekt wenn man auf der Durchfahrt ist<\/p>\n<p style=\"text-align: justify;\"><span style=\"text-decoration: underline;\">Canon del Chicamocha<br \/>\n<\/span> N 06\u00b0 47&#8242; 22.&#8220;, W 073\u00b0 00&#8242; 15.8&#8220;<br \/>\n&#8211; gro\u00dfer Parkplatz mit herrlichem Blick \u00fcber den Canyon<br \/>\n&#8211; sehr sicher, da eine Polizeistation auf dem Gel\u00e4nde des Parks untergebracht ist<br \/>\n&#8211; Toiletten vorhanden<br \/>\n&#8211; keine H\u00f6henbeschr\u00e4nkung<br \/>\n&#8211; Geldautomat vorhanden<br \/>\n&#8211; montags und dienstags ist der Park geschlossen, dann kann nur vor der Absperrung in der recht absch\u00fcssigen Zufahrt geparkt werden, zwar auch sicher, aber laut und schr\u00e4g.<\/p>\n<p style=\"text-align: justify;\"><span style=\"text-decoration: underline;\">Villa de Leyva<br \/>\n<\/span> Hotel Renacer \u2013 Colombian Highlands<br \/>\nN 05\u00b0 38&#8242; 29.4&#8220;, W 073\u00b0 30&#8242; 47.3&#8220;<br \/>\n&#8211; Hostel mit Stellplatzm\u00f6glichkeit<br \/>\n&#8211; Der Overlander-Treffpunkt in Kolumbien!<br \/>\n&#8211; 10000 COP pro Person, ab einer Woche 8000 COP pro Person<br \/>\n&#8211; etwas oberhalb von Villa de Leyva gelegen, zu Fu\u00df etwa 15 Minuten in den Ort<br \/>\n&#8211; die Toreinfahrt ist sehr hoch und breit<br \/>\n&#8211; herrlich k\u00fchler und ruhiger Stellplatz<br \/>\n&#8211; sehr hei\u00dfe Duschen mit viel Wasser<br \/>\n&#8211; sehr saubere B\u00e4der<br \/>\n&#8211; schnelles Wi-Fi, funktioniert auch vom Stellplatz aus<br \/>\n&#8211; Stromanschluss m\u00f6glich, Wasser vorhanden<br \/>\n&#8211; Waschservice f\u00fcr 5000 Pesos pro Maschinenladung<br \/>\n&#8211; kleines Restaurant f\u00fcr Fr\u00fchst\u00fcck und Abendessen<br \/>\n&#8211; ganzt\u00e4gig k\u00f6nnen Getr\u00e4nke und frischer Saft gekauft werden<br \/>\n&#8211; Pizzaofen, Grill und Lagefeuerstelle steht zur freien Verf\u00fcgung<br \/>\n&#8211; K\u00fcche, Gemeinschaftsraum mit Fernseher<br \/>\n&#8211; B\u00fccheraustausch, Wanderm\u00f6glichkeiten in der Umgebung<br \/>\n&#8211; sehr angenehme Atmosph\u00e4re, freundliche und hilfsbereite Besitzer. Hier l\u00e4sst sich sehr gut l\u00e4nger aushalten.<br \/>\n&#8211; sehr sicherer Stellplatz um sein Fahrzeug f\u00fcr einige Zeit abzustellen, auch aufgrund des trockenen Klimas zu empfehlen. Wir parkten unser Fahrzeug w\u00e4hrend unseres f\u00fcnfmonatigen Heimaturlaubes hier.<\/p>\n<p style=\"text-align: justify;\"><span style=\"text-decoration: underline;\">Landazuri<\/span><br \/>\nN 06\u00b0 13&#8242; 12.0&#8220;, W 073\u00b0 48&#8242; 36.1&#8220;<br \/>\n&#8211; 5000 COP pro Nacht<br \/>\n&#8211; ruhiger, einfacher Lkw-Stellplatz, der zu dem gegen\u00fcberliegenden kleinen Hotel geh\u00f6rt<br \/>\n&#8211; Toilette im Hotel<br \/>\n&#8211; keine H\u00f6henbeschr\u00e4nkung<\/p>\n<p style=\"text-align: justify;\"><span style=\"text-decoration: underline;\">Rio Claro<\/span><br \/>\nN 05\u00b0 54&#8242; 02.2&#8220;, W 074\u00b0 51&#8242; 24.2&#8220;<br \/>\n&#8211; seit 2013 wurden die Eintrittspreise erh\u00f6ht<br \/>\n&#8211; 5000 COP\/Person\/Tag Eintritt in den Park<br \/>\n&#8211; 15 000 COP\/Person f\u00fcr eine Nacht Camping<br \/>\n&#8211; 25 000 COP\/Person f\u00fcr zwei N\u00e4chte Camping. Beim Camping ist der Eintrittspreis f\u00fcr den Park inklusive. Wir trafen bei unserer Ankunft zuf\u00e4llig den Chef der Anlage und wurden eingeladen, die kommenden Tage kostenlos zu campen.<br \/>\n&#8211; Toiletten und kalte Duschen vorhanden<br \/>\n&#8211; keine H\u00f6henbeschr\u00e4nkung<br \/>\n&#8211; als wir dort waren, war es sehr ruhig, das scheint an den Wochenenden jedoch anders zu sein<br \/>\n&#8211; nette, ca. zweist\u00fcndige Wanderung entlang des Rio Claro m\u00f6glich, ebenso Tubing oder Rafting<br \/>\n&#8211; sch\u00f6ner Stellplatz, wenn man zuf\u00e4llig vorbei kommt, ein Umweg lohnt nicht<\/p>\n<p style=\"text-align: justify;\"><span style=\"text-decoration: underline;\">Salento<\/span><br \/>\nHacienda La Serena<br \/>\nN 04\u00b0 37&#8242; 49.9\u201c, W 075\u00b0 34&#8242; 56.8\u201c<br \/>\n&#8211; 20000 COP \/ Nacht inklusive Fr\u00fchst\u00fcck ( Kaffee, Ei und Brot oder Obstsalat)<br \/>\n&#8211; Stromanschluss kostet 5000 COP \/ Nacht extra<br \/>\n&#8211; W\u00e4scheservice 3000 COP \/ Kilo<br \/>\n&#8211; relativ schnelles Wi-Fi<br \/>\n&#8211; eine Warmwasser-Dusche, die nicht immer ging und nur drei Gemeinschaftstoiletten<br \/>\n&#8211; 20 Minuten zu Fu\u00df nach Salento<br \/>\n&#8211; keine H\u00f6henbeschr\u00e4nkung, es gibt eine separate Einfahrt f\u00fcr den Campingplatz<br \/>\n&#8211; sch\u00f6ne Gemeinschaftsr\u00e4ume mit TV<br \/>\n&#8211; gute Ausgangslage f\u00fcr eine sch\u00f6ne etwa einst\u00fcndige Wanderung zu zwei Kaffeefincas, die beide besichtigt werden k\u00f6nnen.<br \/>\n&#8211; unter der Woche findet um 19 Uhr ein gemeinschaftliches Abendessen im hosteleigenen Restaurant statt. Reservierungen hierf\u00fcr m\u00fcssen bis 16 Uhr get\u00e4tigt werden, auch vegetarisches Essen ist m\u00f6glich (ca. 12000 COP pro Person).<br \/>\n&#8211; vorwiegend von Volont\u00e4rs gef\u00fchrt, junge lebendige Atmosph\u00e4re<\/p>\n<p style=\"text-align: justify;\"><span style=\"text-decoration: underline;\">Aipe<\/span><br \/>\nN 03\u00b0 13&#8242; 15.4\u201c, W 075\u00b0 14&#8242; 41.9\u201c<br \/>\n&#8211; 5000 COP \/ Nacht<br \/>\n&#8211; Lkw-Stellplatz auf dem Weg in die Tatacoa W\u00fcste<br \/>\n&#8211; Toilette in der nahegelegnen Tankstelle<\/p>\n<p style=\"text-align: justify;\"><span style=\"text-decoration: underline;\">Tatacoa W\u00fcste<\/span><br \/>\nN 03\u00b0 14&#8242; 05.5\u201c, W 075\u00b0 10&#8242; 15.5\u201c<br \/>\n&#8211; 5000 COP pro Person \/ Nacht<br \/>\n&#8211; gro\u00dfer, weitl\u00e4ufiger Campingplatz hinter dem Observatorium, wei\u00df bemalte Steine markieren den Weg<br \/>\n&#8211; keine H\u00f6henbeschr\u00e4nkung<br \/>\n&#8211; saubere Toiletten und kalte Duschen<br \/>\n&#8211; da im Observatorium von Zeit zu Zeit ein sehr lauter Generator l\u00e4uft, m\u00f6glichst weit entfernt parken<br \/>\n&#8211; sehr sch\u00f6ne Wanderung durch die spektakul\u00e4re W\u00fcstenlandschaft m\u00f6glich<br \/>\n&#8211; die Tatacoa W\u00fcste kann nur von Neiva aus erreicht werden<\/p>\n<p style=\"text-align: justify;\"><span style=\"text-decoration: underline;\">San Augustin<\/span><br \/>\nCamping Gamcelat<br \/>\nN 01\u00b0 53&#8242; 17.4\u201c, W 076\u00b0 16&#8242; 36.9\u201c<br \/>\n&#8211; nach Verhandlungen 12000 COP pro Nacht<br \/>\n&#8211; sch\u00f6ner Campingplatz au\u00dferhalb von San Augustin auf dem Weg zu den arch\u00e4ologischen St\u00e4tten<br \/>\n&#8211; keine H\u00f6henbeschr\u00e4nkung aber Achtung, ein Kabel h\u00e4ngt etwas niedrig und muss eventuell angehoben werden<br \/>\n&#8211; Wi-Fi<br \/>\n&#8211; Stromanschluss<br \/>\n&#8211; saubere Toiletten und kalte Duschen<br \/>\n&#8211; 45 Minuten zu Fu\u00df zu den arch\u00e4ologischen St\u00e4tten, 25 Minuten in den Ort<br \/>\n&#8211; alle zehn Minuten passieren \u00f6ffentliche Busse die Hauptstra\u00dfe zwischen San Augustin und den arch\u00e4ologischen St\u00e4tten<\/p>\n<p style=\"text-align: justify;\"><span style=\"text-decoration: underline;\">Popayan<\/span><br \/>\nParqueadero privado Santa Catalina<br \/>\nN 02\u00b0 26&#8242; 47.3\u201c, W076\u00b0 36&#8242; 49.6\u201c<br \/>\n&#8211; gro\u00dfer Parkplatz<br \/>\n&#8211; 4000 COP der Tag \/ 4000 COP die Nacht<br \/>\n&#8211; zun\u00e4chst wollte man uns nicht parken lassen, da w\u00e4hrend der Heiligen Woche nur kleine Fahrzeuge erw\u00fcnscht seien. Wir boten an den Preis f\u00fcr zwei kleine Fahrzeuge zu bezahlen. Als wir nach vier Tagen abreisten, wurde jedoch nur der normalen Preis f\u00fcr Fahrzeuge bis 10 Tonnen berechnet.<br \/>\n&#8211; saubere Toilette<br \/>\n&#8211; guter Ausgangspunkt f\u00fcr die Besichtigung von Popayan, ca. 20 Minuten zu Fu\u00df ins Zentrum<br \/>\n&#8211; keine H\u00f6henbeschr\u00e4nkung<\/p>\n<p style=\"text-align: justify;\"><span style=\"text-decoration: underline;\">Stellplatz entlang der Panamericana zwischen Popayan und Ipiales<\/span><br \/>\nN 01\u00b0 40&#8242; 30.7&#8220;, W 077\u00b0 19&#8242; 44.6&#8220;<br \/>\n&#8211; kostenloser Parkplatz neben einer Tankstelle<br \/>\n&#8211; nicht sehr saubere aber kostenlose Toilette und kalte Duschen<br \/>\n&#8211; da auch andere Lkws nachts kamen, parkten und in aller Fr\u00fche wieder starteten relativ laut<br \/>\n&#8211; keine H\u00f6henbeschr\u00e4nkung<\/p>\n<p style=\"text-align: justify;\"><span style=\"text-decoration: underline;\">Las Lajas<\/span><br \/>\nN 00\u00b048&#8217;26.6\u201c, W 077\u00b034&#8217;54.2\u201c<br \/>\n&#8211; 2000 COP der Tag\/ 2000 COP die Nacht<br \/>\n&#8211; gro\u00dfer Parkplatz zu Beginn des Ortes auf der linken Seite, der anl\u00e4sslich der Osterfeierlichkeiten in Betrieb war. Die Einfahrt in den Ort selbst war wegen des gro\u00dfen Andrangs gesperrt.<br \/>\n&#8211; wundersch\u00f6ner Blick \u00fcber den Ort<br \/>\n&#8211; nachts sehr ruhig<br \/>\n&#8211; keinerlei Infrastruktur<br \/>\n&#8211; keine H\u00f6henbeschr\u00e4nkung<\/p>\n<p style=\"text-align: justify;\"><strong>Kraftstoff<\/strong><br \/>\nDie Dieselpreise in Kolumbien liegen derzeit bei ca. \u20ac 0,87 pro Liter. Im Bundesstaat La Guajira ist der Dieselpreis aufgrund der N\u00e4he zu Venezuela deutlich niedriger. Hier kostet ein Liter Diesel ungef\u00e4hr \u20ac 0,50 an der Tankstelle. Je n\u00e4her man der Grenze kommt, desto mehr \u201eprivate\u201c Tankstellen in Form von Flaschen und Kanistern findet man am Stra\u00dfenrand. Direkt vor der Grenze bei Maicao kostet geschmuggelter Diesel ca. \u20ac 0,40 pro Liter. Der Preis f\u00fcr Schmuggeldiesel an der s\u00fcdlicheren Grenze zu Venezuela bei Cucuta liegt dagegen bei \u20ac 0,76 pro Liter.<\/p>\n<p style=\"text-align: justify;\"><strong>Kommunikation<\/strong><br \/>\nIn Kolumbien gibt es verschiedene Mobilfunkanbieter f\u00fcr Prepaid-Simkarten. Claro ist am weitesten verbreitet. Eine Minute ins deutsche Festnetz kostet mit Claro etwa \u20ac 0,40. Internetcaf\u00e9s gibt es selbst in kleinen Orten. Viele Hostels und Campingpl\u00e4tze bieten kostenloses Wi-Fi.<br \/>\nTipp: Um eine kolumbianische Telefonnummer von einem kolumbianischen Mobilfunktelefon aus anzurufen, muss 035 vorgew\u00e4hlt und die Landesvorwahl 00575 weglassen werden. Ruft man mit Claro nach Deutschland so muss 00444 vor der Landesvorwahl gew\u00e4hlt werden.<\/p>\n<p style=\"text-align: justify;\"><strong>Stra\u00dfen<\/strong><br \/>\nDie Stra\u00dfen in Kolumbien sind gr\u00f6\u00dftenteils mautpflichtig. Die H\u00f6he der Maut richtet sich nach der Anzahl der Reifen, ein Fahrzeug mit vier Reifen gilt als Pkw. F\u00fcr einen Pkw muss im Schnitt drei Euro Maut pro 100km bezahlt werden. Es ist sinnvoll die Quittungen aufzuheben, um bei einer Zuordnung in die falsche Kategorie nachweisen zu k\u00f6nnen, dass das Fahrzeug bei zur\u00fcckliegenden Mautstellen bereits als Pkw behandelt worden war. Kategorie Zwei kostet bereits fast das Doppelte.\u00a0Trotz der hohen Geb\u00fchren ist die Qualit\u00e4t der Stra\u00dfen sehr unterschiedlich.<br \/>\nIn den Bergregionen kommt es h\u00e4ufig zu Erdrutschen und damit zu einer Vielzahl von Baustellen. Stellenweise sind Stra\u00dfenr\u00e4nder an Abh\u00e4ngen untersp\u00fclt und drohen abzubrechen, nicht immer sind diese ausreichend markiert. Da viele Lkw-Fahrer selbst an un\u00fcbersichtlichen Stellen \u00fcberholen, ist erh\u00f6hte Vorsicht geboten.<br \/>\nDie Hauptstra\u00dfe, die La Guajira entlang der Zugstrecke erschlie\u00dft, ist eine breite, gut zu fahrende Schotterpiste. Manaure kann man sowohl entlang der K\u00fcste von Riohacha aus erreichen, als auch \u00fcber eine geteerte breite Stra\u00dfe von Uribia aus. Ab Manaure jedoch ist die Piste entlang der K\u00fcste nur noch f\u00fcr schmale, niedrige Autos geeignet, da es viele Kilometer auf einem einspurigen sandigen Weg vorbei an Dornenhecken geht. Auf der Passage von Riohacha nach Manaure entlang der K\u00fcste kommt man ebenfalls durch Dornenb\u00fcsche, der Abschnitt ist jedoch nur wenige hundert Meter lang.<br \/>\nCabo de la Vela erreicht man am schnellsten und ohne Kratzer indem man der Hauptachse bis N 12\u00b0 05&#8242; 08.9&#8220;, W 072\u00b0 05&#8242; 11.4&#8220; folgt. Ab hier f\u00fchrt eine angenehm zu fahrende Sandpiste ans Meer und weiter in den Ort. Wer an den n\u00f6rdlichsten Punkt S\u00fcdamerikas nach Punta Gallina m\u00f6chte, dessen Fahrzeug wird nicht von Kratzern verschont bleiben. Grob gesagt gibt es auf diesem Weg drei Stra\u00dfentypen. Traumhafte weite Ebenen, auf denen es Spa\u00df macht seine Spuren zu ziehen, extrem steinige Abschnitte und Schlaglochpisten, die immer wieder an Dornenb\u00fcschen vorbei f\u00fchren, wobei bei Regen die traumhaften Ebenen im Schlamm versinken und nicht befahrbar sind. Hinzu kommen unz\u00e4hlige \u201eprivate Mautstellen\u201c an denen Einheimische \u201eGeschenke\u201c fordern. W\u00e4hrend uns von einem Kolumbianer erkl\u00e4rt wurde, dass diese Stra\u00dfensperren nicht erlaubt seien und man sie nicht unterst\u00fctzen sollte, erfuhren wir von anderer Seite, dass die Wayus diesen Zoll erheben, da sie die Wege w\u00e4hrend der Regenzeit in Schuss halten. Wie dem auch sei, die Stra\u00dfensperren halten in jedem Fall auf. Nimmt man die Anstrengung trotzdem auf sich, wird man mit einer eimaligen W\u00fcstenlandschaft belohnt.<\/p>\n<p style=\"text-align: justify;\"><strong>Trinkwasser \/ Versorgungslage<\/strong><br \/>\nDie Auswahl in den Superm\u00e4rkten ist relativ vielf\u00e4ltig. Die Preise sind h\u00f6her als in Panama, etwa auf europ\u00e4ischem Niveau. Trinkwasser gibt es in 20 Liter Gebinden zu kaufen. Brauchwasser kann Tankstellen aufgef\u00fcllt werden.<\/p>\n<p style=\"text-align: justify;\"><strong>Geld<\/strong><br \/>\nBankautomaten die Visa-Karten akzeptieren gibt es in vielen Orten. W\u00e4hrend des Abhebevorgangs wird darauf hingewiesen, dass es zu zus\u00e4tzlichen Geb\u00fchren kommen kann. Beim Abheben mit der Visa-Karte von Comdirekt fallen diese Geb\u00fchren weg. Bei der Verwendung einer Kreditkarte der Sparkasse werden diese Geb\u00fchren dagegen zus\u00e4tzlich zu den Geb\u00fchren, die die Sparkasse verlangt, erhoben.<\/p>\n","protected":false},"excerpt":{"rendered":"<p>Stand der Informationen September 2012 Visa Deutsche Staatsb\u00fcrger d\u00fcrfen sich bis zu 180 Tage visafrei in Kolumbien aufhalten. An der Grenze bekommt man zun\u00e4chst nur 90 Tage bewilligt, kann diese jedoch kurz vor Ablauf um weitere 90 Tage verl\u00e4ngern lassen. &hellip; <a href=\"https:\/\/www.abseitsreisen.de\/blog\/lander-informationen\/kolumbien\/\">Weiterlesen<\/a><\/p>\n","protected":false},"author":2,"featured_media":0,"parent":473,"menu_order":28,"comment_status":"closed","ping_status":"closed","template":"","meta":{"kt_blocks_editor_width":"","_metis_text_type":"standard","_metis_text_length":18300,"_post_count":0,"footnotes":""},"class_list":["post-2209","page","type-page","status-publish","hentry"],"aioseo_notices":[],"public_identification_id":"63a85b96757444ffaa3c585d382ce13f","private_identification_id":"25a178c797a644679855a2f30e3dc491","_links":{"self":[{"href":"https:\/\/www.abseitsreisen.de\/blog\/wp-json\/wp\/v2\/pages\/2209","targetHints":{"allow":["GET"]}}],"collection":[{"href":"https:\/\/www.abseitsreisen.de\/blog\/wp-json\/wp\/v2\/pages"}],"about":[{"href":"https:\/\/www.abseitsreisen.de\/blog\/wp-json\/wp\/v2\/types\/page"}],"author":[{"embeddable":true,"href":"https:\/\/www.abseitsreisen.de\/blog\/wp-json\/wp\/v2\/users\/2"}],"replies":[{"embeddable":true,"href":"https:\/\/www.abseitsreisen.de\/blog\/wp-json\/wp\/v2\/comments?post=2209"}],"version-history":[{"count":39,"href":"https:\/\/www.abseitsreisen.de\/blog\/wp-json\/wp\/v2\/pages\/2209\/revisions"}],"predecessor-version":[{"id":333996,"href":"https:\/\/www.abseitsreisen.de\/blog\/wp-json\/wp\/v2\/pages\/2209\/revisions\/333996"}],"up":[{"embeddable":true,"href":"https:\/\/www.abseitsreisen.de\/blog\/wp-json\/wp\/v2\/pages\/473"}],"wp:attachment":[{"href":"https:\/\/www.abseitsreisen.de\/blog\/wp-json\/wp\/v2\/media?parent=2209"}],"curies":[{"name":"wp","href":"https:\/\/api.w.org\/{rel}","templated":true}]}}