{"id":2229,"date":"2012-09-12T18:37:06","date_gmt":"2012-09-12T16:37:06","guid":{"rendered":"http:\/\/www.abseitsreisen.de\/blog\/?page_id=2229"},"modified":"2023-11-20T18:09:05","modified_gmt":"2023-11-20T17:09:05","slug":"venezuela","status":"publish","type":"page","link":"https:\/\/www.abseitsreisen.de\/blog\/lander-informationen\/venezuela\/","title":{"rendered":"Venezuela"},"content":{"rendered":"<p style=\"text-align: justify;\"><strong>Stand der Informationen<\/strong><br \/>\nSeptember 2012<\/p>\n<p style=\"text-align: justify;\"><strong>Visa<\/strong><br \/>\nDeutsche Staatsb\u00fcrger d\u00fcrfen sich 90 Tage visafrei in Venezuela aufhalten.<\/p>\n<p style=\"text-align: justify;\"><strong>Einreisebestimmungen<\/strong><br \/>\nDas Fahrzeug wird in den Pass gestempelt. Da wir nur zwei Wochen bleiben wollten, bekamen wir eine drei\u00dfig Tage g\u00fcltige tempor\u00e4re Einfuhrerlaubnis. Ob auch 90 Tage m\u00f6glich sind wissen wir nicht.<\/p>\n<p style=\"text-align: justify;\"><strong>Grenzabwicklung<\/strong><br \/>\nDie Einreise \u00fcber den Grenz\u00fcbergang bei Maicao von Kolumbien kommend verl\u00e4uft z\u00fcgig. Zun\u00e4chst wird der Pass eingestempelt, anschlie\u00dfend geht es zum Zoll. Dort wird die tempor\u00e4re Einfuhrerlaubnis ausgestellt und das Fahrzeug zus\u00e4tzlich in den Pass gestempelt. Es fallen keinerlei Kosten an. Dauer ca. 30 Minuten.<br \/>\nEine Versicherung f\u00fcr das Fahrzeug kann an der Grenze nicht abgeschlossen werden, ist im Land jedoch obligatorisch. Uns wurde geraten, die Versicherung in Maracaibo abzuschlie\u00dfen. Laut Zollbeamte sei das kein Problem, wir sollten bei Kontrollen einfach sagen, wir seien aus Deutschland. Von einem Deutschen, der in Kolumbien lebt und mit kolumbianischen Kennzeichen einreiste, hatten wir jedoch erfahren, dass sein Fahrzeug aufgrund einer fehlenden venezolanischen Fahrzeugversicherung konfisziert worden war.<br \/>\nNun wissen wir nicht, ob wir Gl\u00fcck oder besagter Deutscher Pech hatte. Wir wurden bei den Kontrollen, und es kommen tats\u00e4chlich einige nach der Grenze, nie nach einer Fahrzeugversicherung gefragt. Die Versicherung haben wir in Santa Rita, einem kleinen Ort kurz hinter Maracaibo abgeschlossen. Eine Fahrzeugversicherung f\u00fcr 12 Monate, g\u00fcltig in Venezuela, Brasilien und Kolumbien kostete bei der Versicherungsgesellschaft &#8218;Venezuela Responsable&#8216; 580 Bolivar (bei gutem Kurs ca. \u20ac 50,-).<br \/>\nAuch die Ausreise \u00fcber den Grenz\u00fcbergang San Antonio verl\u00e4uft z\u00fcgig, allerdings gilt zu bedenken, dass der Zoll samstags und sonntags geschlossen ist und das Fahrzeug an diesen Tagen nicht aus dem Pass ausgetragen werden kann. Falls die Migration direkt an der Grenze geschlossen ist, gibt es eine Zweitstelle im Ort selbst, die auch am Wochenende ge\u00f6ffnet ist. Motorradtaxis bedienen die Strecke. Die Ausreisegeb\u00fchr betr\u00e4gt 90 Bolivar.<\/p>\n<p style=\"text-align: justify;\"><strong>Stellpl\u00e4tze<\/strong><br \/>\n<span style=\"text-decoration: underline;\"> Merida<\/span><br \/>\nN 08\u00b0 35&#8242; 32.1&#8220;, W 071\u00b0 08&#8242; 34.8&#8220;<br \/>\nC25 Ayacucho \/ Prallelstra\u00dfe westlich des Parque Las Heroinas<br \/>\n&#8211; entlang der Stra\u00dfe N\u00e4he der Seilbahnstation<br \/>\n&#8211; am Parque Las Heroinas gibt es au\u00dferdem einen kleinen Parkplatz<br \/>\n&#8211; \u00f6ffentliche Toiletten am westlichen Eck des Parque Las Heroinas<br \/>\n&#8211; Polizeistation gleich um die Ecke, wir f\u00fchlten uns sicher<br \/>\n&#8211; sehr zentral und dennoch nachts ruhig<br \/>\nHinweis: Die Stellplatzm\u00f6glichkeit beim Casa Alemana-Suiza gab zur Zeit unserer Durchreise nicht mehr.<\/p>\n<p style=\"text-align: justify;\"><span style=\"text-decoration: underline;\">Palo Grande<\/span><br \/>\nN 07\u00b0 52&#8242; 28.8&#8220; W 072\u00b0 15&#8242; 29.1&#8220;<br \/>\n&#8211; 20 Bolivar \/ Nacht<br \/>\n&#8211; bewachter Lkw-Stellplatz<br \/>\n&#8211; nicht sch\u00f6n aber funktional<br \/>\n&#8211; keine H\u00f6henbegrenzung<br \/>\n&#8211; nachts ruhig und k\u00fchl<\/p>\n<blockquote>\n<p style=\"text-align: justify;\">Helfen euch die Informationen auf unserer Webseite beim Reisen oder der Vorbereitung dazu weiter? Freut uns. Auch ihr k\u00f6nnt unser Reiseprojekt unterst\u00fctzen, einfach und kostenlos.<\/p>\n<p style=\"text-align: justify;\">Wenn ihr das n\u00e4chste Mal bei Amazon bestellt, nutzt daf\u00fcr den\u00a0<a href=\"http:\/\/www.amazon.de\/?_encoding=UTF8&amp;site-redirect=de&amp;tag=wwwabseitsrei-21&amp;linkCode=ur2&amp;camp=1638&amp;creative=6742\" target=\"_blank\" rel=\"noopener\">Amazon-Link<\/a>\u00a0bei abseitsreisen.de bevor ihr etwas in den Warenkorb legt. Amazon verg\u00fctet uns dadurch ein kleine Linkpr\u00e4mie. Der Preis f\u00fcr euch als Kunden bleibt dadurch nat\u00fcrlich unber\u00fchrt.<\/p>\n<p style=\"text-align: justify;\">Noch besser: Zieht euch diesen\u00a0<a href=\"http:\/\/www.amazon.de\/?_encoding=UTF8&amp;site-redirect=de&amp;tag=wwwabseitsrei-21&amp;linkCode=ur2&amp;camp=1638&amp;creative=6742\" target=\"_blank\" rel=\"noopener\">Amazon-Link<\/a>\u00a0per Drag-and-Drop in die Lesezeichen eures Browsers und klickt euch so f\u00fcr die n\u00e4chsten Bestellungen zu Amazon. Damit unterst\u00fctzt ihr kostenlos diese Webseite bei jedem Einkauf. Dankesch\u00f6n.<\/p>\n<\/blockquote>\n<p style=\"text-align: justify;\"><strong>Kraftstoff<\/strong><br \/>\nDer Dieselpreis liegt in Venezuela bei unglaublichen \u20ac 0,01 pro Liter. Je nach Wechselkurs sogar nur bei \u20ac 0,005 pro Liter. Allerdings kann in der Grenzregion zu Kolumbien in einem Umkreis von ca. 150km nur mit Chipkarte getankt werden. Angeblich haben manche Tankstellen sogenannte Touristenchipkarten, mit denen bis zu 42 Litern getankt werden darf, wir fanden jedoch keine obwohl wir sehr oft fragten. Dar\u00fcber hinaus hat l\u00e4ngst nicht jede Tankstelle Diesel. H\u00e4ufig sind auch Tankstellen geschlossen, da sie erst auf die neue Lieferung warten m\u00fcssen. Weiter im Landesinneren k\u00f6nnen problemlos gr\u00f6\u00dfere Mengen Diesel getankt werden, je Tankstellenbesuch aber (offiziell) nur 200 Liter.<br \/>\nDie erste chipfreie Dieseltankstelle von Maicao \/ Kolumbien kommend befindet sich nach der \u00dcberquerung der Meerenge von Maracaibo nach wenigen hundert Metern auf der rechten Seite.<\/p>\n<p style=\"text-align: justify;\"><strong>Kommunikation<\/strong><br \/>\nDa wir nur eine Woche in Venezuela waren, haben wir uns keine Simkarte besorgt und k\u00f6nnen auch \u00fcber die Internetdichte wenig sagen. In Merida gab es etliche Internetcaf\u00e9s auch mit WiFi. Das deutsche Mobiltelefon funktionierte.<\/p>\n<p style=\"text-align: justify;\"><strong>Stra\u00dfen<\/strong><br \/>\nManche Stra\u00dfen sind in Venezuela mautpflichtig, Privatfahrzeuge sind davon ausgenommen. Die Bergstrecke El Vigia nach Merida kostet eine geringe Geb\u00fchr, da einige Tunnel folgen. Die Strecke Maracaibo &#8211; El Vigia &#8211; San Cristobal ist geteert und gut zu fahren, allerdings gibt es unz\u00e4hlige Topes.<\/p>\n<p style=\"text-align: justify;\"><strong>Trinkwasser \/ Versorgungslage<\/strong><br \/>\nDie Lebensmittelpreise in den Superm\u00e4rkten sind sehr hoch. Tauscht man nach dem offiziellen Kurs, so liegen die Preise weit \u00fcber denen in Kolumbien. Ein Burger am Stra\u00dfenstand kostet 5 US$, bei Mc Donalds 10 US$ (mit Schwarzmarktkurs 2,50 US$ und 5 US$). Eine Wassergallone ist mit 10 Bolivar dagegen billiger als in Kolumbien.<\/p>\n<p style=\"text-align: justify;\"><strong>Geld<\/strong><br \/>\nDer offizielle Kurs f\u00fcr den US$ lag bei etwas 4,2 Bolivar pro Dollar. Der Schwarzmarktpreis dagegen bei 9 bis 10 Bolivar pro Dollar. Daher ist es mehr als lohnend, einige Dollar im Gep\u00e4ck zu haben. Allerdings ist es teilweise gar nicht so einfach einen Geldwechsler zu finden. Am besten bereits an der Grenze eine gr\u00f6\u00dfere Summe wechseln. In Merida fragt man am besten in Hostels, auf dem Markt wollte man uns nur 6 Bolivar geben.<\/p>\n","protected":false},"excerpt":{"rendered":"<p>Stand der Informationen September 2012 Visa Deutsche Staatsb\u00fcrger d\u00fcrfen sich 90 Tage visafrei in Venezuela aufhalten. Einreisebestimmungen Das Fahrzeug wird in den Pass gestempelt. Da wir nur zwei Wochen bleiben wollten, bekamen wir eine drei\u00dfig Tage g\u00fcltige tempor\u00e4re Einfuhrerlaubnis. Ob &hellip; <a href=\"https:\/\/www.abseitsreisen.de\/blog\/lander-informationen\/venezuela\/\">Weiterlesen<\/a><\/p>\n","protected":false},"author":2,"featured_media":0,"parent":473,"menu_order":29,"comment_status":"closed","ping_status":"closed","template":"","meta":{"kt_blocks_editor_width":"","_metis_text_type":"standard","_metis_text_length":5773,"_post_count":0,"footnotes":""},"class_list":["post-2229","page","type-page","status-publish","hentry"],"aioseo_notices":[],"public_identification_id":"44b24fd109344ebda83e67adbc9e5f15","private_identification_id":"0d22a05c85b343529b53706e02580502","_links":{"self":[{"href":"https:\/\/www.abseitsreisen.de\/blog\/wp-json\/wp\/v2\/pages\/2229","targetHints":{"allow":["GET"]}}],"collection":[{"href":"https:\/\/www.abseitsreisen.de\/blog\/wp-json\/wp\/v2\/pages"}],"about":[{"href":"https:\/\/www.abseitsreisen.de\/blog\/wp-json\/wp\/v2\/types\/page"}],"author":[{"embeddable":true,"href":"https:\/\/www.abseitsreisen.de\/blog\/wp-json\/wp\/v2\/users\/2"}],"replies":[{"embeddable":true,"href":"https:\/\/www.abseitsreisen.de\/blog\/wp-json\/wp\/v2\/comments?post=2229"}],"version-history":[{"count":16,"href":"https:\/\/www.abseitsreisen.de\/blog\/wp-json\/wp\/v2\/pages\/2229\/revisions"}],"predecessor-version":[{"id":333997,"href":"https:\/\/www.abseitsreisen.de\/blog\/wp-json\/wp\/v2\/pages\/2229\/revisions\/333997"}],"up":[{"embeddable":true,"href":"https:\/\/www.abseitsreisen.de\/blog\/wp-json\/wp\/v2\/pages\/473"}],"wp:attachment":[{"href":"https:\/\/www.abseitsreisen.de\/blog\/wp-json\/wp\/v2\/media?parent=2229"}],"curies":[{"name":"wp","href":"https:\/\/api.w.org\/{rel}","templated":true}]}}