{"id":2360,"date":"2012-09-20T23:15:05","date_gmt":"2012-09-20T21:15:05","guid":{"rendered":"http:\/\/www.abseitsreisen.de\/blog\/?page_id=2360"},"modified":"2016-06-08T00:25:07","modified_gmt":"2016-06-07T22:25:07","slug":"fernost-und-fernwest","status":"publish","type":"page","link":"https:\/\/www.abseitsreisen.de\/blog\/reise-vortrage\/fernost-und-fernwest\/","title":{"rendered":"Fernost und Fernwest"},"content":{"rendered":"<p style=\"text-align: justify;\"><strong><a href=\"https:\/\/www.abseitsreisen.de\/blog\/wp-content\/uploads\/2012\/09\/Fernost-und-Fernwest.jpg\"><img loading=\"lazy\" decoding=\"async\" class=\"alignleft size-full wp-image-2361\" style=\"margin: 0pt 20px 10pt 0pt;\" title=\"Fernost-und-Fernwest\" src=\"https:\/\/www.abseitsreisen.de\/blog\/wp-content\/uploads\/2012\/09\/Fernost-und-Fernwest.jpg\" alt=\"\" width=\"305\" height=\"379\" srcset=\"https:\/\/www.abseitsreisen.de\/blog\/wp-content\/uploads\/2012\/09\/Fernost-und-Fernwest.jpg 305w, https:\/\/www.abseitsreisen.de\/blog\/wp-content\/uploads\/2012\/09\/Fernost-und-Fernwest-241x300.jpg 241w\" sizes=\"auto, (max-width: 305px) 100vw, 305px\" \/><\/a>Im Oldtimer durch S\u00fcdostasien und Nordamerika.<\/strong><\/p>\n<p style=\"text-align: justify;\">In der Diashow &#8218;Fernost und Fernwest&#8216; berichten wir vom zweiten Abschnitt der Weltumrundung. Dieser f\u00fchrt durch S\u00fcdostasien und Nordamerika, zwei faszinierende Welten, wie sie unterschiedlicher kaum sein k\u00f6nnten.<\/p>\n<p style=\"text-align: justify;\">Reisen Sie mit durch Laos, Thailand und Malaysia bis ans Ende des eurasischen Kontinents, durch die dichten Dschungel der Tropen, in chaotische Millionenmetropolen, zu den gr\u00f6\u00dften Tempelanlagen der Welt in Kambodscha und erleben Sie wilde Orang Utans im Regenwald auf Sumatra. Begleiten Sie uns nach dem Sprung \u00fcber den Ozean zu den vergletscherten T\u00e4lern der kanadischen Rocky Mountains, entlang der rauen Pazifikk\u00fcste durch die Vereinigten Staaten und zu den mysteri\u00f6sen Steinquadern, die sich wie von Geisterhand durch die lebensfeindliche W\u00fcste im Tal des Todes schieben.<\/p>\n<p style=\"text-align: justify;\">Es erwartet Sie ein spannender, live kommentierter Reisebericht \u00fcber beeindruckende Landschaften, faszinierende Natur und fremde Kulturen, gespickt mit vielen pers\u00f6nlichen Erlebnissen. Freuen Sie sich auf einen Abend voller Kontraste, auf Fernost und Fernwest in seinen schillerndsten Farben.<\/p>\n<p style=\"text-align: justify;\">Hier finden Sie die <a title=\"Termine\" href=\"https:\/\/www.abseitsreisen.de\/blog\/reise-vortrage\/termine\/\">Termine und Veranstaltungsorte<\/a> f\u00fcr die Live-Diashows.<\/p>\n<p>&nbsp;<br \/>\n[Best_Wordpress_Gallery id=&#8220;4&#8243; gal_title=&#8220;Fernost und Fernwest&#8220;]\n<p>&nbsp;<\/p>\n<p>&nbsp;<\/p>\n<p>Weiter zu anderen Diashows:<\/p>\n<p><a title=\"Bis ans Ende der Welt\" href=\"https:\/\/www.abseitsreisen.de\/blog\/reise-vortrage\/bis-ans-ende-der-welt\/\"><img loading=\"lazy\" decoding=\"async\" class=\"alignleft wp-image-2358\" style=\"margin: 0pt 23px 0pt 0pt;\" title=\"Bis ans Ende der Welt\" src=\"https:\/\/www.abseitsreisen.de\/blog\/wp-content\/uploads\/2012\/09\/Bis-ans-Ende-der-Welt-237x300.jpg\" alt=\"\" width=\"185\" height=\"253\" \/><\/a><a title=\"Unbekanntes Zentralamerika\" href=\"https:\/\/www.abseitsreisen.de\/blog\/reise-vortrage\/unbekanntes-zentralamerika\/\"><img loading=\"lazy\" decoding=\"async\" class=\"wp-image-2367 alignleft\" style=\"margin: 0pt 23px 0pt 0pt;\" title=\"Unbekanntes Zentralamerika\" src=\"https:\/\/www.abseitsreisen.de\/blog\/wp-content\/uploads\/2012\/09\/Unbekanntes-Zentralamerika-239x300.jpg\" alt=\"\" width=\"187\" height=\"249\" \/><\/a><a title=\"Wildes S\u00fcdamerika\" href=\"https:\/\/www.abseitsreisen.de\/blog\/reise-vortrage\/wildes-suedamerika\/\"><img loading=\"lazy\" decoding=\"async\" class=\" wp-image-4256 alignleft\" style=\"margin: 0pt 0px 0pt 0pt;\" src=\"https:\/\/www.abseitsreisen.de\/blog\/wp-content\/uploads\/2012\/09\/Wildes-Suedamerika.jpg\" alt=\"Mit dem Oldtimer von Kolumbien bis Feuerland\" width=\"189\" height=\"252\" \/><\/a><br \/>\n<a href=\"https:\/\/www.abseitsreisen.de\/blog\/reise-vortrage\/abenteuer-transafrika\/\" target=\"_blank\"><img loading=\"lazy\" decoding=\"async\" class=\"align left size-medium wp-image-7066\" style=\"margin: 15pt 22px 50pt 0pt;\" src=\"https:\/\/www.abseitsreisen.de\/blog\/wp-content\/uploads\/2012\/09\/Plakat-Show-5_ganz-klein-240x300.jpg\" alt=\"Plakat Show 5_ganz klein\" width=\"188\" height=\"253\" \/><\/a><\/p>\n","protected":false},"excerpt":{"rendered":"<p>Im Oldtimer durch S\u00fcdostasien und Nordamerika. In der Diashow &#8218;Fernost und Fernwest&#8216; berichten wir vom zweiten Abschnitt der Weltumrundung. Dieser f\u00fchrt durch S\u00fcdostasien und Nordamerika, zwei faszinierende Welten, wie sie unterschiedlicher kaum sein k\u00f6nnten. Reisen Sie mit durch Laos, Thailand &hellip; <a href=\"https:\/\/www.abseitsreisen.de\/blog\/reise-vortrage\/fernost-und-fernwest\/\">Weiterlesen<\/a><\/p>\n","protected":false},"author":3,"featured_media":0,"parent":712,"menu_order":2,"comment_status":"closed","ping_status":"closed","template":"","meta":{"kt_blocks_editor_width":"","_metis_text_type":"standard","_metis_text_length":1352,"_post_count":0,"footnotes":""},"class_list":["post-2360","page","type-page","status-publish","hentry"],"aioseo_notices":[],"_links":{"self":[{"href":"https:\/\/www.abseitsreisen.de\/blog\/wp-json\/wp\/v2\/pages\/2360","targetHints":{"allow":["GET"]}}],"collection":[{"href":"https:\/\/www.abseitsreisen.de\/blog\/wp-json\/wp\/v2\/pages"}],"about":[{"href":"https:\/\/www.abseitsreisen.de\/blog\/wp-json\/wp\/v2\/types\/page"}],"author":[{"embeddable":true,"href":"https:\/\/www.abseitsreisen.de\/blog\/wp-json\/wp\/v2\/users\/3"}],"replies":[{"embeddable":true,"href":"https:\/\/www.abseitsreisen.de\/blog\/wp-json\/wp\/v2\/comments?post=2360"}],"version-history":[{"count":33,"href":"https:\/\/www.abseitsreisen.de\/blog\/wp-json\/wp\/v2\/pages\/2360\/revisions"}],"predecessor-version":[{"id":4274,"href":"https:\/\/www.abseitsreisen.de\/blog\/wp-json\/wp\/v2\/pages\/2360\/revisions\/4274"}],"up":[{"embeddable":true,"href":"https:\/\/www.abseitsreisen.de\/blog\/wp-json\/wp\/v2\/pages\/712"}],"wp:attachment":[{"href":"https:\/\/www.abseitsreisen.de\/blog\/wp-json\/wp\/v2\/media?parent=2360"}],"curies":[{"name":"wp","href":"https:\/\/api.w.org\/{rel}","templated":true}]}}