{"id":2497,"date":"2012-09-22T00:31:18","date_gmt":"2012-09-21T22:31:18","guid":{"rendered":"http:\/\/www.abseitsreisen.de\/blog\/?page_id=2497"},"modified":"2023-12-05T00:18:03","modified_gmt":"2023-12-04T23:18:03","slug":"veranstalterinformationen","status":"publish","type":"page","link":"https:\/\/www.abseitsreisen.de\/blog\/reise-vortrage\/veranstalterinformationen\/","title":{"rendered":"Veranstalter"},"content":{"rendered":"<div id=\"pl-2497\"  class=\"panel-layout\" ><div id=\"pg-2497-0\"  class=\"panel-grid panel-no-style\" ><div id=\"pgc-2497-0-0\"  class=\"panel-grid-cell\" ><div id=\"panel-2497-0-0-0\" class=\"so-panel widget widget_sow-headline panel-first-child panel-last-child\" data-index=\"0\" ><div\n\t\t\t\n\t\t\tclass=\"so-widget-sow-headline so-widget-sow-headline-default-da5a35e3223f-2497\"\n\t\t\t\n\t\t><div class=\"sow-headline-container \">\n\t\t\t\t\t\t\t<h3 class=\"sow-headline\">\n\t\t\t\t\t\tInformationen zu unseren Fotoreportagen\t\t\t\t\t\t<\/h3>\n\t\t\t\t\t\t\t\t\t\t\t<div class=\"decoration\">\n\t\t\t\t\t\t<div class=\"decoration-inside\"><\/div>\n\t\t\t\t\t<\/div>\n\t\t\t\t\t<\/div>\n<\/div><\/div><\/div><\/div><div id=\"pg-2497-1\"  class=\"panel-grid panel-no-style\" ><div id=\"pgc-2497-1-0\"  class=\"panel-grid-cell\" ><div id=\"panel-2497-1-0-0\" class=\"so-panel widget widget_sow-editor panel-first-child panel-last-child\" data-index=\"1\" ><div\n\t\t\t\n\t\t\tclass=\"so-widget-sow-editor so-widget-sow-editor-base\"\n\t\t\t\n\t\t>\n<div class=\"siteorigin-widget-tinymce textwidget\">\n\t<p style=\"text-align: justify;\"><div class=\"pullquote-center\"><\/p>\n<p>Durch die klirrende K\u00e4lte peitschender Schneest\u00fcrme bis an den gl\u00fchend hei\u00dfen Rand kochender Kraterseen. Authentisch, lebendig und hautnah.<\/p>\n<p style=\"text-align: justify;\"><\/div><\/p>\n<\/div>\n<\/div><\/div><\/div><\/div><div id=\"pg-2497-2\"  class=\"panel-grid panel-no-style\" ><div id=\"pgc-2497-2-0\"  class=\"panel-grid-cell\" ><div id=\"panel-2497-2-0-0\" class=\"so-panel widget widget_sow-headline panel-first-child panel-last-child\" data-index=\"2\" ><div\n\t\t\t\n\t\t\tclass=\"so-widget-sow-headline so-widget-sow-headline-default-7b1f7487edaa-2497\"\n\t\t\t\n\t\t><div class=\"sow-headline-container \">\n\t\t\t\t\t\t<div class=\"decoration\">\n\t\t\t\t\t\t<div class=\"decoration-inside\"><\/div>\n\t\t\t\t\t<\/div>\n\t\t\t\t\t<\/div>\n<\/div><\/div><\/div><\/div><div id=\"pg-2497-3\"  class=\"panel-grid panel-no-style\" ><div id=\"pgc-2497-3-0\"  class=\"panel-grid-cell\" ><div id=\"panel-2497-3-0-0\" class=\"so-panel widget widget_sow-image panel-first-child panel-last-child\" data-index=\"3\" ><div\n\t\t\t\n\t\t\tclass=\"so-widget-sow-image so-widget-sow-image-default-dbf295114b96-2497\"\n\t\t\t\n\t\t>\n<div class=\"sow-image-container\">\n\t\t<img \n\tsrc=\"https:\/\/www.abseitsreisen.de\/blog\/wp-content\/uploads\/2012\/09\/Live-Fotoreportagen-3x2.jpg\" width=\"540\" height=\"360\" srcset=\"https:\/\/www.abseitsreisen.de\/blog\/wp-content\/uploads\/2012\/09\/Live-Fotoreportagen-3x2.jpg 540w, https:\/\/www.abseitsreisen.de\/blog\/wp-content\/uploads\/2012\/09\/Live-Fotoreportagen-3x2-300x200.jpg 300w, https:\/\/www.abseitsreisen.de\/blog\/wp-content\/uploads\/2012\/09\/Live-Fotoreportagen-3x2-272x182.jpg 272w\" sizes=\"(max-width: 540px) 100vw, 540px\" title=\"Live-Fotoreportagen-3&#215;2\" alt=\"\" \t\tclass=\"so-widget-image\"\/>\n\t<\/div>\n\n<\/div><\/div><\/div><div id=\"pgc-2497-3-1\"  class=\"panel-grid-cell\" ><div id=\"panel-2497-3-1-0\" class=\"so-panel widget widget_sow-editor panel-first-child panel-last-child\" data-index=\"4\" ><div\n\t\t\t\n\t\t\tclass=\"so-widget-sow-editor so-widget-sow-editor-base\"\n\t\t\t\n\t\t>\n<div class=\"siteorigin-widget-tinymce textwidget\">\n\t<p>Geschichtenerz\u00e4hlen - wie kann ein solch altes Medium noch im Zeitalter von Smartphone und Virtual Reality bestehen?<\/p>\n<p>Es ist die N\u00e4he und Direktheit. Die unmittelbare Beziehung zwischen Erz\u00e4hler und Publikum, die Greifbarkeit und Glaubw\u00fcrdigkeit des Referenten. Die Emotion und Lebendigkeit der Geschichten, die in Wechselwirkung zwischen Bild, Ton und Erz\u00e4hltem entsteht.<\/p>\n<p>In sechs Jahren sind wir im Oldtimer-Lkw um die Welt gereist und haben dabei mit vielen H\u00f6hen und Tiefen 54 L\u00e4nder auf f\u00fcnf Kontinenten durchquert. Wir haben es uns zur Aufgabe gemacht, unser Publikum mit auf diese Reise aus dem Vortragssaal hinaus in die Welt zu nehmen.<\/p>\n<p>In f\u00fcnf Shows berichten wir \u00fcber die Episoden der Reise. F\u00fcnf eigenst\u00e4ndige, in sich geschlossene Shows, jede durch eine andere Region der Welt als individuelle Geschichte. Eine Verbindung von Abenteuer- und Reiseerz\u00e4hlung mit einem Portrait der bereisten Regionen\u00a0\u2013 auf und abseits bekannter Routen.<\/p>\n<p>Unsere Fotoreportagen stehen im Programm der gr\u00f6\u00dften Vortragsreihen im deutschsprachigen Raum. Als berufenes Mitglied der Gesellschaft f\u00fcr Bild und Vortrag e.V. (GBV) verschreiben wir uns h\u00f6chstem professionellen Anspruch.<\/p>\n<p>Geschichtenerz\u00e4hlen - ein Medium das lebt, w\u00e4chst und sich stetig weiterentwickelt.<\/p>\n<\/div>\n<\/div><\/div><\/div><\/div><div id=\"pg-2497-4\"  class=\"panel-grid panel-no-style\" ><div id=\"pgc-2497-4-0\"  class=\"panel-grid-cell\" ><div id=\"panel-2497-4-0-0\" class=\"so-panel widget widget_sow-headline panel-first-child panel-last-child\" data-index=\"5\" ><div\n\t\t\t\n\t\t\tclass=\"so-widget-sow-headline so-widget-sow-headline-default-7b1f7487edaa-2497\"\n\t\t\t\n\t\t><div class=\"sow-headline-container \">\n\t\t\t\t\t\t<div class=\"decoration\">\n\t\t\t\t\t\t<div class=\"decoration-inside\"><\/div>\n\t\t\t\t\t<\/div>\n\t\t\t\t\t<\/div>\n<\/div><\/div><\/div><\/div><div id=\"pg-2497-5\"  class=\"panel-grid panel-no-style\" ><div id=\"pgc-2497-5-0\"  class=\"panel-grid-cell\" ><div id=\"panel-2497-5-0-0\" class=\"so-panel widget widget_sow-headline panel-first-child panel-last-child\" data-index=\"6\" ><div\n\t\t\t\n\t\t\tclass=\"so-widget-sow-headline so-widget-sow-headline-default-1e3316465757-2497\"\n\t\t\t\n\t\t><div class=\"sow-headline-container \">\n\t\t\t\t\t\t\t<h3 class=\"sow-headline\">\n\t\t\t\t\t\tPr\u00e4sentation\t\t\t\t\t\t<\/h3>\n\t\t\t\t\t\t<\/div>\n<\/div><\/div><\/div><div id=\"pgc-2497-5-1\"  class=\"panel-grid-cell\" ><div id=\"panel-2497-5-1-0\" class=\"so-panel widget widget_sow-editor panel-first-child panel-last-child\" data-index=\"7\" ><div\n\t\t\t\n\t\t\tclass=\"so-widget-sow-editor so-widget-sow-editor-base\"\n\t\t\t\n\t\t>\n<div class=\"siteorigin-widget-tinymce textwidget\">\n\t<p style=\"text-align: justify;\">Unsere Live-Fotoreportagen werden digital auf Gro\u00dfbildleinwand pr\u00e4sentiert. \u00dcberblendete Fotoaufnahmen nehmen den Zuschauer mit auf eine Reise durch fremde Kulturen und Kontinente. Live kommentierte Passagen wechseln mit musikalischer Untermalung und Originalton-Aufnahmen.<\/p>\n<p style=\"text-align: justify;\">Im Zentrum unserer Vortr\u00e4ge stehen die Freude am Reisen, die Lust zu entdecken und das Interesse an anderen Kulturen. Wir erz\u00e4hlen von pers\u00f6nlichen Begegnungen, exotischen Landschaften, abenteuerlichen Situationen und der besonderen Herausforderung einer Reise im Oldtimer. Der Weg durch die Kontinente bildet das R\u00fcckgrat der Vortr\u00e4ge.<\/p>\n<p style=\"text-align: justify;\">Alle Diashows funktionieren in Thema, Logik und Komposition als in sich geschlossene Einzelvortr\u00e4ge. Dar\u00fcberhinaus schlie\u00dfen die Vortr\u00e4ge l\u00fcckenlos aneinander und bilden in ihrer Gesamtheit eine zusammenh\u00e4ngende Storyline: Die au\u00dfergew\u00f6hnliche Geschichte einer Weltumrundung im Oldtimer.<\/p>\n<\/div>\n<\/div><\/div><\/div><\/div><div id=\"pg-2497-6\"  class=\"panel-grid panel-no-style\" ><div id=\"pgc-2497-6-0\"  class=\"panel-grid-cell\" ><div id=\"panel-2497-6-0-0\" class=\"so-panel widget widget_sow-headline panel-first-child panel-last-child\" data-index=\"8\" ><div\n\t\t\t\n\t\t\tclass=\"so-widget-sow-headline so-widget-sow-headline-default-7b1f7487edaa-2497\"\n\t\t\t\n\t\t><div class=\"sow-headline-container \">\n\t\t\t\t\t\t<div class=\"decoration\">\n\t\t\t\t\t\t<div class=\"decoration-inside\"><\/div>\n\t\t\t\t\t<\/div>\n\t\t\t\t\t<\/div>\n<\/div><\/div><\/div><\/div><div id=\"pg-2497-7\"  class=\"panel-grid panel-no-style\" ><div id=\"pgc-2497-7-0\"  class=\"panel-grid-cell\" ><div id=\"panel-2497-7-0-0\" class=\"so-panel widget widget_sow-headline panel-first-child panel-last-child\" data-index=\"9\" ><div\n\t\t\t\n\t\t\tclass=\"so-widget-sow-headline so-widget-sow-headline-default-1e3316465757-2497\"\n\t\t\t\n\t\t><div class=\"sow-headline-container \">\n\t\t\t\t\t\t\t<h3 class=\"sow-headline\">\n\t\t\t\t\t\tDauer\t\t\t\t\t\t<\/h3>\n\t\t\t\t\t\t<\/div>\n<\/div><\/div><\/div><div id=\"pgc-2497-7-1\"  class=\"panel-grid-cell\" ><div id=\"panel-2497-7-1-0\" class=\"so-panel widget widget_sow-editor panel-first-child panel-last-child\" data-index=\"10\" ><div\n\t\t\t\n\t\t\tclass=\"so-widget-sow-editor so-widget-sow-editor-base\"\n\t\t\t\n\t\t>\n<div class=\"siteorigin-widget-tinymce textwidget\">\n\t<p style=\"text-align: justify;\">Die Dauer einer Fotoreportage betr\u00e4gt im Regelfall 100 Minuten zuz\u00fcglich einer Pause nach etwa einer Stunde.<\/p>\n<p style=\"text-align: justify;\">Lang- und Kurzfassungen, Vortr\u00e4ge f\u00fcr Schulen, Hochschulen und zu speziellen Themen sind auf Anfrage m\u00f6glich.<\/p>\n<\/div>\n<\/div><\/div><\/div><\/div><div id=\"pg-2497-8\"  class=\"panel-grid panel-no-style\" ><div id=\"pgc-2497-8-0\"  class=\"panel-grid-cell\" ><div id=\"panel-2497-8-0-0\" class=\"so-panel widget widget_sow-headline panel-first-child panel-last-child\" data-index=\"11\" ><div\n\t\t\t\n\t\t\tclass=\"so-widget-sow-headline so-widget-sow-headline-default-7b1f7487edaa-2497\"\n\t\t\t\n\t\t><div class=\"sow-headline-container \">\n\t\t\t\t\t\t<div class=\"decoration\">\n\t\t\t\t\t\t<div class=\"decoration-inside\"><\/div>\n\t\t\t\t\t<\/div>\n\t\t\t\t\t<\/div>\n<\/div><\/div><\/div><\/div><div id=\"pg-2497-9\"  class=\"panel-grid panel-no-style\" ><div id=\"pgc-2497-9-0\"  class=\"panel-grid-cell\" ><div id=\"panel-2497-9-0-0\" class=\"so-panel widget widget_sow-headline panel-first-child panel-last-child\" data-index=\"12\" ><div\n\t\t\t\n\t\t\tclass=\"so-widget-sow-headline so-widget-sow-headline-default-1e3316465757-2497\"\n\t\t\t\n\t\t><div class=\"sow-headline-container \">\n\t\t\t\t\t\t\t<h3 class=\"sow-headline\">\n\t\t\t\t\t\tRaumanforderungen\t\t\t\t\t\t<\/h3>\n\t\t\t\t\t\t<\/div>\n<\/div><\/div><\/div><div id=\"pgc-2497-9-1\"  class=\"panel-grid-cell\" ><div id=\"panel-2497-9-1-0\" class=\"so-panel widget widget_sow-editor panel-first-child panel-last-child\" data-index=\"13\" ><div\n\t\t\t\n\t\t\tclass=\"so-widget-sow-editor so-widget-sow-editor-base\"\n\t\t\t\n\t\t>\n<div class=\"siteorigin-widget-tinymce textwidget\">\n\t<p>Wir legen gro\u00dfen Wert auf eine hohe Pr\u00e4sentationsqualit\u00e4t f\u00fcr die Besucher. Der Veranstaltungssaal sollte vollst\u00e4ndig verdunkelbar und mit einer Projektionsleinwand ausgestattet sein oder die M\u00f6glichkeit bieten, eine solche in angemessener Gr\u00f6\u00dfe aufzustellen.<\/p>\n<\/div>\n<\/div><\/div><\/div><\/div><div id=\"pg-2497-10\"  class=\"panel-grid panel-no-style\" ><div id=\"pgc-2497-10-0\"  class=\"panel-grid-cell\" ><div id=\"panel-2497-10-0-0\" class=\"so-panel widget widget_sow-headline panel-first-child panel-last-child\" data-index=\"14\" ><div\n\t\t\t\n\t\t\tclass=\"so-widget-sow-headline so-widget-sow-headline-default-7b1f7487edaa-2497\"\n\t\t\t\n\t\t><div class=\"sow-headline-container \">\n\t\t\t\t\t\t<div class=\"decoration\">\n\t\t\t\t\t\t<div class=\"decoration-inside\"><\/div>\n\t\t\t\t\t<\/div>\n\t\t\t\t\t<\/div>\n<\/div><\/div><\/div><\/div><div id=\"pg-2497-11\"  class=\"panel-grid panel-no-style\" ><div id=\"pgc-2497-11-0\"  class=\"panel-grid-cell\" ><div id=\"panel-2497-11-0-0\" class=\"so-panel widget widget_sow-headline panel-first-child panel-last-child\" data-index=\"15\" ><div\n\t\t\t\n\t\t\tclass=\"so-widget-sow-headline so-widget-sow-headline-default-1e3316465757-2497\"\n\t\t\t\n\t\t><div class=\"sow-headline-container \">\n\t\t\t\t\t\t\t<h3 class=\"sow-headline\">\n\t\t\t\t\t\tBild- und Tontechnik\t\t\t\t\t\t<\/h3>\n\t\t\t\t\t\t<\/div>\n<\/div><\/div><\/div><div id=\"pgc-2497-11-1\"  class=\"panel-grid-cell\" ><div id=\"panel-2497-11-1-0\" class=\"so-panel widget widget_sow-editor panel-first-child panel-last-child\" data-index=\"16\" ><div\n\t\t\t\n\t\t\tclass=\"so-widget-sow-editor so-widget-sow-editor-base\"\n\t\t\t\n\t\t>\n<div class=\"siteorigin-widget-tinymce textwidget\">\n\t<p style=\"text-align: justify;\">Bild- und Tontechnik k\u00f6nnen vom Veranstalter gestellt werden. F\u00fcr S\u00e4le bis ca. 300 Personen ist eigene Projektions- und Tontechnik vorhanden.<\/p>\n<p style=\"text-align: justify;\">Wir arbeiten mit m.objects als HDAV-Pr\u00e4sentationssoftware. Die Bildprojektion erfolgt \u00fcber einen hochaufl\u00f6senden digitalen Videobeamer im Projektionsverh\u00e4ltnis 3:2.<\/p>\n<p style=\"text-align: justify;\">Bild: Signalausgabe vom Laptop per HDMI.<br \/> Musik und O-Ton: Signalausgabe vom Laptop per 3,5mm Klinke (Kopfh\u00f6rerausgang), alternativ Cinch oder sym. XLR.<br \/>Live-Kommentar: Headset mit Signalausgabe per 6,3mm Monoklinke oder sym. XLR.<\/p>\n<\/div>\n<\/div><\/div><\/div><\/div><div id=\"pg-2497-12\"  class=\"panel-grid panel-no-style\" ><div id=\"pgc-2497-12-0\"  class=\"panel-grid-cell\" ><div id=\"panel-2497-12-0-0\" class=\"so-panel widget widget_sow-headline panel-first-child panel-last-child\" data-index=\"17\" ><div\n\t\t\t\n\t\t\tclass=\"so-widget-sow-headline so-widget-sow-headline-default-7b1f7487edaa-2497\"\n\t\t\t\n\t\t><div class=\"sow-headline-container \">\n\t\t\t\t\t\t<div class=\"decoration\">\n\t\t\t\t\t\t<div class=\"decoration-inside\"><\/div>\n\t\t\t\t\t<\/div>\n\t\t\t\t\t<\/div>\n<\/div><\/div><\/div><\/div><div id=\"pg-2497-13\"  class=\"panel-grid panel-no-style\" ><div id=\"pgc-2497-13-0\"  class=\"panel-grid-cell\" ><div id=\"panel-2497-13-0-0\" class=\"so-panel widget widget_sow-headline panel-first-child panel-last-child\" data-index=\"18\" ><div\n\t\t\t\n\t\t\tclass=\"so-widget-sow-headline so-widget-sow-headline-default-1e3316465757-2497\"\n\t\t\t\n\t\t><div class=\"sow-headline-container \">\n\t\t\t\t\t\t\t<h3 class=\"sow-headline\">\n\t\t\t\t\t\tPlakate und Presse\t\t\t\t\t\t<\/h3>\n\t\t\t\t\t\t<\/div>\n<\/div><\/div><\/div><div id=\"pgc-2497-13-1\"  class=\"panel-grid-cell\" ><div id=\"panel-2497-13-1-0\" class=\"so-panel widget widget_sow-editor panel-first-child panel-last-child\" data-index=\"19\" ><div\n\t\t\t\n\t\t\tclass=\"so-widget-sow-editor so-widget-sow-editor-base\"\n\t\t\t\n\t\t>\n<div class=\"siteorigin-widget-tinymce textwidget\">\n\t<p style=\"text-align: justify;\">Plakate sind in mehreren Gr\u00f6\u00dfen vorhanden. Der Druck von Plakaten, Flyern und Eintrittskarten ist m\u00f6glich.<\/p>\n<p style=\"text-align: justify;\">Texte verschiedener L\u00e4nge und hochaufgel\u00f6stes Bildmaterial f\u00fcr Pressemitteilungen und Programmhefte sind per Download verf\u00fcgbar.<\/p>\n<p style=\"text-align: justify;\">Pressegespr\u00e4che oder ein Telefoninterview im Vorlauf einer Veranstaltung sind nach Terminabsprache m\u00f6glich.<\/p>\n<\/div>\n<\/div><\/div><\/div><\/div><div id=\"pg-2497-14\"  class=\"panel-grid panel-no-style\" ><div id=\"pgc-2497-14-0\"  class=\"panel-grid-cell\" ><div id=\"panel-2497-14-0-0\" class=\"so-panel widget widget_sow-headline panel-first-child panel-last-child\" data-index=\"20\" ><div\n\t\t\t\n\t\t\tclass=\"so-widget-sow-headline so-widget-sow-headline-default-7b1f7487edaa-2497\"\n\t\t\t\n\t\t><div class=\"sow-headline-container \">\n\t\t\t\t\t\t<div class=\"decoration\">\n\t\t\t\t\t\t<div class=\"decoration-inside\"><\/div>\n\t\t\t\t\t<\/div>\n\t\t\t\t\t<\/div>\n<\/div><\/div><\/div><\/div><div id=\"pg-2497-15\"  class=\"panel-grid panel-no-style\" ><div id=\"pgc-2497-15-0\"  class=\"panel-grid-cell\" ><div id=\"panel-2497-15-0-0\" class=\"so-panel widget widget_sow-headline panel-first-child panel-last-child\" data-index=\"21\" ><div\n\t\t\t\n\t\t\tclass=\"so-widget-sow-headline so-widget-sow-headline-default-1e3316465757-2497\"\n\t\t\t\n\t\t><div class=\"sow-headline-container \">\n\t\t\t\t\t\t\t<h3 class=\"sow-headline\">\n\t\t\t\t\t\tReferenzen\t\t\t\t\t\t<\/h3>\n\t\t\t\t\t\t<\/div>\n<\/div><\/div><\/div><div id=\"pgc-2497-15-1\"  class=\"panel-grid-cell\" ><div id=\"panel-2497-15-1-0\" class=\"so-panel widget widget_sow-editor panel-first-child panel-last-child\" data-index=\"22\" ><div\n\t\t\t\n\t\t\tclass=\"so-widget-sow-editor so-widget-sow-editor-base\"\n\t\t\t\n\t\t>\n<div class=\"siteorigin-widget-tinymce textwidget\">\n\t<p>Wir freuen uns \u00fcber die Zusammenarbeit mit zahlreichen renommierten Vortragsreihen und Veranstaltern.<\/p>\n<p>Unter anderen mit:<\/p>\n<p style=\"padding-left: 30px;\">Weitsicht Festival<\/p>\n<p style=\"padding-left: 30px;\">Abenteuer Erde M\u00fcnchen<\/p>\n<p style=\"padding-left: 30px;\">Grenzgang<\/p>\n<p style=\"padding-left: 30px;\">Mundologia<\/p>\n<p style=\"padding-left: 30px;\">Erdanziehung<\/p>\n<p style=\"padding-left: 30px;\">Freitr\u00e4umer Festival Plauen<\/p>\n<p style=\"padding-left: 30px;\">Fernweh Festival Erlangen<\/p>\n<p style=\"padding-left: 30px;\">Lichtbildarena Jena<\/p>\n<p style=\"padding-left: 30px;\">Fernweh-Winter<\/p>\n<p style=\"padding-left: 30px;\">Das Kaleidoskop<\/p>\n<p style=\"padding-left: 30px;\">Planet View<\/p>\n<p style=\"padding-left: 30px;\">Fernwehzeit<\/p>\n<p style=\"padding-left: 30px;\">Caravan &amp; Outdoor Messe Freiburg<\/p>\n<p style=\"padding-left: 30px;\">Erwin Hymer Museum<\/p>\n<p style=\"padding-left: 30px;\">Kulturhalle R\u00f6dermark<\/p>\n<p style=\"padding-left: 30px;\">Fernweh-AV Dachau<\/p>\n<p style=\"padding-left: 30px;\">Geonatur<\/p>\n<p style=\"padding-left: 30px;\">Abenteuer &amp; Allrad Messe Bad Kissingen<\/p>\n<p style=\"padding-left: 30px;\">Caravan Salon Austria<\/p>\n<p style=\"padding-left: 30px;\">OTA Globetrotter Rodeo<\/p>\n<p style=\"padding-left: 30px;\">Kalkalpen Festival Steyr<\/p>\n<p style=\"padding-left: 30px;\">El Mundo Festival (Preistr\u00e4ger 2016)<\/p>\n<\/div>\n<\/div><\/div><\/div><\/div><div id=\"pg-2497-16\"  class=\"panel-grid panel-no-style\" ><div id=\"pgc-2497-16-0\"  class=\"panel-grid-cell\" ><div id=\"panel-2497-16-0-0\" class=\"so-panel widget widget_sow-headline panel-first-child panel-last-child\" data-index=\"23\" ><div\n\t\t\t\n\t\t\tclass=\"so-widget-sow-headline so-widget-sow-headline-default-7b1f7487edaa-2497\"\n\t\t\t\n\t\t><div class=\"sow-headline-container \">\n\t\t\t\t\t\t<div class=\"decoration\">\n\t\t\t\t\t\t<div class=\"decoration-inside\"><\/div>\n\t\t\t\t\t<\/div>\n\t\t\t\t\t<\/div>\n<\/div><\/div><\/div><\/div><div id=\"pg-2497-17\"  class=\"panel-grid panel-no-style\" ><div id=\"pgc-2497-17-0\"  class=\"panel-grid-cell\" ><div id=\"panel-2497-17-0-0\" class=\"so-panel widget widget_sow-headline panel-first-child panel-last-child\" data-index=\"24\" ><div\n\t\t\t\n\t\t\tclass=\"so-widget-sow-headline so-widget-sow-headline-default-1e3316465757-2497\"\n\t\t\t\n\t\t><div class=\"sow-headline-container \">\n\t\t\t\t\t\t\t<h3 class=\"sow-headline\">\n\t\t\t\t\t\tDownloads\t\t\t\t\t\t<\/h3>\n\t\t\t\t\t\t<\/div>\n<\/div><\/div><\/div><div id=\"pgc-2497-17-1\"  class=\"panel-grid-cell\" ><div id=\"panel-2497-17-1-0\" class=\"so-panel widget widget_sow-button panel-first-child panel-last-child\" data-index=\"25\" ><div class=\"panel-widget-style panel-widget-style-for-2497-17-1-0\" ><div\n\t\t\t\n\t\t\tclass=\"so-widget-sow-button so-widget-sow-button-atom-f54c0409268f-2497\"\n\t\t\t\n\t\t><div class=\"ow-button-base ow-button-align-center\"\n>\n\t\t\t<a\n\t\t\t\t\thref=\"http:\/\/www.abseitsreisen.de\/blog\/downloads\/\"\n\t\t\t\t\tclass=\"sowb-button ow-icon-placement-left ow-button-hover\" \t>\n\t\t<span>\n\t\t\t\n\t\t\tText- und Bildmaterial\t\t<\/span>\n\t\t\t<\/a>\n\t<\/div>\n<\/div><\/div><\/div><\/div><\/div><div id=\"pg-2497-18\"  class=\"panel-grid panel-no-style\" ><div id=\"pgc-2497-18-0\"  class=\"panel-grid-cell\" ><div id=\"panel-2497-18-0-0\" class=\"so-panel widget widget_sow-headline panel-first-child panel-last-child\" data-index=\"26\" ><div\n\t\t\t\n\t\t\tclass=\"so-widget-sow-headline so-widget-sow-headline-default-7b1f7487edaa-2497\"\n\t\t\t\n\t\t><div class=\"sow-headline-container \">\n\t\t\t\t\t\t<div class=\"decoration\">\n\t\t\t\t\t\t<div class=\"decoration-inside\"><\/div>\n\t\t\t\t\t<\/div>\n\t\t\t\t\t<\/div>\n<\/div><\/div><\/div><\/div><div id=\"pg-2497-19\"  class=\"panel-grid panel-no-style\" ><div id=\"pgc-2497-19-0\"  class=\"panel-grid-cell\" ><div id=\"panel-2497-19-0-0\" class=\"so-panel widget widget_sow-headline panel-first-child panel-last-child\" data-index=\"27\" ><div\n\t\t\t\n\t\t\tclass=\"so-widget-sow-headline so-widget-sow-headline-default-1e3316465757-2497\"\n\t\t\t\n\t\t><div class=\"sow-headline-container \">\n\t\t\t\t\t\t\t<h3 class=\"sow-headline\">\n\t\t\t\t\t\tInteresse?\t\t\t\t\t\t<\/h3>\n\t\t\t\t\t\t<\/div>\n<\/div><\/div><\/div><div id=\"pgc-2497-19-1\"  class=\"panel-grid-cell\" ><div id=\"panel-2497-19-1-0\" class=\"so-panel widget widget_sow-button panel-first-child panel-last-child\" data-index=\"28\" ><div class=\"panel-widget-style panel-widget-style-for-2497-19-1-0\" ><div\n\t\t\t\n\t\t\tclass=\"so-widget-sow-button so-widget-sow-button-atom-f54c0409268f-2497\"\n\t\t\t\n\t\t><div class=\"ow-button-base ow-button-align-center\"\n>\n\t\t\t<a\n\t\t\t\t\thref=\"http:\/\/www.abseitsreisen.de\/blog\/kontakt\/\"\n\t\t\t\t\tclass=\"sowb-button ow-icon-placement-left ow-button-hover\" \t>\n\t\t<span>\n\t\t\t\n\t\t\tKontakt und Anfragen\t\t<\/span>\n\t\t\t<\/a>\n\t<\/div>\n<\/div><\/div><\/div><\/div><\/div><\/div>","protected":false},"excerpt":{"rendered":"<p>Informationen zu unseren Fotoreportagen Durch die klirrende K\u00e4lte peitschender Schneest\u00fcrme bis an den gl\u00fchend hei\u00dfen Rand kochender Kraterseen. Authentisch, lebendig und hautnah. Geschichtenerz\u00e4hlen &#8211; wie kann ein solch altes Medium noch im Zeitalter von Smartphone und Virtual Reality bestehen? Es &hellip; <a href=\"https:\/\/www.abseitsreisen.de\/blog\/reise-vortrage\/veranstalterinformationen\/\">Weiterlesen<\/a><\/p>\n","protected":false},"author":3,"featured_media":0,"parent":712,"menu_order":4,"comment_status":"closed","ping_status":"closed","template":"","meta":{"kt_blocks_editor_width":"","_metis_text_type":"standard","_metis_text_length":4423,"_post_count":0,"footnotes":""},"class_list":["post-2497","page","type-page","status-publish","hentry"],"aioseo_notices":[],"_links":{"self":[{"href":"https:\/\/www.abseitsreisen.de\/blog\/wp-json\/wp\/v2\/pages\/2497","targetHints":{"allow":["GET"]}}],"collection":[{"href":"https:\/\/www.abseitsreisen.de\/blog\/wp-json\/wp\/v2\/pages"}],"about":[{"href":"https:\/\/www.abseitsreisen.de\/blog\/wp-json\/wp\/v2\/types\/page"}],"author":[{"embeddable":true,"href":"https:\/\/www.abseitsreisen.de\/blog\/wp-json\/wp\/v2\/users\/3"}],"replies":[{"embeddable":true,"href":"https:\/\/www.abseitsreisen.de\/blog\/wp-json\/wp\/v2\/comments?post=2497"}],"version-history":[{"count":60,"href":"https:\/\/www.abseitsreisen.de\/blog\/wp-json\/wp\/v2\/pages\/2497\/revisions"}],"predecessor-version":[{"id":334039,"href":"https:\/\/www.abseitsreisen.de\/blog\/wp-json\/wp\/v2\/pages\/2497\/revisions\/334039"}],"up":[{"embeddable":true,"href":"https:\/\/www.abseitsreisen.de\/blog\/wp-json\/wp\/v2\/pages\/712"}],"wp:attachment":[{"href":"https:\/\/www.abseitsreisen.de\/blog\/wp-json\/wp\/v2\/media?parent=2497"}],"curies":[{"name":"wp","href":"https:\/\/api.w.org\/{rel}","templated":true}]}}