{"id":297,"date":"2010-05-11T18:56:52","date_gmt":"2010-05-11T16:56:52","guid":{"rendered":"http:\/\/www.abseitsreisen.de\/blog\/?page_id=297"},"modified":"2023-11-20T17:56:13","modified_gmt":"2023-11-20T16:56:13","slug":"krankenversicherung","status":"publish","type":"page","link":"https:\/\/www.abseitsreisen.de\/blog\/reise-informationen\/krankenversicherung\/","title":{"rendered":"Versicherung"},"content":{"rendered":"<p>F\u00fcr eine Auslandsreise mit einer Dauer von bis zu einem Jahr kommen etliche Anbieter f\u00fcr eine Krankenversicherung in Frage. M\u00f6chte man l\u00e4nger weg, wird es jedoch sehr rar. Selbst der ADAC versichert nur bis zu einem Zeitraum von zwei Jahren. Da wir w\u00e4hrend unserer Reise geplant haben, einmal im Jahr einen Heimaturlaub einzulegen, erledigt sich f\u00fcr uns das Problem, indem wir immer wieder eine neue Versicherung abschlie\u00dfen. Die Geb\u00fchren f\u00fcr die Langzeit- Auslandskrankenversicherung richten sich nach Alter, Geschlecht und nach den zu bereisenden L\u00e4ndern. Als Frau \u00fcber drei\u00dfig, die nach Nordamerika (USA \/ Kanada) reist, gibt es unseres Wissens nach keine preiswertere Alternative zum ADAC (ca. 45\u20ac \/ Monat), w\u00e4hrend es f\u00fcr M\u00e4nner g\u00fcnstigere Angebote gibt.<\/p>\n<p>Mittlerweile haben wir Reisende aus \u00d6sterreich getroffen, die \u00fcber den Anbieter ihre Kreditkarte weltweit dauerhaft versichert sind, vorausgesetzt die Karte wird alle zwei Monate mindestens einmal benutzt.<\/p>\n<p>Noch einmal kompliziert kann es werden, wenn man w\u00e4hrend des Auslandsaufenthaltes die Krankenversicherung f\u00fcr Deutschland stilllegen m\u00f6chte. Die private Krankenversicherung hat nur unter der Bedingung, dass man eine \u201evollwertige\u201c Auslandskrankenversicherung (wie z.B. die Langzeitversicherung des ADAC) abschlie\u00dft, einer Anwartschaft zugestimmt und auch dies erst nach langwierigen Verhandlungen, w\u00e4hrend unsere gesetzliche Kasse ihre Kunden f\u00fcr unbestimmte Zeit entlassen kann und zusagt, diese jederzeit, versehrt oder unversehrt wieder aufzunehmen.<\/p>\n<p>F\u00fcr m\u00f6gliche Heimataufenthalte w\u00e4hrend einer l\u00e4ngeren Reise, besteht, nach Auskunft unserer Krankenkasse, Versicherungspflicht, sobald man sich in Europa befindet. Sowohl die zeitweise Aktivierung der privaten Krankenversicherung aus der Anwartschaft als auch der Abschluss einer zeitlich befristeten &#8218;freiwilligen&#8216; gesetzlichen Krankenversicherung w\u00e4hrend unserer Heimataufenthalte war kein Problem. Die gesetzliche Krankenkasse wollte als Nachweis f\u00fcr den Auslandsaufenthalt ein Flugticket sehen.<\/p>\n<p>Da der Umgang mit einer Stillegung \/ Anwartschaft von Kasse zu Kasse stark variiert, empfiehlt es sich dringend zu vergleichen. Vielleicht gibt es auch Anlass genug deswegen den Versicherungsanbieter zu wechseln. Warum nicht?<\/p>\n<p>Manche Krankenkassen \u00fcbernehmen die Kosten f\u00fcr vorbeugende Impfungen bei privaten Auslandsreisen. Die Techniker Krankenkasse hatte dabei Vorreiterstellung und <a title=\"Kosten\u00fcbernahme durch die Techniker Krankenkasse\" href=\"http:\/\/www.presseportal.de\/pm\/6910\/2079006\/tk-zahlt-reiseschutzimpfungen-bei-privaten-auslandsreisen\" target=\"_blank\" rel=\"noopener\">\u00fcbernimmt die Impfkosten<\/a> seit langem anstandslos. Viele andere Kassen sind mittlerweile nachgezogen oder \u00fcbernehmen die Kosten auf Nachfrage &#8222;kulanterweise&#8220;, da ihnen durchaus bewusst ist, dass dies ein Grund f\u00fcr den Kunden sein k\u00f6nnte, seinem Versicherungsanbieter den R\u00fccken zu kehren. H\u00f6flich Nachfragen lohnt sich also auch hier. Weisen Sie Ihren Ansprechpartner hierbei ruhig darauf hin, dass andere Anbieter die Impfkosten vollst\u00e4ndig \u00fcbernehmen.<\/p>\n<p>&nbsp;<\/p>\n<p>weiter zu <a title=\"Geld\" href=\"https:\/\/www.abseitsreisen.de\/blog\/reise-informationen\/geld\/\" target=\"_self\" rel=\"noopener\">Geld<\/a><\/p>\n","protected":false},"excerpt":{"rendered":"<p>F\u00fcr eine Auslandsreise mit einer Dauer von bis zu einem Jahr kommen etliche Anbieter f\u00fcr eine Krankenversicherung in Frage. M\u00f6chte man l\u00e4nger weg, wird es jedoch sehr rar. Selbst der ADAC versichert nur bis zu einem Zeitraum von zwei Jahren. &hellip; <a href=\"https:\/\/www.abseitsreisen.de\/blog\/reise-informationen\/krankenversicherung\/\">Weiterlesen<\/a><\/p>\n","protected":false},"author":1,"featured_media":0,"parent":302,"menu_order":1,"comment_status":"closed","ping_status":"closed","template":"","meta":{"kt_blocks_editor_width":"","_metis_text_type":"standard","_metis_text_length":1289,"_post_count":0,"footnotes":""},"class_list":["post-297","page","type-page","status-publish","hentry"],"aioseo_notices":[],"public_identification_id":"504819bc2ff34cec8ed9da8a1c36e3d6","private_identification_id":"4b2b6e629ae54930b6e7328d753028f7","_links":{"self":[{"href":"https:\/\/www.abseitsreisen.de\/blog\/wp-json\/wp\/v2\/pages\/297","targetHints":{"allow":["GET"]}}],"collection":[{"href":"https:\/\/www.abseitsreisen.de\/blog\/wp-json\/wp\/v2\/pages"}],"about":[{"href":"https:\/\/www.abseitsreisen.de\/blog\/wp-json\/wp\/v2\/types\/page"}],"author":[{"embeddable":true,"href":"https:\/\/www.abseitsreisen.de\/blog\/wp-json\/wp\/v2\/users\/1"}],"replies":[{"embeddable":true,"href":"https:\/\/www.abseitsreisen.de\/blog\/wp-json\/wp\/v2\/comments?post=297"}],"version-history":[{"count":12,"href":"https:\/\/www.abseitsreisen.de\/blog\/wp-json\/wp\/v2\/pages\/297\/revisions"}],"predecessor-version":[{"id":333976,"href":"https:\/\/www.abseitsreisen.de\/blog\/wp-json\/wp\/v2\/pages\/297\/revisions\/333976"}],"up":[{"embeddable":true,"href":"https:\/\/www.abseitsreisen.de\/blog\/wp-json\/wp\/v2\/pages\/302"}],"wp:attachment":[{"href":"https:\/\/www.abseitsreisen.de\/blog\/wp-json\/wp\/v2\/media?parent=297"}],"curies":[{"name":"wp","href":"https:\/\/api.w.org\/{rel}","templated":true}]}}