{"id":308,"date":"2010-05-11T19:30:05","date_gmt":"2010-05-11T17:30:05","guid":{"rendered":"http:\/\/www.abseitsreisen.de\/blog\/?page_id=308"},"modified":"2023-11-20T17:55:22","modified_gmt":"2023-11-20T16:55:22","slug":"geld","status":"publish","type":"page","link":"https:\/\/www.abseitsreisen.de\/blog\/reise-informationen\/geld\/","title":{"rendered":"Geld"},"content":{"rendered":"<p><!-- @page { margin: 2cm } P { margin-bottom: 0.21cm } --><\/p>\n<p style=\"font-weight: normal;\">Da es in manchen L\u00e4ndern umst\u00e4ndlich bis unm\u00f6glich ist, an sein Bankkonto zu kommen, ist es unvermeidlich in diesem Fall eine gr\u00f6\u00dfere Summe Bargeld einzupacken. Durch die bestehenden politischen Spannungen zwischen Iran und den USA ist es derzeit beispielsweise im Iran nicht m\u00f6glich mit VISA oder Mastercard an Banken oder Automaten Bargeld abzuheben.<\/p>\n<p style=\"font-weight: normal;\">Allerdings gibt es viele L\u00e4nder, in denen man bequem mit EC-, Maestro- oder Kreditkarte Geld in Landesw\u00e4hrung abheben kann. Bei manchen Banken kann dies jedoch zu horrenden Geb\u00fchren f\u00fchren.<\/p>\n<p style=\"font-weight: normal;\">Unsere L\u00f6sung hierf\u00fcr <strong>war<\/strong> ein Konto bei der comdirect mit weltweitem geb\u00fchrenfreien Abheben mit VISAcard. So konnten wir bei Bedarf auch Kleinstbetr\u00e4ge abheben und mussten nicht versuchen, die gesamte ben\u00f6tigte Summe f\u00fcr ein Land vorab zu kalkulieren, um hohe Geb\u00fchren f\u00fcr jeden Abhebevorgang zu sparen. Das lohnte durchaus den Aufwand, ein Reisekonto zu er\u00f6ffnen. Leider hat sich das mit der Geb\u00fchrenanpassung 2021 ge\u00e4ndert. comdirect verlangt nun per Abhebevporgang mit VISAcard im Ausland \u20ac 4,90 (!) und ist seither f\u00fcr Vielreisende <strong>nicht mehr ratsam<\/strong>. Schade.<\/p>\n<p style=\"font-weight: normal;\">Bestimmt gibt es weitere Anbieter, also einfach im Internet nach einem aktuellen Geb\u00fchrenvergleich suchen.<\/p>\n<p style=\"font-weight: normal;\">Manchmal erheben die Banken im Ausland unabh\u00e4ngig von dem Kontoanbieter eine Geb\u00fchr f\u00fcr Bargeldabhebungen am Automaten.<\/p>\n<p style=\"font-weight: normal;\">Es kann durchaus ratsam sein, Bargeld in Euro oder Dollar bei sich zu haben. Da Einheimische in manchen L\u00e4ndern (z.B. Usbekistan oder Venezuela) offiziell ihre W\u00e4hrung nicht in Fremdw\u00e4hrungen tauschen d\u00fcrfen, gibt es dort parallel zum offiziellen Wechselkurs der Banken einen weit h\u00f6heren inoffiziellen Wechselkurs auf der Stra\u00dfe. Das nennt man dann nat\u00fcrlich Schwarzmarkt und ist offiziell illegal, aber in einigen L\u00e4ndern sind die Geldwechsler auf der Stra\u00dfe genauso h\u00e4ufig und offen geduldet wie andere H\u00e4ndler. Viele Backpacker-Hostels in den betroffenen L\u00e4ndern haben auch ihren &#8218;Vertrauens-Geldwechsler&#8216;. Man sollte sich vorab informieren wie die lokalen Gegebenheiten sind und beim Geldwechseln\u00a0 grunds\u00e4tzlich immer besondere Vorsicht walten lassen.<\/p>\n<p>&nbsp;<\/p>\n<p style=\"font-weight: normal;\">weiter zu <a title=\"Fahrzeugpapiere\" href=\"https:\/\/www.abseitsreisen.de\/blog\/reise-informationen\/fahrzeugpapiere\/\" target=\"_self\" rel=\"noopener\">Fahrzeugpapiere<\/a><\/p>\n","protected":false},"excerpt":{"rendered":"<p>Da es in manchen L\u00e4ndern umst\u00e4ndlich bis unm\u00f6glich ist, an sein Bankkonto zu kommen, ist es unvermeidlich in diesem Fall eine gr\u00f6\u00dfere Summe Bargeld einzupacken. Durch die bestehenden politischen Spannungen zwischen Iran und den USA ist es derzeit beispielsweise im &hellip; <a href=\"https:\/\/www.abseitsreisen.de\/blog\/reise-informationen\/geld\/\">Weiterlesen<\/a><\/p>\n","protected":false},"author":1,"featured_media":0,"parent":302,"menu_order":2,"comment_status":"closed","ping_status":"closed","template":"","meta":{"kt_blocks_editor_width":"","_metis_text_type":"standard","_metis_text_length":1289,"_post_count":0,"footnotes":""},"class_list":["post-308","page","type-page","status-publish","hentry"],"aioseo_notices":[],"public_identification_id":"4719d5950bfc4bf7be42007194e01595","private_identification_id":"eb98be6c68c940ebb366b27544d812ec","_links":{"self":[{"href":"https:\/\/www.abseitsreisen.de\/blog\/wp-json\/wp\/v2\/pages\/308","targetHints":{"allow":["GET"]}}],"collection":[{"href":"https:\/\/www.abseitsreisen.de\/blog\/wp-json\/wp\/v2\/pages"}],"about":[{"href":"https:\/\/www.abseitsreisen.de\/blog\/wp-json\/wp\/v2\/types\/page"}],"author":[{"embeddable":true,"href":"https:\/\/www.abseitsreisen.de\/blog\/wp-json\/wp\/v2\/users\/1"}],"replies":[{"embeddable":true,"href":"https:\/\/www.abseitsreisen.de\/blog\/wp-json\/wp\/v2\/comments?post=308"}],"version-history":[{"count":11,"href":"https:\/\/www.abseitsreisen.de\/blog\/wp-json\/wp\/v2\/pages\/308\/revisions"}],"predecessor-version":[{"id":265692,"href":"https:\/\/www.abseitsreisen.de\/blog\/wp-json\/wp\/v2\/pages\/308\/revisions\/265692"}],"up":[{"embeddable":true,"href":"https:\/\/www.abseitsreisen.de\/blog\/wp-json\/wp\/v2\/pages\/302"}],"wp:attachment":[{"href":"https:\/\/www.abseitsreisen.de\/blog\/wp-json\/wp\/v2\/media?parent=308"}],"curies":[{"name":"wp","href":"https:\/\/api.w.org\/{rel}","templated":true}]}}