{"id":323,"date":"2010-05-11T19:59:49","date_gmt":"2010-05-11T17:59:49","guid":{"rendered":"http:\/\/www.abseitsreisen.de\/blog\/?page_id=323"},"modified":"2023-11-20T17:56:10","modified_gmt":"2023-11-20T16:56:10","slug":"visa","status":"publish","type":"page","link":"https:\/\/www.abseitsreisen.de\/blog\/reise-informationen\/visa\/","title":{"rendered":"Visa"},"content":{"rendered":"<p>W\u00e4hrend innerhalb Europas die meisten Grenzen frei passierbar sind, Schlagb\u00e4ume und Grenzposten abgebaut wurden und man oft noch nicht einmal merkt, wenn man eine Staatsgrenze passiert, ist die Einreise in viele Staaten au\u00dferhalb Europas nur mit einem Visum m\u00f6glich. In vielen Staaten Afrikas und Amerikas sind die Visa f\u00fcr deutsche Bundesb\u00fcrger direkt an der Grenze erh\u00e4ltlich. Bei einer Reise durch Russland, China und viele andere asiatische Staaten hingegen m\u00fcssen die Visa im Vorhinein besorgt werden.<\/p>\n<p>&nbsp;<\/p>\n<p><strong>Botschaften, Konsulate und Visaagenturen<\/strong><\/p>\n<p>Steht die Einreise in ein Land kurz bevor, plant man von zu Hause aus oder hat man einen Zweitpass im Heimatland liegen, bietet es sich an, die Visa bei der entsprechenden Landesvertretung im Heimatland zu machen. Dies geht meist unkompliziert und per Post. Die Antragsformulare findet man auf der Webseite der Landesvertretung, diese werden ausgef\u00fcllt und zusammen mit dem Reisepass per Einschreiben an die zust\u00e4ndige Botschaft, bzw. das zust\u00e4ndige Konsulat geschickt. Einige Staaten verlangen mittlerweile, dass die Antragsformulare direkt im Internet ausgef\u00fcllt werden. Meist muss auch eine \u00dcberweisungsquittung f\u00fcr die Einzahlung der Visageb\u00fchren beigelegt werden. Auf den jeweiligen Webseiten sind die Verfahren zur Beantragung genau beschrieben, versteht man die genauen Bestimmungen nicht, hilft meist ein Anruf.<\/p>\n<p>M\u00f6chte man ein Visum erwirken, das \u00fcber die normalen Bestimmungen hinaus geht, sei es bei einer Reise mit dem Fahrrad, bei der man nicht so schnell vorw\u00e4rts kommt, sei es, dass man aus wichtigen Gr\u00fcnden mehr Flexibilit\u00e4t bei der Einreise ben\u00f6tigt, dann sollte man versuchen beim zust\u00e4ndigen Botschafter oder Konsul einen Termin zu bekommen. Kann man sein Anliegen gut erl\u00e4utern, ist h\u00e4ufig mehr m\u00f6glich als man denkt.<\/p>\n<p>Die Alternative zur selbstst\u00e4ndigen Beantragung ist das Einschalten einer Visa-Agentur. Diese k\u00fcmmert sich dann, nat\u00fcrlich gegen Bezahlung einer Servicegeb\u00fchr, um die Beantragung. Ob sich das Einschalten einer Agentur lohnt, ist oft zweifelhaft, muss man letztlich ebenso viele Formulare ausf\u00fcllen und hat nahezu den gleichen Aufwand. Wichtiger wird eine Agentur, wenn f\u00fcr die Beantragung der Visa ein Einladungsschreiben verlangt wird.<\/p>\n<p>&nbsp;<\/p>\n<p><strong>Einladungsschreiben<\/strong><\/p>\n<p>Manche Staaten verlangen zur Beantragung der Visa die Beilage eines Einladungsschreibens, insbesondere f\u00fcr Visa, die zu einem l\u00e4ngeren Aufenthalt im Land oder zur mehrmaligen Einreise berechtigen. Als Individualreisender hat man meist keine direkten Verwandten oder Gesch\u00e4ftspartner im Reiseland, die eine Einladung ausstellen k\u00f6nnen. Hier helfen Visaagenturen oder spezielle Anbieter im Internet, die gegen Entgelt Einladungsschreiben ausstellen. Je l\u00e4nger der G\u00fcltigkeitszeitraum, je mehr Einreiseerlaunisse, desto teuerer wird \u00fcblicherweise auch das Einladungsschreiben. Und das kann richtig teuer werden.<\/p>\n<p>Wir ben\u00f6tigten beispielsweise f\u00fcr unser Russland-Visum mit sechs Monaten G\u00fcltigkeit, 90 Tagen Aufenthaltsdauer im Land und Erlaubnis zur mehrfachen Einreisen, ein Einladungsschreiben, f\u00fcr das die <a title=\"CIBT Visum Centrale\" href=\"http:\/\/www.visum-centrale.de\/\" target=\"_blank\" rel=\"noopener\">CIBT Visum Centale<\/a> mit Sitz in u.a. in Bonn, Berlin und M\u00fcnchen 170 Euro berechnete.<\/p>\n<p>Ob und f\u00fcr welche Visa ein Einladungsschreiben notwendig ist, erf\u00e4hrt man auf den Webseiten der Landesvertretungen.<\/p>\n<p>&nbsp;<\/p>\n<p><strong>Beantragung im Ausland<\/strong><\/p>\n<p>Plant man eine l\u00e4ngere Reise, so bleibt meist nichts anderes \u00fcbrig, als manches Visum im Ausland zu beantragen. Viele Visa k\u00f6nnen fr\u00fchestens drei Monate vor Einreise beantragt werden. M\u00f6chte man sich ein wenig Flexibilit\u00e4t in der Reisegestaltung erhalten und den urspr\u00fcnglichen Plan an aktuelle politische Situationen oder an Erfahrungen entgegenkommender Reisender anpassen, bleibt kaum eine andere M\u00f6glichkeit.<\/p>\n<p>Was einen allerdings erwartet, wenn man ein Visum im Ausland beantragt, ist schwer vorherzusagen. Die Bedingungen f\u00fcr die Ausstellung eines Visum k\u00f6nnen zwischen den verschiedenen Landesvertretungen des selben Staates stark variieren. So h\u00e4tten wir in Usbekistan problemlos ein Chinavisum ohne Einladung f\u00fcr 120 Tage mit mehrmaliger Einreiseerlaubnis bekommen, w\u00e4hrend die chinesische Botschaft in Kasachstan selbst unter Vorlage eines Einladungsschreibens nur bereit war ein Visum f\u00fcr maximal 30 Tage auszustellen. Oft gibt es neben einer Botschaft auch mehrere Konsulate in einem Land, die unterschiedlich \u00fcber Visaantr\u00e4ge entscheiden k\u00f6nnen. Nach unserer Erfahrung scheint zu gelten, dass es im Ausland meist schwieriger ist Visa mit l\u00e4ngerer G\u00fcltigkeit zu beantragen als bei der jeweiligen Botschaft im Heimatland. Manche Botschaften haben dar\u00fcber hinaus Ruhetage und im schlimmsten Fall steht man vor verschlossenen T\u00fcren und die gesamte Botschaft macht zwei Wochen lang Urlaub.<\/p>\n<p>Hat man es eilig, wird oft gegen Aufpreis ein Expressvisum angeboten. Der Begriff &#8218;Express&#8216; kann dabei &#8217;sofort&#8216; oder &#8218;in f\u00fcnf Tagen&#8216; bedeuten.<\/p>\n<p>F\u00fcr ein Visabeantragung im Ausland ben\u00f6tigt man letztlich oft einige Zeit und gute Nerven.<\/p>\n<p><strong>\u00a0<\/strong><\/p>\n<p><strong>G\u00fcltigkeitszeitr\u00e4ume, Fixed Date Visa und Aufenthaltsdauer<\/strong><\/p>\n<p>Mehrfach wollten uns beunruhigte Ordnungsh\u00fcter schon auf die Wache schleppen, weil sie f\u00e4lschlicherweise dachten, wir seien mit abgelaufenen Visa im Land unterwegs. Oft wissen selbst Polizisten und Milit\u00e4rs nicht, wie die eingetragenen Daten in den Visa zu verstehen sind. Grunds\u00e4tzlich gibt es mehrere Arten an Visa.<\/p>\n<p>Bei sogenannten \u201eFixed Date Visa\u201c ist der erlaubte Aufenthaltszeitraum im Reiseland auf den Visa ersichtlich. Das Visum berechtigt beispielsweise zum Aufenthalt genau von 1.Juli bis 31 Juli. Nat\u00fcrlich kann sp\u00e4ter eingereist und fr\u00fcher ausgereist werden.<\/p>\n<p>Bei anderen Visa ist ein G\u00fcltigkeitszeitraum bis zur Einreise angegeben (meist &#8218;enter before &#8230;&#8216;, manchmal auch &#8218;valid until &#8230;&#8216;) und eine Aufenthaltsdauer im Land (meist &#8218;duration of stay &#8230;&#8216;). Hierbei gilt, dass innerhalb des G\u00fcltigkeitszeitraums ein, aber nicht ausgereist werden muss. Ab dem Tag der Einreise (Einreisestempel) werden dann die Aufenthaltstage gerechnet. Somit kann es durchaus vorkommen, dass im Pass ein bereits vergangenes Datum mit &#8218;valid until&#8216; eingetragen ist, man aber noch legal im Land ist, was dann bei Kontrollen zu Irritationen f\u00fchren kann.<\/p>\n<p>Um das Ganze noch ein bisschen verwirrender zu gestalten, kann bei Visa, die zur mehrfachen Einreise berechtigen, die erlaubte Aufenthaltsdauer entweder f\u00fcr alle Aufenthalte im Land gemeinsam gerechnet werden oder es gilt die Aufenthaltsdauer jeweils pro Einreise immer wieder neu.<\/p>\n<p>Es gilt also sich bereits vor Beantragung der Visa umfassend zu informieren, wie die Angaben auf den Visa zu verstehen sind, nicht zuletzt, um bei m\u00f6glichen Kontrollen im Land den Ordnungsh\u00fctern zu erkl\u00e4ren wie die Visa ihres Landes zu lesen sind.<\/p>\n<p>Unter <a title=\"L\u00e4nderspezifische Informationen\" href=\"https:\/\/www.abseitsreisen.de\/blog\/lander-informationen\/\" target=\"_self\" rel=\"noopener\">L\u00e4nder &#8211; Informationen<\/a> sind weitere Informationen zu den Visabestimmungen der einzelnen L\u00e4nder zu finden.<\/p>\n<p>&nbsp;<\/p>\n<p>weiter zu <a title=\"Reiseinformationen Trinkwasser\" href=\"https:\/\/www.abseitsreisen.de\/blog\/reise-informationen\/trinkwasser\/\" target=\"_self\" rel=\"noopener\">Trinkwasser<\/a><\/p>\n","protected":false},"excerpt":{"rendered":"<p>W\u00e4hrend innerhalb Europas die meisten Grenzen frei passierbar sind, Schlagb\u00e4ume und Grenzposten abgebaut wurden und man oft noch nicht einmal merkt, wenn man eine Staatsgrenze passiert, ist die Einreise in viele Staaten au\u00dferhalb Europas nur mit einem Visum m\u00f6glich. In &hellip; <a href=\"https:\/\/www.abseitsreisen.de\/blog\/reise-informationen\/visa\/\">Weiterlesen<\/a><\/p>\n","protected":false},"author":1,"featured_media":0,"parent":302,"menu_order":5,"comment_status":"closed","ping_status":"closed","template":"","meta":{"kt_blocks_editor_width":"","_metis_text_type":"standard","_metis_text_length":1289,"_post_count":0,"footnotes":""},"class_list":["post-323","page","type-page","status-publish","hentry"],"aioseo_notices":[],"public_identification_id":"04498e80af5a42b39279b12911ad9fb3","private_identification_id":"ae0532210cbc464592afa9a5853a709a","_links":{"self":[{"href":"https:\/\/www.abseitsreisen.de\/blog\/wp-json\/wp\/v2\/pages\/323","targetHints":{"allow":["GET"]}}],"collection":[{"href":"https:\/\/www.abseitsreisen.de\/blog\/wp-json\/wp\/v2\/pages"}],"about":[{"href":"https:\/\/www.abseitsreisen.de\/blog\/wp-json\/wp\/v2\/types\/page"}],"author":[{"embeddable":true,"href":"https:\/\/www.abseitsreisen.de\/blog\/wp-json\/wp\/v2\/users\/1"}],"replies":[{"embeddable":true,"href":"https:\/\/www.abseitsreisen.de\/blog\/wp-json\/wp\/v2\/comments?post=323"}],"version-history":[{"count":13,"href":"https:\/\/www.abseitsreisen.de\/blog\/wp-json\/wp\/v2\/pages\/323\/revisions"}],"predecessor-version":[{"id":302962,"href":"https:\/\/www.abseitsreisen.de\/blog\/wp-json\/wp\/v2\/pages\/323\/revisions\/302962"}],"up":[{"embeddable":true,"href":"https:\/\/www.abseitsreisen.de\/blog\/wp-json\/wp\/v2\/pages\/302"}],"wp:attachment":[{"href":"https:\/\/www.abseitsreisen.de\/blog\/wp-json\/wp\/v2\/media?parent=323"}],"curies":[{"name":"wp","href":"https:\/\/api.w.org\/{rel}","templated":true}]}}