{"id":3517,"date":"2013-07-18T17:26:40","date_gmt":"2013-07-18T15:26:40","guid":{"rendered":"http:\/\/www.abseitsreisen.de\/blog\/?page_id=3517"},"modified":"2023-11-20T18:09:08","modified_gmt":"2023-11-20T17:09:08","slug":"ecuador","status":"publish","type":"page","link":"https:\/\/www.abseitsreisen.de\/blog\/lander-informationen\/ecuador\/","title":{"rendered":"Ecuador"},"content":{"rendered":"<p style=\"text-align: justify;\"><strong>Stand der Informationen<br \/>\n<\/strong>April 2013<\/p>\n<p style=\"text-align: justify;\"><strong> Visa<\/strong><br \/>\nAls deutscher Staatsb\u00fcrger darf man sich 90 Tage visafrei in Ecuador aufhalten. Die 90-t\u00e4gige Aufenthaltsgenehmigung wird in den Pass eingestempelt.<\/p>\n<p style=\"text-align: justify;\"><strong>Einreisebestimmungen<\/strong><br \/>\nF\u00fcr das Fahrzeug erh\u00e4lt man eine tempor\u00e4re Einfuhrerlaubnis f\u00fcr ebenfalls 90 Tage. Eine Fahrzeugversicherung (SOAT) kann direkt an der Grenze Tulcan\/Ipiales abschlossen werden, allerdings nur f\u00fcr einen Monat. Die Versicherung f\u00fcr unser Fahrzeug kostete 6,80 US$\/Monat. Eine Fahrzeugversicherung kann in St\u00e4dten und an vielen Tankstellen abgeschlossen werden, eine Verl\u00e4ngerung ist demnach unproblematisch.<\/p>\n<p style=\"text-align: justify;\"><strong>Grenzabwicklung<\/strong><br \/>\nDie Grenzabwicklung an der Grenze Tulcan\/ Ipiales aus Kolumbien kommend ist unkompliziert. Das Fahrzeug kann am rechten Stra\u00dfenrand direkt vor dem Zollgeb\u00e4ude geparkt werden. Migration, Zoll und Versicherung befinden sich im selben Geb\u00e4udekomplex und sind leicht zu finden. In der Migration erh\u00e4lt man ein Einreiseformular, das man ausgef\u00fcllt am Schalter abgeben muss, um daraufhin den Einreisestempel \u00fcber 90 Tage zu erhalten. Da man f\u00fcr die tempor\u00e4re Einfuhr des Fahrzeuges einen Fahrzeugversicherung nachweisen muss, geht es nun zu einem kleinen B\u00fcro auf der linken Seite des Geb\u00e4udes mit der Aufschrift SOAT. Dort wird f\u00fcr wenige Dollar eine Fahrzeugversicherung \u00fcber einen Monat ausgestellt. Hierf\u00fcr ben\u00f6tigt man eine Kopie der Fahrzeugpapiere, der P\u00e4sse und F\u00fchrerscheine. Eine Kopierstelle befindet sich gleich auf der gegen\u00fcberliegenden Stra\u00dfenseite. Die Kopien k\u00f6nnen in Pesos oder in US$ bezahlt werden, das kleine Gesch\u00e4ft fungiert dar\u00fcber hinaus auch als Wechselstube (Wir bekamen hier einen etwas besseren Kurs als auf der Stra\u00dfe). F\u00fcr die tempor\u00e4re Einfuhrerlaubnis ben\u00f6tigt man weitere Kopien: Erste Passseite des Fahrzeughalters und Seite mit Einreisestempel, Fahrzeugpapiere, Fahrzeugversicherung. Die Zollbeh\u00f6rde befindet sich in einem kleinen Raum auf der rechten Seite des Geb\u00e4udekomplexes und erteilt unter Vorlage der Kopien eine tempor\u00e4re Einfuhrerlaubnis \u00fcber 90 Tage. Das Fahrzeug wurde nicht begutachtet. Der Sonntag erwies sich als guter Tag, da sehr wenig Grenzverkehr herrschte und wir in weniger als einer Stunde alles erledigt hatten.<\/p>\n<p style=\"text-align: justify;\">Die Ausreise \u00fcber den kleinen Grenz\u00fcbergang bei &#8218;La Balza&#8216; verlief sehr z\u00fcgig. In einem kleinen Grenzgeb\u00e4ude auf der linken Seite befindet sich die Migration. Nachdem die P\u00e4sse ausgestempelt wurden, wartete bereits der Zollbeamte vor der T\u00fcr auf uns, um das Formular der Einfuhrgenehmigung entgegen zu nehmen. Dauer ca. zehn Minuten.<\/p>\n<p style=\"text-align: justify;\"><strong>Stellpl\u00e4tze<\/strong><br \/>\n<span style=\"text-decoration: underline;\">Otavalo<\/span><br \/>\nN 00\u00b0 13&#8242; 06.9&#8243;, W 078\u00b0 16&#8242; 34.7&#8243;<br \/>\n&#8211; weitl\u00e4ufiger Campingplatz\u2028- 5 US$ pro Person\/Nacht (bleibt man eine Woche, ist eine Nacht frei)<br \/>\n&#8211; Wasser und Stromanschluss m\u00f6glich (110V und 220V verf\u00fcgbar)<br \/>\n&#8211; relativ schnelles Wi-Fi auch vom Stellplatz aus<br \/>\n&#8211; hei\u00dfe Duschen und saubere Toiletten\u2028- Kochgelegenheit vorhanden<br \/>\n&#8211; keine H\u00f6henbeschr\u00e4nkung\u2028- f\u00fcr gro\u00dfe Fahrzeuge ist es einfacher, r\u00fcckw\u00e4rts in die schr\u00e4ge Einfahrt zu sto\u00dfen<br \/>\n&#8211; drei\u00dfig Minuten zu Fu\u00df ins Zentrum\u2028- Taxi ins Zentrum kostet ca. 1,50 US$<br \/>\n&#8211; Busse fahren regelm\u00e4\u00dfig in der N\u00e4he des Campingplatzes vorbei, 0,25 US$\/Person<br \/>\n&#8211; sehr gem\u00fctlicher Platz, wir haben uns hier \u00fcber eine Woche sehr wohl gef\u00fchlt<br \/>\n&#8211; einziger Makel: die Besitzer nutzen den Campingplatz als Hundeklo f\u00fcr diverse Hunde<\/p>\n<p style=\"text-align: justify;\">Tipp: Auch wenn das Haus verlassen wirkt und niemand auf das Klingeln reagiert, der Campingplatz ist nicht geschlossen, wie wir erst dachten. Einfach warten oder die Nachbarn fragen, fr\u00fcher oder sp\u00e4ter taucht Dennis, der noch ein weiteres Hostel in der Stadt f\u00fchrt, wieder auf. Vielleicht ist auch die Einfahrt f\u00fcr den Campingplatz, die erst etwas 50 Meter nach dem Eingangstor kommt, ge\u00f6ffnet.<\/p>\n<p style=\"text-align: justify;\"><span style=\"text-decoration: underline;\">Quito<\/span><br \/>\nS 00\u00b0 11&#8242; 51.2&#8243;, W 078\u00b0 29&#8242; 17.4&#8243;<br \/>\n&#8211; 8 US$ pro Nacht \/ 5 US$ pro Tag \u2028(Bei Ankunft sagte uns ein Bursche, der Platz koste 8 US$ f\u00fcr 24 Stunden. Als wir zahlen wollten, nannte uns der Chef obigen Preis. Wir einigten uns auf 10 US$\/ 24Std.)<br \/>\n&#8211; in einem Nobelviertel zwischen Mc Donalds und Hotel Marriott gelegen\u2028- riesiger Parkplatz ohne H\u00f6henbeschr\u00e4nkung<br \/>\n&#8211; sauber Toilette<br \/>\n&#8211; ruhig und doch recht zentral<br \/>\n&#8211; zwanzig Minuten zu Fu\u00df ins Ausgehviertel Mariscal<br \/>\n&#8211; in den N\u00e4he befinden sich etliche 24 Stundenparkpl\u00e4tze, die jedoch alle nur kleine Fahrzeuge akzeptierten und dar\u00fcber hinaus deutlich teuerer waren.<\/p>\n<p style=\"text-align: justify;\">Tipp: Da sich der Parkplatz tags\u00fcber schnell f\u00fcllt ist es f\u00fcr gro\u00dfe Fahrzeuge g\u00fcnstiger vor 9 Uhr oder nach 17 Uhr zu kommen.<\/p>\n<p style=\"text-align: justify;\"><span style=\"text-decoration: underline;\">Lagune Quilotoa<\/span><br \/>\nS 00\u00b0 52&#8242; 05.0&#8243;, W 078\u00b0 54&#8242; 58.6&#8243;<br \/>\n&#8211; gro\u00dfer kostenloser Parkplatz direkt vor der Lagune<br \/>\n&#8211; Toiletten im nagelneuen Besucherzentrum<br \/>\n&#8211; sehr angenehmer, ruhiger Stellplatz<br \/>\n&#8211; keine H\u00f6henbeschr\u00e4nkung<\/p>\n<p style=\"text-align: justify;\">Tipp: Die Wanderung entlang des Kraterrands der Lagune ist zwar sehr anstrengend, da es st\u00e4ndig bergauf und bergab geht, aber sie z\u00e4hlt zu den sch\u00f6nsten Wanderungen unserer bisherigen Reise. Die reine Wanderzeit betr\u00e4gt etwa vier Stunden. Die Route im Uhrzeigersinn gehen, da dann der anstrengendste Abschnitt zuerst kommt. Die Erfahrung von <a title=\"paula und jeremy\" href=\"http:\/\/seventeenbysix.wordpress.com\/2013\/05\/21\/big-boys-do-cry\/\" target=\"_blank\" rel=\"noopener\">Paula und Jeremy\u00a0<\/a>zeigt, dass die Wanderung f\u00fcr Personen mit H\u00f6henangst nicht geeignet ist.<\/p>\n<p style=\"text-align: justify;\"><span style=\"text-decoration: underline;\">Cotopaxi<\/span><br \/>\nS 00\u00b0 38&#8242; 02.5&#8243;, W 078\u00b0 29&#8242; 00.1&#8243;<br \/>\n&#8211; traumhaft sch\u00f6nes Campinggel\u00e4nde mit Blick auf den Cotopaxi<br \/>\n&#8211; kostenlos, man muss sich lediglich am Eingang zum Nationalpark registrieren\u2028- neue Toilettenanlagen<br \/>\n&#8211; Grill und \u00fcberdachter Sitzplatz vorhanden<br \/>\n&#8211; ein Wasserhahn befindet sich in der Mitte der Wiese und kann zum Wasser auff\u00fcllen genutzt werden<br \/>\n&#8211; die Stra\u00dfe, die vom S\u00fcden in den Park f\u00fchrt ist nagelneu, die Stra\u00dfe, die vom Norden kommt soll deutlich schlechter sein<br \/>\n&#8211; keine H\u00f6henbeschr\u00e4nkung<\/p>\n<p style=\"text-align: justify;\"><span style=\"text-decoration: underline;\">Saquisil\u00ed<\/span><br \/>\nS 00\u00b0 49&#8242; 47.3&#8243;, W 078\u00b0 39&#8242; 59.8&#8243;<br \/>\n&#8211; gro\u00dfe staubige Fl\u00e4che direkt am Tiermarkt\u2028- sicher, da eine nagelneue Polizeistation 24 Stunden \u00fcber den Platz wacht<br \/>\n&#8211; keinerlei Infrastruktur, doch perfekt um das Erwachen des Tiermarktes am Donnerstagmorgen hautnah mitzuerleben<br \/>\n&#8211; zwanzig Minuten zu Fu\u00df ins Stadtzentrum<br \/>\n&#8211; keine H\u00f6henbeschr\u00e4nkung<\/p>\n<p style=\"text-align: justify;\"><span style=\"text-decoration: underline;\">Ba\u00f1os<\/span><br \/>\nParque Montalvo<br \/>\nS 01\u00b0 24&#8242; 00.8&#8243;, W 078\u00b0 25&#8242; 12.8&#8243;<br \/>\n&#8211; Parkplatz am Stra\u00dfenrand<br \/>\n&#8211; kostenloses \u00f6ffentliches Wi-Fi\u2028- \u00f6ffentliche sehr saubere Toilettenanlage mit kalter Dusche<br \/>\n&#8211; Stromanschluss an einigen Masten m\u00f6glich<br \/>\n&#8211; tags\u00fcber bis abends sehr belebt, nachts ruhig<br \/>\n&#8211; f\u00fcnf Minuten zu Fu\u00df ins Zentrum<br \/>\n&#8211; wir haben uns hier vier N\u00e4chte sehr wohl und sicher gef\u00fchlt<\/p>\n<p style=\"text-align: justify;\"><span style=\"text-decoration: underline;\">Chimborazo<\/span><br \/>\nS 01\u00b0 29&#8242; 51.5&#8243;, W 078\u00b0 52&#8242; 30.5&#8243;<br \/>\n&#8211; Stellplatz und Eintritt in den Park sind kostenlos<br \/>\n&#8211; gute M\u00f6glichkeit um Wasser aufzuf\u00fcllen (viel Druck und angeblich Trinkwasserqualit\u00e4t)<br \/>\n&#8211; nagelneue Toilettenanlagen<br \/>\n&#8211; das Einfahrtstor ist relativ hoch, mind. 3,50m<br \/>\n&#8211; sehr ruhig<\/p>\n<p style=\"text-align: justify;\">Tipp: Falls man wie wir erst nach 17 Uhr ankommt, bei den Unterk\u00fcnften der Nationalparkw\u00e4chter klopfen. Sie sind sehr nett und \u00f6ffnen die Einfahrt auch nachdem der Park schon geschlossen hat.<\/p>\n<p style=\"text-align: justify;\"><span style=\"text-decoration: underline;\">Alausi<\/span><br \/>\nBahnhof<br \/>\nS 02\u00b0 12&#8242; 06.8&#8243;, W 078\u00b0 50&#8242; 51.5&#8243;<br \/>\n&#8211; kleiner Parkplatz direkt am Bahnhof<br \/>\n&#8211; nachts ruhig, tags\u00fcber belebt<br \/>\n&#8211; sehr saubere Toiletten w\u00e4hrend der \u00d6ffnungszeiten im Bahnhof<br \/>\n&#8211; keine H\u00f6henbeschr\u00e4nkung<\/p>\n<p style=\"text-align: justify;\">Parque Central<br \/>\nS 02\u00b0 12&#8242; 03.0&#8243;, W 078\u00b0 50&#8242; 47.7&#8243;<br \/>\n&#8211; anders als der Name vermuten l\u00e4sst, wird dieser Park so gut wie nicht gen\u00fctzt<br \/>\n&#8211; am Bahnhof rechts abbiegen und gleich die n\u00e4chste Stra\u00dfe links nehmen, so gelangt man auch mit einem gro\u00dfen Fahrzeug ohne viel Rangieren zum Parque Central<br \/>\n&#8211; hier gibt es eine Reihe Parkpl\u00e4tze, die bei unserem Besuch alle frei waren<br \/>\n&#8211; da eine Polizeistation direkt am Park liegt, d\u00fcrfte der Standort nicht nur ruhig, sondern auch sicher sein<br \/>\n&#8211; wir haben nicht hier sondern direkt am Bahnhof \u00fcbernachtet<\/p>\n<p style=\"text-align: justify;\">Tipp: F\u00fcr die Zugfahrt nach Sibambe gibt es Tickets f\u00fcr 25 US$ und f\u00fcr 35 US$ pro Person. Der Aufpreis lohnt jedoch nicht, da der Unterschied lediglich in zwei kleinen Dachfenstern besteht, durch die es nichts weiter als vielleicht einen sch\u00f6nen Himmel zu sehen gibt. Viel entscheidender ist, dass man Sitze in Fahrtrichtung rechts w\u00e4hlt, da man nur von diesen in die Schlucht blicken kann. Drei\u00dfig Minuten lang f\u00e4hrt man in einem nagelneuen Zug mit gro\u00dfen Panorama-Fenstern bis nach Sibambe. Die Strecke ist sch\u00f6n, doch nicht spektakul\u00e4r. In Sibambe erwartet einen ein liebloses Tanzprogramm und ein kleiner Imbiss, bevor es nach einer Stunde wieder zur\u00fcck geht. Wir empfanden die Zugfahrt als wenig beeindruckend und k\u00f6nnen sie nicht empfehlen. (<a title=\"die klimatisierte Teufelsnase\" href=\"https:\/\/www.abseitsreisen.de\/blog\/blog\/2013\/06\/21\/ecuador-die-klimatisierte-teufelsnase\/\">Ecuador. Die klimatisierte Teufelsnase<\/a>)<\/p>\n<p style=\"text-align: justify;\"><span style=\"text-decoration: underline;\">Ingapirca<\/span><br \/>\nS 02\u00b0 12&#8242; 01.6&#8243;, W 078\u00b0 50&#8242; 47.4&#8243;<br \/>\n&#8211; kostenloser Parkplatz direkt am Eingang zu den Ruinen<br \/>\n&#8211; Free Wi-Fi, funktioniert in direkter N\u00e4he zum Besucherzentrum auch vom Parkplatz aus. Das Passwort kann im Besucherzentrum erfragt werden, aktuell lautet es &#8218;complejo2013&#8216;.<br \/>\n&#8211; saubere neue Toiletten im Besucherzentrum<br \/>\n&#8211; f\u00fcr den Fall, dass man die Toiletten au\u00dferhalb der \u00d6ffnungszeiten benutzen m\u00f6chte, hat der Guard, der die ganze Nacht \u00fcber Wache h\u00e4lt, einen Schl\u00fcssel\u2028.<br \/>\n&#8211; sehr angenehmer, ruhiger Stellplatz<br \/>\n&#8211; der Eintritt zu den Ruinen kostet 6 US$ pro Person, Studenten zahlen die H\u00e4lfte. Im Preis ist ein spanisch oder englisch sprechender Guide inbegriffen.<br \/>\n&#8211; keine H\u00f6henbeschr\u00e4nkung<\/p>\n<p style=\"text-align: justify;\"><span style=\"text-decoration: underline;\">Quenca<\/span><br \/>\nCaba\u00f1as Yanuncay<br \/>\nS 02\u00b0 54&#8242; 21.0&#8243;, W 079\u00b0 01&#8242; 40.4&#8243;<br \/>\n&#8211; sympathische Mischung aus Campingplatz, Bauernhof und Schrottplatz<br \/>\n&#8211; 15US$\/Nacht, ab vier N\u00e4chten 10 US$\/Nacht<br \/>\n&#8211; hei\u00dfe Dusche und saubere Toilette in einer der Caba\u00f1as<br \/>\n&#8211; relativ schnelles Wi-Fi auch vom Stellplatz aus<br \/>\n&#8211; Wasser und Stromanschluss im Preis inbegriffen (110V und 220V verf\u00fcgbar)<br \/>\n&#8211; drei\u00dfig Minuten zu Fu\u00df in die Stadt, es f\u00e4hrt aber auch regelm\u00e4\u00dfig ein Bus f\u00fcr 0,25US$ pro Person ins Zentrum\u2028- 2,50 US$ mit dem Taxi ins Zentrum oder zur\u00fcck<br \/>\n&#8211; sehr gem\u00fctlicher Platz, nur die H\u00e4hne kr\u00e4hen ab f\u00fcnf Uhr morgens<br \/>\n&#8211; es gibt zwei Einfahrten, so dass hohe Fahrzeuge das Tor ohne H\u00f6henbegrenzung nehmen k\u00f6nnen.<\/p>\n<p style=\"text-align: justify;\"><span style=\"text-decoration: underline;\">Nationalpark Las Cajas<\/span><br \/>\nS 02\u00b0 47&#8242; 0.5&#8243;, W 079\u00b0 13&#8242; 20.5&#8243;<br \/>\n&#8211; 4US$ pro Person\/Nacht<br \/>\n&#8211; Parkplatz vor dem Besucherzentrum<br \/>\n&#8211; Toiletten vorhanden<br \/>\n&#8211; keine H\u00f6henbeschr\u00e4nkung<br \/>\n&#8211; wundersch\u00f6ner Nationalpark mit traumhaften Wanderungen, die jedoch teilweise nur sehr l\u00fcckenhaft ausgeschildert sind. Wir waren \u00fcber unser GPS froh.<\/p>\n<p style=\"text-align: justify;\"><span style=\"text-decoration: underline;\">Sigsig<\/span><br \/>\n&#8211; S 03\u00b0 3&#8242; 8.9&#8243;, W 078\u00b0 47&#8242; 35.5&#8243;<br \/>\n&#8211; kostenloser Parkplatz an kleinem Stadtplatz<br \/>\n&#8211; nachts sehr ruhig<br \/>\n&#8211; keine Infrastruktur<\/p>\n<p style=\"text-align: justify;\">Tipp: Kurz au\u00dferhalb von Sigsig kann in einer kleinen Hutmanufaktur der gr\u00f6\u00dfte Hut der Welt bestaunt werden. Au\u00dferdem kann man bei der Herstellung zusehen oder sich einen handgefertigten Strohhut anpassen lassen.<\/p>\n<p style=\"text-align: justify;\"><span style=\"text-decoration: underline;\">Vilcabamba<\/span><br \/>\nHosteria Izhcayluma<br \/>\n&#8211; S 04\u00b0 16&#8242; 44.44&#8220;, W 079\u00b0 13&#8242; 23.66&#8220;<br \/>\n&#8211; 4US$ pro Person\/Nacht<br \/>\n&#8211; sehr liebevoll angelegte Hotelanlage mit Stellplatzm\u00f6glichkeit<br \/>\n&#8211; der Stellplatz selbst ist nicht sonderlich sch\u00f6n, da er sich direkt an der Stra\u00dfe befindet. Nachts relativ ruhig. Hecken sind bereits gepflanzt und werden in einiger Zeit f\u00fcr eine gem\u00fctlichere Atmosph\u00e4re sorgen.<br \/>\n&#8211; kleinere Fahrzeug d\u00fcrfen auf dem oberen Parkplatz stehen<br \/>\n&#8211; Strom und Wasseranschluss im Preis inbegriffen<br \/>\n&#8211; schnelles Wi-Fi innerhalb der Hotelanlage<br \/>\n&#8211; saubere Toiletten und hei\u00dfe Duschen<br \/>\n&#8211; sehr leckeres Restaurant<br \/>\n&#8211; Swimmingpool<br \/>\n&#8211; B\u00fcchertausch zwei zu eins<br \/>\n&#8211; 25 Minuten zu Fu\u00df ins Zentrum des Ortes<br \/>\n&#8211; keine H\u00f6henbeschr\u00e4nkung<\/p>\n<p style=\"text-align: justify;\">Tipp: Kurz vor Vilcabamba befindet sich die vorletzte Tankstelle auf der Strecke nach Peru \u00fcber den Grenz\u00fcbergang &#8218;La Balza&#8216;. Besser hier volltanken, denn an der Tankstelle kurz vor der Grenze werden die Spritmengen notiert und sind eventuell begrenzt.<\/p>\n<p style=\"text-align: justify;\"><strong>Kraftstoff<\/strong><br \/>\nDiesel kostet in ganz Ecuador 1,02 US$ bzw. 1,03 US$ pro Gallone, das entspricht etwa 0,20 \u20ac pro Liter. Das Tankstellennetz ist sehr dicht ausgebaut.<\/p>\n<p style=\"text-align: justify;\"><strong>Kommunikation<\/strong><br \/>\nClaro und Movistar sind die am weitesten verbreiteten Mobilfunkanbieter in Ecuador. Die Simkarten beider Anbieter kosten jeweils 5 US$ mit einem Startguthaben von 3 US$. Uns sagte man, dass man mit Movistar g\u00fcnstiger nach Deutschland telefonieren k\u00f6nne als mit Claro. Ob das stimmt, wissen wir nicht. Mit Movistar kostet die Minute ins deutsche Festnetz ungef\u00e4hr 0,50 US$. Da viele Hostels, Campingpl\u00e4tze und selbst \u00f6ffentliche Pl\u00e4tze in Ecuador mit Wi-Fi ausgestattet sind, haben wir nicht versucht \u00fcber die Simkarte ins Internet zu gehen und k\u00f6nnen dar\u00fcber keine Auskunft geben. Eine Stunde im Internetcaf\u00e9 kostet etwa 0,60 US$. Die Netzabdeckung von Movistar ist zufriedenstellend, lediglich in den Nationalparks und in sehr abgelegen Regionen war das Netz nicht immer fl\u00e4chendeckend gegeben.<\/p>\n<blockquote>\n<p style=\"text-align: justify;\">Helfen euch die Informationen auf unserer Webseite beim Reisen oder der Vorbereitung dazu weiter? Freut uns. Auch ihr k\u00f6nnt unser Reiseprojekt unterst\u00fctzen, einfach und kostenlos.<\/p>\n<p style=\"text-align: justify;\">Wenn ihr das n\u00e4chste Mal bei Amazon bestellt, nutzt daf\u00fcr den\u00a0<a href=\"http:\/\/www.amazon.de\/?_encoding=UTF8&amp;site-redirect=de&amp;tag=wwwabseitsrei-21&amp;linkCode=ur2&amp;camp=1638&amp;creative=6742\" target=\"_blank\" rel=\"noopener\">Amazon-Link<\/a>\u00a0bei abseitsreisen.de bevor ihr etwas in den Warenkorb legt. Amazon verg\u00fctet uns dadurch ein kleine Linkpr\u00e4mie. Der Preis f\u00fcr euch als Kunden bleibt dadurch nat\u00fcrlich unber\u00fchrt.<\/p>\n<p style=\"text-align: justify;\">Noch besser: Zieht euch diesen\u00a0<a href=\"http:\/\/www.amazon.de\/?_encoding=UTF8&amp;site-redirect=de&amp;tag=wwwabseitsrei-21&amp;linkCode=ur2&amp;camp=1638&amp;creative=6742\" target=\"_blank\" rel=\"noopener\">Amazon-Link<\/a>\u00a0per Drag-and-Drop in die Lesezeichen eures Browsers und klickt euch so f\u00fcr die n\u00e4chsten Bestellungen zu Amazon. Damit unterst\u00fctzt ihr kostenlos diese Webseite bei jedem Einkauf. Dankesch\u00f6n.<\/p>\n<\/blockquote>\n<p style=\"text-align: justify;\"><strong>Stra\u00dfen<\/strong><br \/>\nDie Stra\u00dfen in Ecuador sind h\u00e4ufig mautpflichtig, doch die Geb\u00fchren sind mit 1 US$ f\u00fcr Pkws pro Mautstelle und der durchweg hervorragenden Stra\u00dfenqualit\u00e4t durchaus berechtigt. Die H\u00f6he der Geb\u00fchren richtet sich wie auch in Kolumbien nach der Anzahl der Reifen, ein Fahrzeug mit vier Reifen gilt als Pkw. Es ist sinnvoll die Quittungen aufzuheben, um bei einer Zuordnung in die falsche Kategorie nachweisen zu k\u00f6nnen, dass das Fahrzeug bei zur\u00fcckliegenden Mautstellen bereits als Pkw behandelt worden war.\u00a0Die Kategorie &#8218;Zwei&#8216; kostet das Doppelte. Wir sind von der Stra\u00dfenqualit\u00e4t in Ecuador sehr positiv \u00fcberrascht, selbst Nebenstra\u00dfen sind h\u00e4ufig nagelneu oder befinden sich gerade im Ausbau, auch die Beschilderung ist ausgezeichnet. Polizeikontrollen gibt es nur sehr selten. Lediglich die Stra\u00dfe ab Vilcabamba in Richtung der peruanischer Grenze &#8218;La Balza&#8216; ist gr\u00f6\u00dftenteils nicht geteert und in recht schlechtem Zustand. Zwar wird ein Teil der Strecke bereits ausgebaut, doch bis die Verbindung nach Peru fertig ist, d\u00fcrfte es noch einige Jahre dauern.<\/p>\n<p style=\"text-align: justify;\"><strong>Trinkwasser \/ Versorgungslage<\/strong><br \/>\nZwanzig Liter Trinkwasser kosten in einer Mehrwegkaraffe 2,50 US$, die man h\u00e4ufig auch in kleinen Superm\u00e4rkten bekommt. Brauchwasser kann an Tankstellen, an Wasserh\u00e4hnen in Nationalparks oder bei Campingpl\u00e4tzen aufgef\u00fcllt werden. Die Supermarktkette Supermaxi h\u00e4lt jede Menge europ\u00e4ische Leckereien zu europ\u00e4ischen Preisen bereit. Ob Schokolade, K\u00e4se und Joghurt bis hin zur Gem\u00fcsebr\u00fche bleibt kein Wunsch offen. Auch andere Superm\u00e4rkte haben ein \u00e4hnliches Angebot, doch zu teilweise deutlich h\u00f6heren Preisen. Frisches Gem\u00fcse und Obst ist auf den M\u00e4rkten deutlich g\u00fcnstiger als im Supermarkt und liegt weit unter dem europ\u00e4ischen Niveau, ein Kilo Tomaten kostet etwa 1US$. Ein landestypisches Mittagsmen\u00fc mit Suppe und Hauptgang bekommt man zwischen 1,50 US$ und 3,50 US$.<\/p>\n<p style=\"text-align: justify;\"><strong>Geld<\/strong><br \/>\nDie W\u00e4hrung in Ecuador ist der US$. Bankautomaten gibt es in jeder Stadt, jedoch akzeptierten nicht alle Bankautomaten unser Visa-Karte. Manche Banken verlangen pro Abhebevorgang eine Geb\u00fchr von 1,50 US$, nicht so die gr\u00f6\u00dfte Bank des Landes, die &#8218;Banco Pinchincha&#8216;.<\/p>\n<p style=\"text-align: justify;\"><strong>Sonstiges<\/strong><br \/>\n<span style=\"text-decoration: underline;\">Congas<\/span><br \/>\nS 01\u00b0 03&#8242; 36.8&#8243;, W 078\u00b0 36&#8242; 11.3&#8243;<br \/>\nWir mussten seit langem mal wieder unsere Gasflaschen auff\u00fcllen und wurden zwischen Latacunga und Ambato f\u00fcndig. Direkt nach dem Ort San Miguel de Salcedo befindet sich rechts der Stra\u00dfe ein gro\u00dfes Gaswerk. Dort konnten unsere deutschen Gasflaschen mit einem amerikanischen Adapter problemlos gef\u00fcllt werden\u00a0(Mittagspause 12-14 Uhr). Eine F\u00fcllung f\u00fcr eine 11kg Gasflasche kostete 2 US$.<\/p>\n<p style=\"text-align: justify;\"><span style=\"text-decoration: underline;\">Bosch Batterien<\/span><br \/>\nS 00\u00b0 56&#8242; 19.3&#8243;, W 078\u00b0 37&#8242; 09.1&#8243;<br \/>\nUnser Starterbatterien mussten ausgetauscht werden. In Latacunga fanden wir eine nette kleine Bosch-Werkstatt mit sehr netten und hilfsbereiten Mitarbeitern.<\/p>\n<p style=\"text-align: justify;\"><span style=\"text-decoration: underline;\">Letzte Tankstelle auf ecuadorianischer Seite kurz vor dem kleinen Grenz\u00fcbergang &#8218;La Balza&#8216;<\/span><br \/>\nS 04\u00b0 51&#8242; 47.5&#8243;, W 79\u00b0 07&#8242; 34.1&#8243;<br \/>\nUm das Schmuggeln von Kraftstoff zu unterbinden, werden hier Namen, Nummernschild und getankte Menge von der Polizei notiert. Daher gro\u00dfe Mengen Sprit besser vorab in Vilcabamba tanken.<\/p>\n","protected":false},"excerpt":{"rendered":"<p>Stand der Informationen April 2013 Visa Als deutscher Staatsb\u00fcrger darf man sich 90 Tage visafrei in Ecuador aufhalten. Die 90-t\u00e4gige Aufenthaltsgenehmigung wird in den Pass eingestempelt. Einreisebestimmungen F\u00fcr das Fahrzeug erh\u00e4lt man eine tempor\u00e4re Einfuhrerlaubnis f\u00fcr ebenfalls 90 Tage. Eine &hellip; <a href=\"https:\/\/www.abseitsreisen.de\/blog\/lander-informationen\/ecuador\/\">Weiterlesen<\/a><\/p>\n","protected":false},"author":2,"featured_media":0,"parent":473,"menu_order":30,"comment_status":"closed","ping_status":"closed","template":"","meta":{"kt_blocks_editor_width":"","_metis_text_type":"standard","_metis_text_length":16987,"_post_count":0,"footnotes":""},"class_list":["post-3517","page","type-page","status-publish","hentry"],"aioseo_notices":[],"public_identification_id":"8f9edddb46994328a55b4a8e88118217","private_identification_id":"34a34fd548b0402a94654e48963694cc","_links":{"self":[{"href":"https:\/\/www.abseitsreisen.de\/blog\/wp-json\/wp\/v2\/pages\/3517","targetHints":{"allow":["GET"]}}],"collection":[{"href":"https:\/\/www.abseitsreisen.de\/blog\/wp-json\/wp\/v2\/pages"}],"about":[{"href":"https:\/\/www.abseitsreisen.de\/blog\/wp-json\/wp\/v2\/types\/page"}],"author":[{"embeddable":true,"href":"https:\/\/www.abseitsreisen.de\/blog\/wp-json\/wp\/v2\/users\/2"}],"replies":[{"embeddable":true,"href":"https:\/\/www.abseitsreisen.de\/blog\/wp-json\/wp\/v2\/comments?post=3517"}],"version-history":[{"count":18,"href":"https:\/\/www.abseitsreisen.de\/blog\/wp-json\/wp\/v2\/pages\/3517\/revisions"}],"predecessor-version":[{"id":333998,"href":"https:\/\/www.abseitsreisen.de\/blog\/wp-json\/wp\/v2\/pages\/3517\/revisions\/333998"}],"up":[{"embeddable":true,"href":"https:\/\/www.abseitsreisen.de\/blog\/wp-json\/wp\/v2\/pages\/473"}],"wp:attachment":[{"href":"https:\/\/www.abseitsreisen.de\/blog\/wp-json\/wp\/v2\/media?parent=3517"}],"curies":[{"name":"wp","href":"https:\/\/api.w.org\/{rel}","templated":true}]}}