{"id":4142,"date":"2014-04-06T19:56:57","date_gmt":"2014-04-06T17:56:57","guid":{"rendered":"http:\/\/www.abseitsreisen.de\/blog\/?page_id=4142"},"modified":"2016-06-08T00:12:42","modified_gmt":"2016-06-07T22:12:42","slug":"wildes-suedamerika","status":"publish","type":"page","link":"https:\/\/www.abseitsreisen.de\/blog\/reise-vortrage\/wildes-suedamerika\/","title":{"rendered":"Wildes S\u00fcdamerika"},"content":{"rendered":"<p style=\"text-align: justify;\"><strong><a href=\"https:\/\/www.abseitsreisen.de\/blog\/wp-content\/uploads\/2014\/01\/Plakat_Show_4_web.jpg\"><img loading=\"lazy\" decoding=\"async\" class=\"alignleft size-full wp-image-4225\" style=\"margin: 0pt 20px 10pt 0pt;\" title=\"Wildes S\u00fcdamerika\" src=\"https:\/\/www.abseitsreisen.de\/blog\/wp-content\/uploads\/2014\/01\/Plakat_Show_4_web.jpg\" alt=\"Plakat_Show_4_web\" width=\"305\" height=\"380\" srcset=\"https:\/\/www.abseitsreisen.de\/blog\/wp-content\/uploads\/2014\/01\/Plakat_Show_4_web.jpg 305w, https:\/\/www.abseitsreisen.de\/blog\/wp-content\/uploads\/2014\/01\/Plakat_Show_4_web-240x300.jpg 240w\" sizes=\"auto, (max-width: 305px) 100vw, 305px\" \/><\/a>Mit dem Oldtimer von Kolumbien bis Feuerland.<\/strong><\/p>\n<p style=\"text-align: justify;\">In der live-kommentierten Diashow &#8218;Wildes S\u00fcdamerika&#8216; nehmen wir Sie mit auf 30 000 Kilometern durch sieben faszinierende L\u00e4nder entlang der Anden, von den feuchten Regenw\u00e4ldern Kolumbiens \u00fcber das lebensfeindliche Altiplano Boliviens bis in die gletscherbedeckte Bergwelt Patagoniens.<\/p>\n<p style=\"text-align: justify;\">Spannend, unerwartet und vielschichtig zeigt sich der s\u00fcdamerikanische Kontinent. Grandiose Landschaften, bunte, indigene Bergv\u00f6lker, farbenfrohe Feste, chaotische M\u00e4rkte und herzliche Begegnungen bestimmen den Alltag. Nervenkitzel versprechen einspurige steilabfallende Passstra\u00dfen und die d\u00fcnne H\u00f6henluft bringt nicht nur den 36 Jahre alten Oldtimer an seine Grenzen.<\/p>\n<p style=\"text-align: justify;\">Auf dem Weg durch das heilige Tal in der peruanischen Bergwelt entdecken wir prachtvolle Inkast\u00e4tten, deren pr\u00e4zise Bauweise noch heute R\u00e4tsel aufgeben und erblicken die sagenumwobenen Ruinen des Macchu Picchu im magischen Licht der ersten Sonnenstrahlen. In einer kleinen Cessna fliegen wir \u00fcber die geheimnisvollen Nasca-Linien im W\u00fcstensand und erfahren die enormen Ausma\u00dfe der vor Jahrtausenden in den Boden gescharrten Figuren.<\/p>\n<p style=\"text-align: justify;\">In Bolivien treffen wir auf den ehemaligen Minenarbeiter Antonio, der uns \u00fcber enge, dunkle G\u00e4nge in die Tiefe einer Silbermine hinabf\u00fchrt. Eindrucksvoll und erschreckend authentisch schildert Antonio das kurze schwere Leben tausender Bolivianer, die unter unvorstellbaren Bedingungen im Berg arbeiten.<\/p>\n<p style=\"text-align: justify;\">Eine unwirkliche Welt, abseits jeglicher Zivilisation, er\u00f6ffnet sich uns im kargen, lebensfeindlichen bolivianischen Altiplano, in der pinke Flamingos in roten, gr\u00fcnen und blauen Lagunen die bizarre Landschaft beleben als wir auf knapp 5000 Meter unerwartet in einen Schneesturm geraten und ein Fortkommen unm\u00f6glich wird.<\/p>\n<p style=\"text-align: justify;\">Fiebern Sie mit und seien Sie live dabei, wenn wir vom vierten Abschnitt der sechsj\u00e4hrigen Weltumrundung im Oldtimer berichten. Freuen Sie sich auf eine au\u00dfergew\u00f6hnliche Reisegeschichte, authentisch erz\u00e4hlt, eindrucksvoll bebildert und ausdrucksstark musikalisch untermalt.<\/p>\n<p style=\"text-align: justify;\">Hier finden Sie die\u00a0<a title=\"Termine\" href=\"https:\/\/www.abseitsreisen.de\/blog\/reise-vortrage\/termine\/\">Termine und Veranstaltungsorte<\/a>\u00a0f\u00fcr die Live-Diashows.<\/p>\n<div>Eine Kritik zur Diashow &#8218;Wildes S\u00fcdamerika&#8216; finden Sie <a href=\"http:\/\/suzy-bis-zum-horizont.de\/abseitsreisen-reisevortrag\/\" target=\"_blank\">hier<\/a>.<\/div>\n<p>&nbsp;<\/p>\n<div><\/div>\n[Best_Wordpress_Gallery id=&#8220;2&#8243; gal_title=&#8220;Wildes S\u00fcdamerika&#8220;]\n<div><\/div>\n<p>&nbsp;<\/p>\n<p>Weiter zu anderen Diashows:<\/p>\n<p><a title=\"Bis ans Ende der Welt\" href=\"https:\/\/www.abseitsreisen.de\/blog\/reise-vortrage\/bis-ans-ende-der-welt\/\"><img loading=\"lazy\" decoding=\"async\" class=\"alignleft wp-image-2358\" style=\"margin: 0pt 22px 0pt 0pt;\" title=\"Bis ans Ende der Welt\" src=\"https:\/\/www.abseitsreisen.de\/blog\/wp-content\/uploads\/2012\/09\/Bis-ans-Ende-der-Welt-237x300.jpg\" alt=\"\" width=\"185\" height=\"253\" \/><\/a><a title=\"Fernost und Fernwest\" href=\"https:\/\/www.abseitsreisen.de\/blog\/reise-vortrage\/fernost-und-fernwest\/\"><img loading=\"lazy\" decoding=\"async\" class=\"alignleft wp-image-2361\" style=\"margin: 0pt 22px 0pt 0pt;\" title=\"Fernost-und-Fernwest\" src=\"https:\/\/www.abseitsreisen.de\/blog\/wp-content\/uploads\/2012\/09\/Fernost-und-Fernwest-241x300.jpg\" alt=\"\" width=\"188\" height=\"253\" \/><\/a><a title=\"Unbekanntes Zentralamerika\" href=\"https:\/\/www.abseitsreisen.de\/blog\/reise-vortrage\/unbekanntes-zentralamerika\/\"><img loading=\"lazy\" decoding=\"async\" class=\"wp-image-2367 alignleft\" style=\"margin: 0pt 0px 0pt 0pt;\" title=\"Unbekanntes Zentralamerika\" src=\"https:\/\/www.abseitsreisen.de\/blog\/wp-content\/uploads\/2012\/09\/Unbekanntes-Zentralamerika-239x300.jpg\" alt=\"\" width=\"187\" height=\"249\" \/><\/a><br \/>\n<a href=\"https:\/\/www.abseitsreisen.de\/blog\/reise-vortrage\/abenteuer-transafrika\/\" target=\"_blank\"><img loading=\"lazy\" decoding=\"async\" class=\"align left size-medium wp-image-7066\" style=\"margin: 15pt 22px 50pt 0pt;\" src=\"https:\/\/www.abseitsreisen.de\/blog\/wp-content\/uploads\/2012\/09\/Plakat-Show-5_ganz-klein-240x300.jpg\" alt=\"Plakat Show 5_ganz klein\" width=\"188\" height=\"253\" \/><\/a><\/p>\n","protected":false},"excerpt":{"rendered":"<p>Mit dem Oldtimer von Kolumbien bis Feuerland. In der live-kommentierten Diashow &#8218;Wildes S\u00fcdamerika&#8216; nehmen wir Sie mit auf 30 000 Kilometern durch sieben faszinierende L\u00e4nder entlang der Anden, von den feuchten Regenw\u00e4ldern Kolumbiens \u00fcber das lebensfeindliche Altiplano Boliviens bis in &hellip; <a href=\"https:\/\/www.abseitsreisen.de\/blog\/reise-vortrage\/wildes-suedamerika\/\">Weiterlesen<\/a><\/p>\n","protected":false},"author":2,"featured_media":0,"parent":712,"menu_order":4,"comment_status":"closed","ping_status":"closed","template":"","meta":{"kt_blocks_editor_width":"","_metis_text_type":"standard","_metis_text_length":2320,"_post_count":0,"footnotes":""},"class_list":["post-4142","page","type-page","status-publish","hentry"],"aioseo_notices":[],"_links":{"self":[{"href":"https:\/\/www.abseitsreisen.de\/blog\/wp-json\/wp\/v2\/pages\/4142","targetHints":{"allow":["GET"]}}],"collection":[{"href":"https:\/\/www.abseitsreisen.de\/blog\/wp-json\/wp\/v2\/pages"}],"about":[{"href":"https:\/\/www.abseitsreisen.de\/blog\/wp-json\/wp\/v2\/types\/page"}],"author":[{"embeddable":true,"href":"https:\/\/www.abseitsreisen.de\/blog\/wp-json\/wp\/v2\/users\/2"}],"replies":[{"embeddable":true,"href":"https:\/\/www.abseitsreisen.de\/blog\/wp-json\/wp\/v2\/comments?post=4142"}],"version-history":[{"count":24,"href":"https:\/\/www.abseitsreisen.de\/blog\/wp-json\/wp\/v2\/pages\/4142\/revisions"}],"predecessor-version":[{"id":7915,"href":"https:\/\/www.abseitsreisen.de\/blog\/wp-json\/wp\/v2\/pages\/4142\/revisions\/7915"}],"up":[{"embeddable":true,"href":"https:\/\/www.abseitsreisen.de\/blog\/wp-json\/wp\/v2\/pages\/712"}],"wp:attachment":[{"href":"https:\/\/www.abseitsreisen.de\/blog\/wp-json\/wp\/v2\/media?parent=4142"}],"curies":[{"name":"wp","href":"https:\/\/api.w.org\/{rel}","templated":true}]}}