{"id":473,"date":"2010-07-01T18:51:57","date_gmt":"2010-07-01T16:51:57","guid":{"rendered":"http:\/\/www.abseitsreisen.de\/blog\/?page_id=473"},"modified":"2017-09-25T10:53:24","modified_gmt":"2017-09-25T08:53:24","slug":"lander-informationen","status":"publish","type":"page","link":"https:\/\/www.abseitsreisen.de\/blog\/lander-informationen\/","title":{"rendered":"Reiseinformationen"},"content":{"rendered":"<p style=\"text-align: justify;\">Mit einem eigenen Fahrzeug zu reisen macht manches einfacher und manches komplizierter. Einige Informationen kann man vorab sammeln, viele wird man erst w\u00e4hrend der Reise in Erfahrung bringen k\u00f6nnen.<\/p>\n<p style=\"text-align: justify;\">Die hier zusammengestellten Informationen sind ein individueller Erfahrungsbericht unserer Reise. Sie k\u00f6nnen nur als Orientierung dienen. Preise und Einreisebestimmungen unterliegen lebhaften Schwankungen, Gesetze und Auflagen werden h\u00e4ufig von den Verantwortlichen unterschiedlich gehandhabt. Eine freundliche Diskussion und Geduld hilft oft weiter. Wer meint, er k\u00f6nnte jedes Problem auf Reisen mit Schmiergeld l\u00f6sen, soll bitte zuhause bleiben.<\/p>\n<p style=\"text-align: justify;\">Alle Inhalte dieser Homepage unterliegen dem Urheberrecht. Eine kommerzielle Nutzung, Vervielf\u00e4ltigung, Ver\u00f6ffentlichung von Inhalten, Texten, Bildern oder Informationen, auch in ver\u00e4nderter Form oder auszugsweise, ist nicht gestattet. Bitte setzen Sie sich bei Interesse <a href=\"https:\/\/www.abseitsreisen.de\/blog\/kontakt\/\">mit uns in Verbindung<\/a>.<\/p>\n\n<div class=\"panel-group\" id=\"accordionname309\"><div class=\"panel panel-default\"><div class=\"panel-heading\"><a class=\"accordion-toggle collapsed\" data-toggle=\"collapse\" data-parent=\"#accordionname309\" href=\"#collapse3090\"><h5><i class=\"kt-icon-minus primary-color\"><\/i><i class=\"kt-icon-plus\"><\/i>Leben auf Reisen<\/h5><\/a><\/div><div id=\"collapse3090\" class=\"panel-collapse collapse \"><div class=\"panel-body postclass\">\n<p><a title=\"Trinkwasser\" href=\"https:\/\/www.abseitsreisen.de\/blog\/reise-informationen\/trinkwasser\/\" target=\"_self\">Trinkwasser<\/a><\/p>\n<p><a title=\"Stellpl\u00e4tze\" href=\"https:\/\/www.abseitsreisen.de\/blog\/reise-informationen\/stellplatze\/\" target=\"_self\">Stellpl\u00e4tze<\/a><\/p>\n<p><a href=\"https:\/\/www.abseitsreisen.de\/blog\/reise-informationen\/navigation\/\">Navigation<\/a><\/p>\n<p><a href=\"https:\/\/www.abseitsreisen.de\/blog\/reise-informationen\/mobiler-haushalt\/\">Mobiler Haushalt<\/a><\/p>\n<\/div><\/div><\/div>\n<div class=\"panel panel-default\"><div class=\"panel-heading\"><a class=\"accordion-toggle collapsed\" data-toggle=\"collapse\" data-parent=\"#accordionname309\" href=\"#collapse3091\"><h5><i class=\"kt-icon-minus primary-color\"><\/i><i class=\"kt-icon-plus\"><\/i>Dokumente<\/h5><\/a><\/div><div id=\"collapse3091\" class=\"panel-collapse collapse \"><div class=\"panel-body postclass\">\n<p><a href=\"https:\/\/www.abseitsreisen.de\/blog\/reise-informationen\/geld\/\">Geld<\/a><\/p>\n<p><a href=\"https:\/\/www.abseitsreisen.de\/blog\/reise-informationen\/fahrzeugpapiere\/\">Fahrzeugpapiere<\/a><\/p>\n<p><a href=\"https:\/\/www.abseitsreisen.de\/blog\/reise-informationen\/reisepasse\/\">Reisep\u00e4sse<\/a><\/p>\n<p><a href=\"https:\/\/www.abseitsreisen.de\/blog\/reise-informationen\/visa\/\">Visa<\/a><\/p>\n<p><a href=\"https:\/\/www.abseitsreisen.de\/blog\/reise-informationen\/krankenversicherung\/\">Krankenversicherung<\/a><\/p>\n<\/div><\/div><\/div>\n<div class=\"panel panel-default\"><div class=\"panel-heading\"><a class=\"accordion-toggle collapsed\" data-toggle=\"collapse\" data-parent=\"#accordionname309\" href=\"#collapse3092\"><h5><i class=\"kt-icon-minus primary-color\"><\/i><i class=\"kt-icon-plus\"><\/i>Fahrzeugbereifung<\/h5><\/a><\/div><div id=\"collapse3092\" class=\"panel-collapse collapse \"><div class=\"panel-body postclass\">\n<p><a title=\"Stollenreifen vs. Stra\u00dfenreifen\" href=\"https:\/\/www.abseitsreisen.de\/blog\/reise-informationen\/stollenreifen-vs-strassenreifen\/\">Fahrzeugbereifung<\/a><\/p>\n<\/div><\/div><\/div><\/div>\n\n<p>&nbsp;<\/p>\n<p>&nbsp;<\/p>\n\n<div class=\"panel-group\" id=\"accordionname494\"><div class=\"panel panel-default\"><div class=\"panel-heading\"><a class=\"accordion-toggle collapsed\" data-toggle=\"collapse\" data-parent=\"#accordionname494\" href=\"#collapse4940\"><h5><i class=\"kt-icon-minus primary-color\"><\/i><i class=\"kt-icon-plus\"><\/i>Asien<\/h5><\/a><\/div><div id=\"collapse4940\" class=\"panel-collapse collapse \"><div class=\"panel-body postclass\">\n<p style=\"padding-left: 30px;\"><a title=\"L\u00e4nder - Informationen T\u00fcrkei\" href=\"https:\/\/www.abseitsreisen.de\/blog\/lander-informationen\/turkei\/\" target=\"_self\">T\u00fcrkei<\/a><\/p>\n<p style=\"padding-left: 30px;\"><a title=\"L\u00e4nder - Informationen Aserbaidschan\" href=\"https:\/\/www.abseitsreisen.de\/blog\/lander-informationen\/aserbaidschan\/\" target=\"_self\">Aserbaidschan<\/a><\/p>\n<p style=\"padding-left: 30px;\"><a title=\"L\u00e4nder - Informationen Iran\" href=\"https:\/\/www.abseitsreisen.de\/blog\/lander-informationen\/iran\/\" target=\"_self\">Iran<\/a><\/p>\n<p style=\"padding-left: 30px;\"><a title=\"L\u00e4nder - Informationen Turkmenistan\" href=\"https:\/\/www.abseitsreisen.de\/blog\/lander-informationen\/turkmenistan\/\" target=\"_self\">Turkmenistan<\/a><\/p>\n<p style=\"padding-left: 30px;\"><a title=\"L\u00e4nder - Informationen Usbekistan\" href=\"https:\/\/www.abseitsreisen.de\/blog\/lander-informationen\/usbekistan\/\" target=\"_self\">Usbekistan<\/a><\/p>\n<p style=\"padding-left: 30px;\"><a title=\"L\u00e4nder - Informationen Kirgistan\" href=\"https:\/\/www.abseitsreisen.de\/blog\/lander-informationen\/kirgistan\/\" target=\"_self\">Kirgistan<\/a><\/p>\n<p style=\"padding-left: 30px;\"><a title=\"Kasachstan\" href=\"https:\/\/www.abseitsreisen.de\/blog\/lander-informationen\/kasachstan\/\" target=\"_self\">Kasachstan<\/a><\/p>\n<p style=\"padding-left: 30px;\"><a href=\"https:\/\/www.abseitsreisen.de\/blog\/lander-informationen\/russland\/\">Russland<\/a><\/p>\n<p style=\"padding-left: 30px;\"><a href=\"https:\/\/www.abseitsreisen.de\/blog\/lander-informationen\/mongolei\/\" target=\"_self\">Mongolei<\/a><\/p>\n<p style=\"padding-left: 30px;\"><a title=\"L\u00e4nderinformationen China\" href=\"https:\/\/www.abseitsreisen.de\/blog\/lander-informationen\/china\/\" target=\"_self\">China<\/a><\/p>\n<p style=\"padding-left: 30px;\"><a title=\"L\u00e4nderinformationen Laos\" href=\"https:\/\/www.abseitsreisen.de\/blog\/lander-informationen\/laos\/\" target=\"_self\">Laos<\/a><\/p>\n<p style=\"padding-left: 30px;\"><a title=\"L\u00e4nderinformationen Kambodscha\" href=\"lander-informationen\/kambodscha\/\" target=\"_self\">Kambodscha<\/a><\/p>\n<p style=\"padding-left: 30px;\"><a title=\"L\u00e4nderinformationen Thailand\" href=\"https:\/\/www.abseitsreisen.de\/blog\/lander-informationen\/thailand\/\" target=\"_self\">Thailand<\/a><\/p>\n<p style=\"padding-left: 30px;\"><a title=\"L\u00e4nderinformationen Malaysia\" href=\"https:\/\/www.abseitsreisen.de\/blog\/lander-informationen\/malaysia\/\" target=\"_self\">Malaysia<\/a><\/p>\n<p style=\"padding-left: 30px;\"><a title=\"L\u00e4nderinformationen. Singapur\" href=\"https:\/\/www.abseitsreisen.de\/blog\/lander-informationen\/singapur\/\" target=\"_self\">Singapur<\/a><\/p>\n<p style=\"padding-left: 30px;\"><a title=\"L\u00e4nderinformationen Indonesien\" href=\"https:\/\/www.abseitsreisen.de\/blog\/lander-informationen\/indonesien\/\" target=\"_self\">Indonesien<\/a><\/p>\n<\/div><\/div><\/div>\n<div class=\"panel panel-default\"><div class=\"panel-heading\"><a class=\"accordion-toggle collapsed\" data-toggle=\"collapse\" data-parent=\"#accordionname494\" href=\"#collapse4941\"><h5><i class=\"kt-icon-minus primary-color\"><\/i><i class=\"kt-icon-plus\"><\/i>Nordamerika<\/h5><\/a><\/div><div id=\"collapse4941\" class=\"panel-collapse collapse \"><div class=\"panel-body postclass\">\n<p style=\"padding-left: 30px;\"><a title=\"L\u00e4nder-Information Kanada\" href=\"https:\/\/www.abseitsreisen.de\/blog\/lander-informationen\/kanada\/\" target=\"_self\">Kanada<\/a><\/p>\n<p style=\"padding-left: 30px;\"><a href=\"https:\/\/www.abseitsreisen.de\/blog\/lander-informationen\/usa\/\" target=\"_self\">USA<\/a><\/p>\n<\/div><\/div><\/div>\n<div class=\"panel panel-default\"><div class=\"panel-heading\"><a class=\"accordion-toggle collapsed\" data-toggle=\"collapse\" data-parent=\"#accordionname494\" href=\"#collapse4942\"><h5><i class=\"kt-icon-minus primary-color\"><\/i><i class=\"kt-icon-plus\"><\/i>Zentralamerika<\/h5><\/a><\/div><div id=\"collapse4942\" class=\"panel-collapse collapse \"><div class=\"panel-body postclass\">\n<p style=\"padding-left: 30px;\"><a href=\"https:\/\/www.abseitsreisen.de\/blog\/lander-informationen\/mexiko\/\" target=\"_self\">Mexiko<\/a><\/p>\n<p style=\"padding-left: 30px;\"><a href=\"https:\/\/www.abseitsreisen.de\/blog\/lander-informationen\/guatemala\/\" target=\"_self\">Guatemala<\/a><\/p>\n<p style=\"padding-left: 30px;\"><a href=\"https:\/\/www.abseitsreisen.de\/blog\/lander-informationen\/honduras\/\" target=\"_self\">Honduras<\/a><\/p>\n<p style=\"padding-left: 30px;\"><a href=\"https:\/\/www.abseitsreisen.de\/blog\/lander-informationen\/nicaragua\/\">Nicaragua<\/a><\/p>\n<p style=\"padding-left: 30px;\"><a href=\"https:\/\/www.abseitsreisen.de\/blog\/lander-informationen\/costa-rica\/\" target=\"_self\">Costa Rica<\/a><\/p>\n<p style=\"padding-left: 30px;\"><a href=\"https:\/\/www.abseitsreisen.de\/blog\/lander-informationen\/panama\/\" target=\"_self\">Panama<\/a><\/p>\n<p style=\"padding-left: 30px;\"><a href=\"https:\/\/www.abseitsreisen.de\/blog\/?p=2171\">Verschiffung Panama &#8211; Kolumbien<\/a><\/p>\n<\/div><\/div><\/div>\n<div class=\"panel panel-default\"><div class=\"panel-heading\"><a class=\"accordion-toggle collapsed\" data-toggle=\"collapse\" data-parent=\"#accordionname494\" href=\"#collapse4943\"><h5><i class=\"kt-icon-minus primary-color\"><\/i><i class=\"kt-icon-plus\"><\/i>S\u00fcdamerika<\/h5><\/a><\/div><div id=\"collapse4943\" class=\"panel-collapse collapse \"><div class=\"panel-body postclass\">\n<p style=\"padding-left: 30px;\"><a href=\"https:\/\/www.abseitsreisen.de\/blog\/lander-informationen\/kolumbien\/\" target=\"_self\">Kolumbien<\/a><\/p>\n<p style=\"padding-left: 30px;\"><a title=\"L\u00e4nderinformationen Venezuela\" href=\"https:\/\/www.abseitsreisen.de\/blog\/lander-informationen\/venezuela\/\">Venezuela<\/a><\/p>\n<p style=\"padding-left: 30px;\"><a title=\"L\u00e4nderinformationen Ecuador\" href=\"https:\/\/www.abseitsreisen.de\/blog\/lander-informationen\/ecuador\/\">Ecuador<\/a><\/p>\n<p style=\"padding-left: 30px;\"><a title=\"L\u00e4nderinformationen Peru\" href=\"https:\/\/www.abseitsreisen.de\/blog\/lander-informationen\/peru\/\">Peru<\/a><\/p>\n<p style=\"padding-left: 30px;\"><a title=\"L\u00e4nderinformationen Bolivien\" href=\"https:\/\/www.abseitsreisen.de\/blog\/lander-informationen\/bolivien\/\">Bolivien<\/a><\/p>\n<p style=\"padding-left: 30px;\"><a title=\"L\u00e4nderinformationen Chile\" href=\"https:\/\/www.abseitsreisen.de\/blog\/lander-informationen\/chile\/\">Chile<\/a><\/p>\n<p style=\"padding-left: 30px;\"><a title=\"L\u00e4nderinformationen Argentinien\" href=\"https:\/\/www.abseitsreisen.de\/blog\/lander-informationen\/argentinien\/\">Argentinien<\/a><\/p>\n<p style=\"padding-left: 30px;\"><a title=\"Verschiffung Argentinien S\u00fcdafrika\" href=\"https:\/\/www.abseitsreisen.de\/blog\/lander-informationen\/verschiffung-argentinien-suedafrika\/\">Verschiffung Argentinien &#8211; S\u00fcdafrika<\/a><\/p>\n<\/div><\/div><\/div>\n<div class=\"panel panel-default\"><div class=\"panel-heading\"><a class=\"accordion-toggle collapsed\" data-toggle=\"collapse\" data-parent=\"#accordionname494\" href=\"#collapse4944\"><h5><i class=\"kt-icon-minus primary-color\"><\/i><i class=\"kt-icon-plus\"><\/i>Afrika<\/h5><\/a><\/div><div id=\"collapse4944\" class=\"panel-collapse collapse \"><div class=\"panel-body postclass\">\n<p style=\"padding-left: 30px;\"><a href=\"https:\/\/www.abseitsreisen.de\/blog\/lander-informationen\/suedafrika\/\">S\u00fcdafrika<\/a><\/p>\n<p style=\"padding-left: 30px;\"><a href=\"https:\/\/www.abseitsreisen.de\/blog\/lander-informationen\/swasiland\/\">Swasiland<\/a><\/p>\n<p style=\"padding-left: 30px;\"><a href=\" https:\/\/www.abseitsreisen.de\/blog\/lander-informationen\/lesotho\/\">Lesotho<\/a><\/p>\n<p style=\"padding-left: 30px;\"><a href=\"%20https:\/\/www.abseitsreisen.de\/blog\/lander-informationen\/namibia\/\" target=\"_blank\" rel=\"noopener\">Namibia<\/a><\/p>\n<p style=\"padding-left: 30px;\"><a title=\"L\u00e4nderinformationen Botswana\" href=\"https:\/\/www.abseitsreisen.de\/blog\/lander-informationen\/botswana\/\">Botswana<\/a><\/p>\n<p style=\"padding-left: 30px;\"><a title=\"L\u00e4nderinformationen Simbabwe\" href=\"https:\/\/www.abseitsreisen.de\/blog\/lander-informationen\/simbabwe\/\">Simbabwe<\/a><\/p>\n<p style=\"padding-left: 30px;\"><a title=\"L\u00e4nderinformationen Sambia\" href=\"https:\/\/www.abseitsreisen.de\/blog\/lander-informationen\/sambia\/\">Sambia<\/a><\/p>\n<p style=\"padding-left: 30px;\"><a title=\"L\u00e4nderinformationen Malawi\" href=\"https:\/\/www.abseitsreisen.de\/blog\/lander-informationen\/malawi\/\">Malawi<\/a><\/p>\n<p style=\"padding-left: 30px;\"><a title=\"L\u00e4nderinformationen Tansania\" href=\"https:\/\/www.abseitsreisen.de\/blog\/lander-informationen\/tansania\/\">Tansania<\/a><\/p>\n<p style=\"padding-left: 30px;\"><a title=\"L\u00e4nderinformationen Uganda\" href=\"https:\/\/www.abseitsreisen.de\/blog\/lander-informationen\/uganda\/\">Uganda<\/a><\/p>\n<p style=\"padding-left: 30px;\"><a href=\"https:\/\/www.abseitsreisen.de\/blog\/lander-informationen\/kenia\/\">Kenia<\/a><\/p>\n<p style=\"padding-left: 30px;\"><a href=\"https:\/\/www.abseitsreisen.de\/blog\/lander-informationen\/aethiopien\/\">\u00c4thiopien<\/a><\/p>\n<p style=\"padding-left: 30px;\"><a href=\"https:\/\/www.abseitsreisen.de\/blog\/lander-informationen\/sudan\/\">Sudan<\/a><\/p>\n<p style=\"padding-left: 30px;\"><a href=\"https:\/\/www.abseitsreisen.de\/blog\/lander-informationen\/grenze-sudan-aegypten\/\">Grenze Sudan \/ \u00c4gypten<\/a><\/p>\n<p style=\"padding-left: 30px;\"><a href=\"https:\/\/www.abseitsreisen.de\/blog\/lander-informationen\/aegypten\/\" target=\"_blank\" rel=\"noopener\">\u00c4gypten<\/a><\/p>\n<p style=\"padding-left: 30px;\"><a href=\"https:\/\/www.abseitsreisen.de\/blog\/lander-informationen\/jordanien\/\" target=\"_blank\" rel=\"noopener\">Jordanien<\/a><\/p>\n<p style=\"padding-left: 30px;\"><a href=\"https:\/\/www.abseitsreisen.de\/blog\/lander-informationen\/israel\/\" target=\"_blank\" rel=\"noopener\">Israel<\/a><\/p>\n<p style=\"padding-left: 30px;\"><a href=\"https:\/\/www.abseitsreisen.de\/blog\/lander-informationen\/verschiffung-israel-italien\/\" target=\"_blank\" rel=\"noopener\">Verschiffung Israel &#8211; Italien<\/a><\/p>\n<\/div><\/div><\/div>\n<div class=\"panel panel-default\"><div class=\"panel-heading\"><a class=\"accordion-toggle collapsed\" data-toggle=\"collapse\" data-parent=\"#accordionname494\" href=\"#collapse4945\"><h5><i class=\"kt-icon-minus primary-color\"><\/i><i class=\"kt-icon-plus\"><\/i>Fahrzeugverschiffungen<\/h5><\/a><\/div><div id=\"collapse4945\" class=\"panel-collapse collapse \"><div class=\"panel-body postclass\">\n<p style=\"padding-left: 30px;\"><a href=\"https:\/\/www.abseitsreisen.de\/blog\/?p=2171\">Verschiffung Panama &#8211; Kolumbien<\/a><\/p>\n<p style=\"padding-left: 30px;\"><a title=\"Verschiffung Argentinien S\u00fcdafrika\" href=\"https:\/\/www.abseitsreisen.de\/blog\/lander-informationen\/verschiffung-argentinien-suedafrika\/\">Verschiffung Argentinien &#8211; S\u00fcdafrika<\/a><\/p>\n<p style=\"padding-left: 30px;\"><a href=\"https:\/\/www.abseitsreisen.de\/blog\/lander-informationen\/verschiffung-israel-italien\/\" target=\"_blank\" rel=\"noopener\">Verschiffung Israel &#8211; Italien<\/a><\/p>\n<p>&nbsp;<\/p>\n<p>&nbsp;<\/p>\n<\/div><\/div><\/div><\/div>\n\n","protected":false},"excerpt":{"rendered":"<p>Mit einem eigenen Fahrzeug zu reisen macht manches einfacher und manches komplizierter. Einige Informationen kann man vorab sammeln, viele wird man erst w\u00e4hrend der Reise in Erfahrung bringen k\u00f6nnen. Die hier zusammengestellten Informationen sind ein individueller Erfahrungsbericht unserer Reise. Sie &hellip; <a href=\"https:\/\/www.abseitsreisen.de\/blog\/lander-informationen\/\">Weiterlesen<\/a><\/p>\n","protected":false},"author":1,"featured_media":7397,"parent":0,"menu_order":5,"comment_status":"closed","ping_status":"closed","template":"","meta":{"kt_blocks_editor_width":"","_metis_text_type":"standard","_metis_text_length":1289,"_post_count":0,"footnotes":""},"class_list":["post-473","page","type-page","status-publish","has-post-thumbnail","hentry"],"aioseo_notices":[],"_links":{"self":[{"href":"https:\/\/www.abseitsreisen.de\/blog\/wp-json\/wp\/v2\/pages\/473","targetHints":{"allow":["GET"]}}],"collection":[{"href":"https:\/\/www.abseitsreisen.de\/blog\/wp-json\/wp\/v2\/pages"}],"about":[{"href":"https:\/\/www.abseitsreisen.de\/blog\/wp-json\/wp\/v2\/types\/page"}],"author":[{"embeddable":true,"href":"https:\/\/www.abseitsreisen.de\/blog\/wp-json\/wp\/v2\/users\/1"}],"replies":[{"embeddable":true,"href":"https:\/\/www.abseitsreisen.de\/blog\/wp-json\/wp\/v2\/comments?post=473"}],"version-history":[{"count":109,"href":"https:\/\/www.abseitsreisen.de\/blog\/wp-json\/wp\/v2\/pages\/473\/revisions"}],"predecessor-version":[{"id":9255,"href":"https:\/\/www.abseitsreisen.de\/blog\/wp-json\/wp\/v2\/pages\/473\/revisions\/9255"}],"wp:featuredmedia":[{"embeddable":true,"href":"https:\/\/www.abseitsreisen.de\/blog\/wp-json\/wp\/v2\/media\/7397"}],"wp:attachment":[{"href":"https:\/\/www.abseitsreisen.de\/blog\/wp-json\/wp\/v2\/media?parent=473"}],"curies":[{"name":"wp","href":"https:\/\/api.w.org\/{rel}","templated":true}]}}