{"id":493,"date":"2010-07-01T19:32:50","date_gmt":"2010-07-01T17:32:50","guid":{"rendered":"http:\/\/www.abseitsreisen.de\/blog\/?page_id=493"},"modified":"2023-11-20T17:58:17","modified_gmt":"2023-11-20T16:58:17","slug":"turkmenistan","status":"publish","type":"page","link":"https:\/\/www.abseitsreisen.de\/blog\/lander-informationen\/turkmenistan\/","title":{"rendered":"Turkmenistan"},"content":{"rendered":"<p style=\"text-align: justify;\"><strong>Stand der Informationen<\/strong><br \/>\nApril 2010<\/p>\n<p style=\"text-align: justify;\"><strong>Visa <\/strong><br \/>\nOhne Einladung ist nur ein f\u00fcnft\u00e4giges Transitvisum m\u00f6glich, mit Begr\u00fcndung eventuell ein paar Tage l\u00e4nger (z.B. f\u00fcr Fahrradfahrer). Die Geb\u00fchren betragen 55 Euro. F\u00fcr ein Transitvisum ben\u00f6tigt man bereits die Visa f\u00fcr das vorherige und das nachfolgende Reiseland zwingend in dem Pass, der zur Botschaft geschickt wird. In zwei uns bekannten F\u00e4llen wurde die Zusendung von Kopien der Visa nicht akzeptiert, wodurch gr\u00f6\u00dfere Komplikationen bei der Beantragung auftraten.<br \/>\nF\u00fcr ein bis zu 30-t\u00e4giges Touristenvisum ist eine Einladung zwingend notwendig. Bucht man eine Reise \u00fcber ein turkmenisches Reiseb\u00fcro oder einen Reiseveranstalter, bekommt man von diesem eine Einladung \u00fcber den jeweiligen Zeitraum. Die Kosten belaufen sich in diesem Fall auf mehrere hundert Euro pro Person. Von vielen Reisenden werden hierf\u00fcr <a title=\"StanTours\" href=\"http:\/\/www.stantours.com\/\" target=\"_blank\" rel=\"noopener\">StanTours <\/a> oder <a title=\"Ayan-Travel\" href=\"http:\/\/www.ayan-travel.com\/\" target=\"_blank\" rel=\"noopener\">Ayan-Travel<\/a> empfohlen. Wir fuhren ohne Agentur innerhalb von f\u00fcnf Tagen im Transit durch Turkmenistan, k\u00f6nnen daher keine eigenen Erfahrungen mit Reiseunternehmen beschreiben.<\/p>\n<p style=\"text-align: justify;\"><strong>Einreisebestimmungen <\/strong><br \/>\nF\u00fcr das Auto wird kein Carnet verlangt. Das Auto wird nicht in den Pass eingetragen, sondern es werden separate Formulare ausgestellt, welche bei Ausreise vorgezeigt werden m\u00fcssen.<\/p>\n<p style=\"text-align: justify;\"><strong>Grenzabwicklung<\/strong><br \/>\nAn der Grenze fallen einige Kosten an:<br \/>\ndie Geb\u00fchren f\u00fcr die Transitstrecke Bajgiran \/Nukus<br \/>\n53$ Stra\u00dfensteuer (f\u00fcr unser Fahrzeug, je nach Fahrzeuggr\u00f6\u00dfe unterschiedlich)<br \/>\n50$ KFZ-Versicherung bis zu 7 Tage,<br \/>\n50$ Dieselsteuer<br \/>\n5$ Desinfektion f\u00fcr Fahrzeuge mit Einfachbereifung auf der Hinterachse,<br \/>\n5$ Dokumente,<br \/>\n2$ Bankgeb\u00fchr<br \/>\n11$ \/ Person Einreisegeb\u00fchr plus nochmals 2$ Bankgeb\u00fchr<br \/>\nGesamtkosten: 189$, alles wird genau quittiert und muss bei der Ausreise wieder vorgezeigt werden.<br \/>\nBei uns dauerte die Einreise etwa 2 Stunden.<\/p>\n<p style=\"text-align: justify;\"><strong>Stellpl\u00e4tze<\/strong><br \/>\nIn den f\u00fcnf Tagen Turkmenistan standen wir entweder auf Parkpl\u00e4tzen in der Stadt oder abseits der Stra\u00dfen in der W\u00fcste.<\/p>\n<p style=\"text-align: justify;\"><strong>Kraftstoff<\/strong><br \/>\nDer Liter Diesel kostete ca. 14 Cent und war leicht zu bekommen.<\/p>\n<p style=\"text-align: justify;\"><strong>Kommunikation<\/strong><br \/>\nUnser deutsches Mobiltelefon funktionierte, kostete jedoch \u00fcber 3\u20ac \/ Minute.<\/p>\n<p style=\"text-align: justify;\"><strong>Stra\u00dfen<\/strong><br \/>\nDie Strecke Ashgabat \u2013 Darvaza Gaskrater war in gutem Zustand, die letzten 80km bis zur Grenze nach Usbekistan waren zur Zeit unserer Durchreise noch extrem schlecht und holperig, es wird aber derzeit eine neue Stra\u00dfe gebaut.<\/p>\n<p style=\"text-align: justify;\"><strong>Trinkwasser<\/strong><br \/>\nZur Trinkwasserverf\u00fcgbarkeit in Turkmenistan haben wir keine Informationen.<\/p>\n<p style=\"text-align: justify;\"><strong>Geld<\/strong><br \/>\nKreditkarten werden nur an wenigen Banken in Ashgabat akzeptiert. Geldwechseln ist deutlich einfacher, allerdings konnten wir nur Dollar tauschen.<\/p>\n<blockquote>\n<p style=\"text-align: justify;\">Helfen euch die Informationen auf unserer Webseite beim Reisen oder der Vorbereitung dazu weiter? Freut uns. Auch ihr k\u00f6nnt unser Reiseprojekt unterst\u00fctzen, einfach und kostenlos.<\/p>\n<p style=\"text-align: justify;\">Wenn ihr das n\u00e4chste Mal bei Amazon bestellt, nutzt daf\u00fcr den\u00a0<a href=\"http:\/\/www.amazon.de\/?_encoding=UTF8&amp;site-redirect=de&amp;tag=wwwabseitsrei-21&amp;linkCode=ur2&amp;camp=1638&amp;creative=6742\" target=\"_blank\" rel=\"noopener\">Amazon-Link<\/a>\u00a0bei abseitsreisen.de bevor ihr etwas in den Warenkorb legt. Amazon verg\u00fctet uns dadurch ein kleine Linkpr\u00e4mie. Der Preis f\u00fcr euch als Kunden bleibt dadurch nat\u00fcrlich unber\u00fchrt.<\/p>\n<p style=\"text-align: justify;\">Noch besser: Zieht euch diesen\u00a0<a href=\"http:\/\/www.amazon.de\/?_encoding=UTF8&amp;site-redirect=de&amp;tag=wwwabseitsrei-21&amp;linkCode=ur2&amp;camp=1638&amp;creative=6742\" target=\"_blank\" rel=\"noopener\">Amazon-Link<\/a>\u00a0per Drag-and-Drop in die Lesezeichen eures Browsers und klickt euch so f\u00fcr die n\u00e4chsten Bestellungen zu Amazon. Damit unterst\u00fctzt ihr kostenlos diese Webseite bei jedem Einkauf. Dankesch\u00f6n.<\/p>\n<\/blockquote>\n","protected":false},"excerpt":{"rendered":"<p>Stand der Informationen April 2010 Visa Ohne Einladung ist nur ein f\u00fcnft\u00e4giges Transitvisum m\u00f6glich, mit Begr\u00fcndung eventuell ein paar Tage l\u00e4nger (z.B. f\u00fcr Fahrradfahrer). Die Geb\u00fchren betragen 55 Euro. F\u00fcr ein Transitvisum ben\u00f6tigt man bereits die Visa f\u00fcr das vorherige &hellip; <a href=\"https:\/\/www.abseitsreisen.de\/blog\/lander-informationen\/turkmenistan\/\">Weiterlesen<\/a><\/p>\n","protected":false},"author":1,"featured_media":0,"parent":473,"menu_order":3,"comment_status":"closed","ping_status":"closed","template":"","meta":{"kt_blocks_editor_width":"","_metis_text_type":"standard","_metis_text_length":1289,"_post_count":0,"footnotes":""},"class_list":["post-493","page","type-page","status-publish","hentry"],"aioseo_notices":[],"public_identification_id":"c6ecc1afa64842db98ff1321a6c061d2","private_identification_id":"279097bf30c34e018746b6b87ba6fffe","_links":{"self":[{"href":"https:\/\/www.abseitsreisen.de\/blog\/wp-json\/wp\/v2\/pages\/493","targetHints":{"allow":["GET"]}}],"collection":[{"href":"https:\/\/www.abseitsreisen.de\/blog\/wp-json\/wp\/v2\/pages"}],"about":[{"href":"https:\/\/www.abseitsreisen.de\/blog\/wp-json\/wp\/v2\/types\/page"}],"author":[{"embeddable":true,"href":"https:\/\/www.abseitsreisen.de\/blog\/wp-json\/wp\/v2\/users\/1"}],"replies":[{"embeddable":true,"href":"https:\/\/www.abseitsreisen.de\/blog\/wp-json\/wp\/v2\/comments?post=493"}],"version-history":[{"count":8,"href":"https:\/\/www.abseitsreisen.de\/blog\/wp-json\/wp\/v2\/pages\/493\/revisions"}],"predecessor-version":[{"id":333978,"href":"https:\/\/www.abseitsreisen.de\/blog\/wp-json\/wp\/v2\/pages\/493\/revisions\/333978"}],"up":[{"embeddable":true,"href":"https:\/\/www.abseitsreisen.de\/blog\/wp-json\/wp\/v2\/pages\/473"}],"wp:attachment":[{"href":"https:\/\/www.abseitsreisen.de\/blog\/wp-json\/wp\/v2\/media?parent=493"}],"curies":[{"name":"wp","href":"https:\/\/api.w.org\/{rel}","templated":true}]}}