{"id":496,"date":"2010-07-01T19:39:11","date_gmt":"2010-07-01T17:39:11","guid":{"rendered":"http:\/\/www.abseitsreisen.de\/blog\/?page_id=496"},"modified":"2023-11-20T17:58:19","modified_gmt":"2023-11-20T16:58:19","slug":"usbekistan","status":"publish","type":"page","link":"https:\/\/www.abseitsreisen.de\/blog\/lander-informationen\/usbekistan\/","title":{"rendered":"Usbekistan"},"content":{"rendered":"<p>!!! UPDATE <strong>Juni 2017<\/strong> mit herzlichem Dank an <a href=\"http:\/\/www.akela.world\/home\/\">AKELA &#8211; From Alp to Alp <\/a>!!! Die aktualisierten Informationen stehen unten !!!<\/p>\n<p>&nbsp;<\/p>\n<p style=\"text-align: justify;\"><strong>Stand der Informationen<\/strong><br \/>\nMai 2010<\/p>\n<p style=\"text-align: justify;\"><strong>Visa <\/strong><br \/>\nEin Touristenvisum f\u00fcr 30 Tage kann bei der usbekischen Vertretung in Deutschland beantragt werden.<\/p>\n<p style=\"text-align: justify;\"><strong>Einreisebestimmungen <\/strong><br \/>\nF\u00fcr das Auto werden beim Grenz\u00fcbertritt extra Formulare ausgef\u00fcllt, welche bei Ausreise vorgezeigt werden m\u00fcssen. Kosten fallen keine an.<\/p>\n<p style=\"text-align: justify;\"><strong>Registrierung <\/strong><br \/>\nWir erkundigten uns bei der Registrierungsbeh\u00f6rde in Nukus, ob und wie man sich in Usbekistan als Autotourist registrieren k\u00f6nne oder m\u00fcsse. Wir bekamen zur Antwort, dass dies nur dann von N\u00f6ten sei, wenn wir uns l\u00e4nger als drei Tage am selben Ort aufhielten. Anderen Reisenden wurden andere und oft widerspr\u00fcchliche Ausk\u00fcnfte gegeben. Wir registrierten uns nirgends im Land. An der Grenze wurde nicht nach einer Registrierung gefragt.<\/p>\n<p style=\"text-align: justify;\"><strong>Grenzabwicklung<\/strong><br \/>\nTeilweise wird verlangt, s\u00e4mtliche Utensilien anzugeben, die man mit sich f\u00fchrt, angefangen bei den Unterhosen. Auch wir sollten einige Schr\u00e4nke \u00f6ffnen und ausr\u00e4umen, doch schon nach dem Leeren eines halben Faches sahen die Beamten ein, dass dies ins Uferlose f\u00fchren w\u00fcrde. Dennoch war dies die bis jetzt aufw\u00e4ndigstes Durchsuchung und dauerte fast eine Stunde. Sowohl bei der Einreise als auch bei der Ausreise m\u00fcssen mitgef\u00fchrte Devisen deklariert werden.<br \/>\nMan sollte unbedingt darauf achten, dass die eingef\u00fchrte Geldmenge nicht \u00fcber der auszuf\u00fchrenden liegt, da dies laut Gesetz nicht erlaubt ist und zu Irritationen f\u00fchrt. Falls man seine Dollarvorr\u00e4te trotzdem aufgestockt hat und dies auch unbedingt angeben m\u00f6chte, sollte auf jeden Fall die Bankausz\u00fcge aufheben, da es ansonsten sein kann, dass die \u00fcberz\u00e4hlige Fremdw\u00e4hrung an der Grenze abgegeben werden muss.<\/p>\n<p style=\"text-align: justify;\"><strong>Stellpl\u00e4tze<\/strong><br \/>\nAusserhalb der St\u00e4dte finden sich im Norden und Westen des Landes leicht Stellpl\u00e4tze abseits der Stra\u00dfen. Entlang der Hauptverkehrsachsen im Osten ist es bisweilen schwieriger.<br \/>\nIn Khiva gibt es etliche Parkpl\u00e4tze direkt an der Stadtmauer zur Altstadt. In Bukhara standen wir zehn Minuten Fu\u00dfmarsch von der Altstadt an einem Park vor dem Grand Hotel (N 39\u00b045`55,2\u201c, E064\u00b025`20,4\u201c). Auch in Samarkant findet man einen relativ zentral gelegenen Stellplatz hinter dem Dramentheater und Tashkent bietet eine Vielzahl von zentralen Parks und Parkpl\u00e4tzen.<\/p>\n<blockquote>\n<p style=\"text-align: justify;\">Helfen euch die Informationen auf unserer Webseite beim Reisen oder der Vorbereitung dazu weiter? Freut uns. Auch ihr k\u00f6nnt unser Reiseprojekt unterst\u00fctzen, einfach und kostenlos.<\/p>\n<p style=\"text-align: justify;\">Wenn ihr das n\u00e4chste Mal bei Amazon bestellt, nutzt daf\u00fcr den\u00a0<a href=\"http:\/\/www.amazon.de\/?_encoding=UTF8&amp;site-redirect=de&amp;tag=wwwabseitsrei-21&amp;linkCode=ur2&amp;camp=1638&amp;creative=6742\" target=\"_blank\" rel=\"noopener\">Amazon-Link<\/a>\u00a0bei abseitsreisen.de bevor ihr etwas in den Warenkorb legt. Amazon verg\u00fctet uns dadurch ein kleine Linkpr\u00e4mie. Der Preis f\u00fcr euch als Kunden bleibt dadurch nat\u00fcrlich unber\u00fchrt.<\/p>\n<p style=\"text-align: justify;\">Noch besser: Zieht euch diesen\u00a0<a href=\"http:\/\/www.amazon.de\/?_encoding=UTF8&amp;site-redirect=de&amp;tag=wwwabseitsrei-21&amp;linkCode=ur2&amp;camp=1638&amp;creative=6742\" target=\"_blank\" rel=\"noopener\">Amazon-Link<\/a>\u00a0per Drag-and-Drop in die Lesezeichen eures Browsers und klickt euch so f\u00fcr die n\u00e4chsten Bestellungen zu Amazon. Damit unterst\u00fctzt ihr kostenlos diese Webseite bei jedem Einkauf. Dankesch\u00f6n.<\/p>\n<\/blockquote>\n<p style=\"text-align: justify;\"><strong>Kraftstoff<\/strong><br \/>\nDer Dieselpreis bel\u00e4uft sich auf ca. 40 Cent \/ pro Liter. Das Tankstellennetz ist theoretisch extrem dicht, allerdings waren zur Zeit unserer Durchreise im Mai 2010 mehr als 90 Prozent aller Tankstellen geschlossen und nur ein Bruchteil der ge\u00f6ffneten hatte Diesel. Zum Teil gab es \u00fcber hunderte Kilometer Diesel nur auf dem Schwarzmarkt in kleinen Mengen aus Kanistern und zu deutlich h\u00f6heren Preisen.<\/p>\n<p style=\"text-align: justify;\"><strong>Kommunikation<\/strong><br \/>\nPrepaidkarten und Aufladem\u00f6glichkeiten gibt es im kleinsten Dorf.<\/p>\n<p style=\"text-align: justify;\"><strong>Stra\u00dfen<\/strong><br \/>\nDer Stra\u00dfenzustand war gr\u00f6\u00dftenteils miserabel. Die Hauptverbindungsachse von Nukus nach Buchara ist eine Katastrophe.<\/p>\n<p style=\"text-align: justify;\"><strong>Trinkwasser<\/strong><br \/>\nIn den D\u00f6rfern findet man immer wieder Brunnen mit Trinkwasser.<\/p>\n<p style=\"text-align: justify;\"><strong>Geld<\/strong><br \/>\nKreditkarten werden in den Touristenzentren entlang der Seidenstra\u00dfe \u00fcberall akzeptiert, Euro und Dollar werden gerne als Zahlungsmittel angenommen. Dennoch sollte man derzeit in Usbekistan unbedingt ausreichend Dollar mit sich f\u00fchren, da es daf\u00fcr einen regen Schwarzmarkt gibt. Der offizielle Kurs lag bei unserem Besuch bei 1670 Som \/ Dollar, unter der Hand bekam man jedoch bis zu 2250 Som \/ Dollar. Der Kurs f\u00fcr Euro war deutlich schlechter.<br \/>\nDas Tauschen auf den M\u00e4rkten war nicht besonders schwierig, oft wurde man in ein Hinterzimmer oder in ein Ecke gef\u00fchrt, wo man das Geld in Ruhe nachz\u00e4hlen konnte. Erst dann \u00fcbergab man den Gegenwert in Dollar. In Tashkent konnte man im Hotel \u201eMir\u201c sowohl mit Visa- als auch mit Mastercard Dollar abheben.<\/p>\n<h4><\/h4>\n<h4>Aktualisierte INFORMATIONEN von <a href=\"http:\/\/www.akela.world\/home\/\">AKELA &#8211; from Alp to Alp<\/a><\/h4>\n<p><strong>Stand der Informationen<\/strong><br \/>\nJuni 2017<\/p>\n<div class=\"\"><strong>W\u00e4hrung<\/strong><\/div>\n<div class=\"\">Som: 8000 Som sind $1, 8500 Som bekommt man f\u00fcr \u20ac 1<\/div>\n<div class=\"\">Geldwechsel ist auf der Stra\u00dfe zu empfehlen, da bekommt man mehr f\u00fcr sein Geld. Offizieller Kurs bei Banken sind ca. 3600 Som f\u00fcr $1. Bankomat- und Kreditkartenzahlungen sind kaum m\u00f6glich.<\/div>\n<div class=\"\"><\/div>\n<div class=\"\"><strong>Visa<\/strong><\/div>\n<div class=\"\">Visa haben wir in Ankara beantragt und in Tehran abgeholt. Dauer ca. 14 Tage.<\/div>\n<div class=\"\">Einreichen: 1x Passfoto, 1x Antrag, 1x Reisepasskopie<\/div>\n<div class=\"\">Zum abholen: 2x Visaantrag, 2x Passfotos, 1x Reisepasskopie in Farbe!!<\/div>\n<div class=\"\">Kosten: $75 pro Person<\/div>\n<div class=\"\">G\u00fcltigkeit: 30 Tage ab dem angegebenen Eintrittsdatum<\/div>\n<div class=\"\"><\/div>\n<div class=\"\"><strong>Diesel<\/strong><\/div>\n<div class=\"\">Diesel ist relativ schwierig zu bekommen, da hier Gas sehr verbreitet ist. Es gibt zwar viele Tankstellen die Diesel und Benzin anbieten, viele haben aber geschlossen. Also, vorher nochmal volltanken.<\/div>\n<div class=\"\">Dieselpreis liegt bei 4000 &#8211; 4200 Som \/ Liter, ca. \u20ac0,48<\/div>\n<div class=\"\"><\/div>\n<div class=\"\"><strong>Kommunikation<\/strong><\/div>\n<div class=\"\">Auch nicht ganz so einfach an Simkarten ranzukommen, da man anscheinend eine nationalen Pass zur Registrierung braucht. Wir haben den Pass von dem UCell Angestellten genommen, wobei es dann beim Aufladen wieder Komplikationen gab.<\/div>\n<div class=\"\">Kosten: Ucell (oder Beeline) 1GB = $15<\/div>\n<div class=\"\"><\/div>\n<div class=\"\"><strong>Einreis<\/strong><\/div>\n<div class=\"\">Die Einreise nach Usbekistan verlief \u00fcberraschenderweise sehr positiv und problemlos. Wir haben die wildesten Geschichten mit R\u00f6ntgen und allem drum herum geh\u00f6rt, wobei wir nichts best\u00e4tigen k\u00f6nnen. Was aber stimmt ist, dass sie sehr erpicht sind, was Medikamente, speziell Psychopharmaka oder Narkotika angeht. Wir haben beim Lkw nichts ausger\u00e4umt und sie haben nur kurz reingeschaut. Trotz einer langen Schlange an LKWs und Einheimischen wurden wir vorgeholt und durften relativ schnell passieren. Dauer ca. 2 Stunden.<\/div>\n<div class=\"\">Kosten an der Grenze: Keine<\/div>\n<div class=\"\">Versicherung \u20ac 15 f\u00fcr 2 Wochen. War anscheinend aber zu \u201eteuer\u201c, da wir von anderen wissen, dass sie nur $2 bezahlt haben.<\/div>\n<div class=\"\"><\/div>\n<div class=\"\"><strong>Ausreis<\/strong><\/div>\n<div class=\"\">Ausreise aus Usbekistan in Sariasiya. Im Grunde auch wieder relativ reibungslos. Allerdings war nichts los an der Grenze und daher waren die Beamten gelangweilt und haben ein paar Schr\u00e4nke durchgeschaut. Keine Kontrollen von Medikamenten, Kameras, Fotos,\u2026 Allerdings waren sie bei zwei italienischen Motorradfahrern die vor uns dran waren etwas gr\u00fcndlicher. Usbekische Grenzen sind schwer einzusch\u00e4tzen. Dauer: 1,5 Stunden<\/div>\n<div class=\"\"><\/div>\n<div class=\"\"><strong>Stra\u00dfenzustand<\/strong><\/div>\n<div class=\"\">Es sind zwar schon einige \u201eAutobahnen\u201c im Bau, die teilweise auch genutzt werden k\u00f6nnen, allerdings nur abschnittsweise. Ansonsten sind die Stra\u00dfen miserabel.<\/div>\n","protected":false},"excerpt":{"rendered":"<p>!!! UPDATE Juni 2017 mit herzlichem Dank an AKELA &#8211; From Alp to Alp !!! Die aktualisierten Informationen stehen unten !!! &nbsp; Stand der Informationen Mai 2010 Visa Ein Touristenvisum f\u00fcr 30 Tage kann bei der usbekischen Vertretung in Deutschland &hellip; <a href=\"https:\/\/www.abseitsreisen.de\/blog\/lander-informationen\/usbekistan\/\">Weiterlesen<\/a><\/p>\n","protected":false},"author":1,"featured_media":0,"parent":473,"menu_order":4,"comment_status":"closed","ping_status":"closed","template":"","meta":{"kt_blocks_editor_width":"","_metis_text_type":"standard","_metis_text_length":1289,"_post_count":0,"footnotes":""},"class_list":["post-496","page","type-page","status-publish","hentry"],"aioseo_notices":[],"public_identification_id":"94061e63cb304270b7b5e8a01c226f0d","private_identification_id":"44ccfc3252854416928f5613bbaacfa4","_links":{"self":[{"href":"https:\/\/www.abseitsreisen.de\/blog\/wp-json\/wp\/v2\/pages\/496","targetHints":{"allow":["GET"]}}],"collection":[{"href":"https:\/\/www.abseitsreisen.de\/blog\/wp-json\/wp\/v2\/pages"}],"about":[{"href":"https:\/\/www.abseitsreisen.de\/blog\/wp-json\/wp\/v2\/types\/page"}],"author":[{"embeddable":true,"href":"https:\/\/www.abseitsreisen.de\/blog\/wp-json\/wp\/v2\/users\/1"}],"replies":[{"embeddable":true,"href":"https:\/\/www.abseitsreisen.de\/blog\/wp-json\/wp\/v2\/comments?post=496"}],"version-history":[{"count":7,"href":"https:\/\/www.abseitsreisen.de\/blog\/wp-json\/wp\/v2\/pages\/496\/revisions"}],"predecessor-version":[{"id":9263,"href":"https:\/\/www.abseitsreisen.de\/blog\/wp-json\/wp\/v2\/pages\/496\/revisions\/9263"}],"up":[{"embeddable":true,"href":"https:\/\/www.abseitsreisen.de\/blog\/wp-json\/wp\/v2\/pages\/473"}],"wp:attachment":[{"href":"https:\/\/www.abseitsreisen.de\/blog\/wp-json\/wp\/v2\/media?parent=496"}],"curies":[{"name":"wp","href":"https:\/\/api.w.org\/{rel}","templated":true}]}}