{"id":4983,"date":"2014-09-06T12:54:23","date_gmt":"2014-09-06T10:54:23","guid":{"rendered":"http:\/\/www.abseitsreisen.de\/blog\/?page_id=4983"},"modified":"2023-11-20T18:17:40","modified_gmt":"2023-11-20T17:17:40","slug":"swasiland","status":"publish","type":"page","link":"https:\/\/www.abseitsreisen.de\/blog\/lander-informationen\/swasiland\/","title":{"rendered":"Swasiland"},"content":{"rendered":"<p style=\"text-align: justify;\"><strong>Stand der Informationen<\/strong><br \/>\nJuni 2014<\/p>\n<p style=\"text-align: justify;\"><strong>Visa<\/strong><br \/>\nEU-B\u00fcrger d\u00fcrfen sich visafrei bis zu 60 Tage in Swasiland aufhalten. Die Einreise nach Swasiland gilt nicht als Ausreise aus S\u00fcdafrika. W\u00e4hrend man sich in Swasiland aufh\u00e4lt, z\u00e4hlen die Tage f\u00fcr S\u00fcdafrika weiter, so dass man sich in S\u00fcdafrika und Swasiland insgesamt 90 Tage visafrei aufhalten darf.<\/p>\n<p style=\"text-align: justify;\"><strong>Einreisebestimmungen<\/strong><br \/>\nSwasiland geh\u00f6rt neben Lesotho, Botswana und Namibia zur s\u00fcdafrikanischen Zollunion. Reist man von S\u00fcdafrika aus ein m\u00fcssen f\u00fcr das Fahrzeug keine weiteren Papiere ausgef\u00fcllt werden, das Fahrzeug bleibt im Carnet de Passage eingestempelt. Reist man dagegen von Mo\u00e7ambique ein oder m\u00f6chte man nach Mo\u00e7ambique ausreisen, so muss das Carnet de Passage gestempelt werden.<\/p>\n<p style=\"text-align: justify;\"><strong>Grenzabwicklung<\/strong><br \/>\nDie Einreise \u00fcber den kleinen Grenz\u00fcbergang Bulembu verlief sehr z\u00fcgig. Der Pass wurde eingestempelt. Pro Fahrzeug f\u00e4llt eine Mautgeb\u00fchr von E80 (\u20ac 6,-) an. Dauer: ca. 10 Minuten.<br \/>\nEbenso z\u00fcgig verlief die Ausreise \u00fcber den gro\u00dfen Grenz\u00fcbergang Lavumisa \/ Golela. Der Pass wurde gestempelt, das Fahrzeug interessierte nicht. Dauer: ca. 10 Minuten.<\/p>\n<p><strong>Kraftstoff<\/strong><br \/>\nMit E12,25 (\u20ac 0,87) pro Liter liegt der Dieselpreis etwas unter dem in S\u00fcdafrika. Das Tankstellennetz ist dicht ausgebaut.<\/p>\n<p><strong>Kommunikation<\/strong><br \/>\nSowohl unsere s\u00fcdafrikanische Mobilfunkkarte von VodaCom, als auch die deutsche Simkarte funktionierten in Swasiland nicht. Da wir nur wenige Tage in Swasiland unterwegs waren, kauften wir uns keine lokale Simkarte von MTN.<\/p>\n<p><strong>Stra\u00dfen<\/strong><br \/>\nIn Swasiland herrscht Linksverkehr. Die wichtigsten Hauptverkehrsrouten sind geteert und sehr gut zu befahren. Nebenstra\u00dfen sind h\u00e4ufig nicht geteert.<\/p>\n<p><strong>Trinkwasser \/ Versorgungslage<\/strong><br \/>\nHauptziel vieler Touristen in Swasiland ist das eZulwini Valley. Hier gibt es gro\u00dfe Malls mit Supermarktketten wie Spar, Shoprite und Pick n Pay. In l\u00e4ndlichen Gegenden gibt es meist Tante-Emma-L\u00e4den.<\/p>\n<p><strong>Geld<\/strong><br \/>\nDie W\u00e4hrung Swasilands ist der Emalangeni (E), der an den s\u00fcdafrikanischen Rand gebunden ist (1R=1E). Man kann daher auch mit Rand bezahlen, wohingegen Emalangeni nur in Swasiland gelten. Teilweise geben sogar Geldautomaten Rand aus. Der aktuelle Kurs liegt bei etwa E14 \/ \u20ac. Geldautomaten gibt es Superm\u00e4rkten, bei gro\u00dfen Tankstellen und in den meisten Ortschaften.<\/p>\n<p><strong>Nationalparks<\/strong><br \/>\nIm Mlilwane Wildlife Sanctuary wird die s\u00fcdafrikanische &#8218;Wildcard&#8216; (R2610.- zwei Personen \/1 Jahr) akzeptiert.<\/p>\n<blockquote>\n<p style=\"text-align: justify;\">Helfen euch die Informationen auf unserer Webseite beim Reisen oder der Vorbereitung dazu weiter? Freut uns. Auch ihr k\u00f6nnt unser Reiseprojekt unterst\u00fctzen, einfach und kostenlos.<\/p>\n<p style=\"text-align: justify;\">Wenn ihr das n\u00e4chste Mal bei Amazon bestellt, nutzt daf\u00fcr den\u00a0<a href=\"http:\/\/www.amazon.de\/?_encoding=UTF8&amp;site-redirect=de&amp;tag=wwwabseitsrei-21&amp;linkCode=ur2&amp;camp=1638&amp;creative=6742\" target=\"_blank\" rel=\"noopener\">Amazon-Link<\/a>\u00a0bei abseitsreisen.de bevor ihr etwas in den Warenkorb legt. Amazon verg\u00fctet uns dadurch ein kleine Linkpr\u00e4mie. Der Preis f\u00fcr euch als Kunden bleibt dadurch nat\u00fcrlich unber\u00fchrt.<\/p>\n<p style=\"text-align: justify;\">Noch besser: Zieht euch diesen\u00a0<a href=\"http:\/\/www.amazon.de\/?_encoding=UTF8&amp;site-redirect=de&amp;tag=wwwabseitsrei-21&amp;linkCode=ur2&amp;camp=1638&amp;creative=6742\" target=\"_blank\" rel=\"noopener\">Amazon-Link<\/a>\u00a0per Drag-and-Drop in die Lesezeichen eures Browsers und klickt euch so f\u00fcr die n\u00e4chsten Bestellungen zu Amazon. Damit unterst\u00fctzt ihr kostenlos diese Webseite bei jedem Einkauf. Dankesch\u00f6n.<\/p>\n<\/blockquote>\n<p style=\"text-align: justify;\"><strong>Stellpl\u00e4tze<\/strong><br \/>\nSwasiland ist ein sehr beliebtes Urlaubsziel der S\u00fcdafrikaner und ist daher auf Campingurlauber eingerichtet.<\/p>\n<p style=\"text-align: justify;\"><span style=\"color: #000000;\">Als Reisef\u00fchrer nutzten wir das\u00a0Tavel Handbuch\u00a0<a href=\"http:\/\/shop.stefan-loose.de\/stefan-loose-travel-handbuecher\/afrika\/suedafrika-swasiland-lesotho-stefan-loose-travel-handbuecher-reisefuehrer_pid_786_8482.html?\" target=\"_blank\" rel=\"noopener\">S\u00dcDAFRIKA Lesotho und Swasiland<\/a>\u00a0von STEFAN LOOSE\u00a0<\/span><span style=\"color: #000000;\">und waren \u00fcberrascht, dass neben einer Vielzahl von Unterk\u00fcnften, ausf\u00fchrlichen und interessanten Informationen \u00fcber Land und Leute auch hilfreiche Tipps f\u00fcr Selbstfahrer nicht zu kurz kamen. So wird sehr ausf\u00fchrlich auf Campingm\u00f6glichkeiten und immer wieder auch auf \u00a0Stra\u00dfenzust\u00e4nde eingegangen.<\/span><\/p>\n<p style=\"text-align: justify;\"><strong><a href=\"https:\/\/www.abseitsreisen.de\/blog\/wp-content\/uploads\/2014\/08\/malolotja-nature-reserve.campsite.jpg\"><img loading=\"lazy\" decoding=\"async\" class=\"alignleft size-medium wp-image-4985\" style=\"margin: 5pt 15px 15pt 0pt;\" src=\"https:\/\/www.abseitsreisen.de\/blog\/wp-content\/uploads\/2014\/08\/malolotja-nature-reserve.campsite-300x199.jpg\" alt=\"malolotja-nature-reserve.campsite\" width=\"300\" height=\"199\" srcset=\"https:\/\/www.abseitsreisen.de\/blog\/wp-content\/uploads\/2014\/08\/malolotja-nature-reserve.campsite-300x199.jpg 300w, https:\/\/www.abseitsreisen.de\/blog\/wp-content\/uploads\/2014\/08\/malolotja-nature-reserve.campsite.jpg 725w\" sizes=\"auto, (max-width: 300px) 100vw, 300px\" \/><\/a>Malolotja Nature Reserve. Malolotja Campsite.<\/strong><br \/>\nS 26\u00b0 08&#8242; 37.8\u201c, E 31\u00b0 07&#8242; 54.0\u201c (~ 1500m \u00fc. M.)<\/p>\n<p style=\"text-align: justify;\"><strong>R 140 \/ Nacht ( ca. \u20ac 10,-)<\/strong><br \/>\nR70 pro Person Camping, zus\u00e4tzlich muss einmalig der Parkeintritt von R30 pro Person bezahlt werden. \u00d6ffnungszeiten: 6:30 Uhr &#8211; 18 Uhr, im Sommer 6 Uhr &#8211; 18:30 Uhr<\/p>\n<p style=\"text-align: justify;\">Idyllischer, sehr liebevoll angelegter kleiner Campingplatz im Naturreservat<\/p>\n<p style=\"text-align: justify;\">Ausstattung: einfache Toiletten, Duschen, die ab den fr\u00fchen Morgenstunden durch einen Holzboiler erhitzt werden, Grillstellen, kein Strom!, Rezeption mit Restaurant. Das Leitungswasser bei der Rezeption ist Trinkwasser, das Wasser am Campingplatz nicht. Keine H\u00f6henbegrenzung, gro\u00dfe Fahrzeuge k\u00f6nnen durch ein Gatter in den Park fahren.<\/p>\n<div style=\"clear: both;\"><\/div>\n<p style=\"text-align: justify;\"><strong><a href=\"https:\/\/www.abseitsreisen.de\/blog\/wp-content\/uploads\/2014\/08\/Legends-backpacker.jpg\"><img loading=\"lazy\" decoding=\"async\" class=\"alignleft size-medium wp-image-4986\" style=\"margin: 5pt 15px 15pt 0pt;\" src=\"https:\/\/www.abseitsreisen.de\/blog\/wp-content\/uploads\/2014\/08\/Legends-backpacker-300x199.jpg\" alt=\"Legends backpacker\" width=\"300\" height=\"199\" srcset=\"https:\/\/www.abseitsreisen.de\/blog\/wp-content\/uploads\/2014\/08\/Legends-backpacker-300x199.jpg 300w, https:\/\/www.abseitsreisen.de\/blog\/wp-content\/uploads\/2014\/08\/Legends-backpacker.jpg 725w\" sizes=\"auto, (max-width: 300px) 100vw, 300px\" \/><\/a>eZulwini Valley. Legends Backpacker Lodge.<\/strong><br \/>\nS 26\u00b0 26&#8242; 25.1\u201c, E 31\u00b0 11&#8242; 00.8\u201c (~ 770m \u00fc. M.)<\/p>\n<p style=\"text-align: justify;\"><strong>R160 \/ Nacht (ca. \u20ac 11,50)<\/strong><br \/>\nR80 pro Person, Fahrzeug inklusive.<\/p>\n<p style=\"text-align: justify;\">Nettes Hostel mit schattiger, absch\u00fcssiger Campingfl\u00e4che. Vor dem Hostel gibt es dar\u00fcber hinaus einen gro\u00dfen, geschotterten, ebenen Parkplatz.<\/p>\n<p style=\"text-align: justify;\">Ausstattung: Toiletten und nagelneuer Duschkomplex, Stromanschluss mit langem Kabel m\u00f6glich, Gemeinschaftsk\u00fcche, Grillstellen, Fernsehraum, kostenloses Wi-Fi auch vom Stellplatz aus. Keine H\u00f6henbegrenzung. Eine gro\u00dfe Mall ist in f\u00fcnf Minuten zu Fu\u00df zu erreichen.<\/p>\n<p style=\"text-align: justify;\">Tipp: Das Mantenga Cultural Village liegt nur wenige Kilometer entfernt. Der einfache Eintritt kostet R50 pro Person, m\u00f6chte man der 45 min\u00fctigem Tanzvorf\u00fchrung (11:15 Uhr und 15:15 Uhr) beiwohnen, kostet der Eintritt R100 pro Person. Wir fanden die Tanzdarbietung und Ges\u00e4nge sehr sehenswert.<\/p>\n<div style=\"clear: both;\"><\/div>\n<p style=\"text-align: justify;\"><strong><a href=\"https:\/\/www.abseitsreisen.de\/blog\/wp-content\/uploads\/2014\/08\/mlilwane-wildlife-sanctuary.jpg\"><img loading=\"lazy\" decoding=\"async\" class=\"alignleft size-medium wp-image-4987\" style=\"margin: 5pt 15px 15pt 0pt;\" src=\"https:\/\/www.abseitsreisen.de\/blog\/wp-content\/uploads\/2014\/08\/mlilwane-wildlife-sanctuary-300x199.jpg\" alt=\"mlilwane wildlife sanctuary\" width=\"300\" height=\"199\" srcset=\"https:\/\/www.abseitsreisen.de\/blog\/wp-content\/uploads\/2014\/08\/mlilwane-wildlife-sanctuary-300x199.jpg 300w, https:\/\/www.abseitsreisen.de\/blog\/wp-content\/uploads\/2014\/08\/mlilwane-wildlife-sanctuary.jpg 725w\" sizes=\"auto, (max-width: 300px) 100vw, 300px\" \/><\/a>Mlilwane Wildlife Sanctuary. Caravan Park.<\/strong><br \/>\nS 26\u00b0 29&#8242; 36.6\u201c, E 31\u00b0 11&#8242; 07.4\u201c (~ 730m \u00fc. M.)<\/p>\n<p style=\"text-align: justify;\"><strong>R 180 \/ Nacht (ca. \u20ac 13,-)<\/strong><br \/>\nR90 pro Person f\u00fcr Camping, R40 pro Person Eintritt. Eintritt in der Wildcard inbegriffen.<\/p>\n<p style=\"text-align: justify;\">Weitl\u00e4ufige Anlage mit Rondavels und Campingplatz<\/p>\n<p style=\"text-align: justify;\">Ausstattung: Schattige Parzellen mit Grillstelle und Stromanschluss, Toilettenanlagen und hei\u00dfe Duschen, Waschmaschine und Trockner, Restaurant, Fahrradverleih E100 \/ Stunde. Keine H\u00f6henbegrenzung.<\/p>\n<div style=\"clear: both;\"><\/div>\n<p>&nbsp;<\/p>\n<p>&nbsp;<\/p>\n","protected":false},"excerpt":{"rendered":"<p>Stand der Informationen Juni 2014 Visa EU-B\u00fcrger d\u00fcrfen sich visafrei bis zu 60 Tage in Swasiland aufhalten. Die Einreise nach Swasiland gilt nicht als Ausreise aus S\u00fcdafrika. W\u00e4hrend man sich in Swasiland aufh\u00e4lt, z\u00e4hlen die Tage f\u00fcr S\u00fcdafrika weiter, so &hellip; <a href=\"https:\/\/www.abseitsreisen.de\/blog\/lander-informationen\/swasiland\/\">Weiterlesen<\/a><\/p>\n","protected":false},"author":2,"featured_media":0,"parent":473,"menu_order":0,"comment_status":"closed","ping_status":"closed","template":"","meta":{"kt_blocks_editor_width":"","_metis_text_type":"standard","_metis_text_length":5616,"_post_count":0,"footnotes":""},"class_list":["post-4983","page","type-page","status-publish","hentry"],"aioseo_notices":[],"public_identification_id":"c20df49852824da38c1f031fd4ddd532","private_identification_id":"ef44e6cc7337428da60a7322f3415774","_links":{"self":[{"href":"https:\/\/www.abseitsreisen.de\/blog\/wp-json\/wp\/v2\/pages\/4983","targetHints":{"allow":["GET"]}}],"collection":[{"href":"https:\/\/www.abseitsreisen.de\/blog\/wp-json\/wp\/v2\/pages"}],"about":[{"href":"https:\/\/www.abseitsreisen.de\/blog\/wp-json\/wp\/v2\/types\/page"}],"author":[{"embeddable":true,"href":"https:\/\/www.abseitsreisen.de\/blog\/wp-json\/wp\/v2\/users\/2"}],"replies":[{"embeddable":true,"href":"https:\/\/www.abseitsreisen.de\/blog\/wp-json\/wp\/v2\/comments?post=4983"}],"version-history":[{"count":24,"href":"https:\/\/www.abseitsreisen.de\/blog\/wp-json\/wp\/v2\/pages\/4983\/revisions"}],"predecessor-version":[{"id":334004,"href":"https:\/\/www.abseitsreisen.de\/blog\/wp-json\/wp\/v2\/pages\/4983\/revisions\/334004"}],"up":[{"embeddable":true,"href":"https:\/\/www.abseitsreisen.de\/blog\/wp-json\/wp\/v2\/pages\/473"}],"wp:attachment":[{"href":"https:\/\/www.abseitsreisen.de\/blog\/wp-json\/wp\/v2\/media?parent=4983"}],"curies":[{"name":"wp","href":"https:\/\/api.w.org\/{rel}","templated":true}]}}