{"id":499,"date":"2010-07-01T19:45:34","date_gmt":"2010-07-01T17:45:34","guid":{"rendered":"http:\/\/www.abseitsreisen.de\/blog\/?page_id=499"},"modified":"2023-11-20T18:01:34","modified_gmt":"2023-11-20T17:01:34","slug":"kirgistan","status":"publish","type":"page","link":"https:\/\/www.abseitsreisen.de\/blog\/lander-informationen\/kirgistan\/","title":{"rendered":"Kirgistan"},"content":{"rendered":"<p style=\"text-align: justify;\"><strong>Stand der Informationen<\/strong><br \/>\nJuni 2010<\/p>\n<p style=\"text-align: justify;\"><strong>Visa <\/strong><br \/>\nEin Touristenvisum f\u00fcr 30 Tage erh\u00e4lt man bei der kirgisischen Vertretung in Deutschland oder bei der kirgisischen Botschaft in Tashkent \/ Usbekistan ( N 41\u00b019`20,5\u201c, E069\u00b017`30,2\u201c). Bei normaler Bearbeitungszeit von f\u00fcnf Tagen belaufen sich die Kosten auf 70$ pro Person, bei Expressbearbeitung steigt der Preis auf 110$.<\/p>\n<p style=\"text-align: justify;\"><strong>Einreisebestimmungen <\/strong><br \/>\nF\u00fcr das Fahrzeug sind keine speziellen Papiere notwendig.<br \/>\nEine Registrierung im Land ist nicht notwendig.<\/p>\n<p style=\"text-align: justify;\"><strong>Grenzabwicklung<\/strong><br \/>\nDie Einreise an diesem kleinen Grenzposten verlief extrem entspannt. Kurz einen Blick ins Auto geworfen und den Einreisestempel in den Pass gedr\u00fcckt, schnell noch ein Foto zur Erinnerung an die deutschen Touristen gemacht, fertig. Keine Formulare, keine anfallenden Kosten.<\/p>\n<p style=\"text-align: justify;\"><strong>Stellpl\u00e4tze<\/strong><br \/>\nDiese Frage stellt sich in Kirgistan nicht, hier findet sich stets ein Platz am See, in den Bergen oder am Bach.<\/p>\n<p style=\"text-align: justify;\"><strong>Kraftstoff<\/strong><br \/>\nDiesel gibt es, jedoch zu 60 Cent \/ Liter und damit deutlich teuerer als in den Nachbarl\u00e4ndern. Wir sahen ausreichend Tankstellen, doch ob sie auch Diesel hatten, wissen wir nicht, da wir in Usbekistan gen\u00fcgend getankt hatten, um dieses Land in Bezug auf Sprit \u00fcberbr\u00fccken konnten.<\/p>\n<p style=\"text-align: justify;\"><strong>Kommunikation<\/strong><br \/>\nSeit Kirgistan sind wir \u201eBeeline\u201c- Fans. Bei diesem Anbieter gab es als Prepaid-Handykarte den sogenannten \u201eMir-Tarif\u201c, mit welchem man f\u00fcr 4 Cent pro Minute ins dt. Festnetz und f\u00fcr 18 Cent ins dt. Mobilfunknetz telefonieren konnte. Die Netzabdeckung war au\u00dferhalb von gr\u00f6\u00dferen Ansiedlung nicht immer gew\u00e4hrleistet.<\/p>\n<p style=\"text-align: justify;\"><strong>Stra\u00dfen<\/strong><br \/>\nDie Hauptroute Osh-Bishkek ist in gutem Zustand, die restlichen Strecken reichen von Schotter- \u00fcber Schlaglochpisten. Br\u00fccken aus morschem Holz verhindern die ein oder andere Taldurchfahrt.<br \/>\nTeilweise wird Maut verlangt, Ausl\u00e4nder zahlen ein Vielfaches. Zur Anfahrt des Ysyk-K\u00f6l See wird eine Naturschutzabgabe von etwa 10$ verlangt.<\/p>\n<blockquote>\n<p style=\"text-align: justify;\">Helfen euch die Informationen auf unserer Webseite beim Reisen oder der Vorbereitung dazu weiter? Freut uns. Auch ihr k\u00f6nnt unser Reiseprojekt unterst\u00fctzen, einfach und kostenlos.<\/p>\n<p style=\"text-align: justify;\">Wenn ihr das n\u00e4chste Mal bei Amazon bestellt, nutzt daf\u00fcr den\u00a0<a href=\"http:\/\/www.amazon.de\/?_encoding=UTF8&amp;site-redirect=de&amp;tag=wwwabseitsrei-21&amp;linkCode=ur2&amp;camp=1638&amp;creative=6742\" target=\"_blank\" rel=\"noopener\">Amazon-Link<\/a>\u00a0bei abseitsreisen.de bevor ihr etwas in den Warenkorb legt. Amazon verg\u00fctet uns dadurch ein kleine Linkpr\u00e4mie. Der Preis f\u00fcr euch als Kunden bleibt dadurch nat\u00fcrlich unber\u00fchrt.<\/p>\n<p style=\"text-align: justify;\">Noch besser: Zieht euch diesen\u00a0<a href=\"http:\/\/www.amazon.de\/?_encoding=UTF8&amp;site-redirect=de&amp;tag=wwwabseitsrei-21&amp;linkCode=ur2&amp;camp=1638&amp;creative=6742\" target=\"_blank\" rel=\"noopener\">Amazon-Link<\/a>\u00a0per Drag-and-Drop in die Lesezeichen eures Browsers und klickt euch so f\u00fcr die n\u00e4chsten Bestellungen zu Amazon. Damit unterst\u00fctzt ihr kostenlos diese Webseite bei jedem Einkauf. Dankesch\u00f6n.<\/p>\n<\/blockquote>\n<p style=\"text-align: justify;\"><strong>Trinkwasser<\/strong><br \/>\nTrinkwasser gibt es \u00fcberall, in jedem Dorf befinden sich etliche Pumpbrunnen mit guter Trinkwasserqualit\u00e4t.<\/p>\n<p style=\"text-align: justify;\"><strong>Geld<\/strong><br \/>\nDa wir die Zentren aufgrund der politisch angespannten Lage mieden, und es in den kleinen Ortschaften keine Visaautomaten gab, konnten wir nur unser heimisches Bargeld tauschen. Wechselstuben gibt es in jedem gr\u00f6\u00dferen Dorf. Dollar und Euro werden akzeptiert.<\/p>\n","protected":false},"excerpt":{"rendered":"<p>Stand der Informationen Juni 2010 Visa Ein Touristenvisum f\u00fcr 30 Tage erh\u00e4lt man bei der kirgisischen Vertretung in Deutschland oder bei der kirgisischen Botschaft in Tashkent \/ Usbekistan ( N 41\u00b019`20,5\u201c, E069\u00b017`30,2\u201c). Bei normaler Bearbeitungszeit von f\u00fcnf Tagen belaufen sich &hellip; <a href=\"https:\/\/www.abseitsreisen.de\/blog\/lander-informationen\/kirgistan\/\">Weiterlesen<\/a><\/p>\n","protected":false},"author":1,"featured_media":0,"parent":473,"menu_order":5,"comment_status":"closed","ping_status":"closed","template":"","meta":{"kt_blocks_editor_width":"","_metis_text_type":"standard","_metis_text_length":1289,"_post_count":0,"footnotes":""},"class_list":["post-499","page","type-page","status-publish","hentry"],"aioseo_notices":[],"public_identification_id":"94efaad3e31d4832baf4645489083e41","private_identification_id":"f7d90a0763dc4dc4a4a6b666ab2587d0","_links":{"self":[{"href":"https:\/\/www.abseitsreisen.de\/blog\/wp-json\/wp\/v2\/pages\/499","targetHints":{"allow":["GET"]}}],"collection":[{"href":"https:\/\/www.abseitsreisen.de\/blog\/wp-json\/wp\/v2\/pages"}],"about":[{"href":"https:\/\/www.abseitsreisen.de\/blog\/wp-json\/wp\/v2\/types\/page"}],"author":[{"embeddable":true,"href":"https:\/\/www.abseitsreisen.de\/blog\/wp-json\/wp\/v2\/users\/1"}],"replies":[{"embeddable":true,"href":"https:\/\/www.abseitsreisen.de\/blog\/wp-json\/wp\/v2\/comments?post=499"}],"version-history":[{"count":7,"href":"https:\/\/www.abseitsreisen.de\/blog\/wp-json\/wp\/v2\/pages\/499\/revisions"}],"predecessor-version":[{"id":333979,"href":"https:\/\/www.abseitsreisen.de\/blog\/wp-json\/wp\/v2\/pages\/499\/revisions\/333979"}],"up":[{"embeddable":true,"href":"https:\/\/www.abseitsreisen.de\/blog\/wp-json\/wp\/v2\/pages\/473"}],"wp:attachment":[{"href":"https:\/\/www.abseitsreisen.de\/blog\/wp-json\/wp\/v2\/media?parent=499"}],"curies":[{"name":"wp","href":"https:\/\/api.w.org\/{rel}","templated":true}]}}