{"id":4994,"date":"2014-09-06T12:54:15","date_gmt":"2014-09-06T10:54:15","guid":{"rendered":"http:\/\/www.abseitsreisen.de\/blog\/?page_id=4994"},"modified":"2023-11-20T18:17:44","modified_gmt":"2023-11-20T17:17:44","slug":"lesotho","status":"publish","type":"page","link":"https:\/\/www.abseitsreisen.de\/blog\/lander-informationen\/lesotho\/","title":{"rendered":"Lesotho"},"content":{"rendered":"<p style=\"text-align: justify;\"><strong>Stand der Informationen<\/strong><br \/>\nJuli 2014<\/p>\n<p style=\"text-align: justify;\"><strong>Visa<\/strong><br \/>\nDeutsche ben\u00f6tigen f\u00fcr die Einreise nach Lesotho kein Visum, \u00fcber die Dauer entscheidet der Grenzbeamte. Wir bekamen bei der Einreise \u00fcber den Sani Pass 30 Tage. Die Einreise nach Lesotho gilt nicht als Ausreise aus S\u00fcdafrika. W\u00e4hrend man sich in Lesotho aufh\u00e4lt, z\u00e4hlen die Tage weiter, so dass man sich in S\u00fcdafrika und Lesotho insgesamt 90 Tage visafrei aufhalten darf.<\/p>\n<p style=\"text-align: justify;\"><strong>Einreisebestimmungen<\/strong><br \/>\nDa Lesotho zur s\u00fcdafrikanischen Zollunion geh\u00f6rt, m\u00fcssen f\u00fcr das Fahrzeug keine weiteren Papiere ausgef\u00fcllt werden. Das Fahrzeug bleibt im Carnet de Passage eingestempelt.<\/p>\n<p style=\"text-align: justify;\"><strong>Grenzabwicklung<\/strong><br \/>\nDie Einreise \u00fcber den kleinen Grenz\u00fcbergang Sani Pass verlief sehr z\u00fcgig. Der Pass wurde eingestempelt und ein kurzer Blick ins Auto geworfen. Die Mautgeb\u00fchr f\u00fcr Pkws betr\u00e4gt M30, f\u00fcr Lkws mit zwei Achsen M60 und muss bar an der Grenze bezahlt werden. Dauer: ca. 10 Minuten. Ebenso z\u00fcgig verlief die Ausreise \u00fcber den gro\u00dfen Grenz\u00fcbergang Telle Bridge. Der Pass wurde gestempelt und ein kurzer Blick ins Auto geworfen. Dauer: ca. 10 Minuten.<\/p>\n<p><span style=\"color: #000000;\"><strong>Kraftstoff<\/strong><\/span><br \/>\nMit M13 pro Liter liegt der Dieselpreis etwa auf dem Niveau S\u00fcdafrikas. Tankstellen gibt es in gr\u00f6\u00dferen Ortschaften.<\/p>\n<p><strong>Kommunikation<\/strong> Eine Simkarte von Vodacom kostete M5, eine Minute ins deutsche Festnest kostete M3 und eine SMS aufs deutsche Handynetz M1,7. Gespr\u00e4che innerhalb Lesothos kosteten M0,25 die Minute. Die Netzabdeckung ist in l\u00e4ndlichen Gegenden nicht fl\u00e4chendeckend gegeben.<\/p>\n<p><strong>Stra\u00dfen<\/strong><br \/>\nUnsere Route f\u00fchrte \u00fcber den Sani Pass nach Mokhotlong, \u00fcber die A3 und A4 nach Sehlabathebe und \u00fcber Qacha\u00b4s Nek nach Telle Bridge. Die Strecke von Sani Pass nach Mokhotlong ist in Teilen geteert, gr\u00f6\u00dftenteils wird sie gerade ausgebaut. Die Landschaft von Mokhotlong nach Qacha\u00b4s Nek ist atemberaubend sch\u00f6n und die Stra\u00dfen atemraubend schlecht. Die meist einspurige Strecke ist in weiten Teilen sehr steinig, stellenweise steil und eng. Da die Strecke von heimischen Minibussen befahren wird, ist sie auf deren Spurweite ausgelegt und an manchen Stellen kaum breiter. Wir mussten an zwei Stellen graben, um die Stra\u00dfe unserer Fahrzeuggr\u00f6\u00dfe anzupassen. Meist schafften wir nicht mehr als f\u00fcnfzig Kilometer am Tag. Ab Qacha\u00b4s Nek Richtung Westen ist die Stra\u00dfe geteert und gut zu befahren.<\/p>\n<p><strong>Trinkwasser \/ Versorgungslage<\/strong><br \/>\nM\u00f6chte man in abgelegene Gebiete Lesothos reisen, sollte man seine Vorr\u00e4te unbedingt auff\u00fcllen, da selbst Tante-Emma-L\u00e4den rar sind. Selbst in Mokhotlong findet man in manchen L\u00e4den kaum mehr als eine Packung Toast im Regal.<\/p>\n<blockquote>\n<p style=\"text-align: justify;\">Helfen euch die Informationen auf unserer Webseite beim Reisen oder der Vorbereitung dazu weiter? Freut uns. Auch ihr k\u00f6nnt unser Reiseprojekt unterst\u00fctzen, einfach und kostenlos.<\/p>\n<p style=\"text-align: justify;\">Wenn ihr das n\u00e4chste Mal bei Amazon bestellt, nutzt daf\u00fcr den\u00a0<a href=\"http:\/\/www.amazon.de\/?_encoding=UTF8&amp;site-redirect=de&amp;tag=wwwabseitsrei-21&amp;linkCode=ur2&amp;camp=1638&amp;creative=6742\" target=\"_blank\" rel=\"noopener\">Amazon-Link<\/a>\u00a0bei abseitsreisen.de bevor ihr etwas in den Warenkorb legt. Amazon verg\u00fctet uns dadurch ein kleine Linkpr\u00e4mie. Der Preis f\u00fcr euch als Kunden bleibt dadurch nat\u00fcrlich unber\u00fchrt.<\/p>\n<p style=\"text-align: justify;\">Noch besser: Zieht euch diesen\u00a0<a href=\"http:\/\/www.amazon.de\/?_encoding=UTF8&amp;site-redirect=de&amp;tag=wwwabseitsrei-21&amp;linkCode=ur2&amp;camp=1638&amp;creative=6742\" target=\"_blank\" rel=\"noopener\">Amazon-Link<\/a>\u00a0per Drag-and-Drop in die Lesezeichen eures Browsers und klickt euch so f\u00fcr die n\u00e4chsten Bestellungen zu Amazon. Damit unterst\u00fctzt ihr kostenlos diese Webseite bei jedem Einkauf. Dankesch\u00f6n.<\/p>\n<\/blockquote>\n<p><strong>Geld<\/strong><br \/>\nDie W\u00e4hrung Lesotho ist der Loti, Plural Maloti (M), der an den s\u00fcdafrikanischen Rand gebunden ist (1R=1M). Man kann \u00fcberall auch mit Rand bezahlen, wohingegen Maloti ausschlie\u00dflich in Lesotho gelten. Der aktuelle Kurs liegt bei etwa M14 \/ \u20ac. Geldautomaten gibt es bei Banken in gr\u00f6\u00dferen St\u00e4dten. Daher ist es sinnvoll vor Einreise aus S\u00fcdafrika seine Bargeldreserven aufzuf\u00fcllen.<\/p>\n<p style=\"text-align: justify;\"><strong>Stellpl\u00e4tze<\/strong><br \/>\nLesotho ist nur punktuell touristisch erschlossen, so dass man Campingpl\u00e4tze wie in S\u00fcdafrika oder Namibia in abgelegenen Teilen des Landes vergeblich sucht. Wir entschieden uns in Lesotho daher meist f\u00fcr freie Stellpl\u00e4tze abseits der D\u00f6rfer und f\u00fchlten uns dabei sehr wohl. In St\u00e4dten fragten wir bei Hotels nach einem Parkplatz.<\/p>\n<p>Als Reisef\u00fchrer nutzten wir das\u00a0<span style=\"color: #000000;\">Tavel Handbuch<\/span><span style=\"color: #000000;\">\u00a0<a href=\"http:\/\/shop.stefan-loose.de\/stefan-loose-travel-handbuecher\/afrika\/suedafrika-swasiland-lesotho-stefan-loose-travel-handbuecher-reisefuehrer_pid_786_8482.html?\" target=\"_blank\" rel=\"noopener\">S\u00dcDAFRIKA Lesotho und Swasiland<\/a><\/span><span style=\"color: #000000;\">\u00a0von STEFAN LOOSE und waren \u00fcberrascht, dass neben Unterk\u00fcnften, ausf\u00fchrlichen und interessanten Informationen \u00fcber Land und Leute auch hilfreiche Tipps f\u00fcr Selbstfahrer nicht zu kurz kamen. Gerade die detaillierte Beschreibung des Stra\u00dfenzustands einzelner Streckenabschnitte war f\u00fcr uns von gro\u00dfem Nutzen.<\/span><\/p>\n<p style=\"text-align: justify;\"><strong><a href=\"https:\/\/www.abseitsreisen.de\/blog\/wp-content\/uploads\/2014\/08\/Lesotho1_Sani-Pass-Top-Camping.jpg\"><img loading=\"lazy\" decoding=\"async\" class=\"alignleft size-medium wp-image-4995\" style=\"margin: 5pt 15px 15pt 0pt;\" src=\"https:\/\/www.abseitsreisen.de\/blog\/wp-content\/uploads\/2014\/08\/Lesotho1_Sani-Pass-Top-Camping-300x199.jpg\" alt=\"Lesotho1_Sani Pass Top Camping\" width=\"300\" height=\"199\" srcset=\"https:\/\/www.abseitsreisen.de\/blog\/wp-content\/uploads\/2014\/08\/Lesotho1_Sani-Pass-Top-Camping-300x199.jpg 300w, https:\/\/www.abseitsreisen.de\/blog\/wp-content\/uploads\/2014\/08\/Lesotho1_Sani-Pass-Top-Camping.jpg 720w\" sizes=\"auto, (max-width: 300px) 100vw, 300px\" \/><\/a><\/strong><\/p>\n<p style=\"text-align: justify;\"><strong>Sani Pass. Sani Top Chalet Backpackers and Camping.<\/strong><br \/>\nS 29\u00b0 35&#8242; 05.9&#8243;, E 29\u00b0 17&#8242; 16.6&#8243;<\/p>\n<p style=\"text-align: justify;\"><strong>M190 \/ Nacht (ca. \u20ac 14,-)<\/strong><br \/>\nM95 pro Person.<\/p>\n<p style=\"text-align: justify;\"><span style=\"color: #000000;\">Ausstattung: einfache Toiletten, nur nachmittags hei\u00dfe Duschen, Gemeinschaftsk\u00fcche.\u00a0Sehr schlechtes Preis- Leistungsverh\u00e4ltnis. Es gibt keinen Campingplatz, sondern man steht irgendwo in dem kleinen Dorf. Wof\u00fcr man hier bezahlt ist unklar. Gem\u00fctlicher Pub am Sani Top.<\/span><\/p>\n<div style=\"clear: both;\"><\/div>\n<p style=\"text-align: justify;\"><span style=\"color: #000000;\"><strong><a href=\"https:\/\/www.abseitsreisen.de\/blog\/wp-content\/uploads\/2014\/08\/Lesotho2_Mokhotlong-Hotel.jpg\"><span style=\"color: #000000;\"><img loading=\"lazy\" decoding=\"async\" class=\"alignleft size-medium wp-image-4996\" style=\"margin: 5pt 15px 15pt 0pt;\" src=\"https:\/\/www.abseitsreisen.de\/blog\/wp-content\/uploads\/2014\/08\/Lesotho2_Mokhotlong-Hotel-300x199.jpg\" alt=\"Lesotho2_Mokhotlong Hotel\" width=\"300\" height=\"199\" srcset=\"https:\/\/www.abseitsreisen.de\/blog\/wp-content\/uploads\/2014\/08\/Lesotho2_Mokhotlong-Hotel-300x199.jpg 300w, https:\/\/www.abseitsreisen.de\/blog\/wp-content\/uploads\/2014\/08\/Lesotho2_Mokhotlong-Hotel.jpg 720w\" sizes=\"auto, (max-width: 300px) 100vw, 300px\" \/><\/span><\/a><\/strong><\/span><\/p>\n<p style=\"text-align: justify;\"><span style=\"color: #000000;\"><strong>Mokhotlong. Hotel Mokhotlong.<\/strong><\/span><br \/>\n<span style=\"color: #000000;\"> S 29\u00b0 17&#8242; 23.8&#8243;, E 29\u00b0 04&#8242; 28.6&#8243;\u00a0\u00a0(~ 2300m \u00fc. M.)<\/span><\/p>\n<p style=\"text-align: justify;\"><span style=\"color: #000000;\"><strong>M100 \/ Nacht (ca. \u20ac 7,-)<\/strong><\/span><\/p>\n<p style=\"text-align: justify;\"><span style=\"color: #000000;\">Bewachter Parkplatz vor Hotel.<\/span><\/p>\n<p style=\"text-align: justify;\"><span style=\"color: #000000;\">Ausstattung: Einfache Toiletten, Restaurant und Privat Pub im Hotel. M\u00f6chte man ein Bad eines Hotelzimmers benutzen werden M50 Aufpreis verlangt.<\/span><\/p>\n<div style=\"clear: both;\"><\/div>\n<p style=\"text-align: justify;\"><span style=\"color: #000000;\"><strong><a href=\"https:\/\/www.abseitsreisen.de\/blog\/wp-content\/uploads\/2014\/08\/Lesotho3_Stellplatz-zw.-Mokhotlong-u-Sehonghong.jpg\"><span style=\"color: #000000;\"><img loading=\"lazy\" decoding=\"async\" class=\"alignleft size-medium wp-image-4997\" style=\"margin: 5pt 15px 15pt 0pt;\" src=\"https:\/\/www.abseitsreisen.de\/blog\/wp-content\/uploads\/2014\/08\/Lesotho3_Stellplatz-zw.-Mokhotlong-u-Sehonghong-300x199.jpg\" alt=\"Lesotho3_Stellplatz zw. Mokhotlong u Sehonghong\" width=\"300\" height=\"199\" srcset=\"https:\/\/www.abseitsreisen.de\/blog\/wp-content\/uploads\/2014\/08\/Lesotho3_Stellplatz-zw.-Mokhotlong-u-Sehonghong-300x199.jpg 300w, https:\/\/www.abseitsreisen.de\/blog\/wp-content\/uploads\/2014\/08\/Lesotho3_Stellplatz-zw.-Mokhotlong-u-Sehonghong.jpg 720w\" sizes=\"auto, (max-width: 300px) 100vw, 300px\" \/><\/span><\/a><\/strong><\/span><\/p>\n<p style=\"text-align: justify;\"><span style=\"color: #000000;\"><strong>A3 Mokhotlong Richtung Thaba-Tseka.<\/strong><\/span><br \/>\n<span style=\"color: #000000;\"> S 29\u00b0 24&#8242; 45.4&#8243;, E 28\u00b0 57&#8242; 29.1&#8243;\u00a0\u00a0(~ 2950m \u00fc. M.)<\/span><\/p>\n<p style=\"text-align: justify;\"><span style=\"color: #000000;\">Windiger, freier Stellplatz abseits von D\u00f6rfern in der N\u00e4he der sehr selten befahrenen Stra\u00dfe.<\/span><\/p>\n<div style=\"clear: both;\"><\/div>\n<p style=\"text-align: justify;\"><span style=\"color: #000000;\"><strong><span style=\"color: #000000;\"><a href=\"https:\/\/www.abseitsreisen.de\/blog\/wp-content\/uploads\/2014\/08\/Lesotho4_Stellplatz-am-Fluss.jpg\"><img loading=\"lazy\" decoding=\"async\" class=\"alignleft size-medium wp-image-4998\" style=\"margin: 5pt 15px 15pt 0pt;\" src=\"https:\/\/www.abseitsreisen.de\/blog\/wp-content\/uploads\/2014\/08\/Lesotho4_Stellplatz-am-Fluss-300x199.jpg\" alt=\"Lesotho4_Stellplatz am Fluss\" width=\"300\" height=\"199\" srcset=\"https:\/\/www.abseitsreisen.de\/blog\/wp-content\/uploads\/2014\/08\/Lesotho4_Stellplatz-am-Fluss-300x199.jpg 300w, https:\/\/www.abseitsreisen.de\/blog\/wp-content\/uploads\/2014\/08\/Lesotho4_Stellplatz-am-Fluss.jpg 720w\" sizes=\"auto, (max-width: 300px) 100vw, 300px\" \/><\/a><\/span><\/strong><\/span><\/p>\n<p style=\"text-align: justify;\"><span style=\"color: #000000;\"><strong>A3 Mokhotlong Richtung Thaba-Tseka.\u00a0Nahe Kreuzung A3 und A4<\/strong><\/span><br \/>\n<span style=\"color: #000000;\"> S 29\u00b0 32&#8242; 46.6&#8243;, E 28\u00b0 46&#8242; 41.5&#8243;\u00a0(~ 1850m \u00fc. M.)<\/span><\/p>\n<p style=\"text-align: justify;\"><span style=\"color: #000000;\">Freier Stellplatz abseits der D\u00f6rfer zwischen Feldern und einem kleinen Fluss.<\/span><\/p>\n<div style=\"clear: both;\"><\/div>\n<p style=\"text-align: justify;\"><span style=\"color: #000000;\"><strong><a href=\"https:\/\/www.abseitsreisen.de\/blog\/wp-content\/uploads\/2014\/08\/Lesotho5_Stellplatz-an-trockenem-Flussbett-vor-Sehlabathebe.jpg\"><span style=\"color: #000000;\"><img loading=\"lazy\" decoding=\"async\" class=\"alignleft size-medium wp-image-4999\" style=\"margin: 5pt 15px 15pt 0pt;\" src=\"https:\/\/www.abseitsreisen.de\/blog\/wp-content\/uploads\/2014\/08\/Lesotho5_Stellplatz-an-trockenem-Flussbett-vor-Sehlabathebe-300x199.jpg\" alt=\"Lesotho5_Stellplatz an trockenem Flussbett vor Sehlabathebe\" width=\"300\" height=\"199\" srcset=\"https:\/\/www.abseitsreisen.de\/blog\/wp-content\/uploads\/2014\/08\/Lesotho5_Stellplatz-an-trockenem-Flussbett-vor-Sehlabathebe-300x199.jpg 300w, https:\/\/www.abseitsreisen.de\/blog\/wp-content\/uploads\/2014\/08\/Lesotho5_Stellplatz-an-trockenem-Flussbett-vor-Sehlabathebe.jpg 720w\" sizes=\"auto, (max-width: 300px) 100vw, 300px\" \/><\/span><\/a><\/strong><\/span><\/p>\n<p style=\"text-align: justify;\"><span style=\"color: #000000;\"><strong>A4 Sehonghong Richtung Sehlabathebe.<\/strong><\/span><br \/>\n<span style=\"color: #000000;\"> S 29\u00b0 48&#8242; 05.5&#8243;, E 28\u00b0 48&#8242; 07.4&#8243;\u00a0(~ 1740m \u00fc. M.)<\/span><\/p>\n<p style=\"text-align: justify;\"><span style=\"color: #000000;\">Freier Stellplatz abseits von D\u00f6rfern an einem trockenen Flussbett.<\/span><\/p>\n<div style=\"clear: both;\"><\/div>\n<p style=\"text-align: justify;\"><span style=\"color: #000000;\"><strong><a href=\"https:\/\/www.abseitsreisen.de\/blog\/wp-content\/uploads\/2014\/08\/Lesotho6_-Sehlabathebe.jpg\"><span style=\"color: #000000;\"><img loading=\"lazy\" decoding=\"async\" class=\"alignleft size-medium wp-image-5000\" style=\"margin: 5pt 15px 15pt 0pt;\" src=\"https:\/\/www.abseitsreisen.de\/blog\/wp-content\/uploads\/2014\/08\/Lesotho6_-Sehlabathebe-300x199.jpg\" alt=\"Lesotho6_ Sehlabathebe\" width=\"300\" height=\"199\" srcset=\"https:\/\/www.abseitsreisen.de\/blog\/wp-content\/uploads\/2014\/08\/Lesotho6_-Sehlabathebe-300x199.jpg 300w, https:\/\/www.abseitsreisen.de\/blog\/wp-content\/uploads\/2014\/08\/Lesotho6_-Sehlabathebe.jpg 720w\" sizes=\"auto, (max-width: 300px) 100vw, 300px\" \/><\/span><\/a><\/strong><\/span><\/p>\n<p style=\"text-align: justify;\"><span style=\"color: #000000;\"><strong>Sehlabathebe. Green House Restaurant.<\/strong><\/span><br \/>\n<span style=\"color: #000000;\"> S 29\u00b0 53&#8242; 48.7&#8243;, E 29\u00b0 03&#8242; 09.5&#8243;\u00a0(~ 2300m \u00fc. M.)<\/span><\/p>\n<p style=\"text-align: justify;\"><span style=\"color: #000000;\">Freier Stellplatz in der N\u00e4he des Green House Restaurant. Wir standen hier, um in dem kleinen Pub das Halbfinale der Fu\u00dfballweltmeisterschaft zu sehen.<\/span><\/p>\n<div style=\"clear: both;\"><\/div>\n<p style=\"text-align: justify;\"><span style=\"color: #000000;\"><strong><a href=\"https:\/\/www.abseitsreisen.de\/blog\/wp-content\/uploads\/2014\/08\/Lesotho7_Sehlabathebe.jpg\"><span style=\"color: #000000;\"><img loading=\"lazy\" decoding=\"async\" class=\"alignleft size-medium wp-image-5001\" style=\"margin: 5pt 15px 15pt 0pt;\" src=\"https:\/\/www.abseitsreisen.de\/blog\/wp-content\/uploads\/2014\/08\/Lesotho7_Sehlabathebe-300x199.jpg\" alt=\"Lesotho7_Sehlabathebe\" width=\"300\" height=\"199\" srcset=\"https:\/\/www.abseitsreisen.de\/blog\/wp-content\/uploads\/2014\/08\/Lesotho7_Sehlabathebe-300x199.jpg 300w, https:\/\/www.abseitsreisen.de\/blog\/wp-content\/uploads\/2014\/08\/Lesotho7_Sehlabathebe.jpg 720w\" sizes=\"auto, (max-width: 300px) 100vw, 300px\" \/><\/span><\/a>Sehlabathebe. Nationalpark.<\/strong><\/span><br \/>\n<span style=\"color: #000000;\"> S 29\u00b0 52&#8242; 41.7&#8243;, E 29\u00b0 04&#8242; 30.5&#8243;\u00a0(~ 2450m \u00fc. M.)<\/span><\/p>\n<p style=\"text-align: justify;\"><span style=\"color: #000000;\"><strong>M240 \/ Nacht (ca. \u20ac 17,-)<\/strong><br \/>\nEinmaliger Parkeintritt von M30 pro Person, M10 Fahrzeug. Camping M85 pro Person\/ Nacht.<\/span><\/p>\n<p style=\"text-align: justify;\"><span style=\"color: #000000;\">Stellplatz vor der Nationalpark Lodge.<\/span><\/p>\n<p style=\"text-align: justify;\"><span style=\"color: #000000;\">Ausstattung: Neue Toilettenanlage, morgens und abends hei\u00dfe Dusche. Restaurant. Sehr gutes trinkbares Leitungswasser.<\/span><\/p>\n<div style=\"clear: both;\"><\/div>\n<p style=\"text-align: justify;\"><span style=\"color: #000000;\"><strong><span style=\"color: #000000;\"><a href=\"https:\/\/www.abseitsreisen.de\/blog\/wp-content\/uploads\/2014\/08\/Lesotho8_Reifenwechselplatz.jpg\"><img loading=\"lazy\" decoding=\"async\" class=\"alignleft size-medium wp-image-5002\" style=\"margin: 5pt 15px 15pt 0pt;\" src=\"https:\/\/www.abseitsreisen.de\/blog\/wp-content\/uploads\/2014\/08\/Lesotho8_Reifenwechselplatz-300x199.jpg\" alt=\"Lesotho8_Reifenwechselplatz\" width=\"300\" height=\"199\" srcset=\"https:\/\/www.abseitsreisen.de\/blog\/wp-content\/uploads\/2014\/08\/Lesotho8_Reifenwechselplatz-300x199.jpg 300w, https:\/\/www.abseitsreisen.de\/blog\/wp-content\/uploads\/2014\/08\/Lesotho8_Reifenwechselplatz.jpg 720w\" sizes=\"auto, (max-width: 300px) 100vw, 300px\" \/><\/a><\/span><\/strong><\/span><\/p>\n<p style=\"text-align: justify;\"><span style=\"color: #000000;\"><strong>A4 Sehlabathebe Richtung Tsoelike.<\/strong><\/span><br \/>\n<span style=\"color: #000000;\"> S 30\u00b0 02&#8242; 37.1&#8243;, E 28\u00b0 44&#8242; 33.5&#8243;\u00a0(~ 1990m \u00fc. M.)<\/span><\/p>\n<p style=\"text-align: justify;\"><span style=\"color: #000000;\">Freier Stellplatz abseits der D\u00f6rfer nahe Stra\u00dfe.<\/span><\/p>\n<div style=\"clear: both;\"><\/div>\n<p style=\"text-align: justify;\"><span style=\"color: #000000;\"><strong><a href=\"https:\/\/www.abseitsreisen.de\/blog\/wp-content\/uploads\/2014\/08\/Lesotho9_Stellplatz-oberhalb3.jpg\"><span style=\"color: #000000;\"><img loading=\"lazy\" decoding=\"async\" class=\"alignleft size-medium wp-image-5009\" style=\"margin: 5pt 15px 15pt 0pt;\" src=\"https:\/\/www.abseitsreisen.de\/blog\/wp-content\/uploads\/2014\/08\/Lesotho9_Stellplatz-oberhalb3-300x199.jpg\" alt=\"Lesotho9_Stellplatz oberhalb\" width=\"300\" height=\"199\" srcset=\"https:\/\/www.abseitsreisen.de\/blog\/wp-content\/uploads\/2014\/08\/Lesotho9_Stellplatz-oberhalb3-300x199.jpg 300w, https:\/\/www.abseitsreisen.de\/blog\/wp-content\/uploads\/2014\/08\/Lesotho9_Stellplatz-oberhalb3.jpg 720w\" sizes=\"auto, (max-width: 300px) 100vw, 300px\" \/><\/span><\/a>A4 zwischen Patlong und Mphaki.<\/strong><\/span><br \/>\n<span style=\"color: #000000;\"> S 30\u00b0 04&#8242; 51.1&#8243;, E 28\u00b0 16&#8242; 20.6&#8243;\u00a0(~ 2250m \u00fc. M.)<\/span><\/p>\n<p style=\"text-align: justify;\"><span style=\"color: #000000;\">Freier Stellplatz abseits der D\u00f6rfer nahe Stra\u00dfe.<\/span><\/p>\n<div style=\"clear: both;\"><\/div>\n<p><strong><span style=\"color: #000000;\"><a href=\"https:\/\/www.abseitsreisen.de\/blog\/wp-content\/uploads\/2014\/08\/Lesotho10_Quting_Fuleng-Guest-House.jpg\"><img loading=\"lazy\" decoding=\"async\" class=\"alignleft size-medium wp-image-5010\" style=\"margin: 5pt 15px 15pt 0pt;\" src=\"https:\/\/www.abseitsreisen.de\/blog\/wp-content\/uploads\/2014\/08\/Lesotho10_Quting_Fuleng-Guest-House-300x199.jpg\" alt=\"Lesotho10_Quting_Fuleng Guest House\" width=\"300\" height=\"199\" srcset=\"https:\/\/www.abseitsreisen.de\/blog\/wp-content\/uploads\/2014\/08\/Lesotho10_Quting_Fuleng-Guest-House-300x199.jpg 300w, https:\/\/www.abseitsreisen.de\/blog\/wp-content\/uploads\/2014\/08\/Lesotho10_Quting_Fuleng-Guest-House.jpg 720w\" sizes=\"auto, (max-width: 300px) 100vw, 300px\" \/><\/a><\/span><\/strong><\/p>\n<p style=\"text-align: justify;\"><span style=\"color: #000000;\"><strong>Quting\/ Moyeni. Fuleng Guest House.<\/strong><\/span><br \/>\n<span style=\"color: #000000;\"> S 30\u00b0 24&#8242; 0.7&#8243;, E 27\u00b0 42&#8242; 13.5&#8243;\u00a0(~ 1600m \u00fc. M.)<\/span><\/p>\n<p style=\"text-align: justify;\"><span style=\"color: #000000;\"><strong>M100 \/ Nacht (ca. \u20ac 7,-)<\/strong><br \/>\nM70 f\u00fcr Parken, M30 f\u00fcr die Benutzung eines Bades in den Rondavels<\/span><\/p>\n<p style=\"text-align: justify;\"><span style=\"color: #000000;\">Bewachter Parkplatz in Hotelanlage.<\/span><\/p>\n<p style=\"text-align: justify;\"><span style=\"color: #000000;\">Ausstattung: Toilette, hei\u00dfe Dusche in einem der Rondavels.<\/span><\/p>\n<div style=\"clear: both;\"><\/div>\n<p>&nbsp;<\/p>\n","protected":false},"excerpt":{"rendered":"<p>Stand der Informationen Juli 2014 Visa Deutsche ben\u00f6tigen f\u00fcr die Einreise nach Lesotho kein Visum, \u00fcber die Dauer entscheidet der Grenzbeamte. Wir bekamen bei der Einreise \u00fcber den Sani Pass 30 Tage. Die Einreise nach Lesotho gilt nicht als Ausreise &hellip; <a href=\"https:\/\/www.abseitsreisen.de\/blog\/lander-informationen\/lesotho\/\">Weiterlesen<\/a><\/p>\n","protected":false},"author":2,"featured_media":0,"parent":473,"menu_order":0,"comment_status":"closed","ping_status":"closed","template":"","meta":{"kt_blocks_editor_width":"","_metis_text_type":"standard","_metis_text_length":6866,"_post_count":0,"footnotes":""},"class_list":["post-4994","page","type-page","status-publish","hentry"],"aioseo_notices":[],"public_identification_id":"d63cadfe142445e780d312fb9a941d35","private_identification_id":"e0f14f1129d944fea5156ed7f8269080","_links":{"self":[{"href":"https:\/\/www.abseitsreisen.de\/blog\/wp-json\/wp\/v2\/pages\/4994","targetHints":{"allow":["GET"]}}],"collection":[{"href":"https:\/\/www.abseitsreisen.de\/blog\/wp-json\/wp\/v2\/pages"}],"about":[{"href":"https:\/\/www.abseitsreisen.de\/blog\/wp-json\/wp\/v2\/types\/page"}],"author":[{"embeddable":true,"href":"https:\/\/www.abseitsreisen.de\/blog\/wp-json\/wp\/v2\/users\/2"}],"replies":[{"embeddable":true,"href":"https:\/\/www.abseitsreisen.de\/blog\/wp-json\/wp\/v2\/comments?post=4994"}],"version-history":[{"count":67,"href":"https:\/\/www.abseitsreisen.de\/blog\/wp-json\/wp\/v2\/pages\/4994\/revisions"}],"predecessor-version":[{"id":334005,"href":"https:\/\/www.abseitsreisen.de\/blog\/wp-json\/wp\/v2\/pages\/4994\/revisions\/334005"}],"up":[{"embeddable":true,"href":"https:\/\/www.abseitsreisen.de\/blog\/wp-json\/wp\/v2\/pages\/473"}],"wp:attachment":[{"href":"https:\/\/www.abseitsreisen.de\/blog\/wp-json\/wp\/v2\/media?parent=4994"}],"curies":[{"name":"wp","href":"https:\/\/api.w.org\/{rel}","templated":true}]}}