{"id":5528,"date":"2014-09-17T10:39:19","date_gmt":"2014-09-17T08:39:19","guid":{"rendered":"http:\/\/www.abseitsreisen.de\/blog\/?page_id=5528"},"modified":"2023-11-20T17:54:33","modified_gmt":"2023-11-20T16:54:33","slug":"navigation","status":"publish","type":"page","link":"https:\/\/www.abseitsreisen.de\/blog\/reise-informationen\/navigation\/","title":{"rendered":"Navigation"},"content":{"rendered":"<p style=\"text-align: justify;\">Mit Karte und Kompass auf Reisen? Wohl kaum. Mittlerweile dreht sich bei der Navigation in der Fremde alles ums GPS. Campingpl\u00e4tze, Superm\u00e4rkte, Sehensw\u00fcrdigkeiten werden nicht mehr anhand von Stra\u00dfennamen gefunden, sondern mit Hilfe von Koordinaten. Stra\u00dfenkarten dienen nach wie vor der groben Orientierung, der Planung der Route, doch gerade in St\u00e4dten und Ortschaften verl\u00e4sst man sich ausschlie\u00dflich auf das GPS.\u00a0Doch welches Ger\u00e4t eignet sich auf der Reise durch ferne L\u00e4nder? Welche Karten \u00fcberleben im Fu\u00dfraum eines Fahrzeugs mehrere Monate lang ohne in Einzelteile zu zerfallen? F\u00fcr alle, die sich \u00e4hnliche Fragen stellen, hier unsere Erfahrungen.<\/p>\n<p>&nbsp;<\/p>\n<p style=\"text-align: justify;\"><a href=\"http:\/\/www.amazon.de\/gp\/product\/B000UH1YZ8\/ref=as_li_tl?ie=UTF8&amp;camp=1638&amp;creative=6742&amp;creativeASIN=B000UH1YZ8&amp;linkCode=as2&amp;tag=wwwabseitsrei-21&amp;linkId=EBMNX2TD6DTBTGQ5\"><img decoding=\"async\" src=\"http:\/\/ws-eu.amazon-adsystem.com\/widgets\/q?_encoding=UTF8&amp;ASIN=B000UH1YZ8&amp;Format=_SL160_&amp;ID=AsinImage&amp;MarketPlace=DE&amp;ServiceVersion=20070822&amp;WS=1&amp;tag=wwwabseitsrei-21\" alt=\"\" border=\"0\" \/><\/a><img loading=\"lazy\" decoding=\"async\" style=\"border: none !important; margin: 0px !important;\" src=\"http:\/\/ir-de.amazon-adsystem.com\/e\/ir?t=wwwabseitsrei-21&amp;l=as2&amp;o=3&amp;a=B000UH1YZ8\" alt=\"\" width=\"1\" height=\"1\" border=\"0\" \/><br \/>\n<b>Garmin eTrex Vista HCx<br \/>\n<\/b><\/p>\n<p style=\"text-align: justify;\">V\u00f6llig unwissend, welche Anforderungen ein GPS auf einer Reise mit dem eigenen Fahrzeug erf\u00fcllen muss, kauften wir uns kurz vor Abreise ein Garmin eTrex Vista HCx.<\/p>\n<p style=\"text-align: justify;\"><span style=\"text-decoration: underline;\">Plus<\/span>: Es ist klein, leicht und handlich. Es ist batteriebetrieben und eignet sich dank langer Akkulaufzeit gut f\u00fcr Wanderungen. Navigieren kann das Ger\u00e4t entweder entlang der Stra\u00dfen oder direkt per Luftlinie. Diese Funktion ist vor allem beim Wandern und in L\u00e4ndern, in denen es nur sehr wenige Stra\u00dfen gibt, wie etwa der Mongolei, hilfreich. Der zur\u00fcckgelegte Weg l\u00e4sst sich aufzeichnen. Dies kann man nutzen um den R\u00fcckweg\u00a0leichter zu finden oder um die eigene Route digital zu speichern und z.B. in Google Earth zu laden. Der integrierte barometrische H\u00f6henmesser reagiert auf Luftdruck und ermittelt die H\u00f6he sehr genau. Der H\u00f6henverlauf kann ebenfalls aufzeichnet werden. Mit Hilfe eines Cursors ist es m\u00f6glich die Koordinaten eines jeden Punktes auf der Karte auslesen. Neben Stra\u00dfenkarten von Garmin lassen sich auch die kostenlosen und gr\u00f6\u00dftenteils sehr guten Karten von OpenStreetMap installieren.<\/p>\n<p style=\"text-align: justify;\"><span style=\"text-decoration: underline;\">Minus<\/span>: Man sollte es eigentlich auf den ersten Blick erkennen: Die Gr\u00f6\u00dfe des Displays eignet sich nicht f\u00fcr die Navigation im Fahrzeug. Die Bedienbarkeit der Karte mit Hilfe des kleinen Cursors ist sehr langsam und ausgesprochen umst\u00e4ndlich. Besonders in Gro\u00dfst\u00e4dten baut sich das Bild aufgrund der Menge an Informationen sehr langsam auf. Die m\u00f6gliche Reduzierung der Informationen in den Einstellungen, ist hierf\u00fcr nicht ausreichend. Ohne Beifahrer ist das Ger\u00e4t w\u00e4hrend der Fahrt g\u00e4nzlich unbrauchbar, da es der Fahrer unm\u00f6glich bedienen kann. Nach wenigen Monaten l\u00f6ste sich die Gummiummantelung vom Geh\u00e4use ab, so dass die seitlich angebrachten Kn\u00f6pfe nur noch mit gr\u00f6\u00dfter Geduld benutzt werden konnten. Zwar erhielten wir vom Hersteller Ersatz, doch es dauerte nicht lange, bis sich der Gummi erneut l\u00f6ste. Eine zweiseitiges Klebeband war ab dann die Notl\u00f6sung.<\/p>\n<p style=\"text-align: justify;\"><span style=\"text-decoration: underline;\">Unser Fazit<\/span>: F\u00fcr die Fahrzeugnavigation ein absoluter Fehlgriff. F\u00fcr die Navigation zu Fu\u00df durchaus brauchbar und ehrlicher Weise muss man zugeben, dass es daf\u00fcr konzipiert wurde. Dennoch kommt einem in\u00a0Zeiten von Smartphones und Tablets dieses Ger\u00e4t wie ein Dinosaurier vor und man wundert sich, warum es noch nicht ausgestorben ist.<\/p>\n<p>&nbsp;<\/p>\n<p style=\"text-align: justify;\">\n<p><a href=\"http:\/\/www.amazon.de\/gp\/product\/B009DKH2MM\/ref=as_li_tl?ie=UTF8&amp;camp=1638&amp;creative=6742&amp;creativeASIN=B009DKH2MM&amp;linkCode=as2&amp;tag=wwwabseitsrei-21\"><img loading=\"lazy\" decoding=\"async\" class=\"aligncenter\" src=\"http:\/\/ws-eu.amazon-adsystem.com\/widgets\/q?_encoding=UTF8&amp;ASIN=B009DKH2MM&amp;Format=_SL160_&amp;ID=AsinImage&amp;MarketPlace=DE&amp;ServiceVersion=20070822&amp;WS=1&amp;tag=wwwabseitsrei-21\" alt=\"\" width=\"160\" height=\"115\" border=\"0\" \/><\/a><img loading=\"lazy\" decoding=\"async\" src=\"http:\/\/ir-de.amazon-adsystem.com\/e\/ir?t=wwwabseitsrei-21&amp;l=as2&amp;o=3&amp;a=B009DKH2MM\" alt=\"\" width=\"1\" height=\"1\" border=\"0\" \/><a href=\"http:\/\/www.amazon.de\/gp\/product\/B009AAA9WK\/ref=as_li_tl?ie=UTF8&amp;camp=1638&amp;creative=6742&amp;creativeASIN=B009AAA9WK&amp;linkCode=as2&amp;tag=wwwabseitsrei-21\"><img loading=\"lazy\" decoding=\"async\" class=\"aligncenter\" src=\"http:\/\/ws-eu.amazon-adsystem.com\/widgets\/q?_encoding=UTF8&amp;ASIN=B009AAA9WK&amp;Format=_SL160_&amp;ID=AsinImage&amp;MarketPlace=DE&amp;ServiceVersion=20070822&amp;WS=1&amp;tag=wwwabseitsrei-21\" alt=\"\" width=\"107\" height=\"160\" border=\"0\" \/><\/a><img loading=\"lazy\" decoding=\"async\" src=\"http:\/\/ir-de.amazon-adsystem.com\/e\/ir?t=wwwabseitsrei-21&amp;l=as2&amp;o=3&amp;a=B009AAA9WK\" alt=\"\" width=\"1\" height=\"1\" border=\"0\" \/><strong>Samsung Galaxy Tab 2.0<\/strong><\/p>\n<p style=\"text-align: justify;\">Nachdem unser Garmin nach drei Jahren wegen seiner mieserablen Bedienbarkeit einem Wutanfall erlag, kauften wir uns als Ersatz kein Navigationsger\u00e4t, sondern ein sieben Zoll gro\u00dfes Samsung Galaxy Tab 2.0 mit GPS Empf\u00e4nger.<\/p>\n<p style=\"text-align: justify;\"><span style=\"text-decoration: underline;\">Plus<\/span>: Einfach die kostenlose App &#8218;GPS-Navigation&#8216; von MapFactor installieren, die kostenlosen Karten von OpenStreetMap laden und schon kann es losgehen. \u00dcbersichtliche, einfache Bedienbarkeit. Endlich ist eine entspannte, vorausschauende Navigation m\u00f6glich. Dank des gro\u00dfen Touchscreens und einer Sprachausgabe kann der Fahrer ohne Hilfe eines Beifahrers der Navigation folgen. Die App erm\u00f6glicht ein schnelles Suchen nach Campingpl\u00e4tzen, Hotels, Einkaufszentren, Tankstellen oder Sehensw\u00fcrdigkeiten, ebenso wie nach Adressen oder Koordinaten. Das Ger\u00e4t kann via USB am Zigarettenanz\u00fcnder geladen werden. Wem das App von MapFactor nicht gef\u00e4llt, der kann auch andere kostenlose Navigationsprogramme finden, wie etwa &#8218;Locus Map Free&#8216;.<\/p>\n<p style=\"text-align: justify;\">Als Tablet kann das Ger\u00e4t aber weit mehr als nur navigieren, denn durch die Wi-Fi Funktion kann man damit ins Internet, Emails checken, Skypen, Musikh\u00f6ren und vieles mehr. Auch als e-Book-Reader ist es bei uns im Einsatz.<\/p>\n<p style=\"text-align: justify;\"><span style=\"text-decoration: underline;\">Minus<\/span>: Mit einer Akkulaufzeit von wenigen Stunden ist das Tablet nicht f\u00fcr l\u00e4ngere Wanderungen geeignet. Die H\u00f6henmessung ist nur auf etwa 50 H\u00f6henmeter genau, auch der eingebaute Kompass beim Garmin war zuverl\u00e4ssiger. Was wir beim App &#8222;GPS-Navigation&#8220; von MapFactor erheblich vermissen, ist ein Ma\u00dfstab auf den dargestellten Karten.<\/p>\n<p style=\"text-align: justify;\"><span style=\"text-decoration: underline;\">Unser Fazit<\/span>: Wir sind erstaunt wie einfach es ist, mit dem Tablet zu navigieren und fragen uns zugleich, warum wir uns so lange mit dem Garmin Vista ge\u00e4rgert haben. Wenn man sich die Funktionen von aktuellen Navigationsger\u00e4ten durchliest, wie etwa &#8218;Live-Informationen zum Verkehrsaufkommen mit <span class=\"a-list-item\">unbegrenzter Premium Verkehrsfunklizenz<\/span>&#8218; oder &#8218;Fotorealistische 3-D Kreuzungsdarstellungen mit Fahrspurassistent&#8216;, stellt man schnell fest, dass fast alles f\u00fcr die Nutzung au\u00dferhalb von Europa v\u00f6llig irrelevant sind.<\/p>\n<p style=\"text-align: justify;\">Preiswerte Tablets sind heute g\u00fcnstiger als ein spezielles Navigationsger\u00e4t und k\u00f6nnen viel mehr. Im Vergleich zu Ger\u00e4ten von Apple ist das Samsung-Tablet weder eine Sch\u00f6nheit, noch in der Haptik vergleichbar. Daf\u00fcr ist es um ein Vielfaches g\u00fcnstiger als ein Ipad-Mini, das derzeit nur in der teueren Variante mit einem GPS-Empf\u00e4nger ausgestattet ist. In der Schutzh\u00fclle wirkt das Ger\u00e4t noch etwas plumper, doch es erf\u00fcllt seinen Zweck als Navigationsger\u00e4t im Fahrzeug voll und ganz.<\/p>\n<p style=\"text-align: justify;\">\n<p>&nbsp;<\/p>\n<p style=\"text-align: justify;\">\n<a href=\"http:\/\/www.amazon.de\/gp\/product\/3831770883\/ref=as_li_tl?ie=UTF8&amp;camp=1638&amp;creative=6742&amp;creativeASIN=3831770883&amp;linkCode=as2&amp;tag=wwwabseitsrei-21\"><img loading=\"lazy\" decoding=\"async\" class=\"aligncenter\" src=\"http:\/\/ws-eu.amazon-adsystem.com\/widgets\/q?_encoding=UTF8&amp;ASIN=3831770883&amp;Format=_SL160_&amp;ID=AsinImage&amp;MarketPlace=DE&amp;ServiceVersion=20070822&amp;WS=1&amp;tag=wwwabseitsrei-21\" alt=\"\" width=\"64\" height=\"160\" border=\"0\" \/><\/a><img loading=\"lazy\" decoding=\"async\" style=\"border: none !important; margin: 0px !important;\" src=\"http:\/\/ir-de.amazon-adsystem.com\/e\/ir?t=wwwabseitsrei-21&amp;l=as2&amp;o=3&amp;a=3831770883\" alt=\"\" width=\"1\" height=\"1\" border=\"0\" \/><br \/>\n<a href=\"http:\/\/www.amazon.de\/gp\/product\/3831770808\/ref=as_li_tl?ie=UTF8&amp;camp=1638&amp;creative=6742&amp;creativeASIN=3831770808&amp;linkCode=as2&amp;tag=wwwabseitsrei-21&amp;linkId=K5S5GBHNGNLAZKN7\"><img loading=\"lazy\" decoding=\"async\" class=\"aligncenter\" src=\"http:\/\/ws-eu.amazon-adsystem.com\/widgets\/q?_encoding=UTF8&amp;ASIN=3831770808&amp;Format=_SL160_&amp;ID=AsinImage&amp;MarketPlace=DE&amp;ServiceVersion=20070822&amp;WS=1&amp;tag=wwwabseitsrei-21\" alt=\"\" width=\"64\" height=\"160\" border=\"0\" \/><\/a><br \/>\n<a href=\"http:\/\/www.amazon.de\/gp\/product\/3831771057\/ref=as_li_tl?ie=UTF8&amp;camp=1638&amp;creative=6742&amp;creativeASIN=3831771057&amp;linkCode=as2&amp;tag=wwwabseitsrei-21\"><img loading=\"lazy\" decoding=\"async\" class=\"aligncenter\" src=\"http:\/\/ws-eu.amazon-adsystem.com\/widgets\/q?_encoding=UTF8&amp;ASIN=3831771057&amp;Format=_SL160_&amp;ID=AsinImage&amp;MarketPlace=DE&amp;ServiceVersion=20070822&amp;WS=1&amp;tag=wwwabseitsrei-21\" alt=\"\" width=\"65\" height=\"160\" border=\"0\" \/><\/a><img loading=\"lazy\" decoding=\"async\" style=\"border: none !important; margin: 0px !important;\" src=\"http:\/\/ir-de.amazon-adsystem.com\/e\/ir?t=wwwabseitsrei-21&amp;l=as2&amp;o=3&amp;a=3831771057\" alt=\"\" width=\"1\" height=\"1\" border=\"0\" \/><br \/>\n<strong>Stra\u00dfenkarten<\/strong><\/p>\n<p style=\"text-align: justify;\">GPS hin oder her, ohne Stra\u00dfenkarten fehlt der \u00dcberblick. Bei uns liegt daher immer auch eine <a href=\"https:\/\/www.reise-know-how.de\" target=\"_blank\" rel=\"noopener\">Reise Know-how<\/a> Karte des jeweiligen Landes auf der Beifahrerseite.<\/p>\n<p style=\"text-align: justify;\"><span style=\"text-decoration: underline;\">Plus<\/span>: Wir sind wirklich erstaunt, wie stabil die Karten auch nach monatelanger Benutzung sind. In S\u00fcdamerika waren wir ausschlie\u00dflich mit gebrauchten Karten unterwegs und sie halten noch immer. Die Karten sind \u00fcbersichtlich gestaltet: Stra\u00dfen verschiedener Gr\u00f6\u00dfe unterscheiden sich in der Farbe. Ob Teer oder Schotter ist ebenfalls auf einen Blick zu erkennen. Wichtige Sehensw\u00fcrdigkeiten, Campingpl\u00e4tze und Tankstellen sind vermerkt und erm\u00f6glichen eine spontane Planung. Internationale Grenz\u00fcberg\u00e4nge sind verzeichnet und oft mit \u00d6ffnungszeiten versehen. Eingezeichnete H\u00f6henlinien, Berge, P\u00e4sse und Kilometerangaben helfen, die zu erwartende Reisedauer realistisch einzusch\u00e4tzen.<\/p>\n<p style=\"text-align: justify;\"><span style=\"text-decoration: underline;\">Minus<\/span>: In den neuen Auflagen hat sich vieles erheblich verbessert, doch die Karten weisen immer noch vereinzelt fehlerhafte Angaben auf: Eine l\u00e4ngst eingest\u00fcrzte Br\u00fccke, eine Stra\u00dfe die im Nichts endet oder eine Furt statt durchgehender Teerstra\u00dfe. Die verzeichnete Gr\u00f6\u00dfe der Stra\u00dfen bei den Reise-Know-How Karten bezieht sich h\u00e4ufig auf ihre Bedeutung und daher nicht auf ihre tats\u00e4chliche Gr\u00f6\u00dfe.<\/p>\n<p style=\"text-align: justify;\"><span style=\"text-decoration: underline;\">Unser Fazit<\/span>: Wir sind zufrieden und arbeiten gern mit den Karten. \u00dcbersichtlichkeit und Langlebigkeit sind f\u00fcr uns ausschlaggebende Kriterien. Manch andere Karten rei\u00dfen bereits beim dritten Zusammenfalten auseinander, die Reise-Know-How Karten sind tats\u00e4chlich unverw\u00fcstlich. In Kombination mit den detaillierten Informationen im GPS sind die Karten sehr hilfreich, denn sie bieten genau den \u00dcberblick, der einem ansonsten auf dem kleinen Display fehlt. Das GPS ersetzt f\u00fcr uns die althergebrachte Faltkarte nicht. Die grobe Route entscheiden wir immer auf den Faltkarten, auch Notizen, Tipps und Routenvorschl\u00e4ge von Einheimischen und anderen Reisenden kann man nach wie vor am besten in die realen Karten einzeichnen.<\/p>\n<p>&nbsp;<\/p>\n<blockquote>\n<p style=\"text-align: justify;\">Helfen euch die Informationen auf unserer Webseite beim Reisen oder der Vorbereitung dazu weiter? Freut uns. Auch ihr k\u00f6nnt unser Reiseprojekt unterst\u00fctzen, einfach und kostenlos.<\/p>\n<p style=\"text-align: justify;\">Wenn ihr das n\u00e4chste Mal bei Amazon bestellt, nutzt daf\u00fcr den\u00a0<a href=\"http:\/\/www.amazon.de\/?_encoding=UTF8&amp;site-redirect=de&amp;tag=wwwabseitsrei-21&amp;linkCode=ur2&amp;camp=1638&amp;creative=6742\" target=\"_blank\" rel=\"noopener\">Amazon-Link<\/a>\u00a0bei abseitsreisen.de bevor ihr etwas in den Warenkorb legt. Amazon verg\u00fctet uns dadurch ein kleine Linkpr\u00e4mie. Der Preis f\u00fcr euch als Kunden bleibt dadurch nat\u00fcrlich unber\u00fchrt.<\/p>\n<p style=\"text-align: justify;\">Noch besser: Zieht euch diesen\u00a0<a href=\"http:\/\/www.amazon.de\/?_encoding=UTF8&amp;site-redirect=de&amp;tag=wwwabseitsrei-21&amp;linkCode=ur2&amp;camp=1638&amp;creative=6742\" target=\"_blank\" rel=\"noopener\">Amazon-Link<\/a>\u00a0per Drag-and-Drop in die Lesezeichen eures Browsers und klickt euch so f\u00fcr die n\u00e4chsten Bestellungen zu Amazon. Damit unterst\u00fctzt ihr kostenlos diese Webseite bei jedem Einkauf. Dankesch\u00f6n.<\/p>\n<p style=\"text-align: justify;\">\n<\/blockquote>\n","protected":false},"excerpt":{"rendered":"<p>Mit Karte und Kompass auf Reisen? Wohl kaum. Mittlerweile dreht sich bei der Navigation in der Fremde alles ums GPS. Campingpl\u00e4tze, Superm\u00e4rkte, Sehensw\u00fcrdigkeiten werden nicht mehr anhand von Stra\u00dfennamen gefunden, sondern mit Hilfe von Koordinaten. Stra\u00dfenkarten dienen nach wie vor &hellip; <a href=\"https:\/\/www.abseitsreisen.de\/blog\/reise-informationen\/navigation\/\">Weiterlesen<\/a><\/p>\n","protected":false},"author":2,"featured_media":0,"parent":302,"menu_order":9,"comment_status":"closed","ping_status":"closed","template":"","meta":{"kt_blocks_editor_width":"","_metis_text_type":"standard","_metis_text_length":8214,"_post_count":0,"footnotes":""},"class_list":["post-5528","page","type-page","status-publish","hentry"],"aioseo_notices":[],"public_identification_id":"50d71ca1a9394c71a47ba648bcc0c2fb","private_identification_id":"42b46aa24558472595214300ead820cb","_links":{"self":[{"href":"https:\/\/www.abseitsreisen.de\/blog\/wp-json\/wp\/v2\/pages\/5528","targetHints":{"allow":["GET"]}}],"collection":[{"href":"https:\/\/www.abseitsreisen.de\/blog\/wp-json\/wp\/v2\/pages"}],"about":[{"href":"https:\/\/www.abseitsreisen.de\/blog\/wp-json\/wp\/v2\/types\/page"}],"author":[{"embeddable":true,"href":"https:\/\/www.abseitsreisen.de\/blog\/wp-json\/wp\/v2\/users\/2"}],"replies":[{"embeddable":true,"href":"https:\/\/www.abseitsreisen.de\/blog\/wp-json\/wp\/v2\/comments?post=5528"}],"version-history":[{"count":45,"href":"https:\/\/www.abseitsreisen.de\/blog\/wp-json\/wp\/v2\/pages\/5528\/revisions"}],"predecessor-version":[{"id":302893,"href":"https:\/\/www.abseitsreisen.de\/blog\/wp-json\/wp\/v2\/pages\/5528\/revisions\/302893"}],"up":[{"embeddable":true,"href":"https:\/\/www.abseitsreisen.de\/blog\/wp-json\/wp\/v2\/pages\/302"}],"wp:attachment":[{"href":"https:\/\/www.abseitsreisen.de\/blog\/wp-json\/wp\/v2\/media?parent=5528"}],"curies":[{"name":"wp","href":"https:\/\/api.w.org\/{rel}","templated":true}]}}