{"id":5773,"date":"2014-11-26T08:55:18","date_gmt":"2014-11-26T07:55:18","guid":{"rendered":"http:\/\/www.abseitsreisen.de\/blog\/?page_id=5773"},"modified":"2014-11-26T10:42:59","modified_gmt":"2014-11-26T09:42:59","slug":"pressemitteilungen","status":"publish","type":"page","link":"https:\/\/www.abseitsreisen.de\/blog\/pressemitteilungen\/","title":{"rendered":"Aktuelle Pressemitteilungen"},"content":{"rendered":"<p>Die Pressemitteilungen liegen hier als .pdf-Format vor:<\/p>\n<p><a title=\"Pressemitteilung abseitsreisen 11-2014\" href=\"https:\/\/www.abseitsreisen.de\/blog\/wp-content\/uploads\/2014\/11\/Pressemitteilung-abseitsreisen-11-2014.pdf\" target=\"_blank\">Pressemitteilung-abseitsreisen-11-2014.pdf<\/a><br \/>\nZum \u00d6ffnen und Drucken von PDF-Dateien wird ein PDF-Reader ben\u00f6tigt,<br \/>\nder<a title=\"Adobe Reader Download\" href=\"http:\/\/get.adobe.com\/de\/reader\/\" target=\"_blank\"> kostenlos bei ADOBE<\/a> heruntergeladen werden kann.<\/p>\n<p>&nbsp;<\/p>\n<p>Pressemitteilung abseitsreisen 11\/2014<\/p>\n<p>___<\/p>\n<p>&nbsp;<\/p>\n<h2><strong>F\u00fcnf Jahre im Oldtimer um die Welt.<\/strong><\/h2>\n<p><strong>Vor genau f\u00fcnf Jahren sind Sabine Hoppe und Thomas Rahn aufgebrochen um den Globus in ihrem Oldtimer zu umrunden.<\/strong><\/p>\n<p>Am 29. November 2009 haben sich die damals 29-j\u00e4hrigen Amberger Sabine Hoppe und Thomas Rahn der Herausforderung einer Weltumrundung im Oldtimer gestellt. Seither haben sie mit &#8218;Paula&#8216;, ihrem fast 40 Jahre alten, zum Expeditionsmobil umgebauten Lkw \u00fcber 100.000 Kilometer zur\u00fcckgelegt und bisher 52 L\u00e4nder auf f\u00fcnf Kontinenten durchquert.<br \/>\nDrei Jahre sollte die Reise dauern, jetzt, f\u00fcnf Jahre nach dem Aufbruch sind sie mitten in Afrika und \u201eschon fast wieder zuhause. Nur ein halber Kontinent liegt noch vor uns\u201c, wie sie sagen.<\/p>\n<h4>Durch 5 Kontinente und bisher 52 L\u00e4nder<\/h4>\n<p>Im Sp\u00e4therbst 2009 begann die Mammut-Reise mit dem verwegenen Ziel: Bis ans Ende der Welt. Zw\u00f6lf Monate dauerte die Fahrt durch Osteuropa und den Nahen Osten, quer durch Russland, die unwegsame Mongolei und China bis nach Laos, dem Tor zu S\u00fcdostasien. Nach einem weiteren halben Jahr erreichten sie Singapur und konnten von dort den Oldtimer auf einem Frachtschiff nach Nordamerika bringen. In weiteren zweieinhalb Jahren f\u00fchrte die Reise entlang der legend\u00e4ren Panamericana von Kanada in die USA, durch Zentralamerika und entlang der Anden bis nach Feuerland, der \u00e4u\u00dfersten Spitze S\u00fcdamerikas. Von Buenos Aires gelangte das Fahrzeug im Fr\u00fchjahr diesen Jahres nach S\u00fcdafrika f\u00fcr die finale Etappe. Heute, genau f\u00fcnf Jahre nach Beginn der Reise f\u00e4hrt Lkw &#8218;Paula&#8216; gerade durch den Norden Malawis, um in K\u00fcrze nach Tansania zum sechzigsten Mal auf der Reise eine Grenze zu \u00fcberqueren.<\/p>\n<p>\u201eDie gr\u00f6\u00dfte Herausforderung war die Ungreifbarkeit der Aufgabe die wir uns gestellt hatten. Einmal um den Globus, das ist ein Vorhaben jenseits aller Vorstellungskraft.\u201c<br \/>\nPaula, ein Mercedes Kurzhauber Lkw, Baujahr 1977, stand fr\u00fcher im Dienst des Bundesgrenzschutz und ist nun die zum Expeditionsmobil umgebaute Behausung der Globetrotter. In der Wohnkabine des Oldtimers finden eine K\u00fcche, Bett, Esstisch, ein Bad mit Toilette und etwas Stauraum Platz. \u201eElf Quadratmeter f\u00fcr zwei Personen kommen uns mittlerweile riesig vor\u201c, so Sabine Hoppe.<\/p>\n<h4>T\u00e4gliche Reparaturarbeiten geh\u00f6ren zum Alltag<\/h4>\n<p>An dem fast 40 Jahre alten Fahrzeug gibt es jeden Tag etwas zu tun. Tausende Kilometer Wellblechpiste, knietiefer Schlamm, Steine und Sand, P\u00e4sse bis auf \u00fcber 5000 Meter H\u00f6he, extreme Temperaturen zwischen minus 15 und plus 50 Grad verlangen dem Fahrzeug und den Reisenden alles ab. 16 Reifenpannen liegen hinter ihnen und fast jedes Bauteil ihres Oldtimer hatten sie schon einmal zur Reparatur in der Hand.<\/p>\n<p>\u201eJeder Tag ist eine Herausforderung, voller Erfahrungen, Begegnungen und Entdeckungen.\u201c Sabine Hoppe und Thomas Rahn verbrachten Abende mit Nomaden in einer Jurte in der Gobi-W\u00fcste, warteten tagelang auf die ben\u00f6tigten Papiere zur Einreise an der Grenze zu Malaysia, zerlegten den Motor ihres Oldtimers im Schatten der h\u00f6chsten Geb\u00e4ude der Welt in seine Einzelteile, harrten tagelang in Schneest\u00fcrmen aus und hatten vor zwei Wochen schlie\u00dflich sogar den R\u00fcssel eines Elefanten im Fahrzeug, der versuchte ihr Essen zu stehlen. \u201eEs ist eine st\u00e4ndige Achterbahnfahrt der Gef\u00fchle, nichts ist bekannt, jeder Moment eine \u00dcberraschung.\u201c<\/p>\n<h4>Im kommenden Sommer zur\u00fcck in Deutschland<\/h4>\n<p>Im Sommer 2015 wollen die Amberger ihre Reise abschlie\u00dfen und mit ihrem Oldtimer wieder zuhause ankommen. \u201eWenn man vier Kontinente durchfahren hat, erscheint es nicht mehr so ungreifbar auch noch den f\u00fcnften zu bew\u00e4ltigen. Doch wir sind uns klar, dass jeden Tag etwas Unvorhergesehenes passieren kann.\u201c Wie die kommende Strecke durch den unruhigen Nordosten Afrikas f\u00fchren wird ist noch unklar und wollen die Reisenden von der aktuellen politischen Lage abh\u00e4ngig machen, wenn sie vor Ort sind. Doch sie sind sich sicher, sie werden einen Weg zur\u00fcck in die Heimat finden.<\/p>\n<p>Nach ihrer geplanten R\u00fcckkunft in Deutschland im kommenden Sommer werden die Weltreisenden wie schon in den vergangenen Jahren die Geschichte der Reise und ihre Erfahrungen in live-kommentierten Diashows und Fotoausstellungen weitergeben. Sie entf\u00fchren die Besucher auf ihren regelm\u00e4\u00dfig ausverkauften Veranstaltungen in tropische Regenw\u00e4lder, die hei\u00dfesten W\u00fcsten und lebensfeindlichsten Gebiete dieser Erde um von ihren ganz pers\u00f6nlichen Herausforderungen der Weltumrundung im Oldtimer zu erz\u00e4hlen. Auf www.abseitsreisen.de berichten Sabine Hoppe und Thomas Rahn bereits seit ihrer Abfahrt vor f\u00fcnf Jahren in einem Weblog regelm\u00e4\u00dfig von den aktuellen Erlebnissen ihrer Reise.<\/p>\n<p>___<\/p>\n<h4>Weitere Informationen<\/h4>\n<p>Fragen zum Projekt \u201eWeltumrundung im Oldtimer\u201c beantworten Sabine Hoppe und Thomas Rahn gerne per Email oder Telefoninterview.<br \/>\nReiseroute: <a title=\"Reiseroute\" href=\"https:\/\/www.abseitsreisen.de\/blog\/reiseroute\/\">https:\/\/www.abseitsreisen.de\/blog\/reiseroute\/<\/a><br \/>\nVita: <a title=\"Profil\" href=\"https:\/\/www.abseitsreisen.de\/blog\/profil\/\">https:\/\/www.abseitsreisen.de\/blog\/profil\/<\/a><br \/>\nReiseberichte: <a title=\"abseitsreisen\" href=\"http:\/\/www.abseitsreisen.de\">http:\/\/www.abseitsreisen.de<\/a><\/p>\n<p>&nbsp;<\/p>\n<h4>Pressekontakt<\/h4>\n<p>Sabine Hoppe, Thomas Rahn<br \/>\nMauerhofweg 11<br \/>\n92271 Freihung<br \/>\nTelefon (derzeit Malawi): +265 88 18 02 532<br \/>\nEmail: presse@abseitsreisen.de<\/p>\n<p>Direktlink zu druckf\u00e4higen Bildern<br \/>\n(Abdruck f\u00fcr Presse bis 6\/2015 im Zusammenhang mit Inhalten dieser Pressemitteilung unter Nennung der Urheber Hoppe\/Rahn honorarfrei)<br \/>\n<a title=\"PRESSE Todesstra\u00dfe Bolivien\" href=\"https:\/\/www.abseitsreisen.de\/blog\/wp-content\/uploads\/2014\/11\/Bolivien_Todesstrasse-Presse.jpg\" target=\"_blank\">Todesstra\u00dfe Bolivien.jpg <\/a><\/p>\n<p><a title=\"PRESSE: Ovoo Mongolei\" href=\"https:\/\/www.abseitsreisen.de\/blog\/wp-content\/uploads\/2014\/11\/Mongolei-Lkw-vor-Sitz-der-Geister-Presse.jpg\" target=\"_blank\">Ovoo Mongolei.jpg <\/a><\/p>\n<p><a title=\"PRESSE Altiplano Bolivien\" href=\"https:\/\/www.abseitsreisen.de\/blog\/wp-content\/uploads\/2014\/11\/Hoppe-Rahn-Wasserdurchfahrt-Laguna-Verde-Altiplano\uf022Bolivien-2013-presse.jpg\" target=\"_blank\">Altiplano Bolivien.jpg<\/a><\/p>\n<p><a title=\"PRESSE Ende der Welt S\u00fcdafrika\" href=\"https:\/\/www.abseitsreisen.de\/blog\/wp-content\/uploads\/2014\/11\/Am-Ende-der-Welt-Cape-Agulhas-S\u00fcdafrika-2014-Presse.jpg\" target=\"_blank\">Ende der Welt S\u00fcdafrika.jpg <\/a><\/p>\n<p><a title=\"PRESSE Namaqualand S\u00fcdafrika\" href=\"https:\/\/www.abseitsreisen.de\/blog\/wp-content\/uploads\/2014\/11\/Blumenmeer-in-Namaqualand-S\u00fcdafrika-2014.jpg\" target=\"_blank\">Namaqualand S\u00fcdafrika.jpg<\/a><\/p>\n<p>Weitere Bilder auf Anfrage per Email an presse@abseitsreisen.de<\/p>\n<p>&nbsp;<\/p>\n<p>&nbsp;<\/p>\n<p>&nbsp;<\/p>\n","protected":false},"excerpt":{"rendered":"<p>Die Pressemitteilungen liegen hier als .pdf-Format vor: Pressemitteilung-abseitsreisen-11-2014.pdf Zum \u00d6ffnen und Drucken von PDF-Dateien wird ein PDF-Reader ben\u00f6tigt, der kostenlos bei ADOBE heruntergeladen werden kann. &nbsp; Pressemitteilung abseitsreisen 11\/2014 ___ &nbsp; F\u00fcnf Jahre im Oldtimer um die Welt. Vor genau &hellip; <a href=\"https:\/\/www.abseitsreisen.de\/blog\/pressemitteilungen\/\">Weiterlesen<\/a><\/p>\n","protected":false},"author":1,"featured_media":0,"parent":0,"menu_order":0,"comment_status":"closed","ping_status":"closed","template":"","meta":{"kt_blocks_editor_width":"","_metis_text_type":"standard","_metis_text_length":5648,"_post_count":0,"footnotes":""},"class_list":["post-5773","page","type-page","status-publish","hentry"],"aioseo_notices":[],"_links":{"self":[{"href":"https:\/\/www.abseitsreisen.de\/blog\/wp-json\/wp\/v2\/pages\/5773","targetHints":{"allow":["GET"]}}],"collection":[{"href":"https:\/\/www.abseitsreisen.de\/blog\/wp-json\/wp\/v2\/pages"}],"about":[{"href":"https:\/\/www.abseitsreisen.de\/blog\/wp-json\/wp\/v2\/types\/page"}],"author":[{"embeddable":true,"href":"https:\/\/www.abseitsreisen.de\/blog\/wp-json\/wp\/v2\/users\/1"}],"replies":[{"embeddable":true,"href":"https:\/\/www.abseitsreisen.de\/blog\/wp-json\/wp\/v2\/comments?post=5773"}],"version-history":[{"count":7,"href":"https:\/\/www.abseitsreisen.de\/blog\/wp-json\/wp\/v2\/pages\/5773\/revisions"}],"predecessor-version":[{"id":5785,"href":"https:\/\/www.abseitsreisen.de\/blog\/wp-json\/wp\/v2\/pages\/5773\/revisions\/5785"}],"wp:attachment":[{"href":"https:\/\/www.abseitsreisen.de\/blog\/wp-json\/wp\/v2\/media?parent=5773"}],"curies":[{"name":"wp","href":"https:\/\/api.w.org\/{rel}","templated":true}]}}