{"id":6031,"date":"2015-03-07T19:30:33","date_gmt":"2015-03-07T18:30:33","guid":{"rendered":"http:\/\/www.abseitsreisen.de\/blog\/?page_id=6031"},"modified":"2023-11-20T18:17:50","modified_gmt":"2023-11-20T17:17:50","slug":"simbabwe","status":"publish","type":"page","link":"https:\/\/www.abseitsreisen.de\/blog\/lander-informationen\/simbabwe\/","title":{"rendered":"Simbabwe"},"content":{"rendered":"<p style=\"text-align: justify;\"><strong>Stand der Informationen<\/strong><br \/>\nOktober 2014<\/p>\n<p style=\"text-align: justify;\"><strong>Visa<\/strong><br \/>\nEin 30 Tage g\u00fcltiges Touristenvisum kostet f\u00fcr deutsche Staatsb\u00fcrger 30 US$ und kann direkt an der Grenze erworben werden.<\/p>\n<p style=\"text-align: justify;\"><strong>Einreisebestimmungen<\/strong><br \/>\nWir verwendeten f\u00fcr die Einfuhr unseres Fahrzeug ein Carnet de Passages.<\/p>\n<p style=\"text-align: justify;\"><strong>Grenzabwicklung<\/strong><br \/>\nDie Abfertigung bei Einreise an der Grenze Kazungula von Botswana kommend verlief z\u00fcgig. Nach der Bezahlung der Visageb\u00fchren wurden die P\u00e4sse gestempelt. Anschlie\u00dfend wurde das Carnet de Passages eingestempelt. Die Fahrzeugversicherung betrug f\u00fcr 30 Tage 30 US$. F\u00fcr das Fahrzeug wird eine Road- und Carbon-Tax von 10 US$ erhoben. Eine Fahrzeugkontrolle fand nicht statt. Dauer ca. 30 Minuten.<\/p>\n<p style=\"text-align: justify;\">Die Ausreise bei Victoria Falls nach Sambia verlief z\u00fcgig. P\u00e4sse und Carnet de Passages wurden ausgestempelt. Eine Fahrzeugkontrolle fand nicht statt. Dauer ca. 20 Minuten.<\/p>\n<p style=\"text-align: justify;\"><strong>Kraftstoff<\/strong><br \/>\nIn Vistoria Falls lag der Dieselpreis bei 1,52 US$, Benzin bei 1,63 US$ pro Liter.<\/p>\n<p style=\"text-align: justify;\"><strong>Kommunikation<\/strong><br \/>\nDa wir nur in Victoria Falls waren, k\u00f6nnen wir \u00fcber die landesweite Netzabdeckung keine Auskunft geben. Lokale Sim-Karten gibt es in Victoria Falls an jeder Ecke und kosten ca. 3 US$.<\/p>\n<p style=\"text-align: justify;\"><strong>Stra\u00dfen<\/strong><br \/>\nDie Strecke zwischen Kazungula und Victoria Falls ist geteert und in gutem Zustand. \u00dcber die weiteren Teile des Landes k\u00f6nnen wir keine Auskunft geben. Andere Reisende berichteten von h\u00e4ufigen und peniblen Polizeikontrollen bei denen u.a. f\u00fcr defekte R\u00fccklichter und fehlende Nummernschild-Beleuchtungen hohe Strafen gefordert wurden. Am besten die Fahrzeugbeleuchtung vor Einreise kontrollieren.<\/p>\n<p style=\"text-align: justify;\"><strong>Trinkwasser \/ Versorgungslage<\/strong><br \/>\nIn Victoria Falls gibt es einen gro\u00dfen und mehrere kleine Superm\u00e4rkte f\u00fcr die Dinge des allt\u00e4glichen Bedarfs. Am Ortsrand auf dem Weg zu den Wasserf\u00e4llen gibt es etliche Souvenirst\u00e4nde.<\/p>\n<p style=\"text-align: justify;\"><strong>Geld<\/strong><br \/>\nIn Simbabwe gilt der US-Dollar als Zahlungsmittel, als M\u00fcnzen werden s\u00fcdafrikanische Rand verwendet. An den Geldautomaten in Victoria Falls k\u00f6nnen US-Dollar abgehoben werden.<br \/>\nTipp: Da h\u00e4ufig Visa-Geb\u00fchren und Parkeintritte in Ostafrika in US-Dollar berechnet werden, kann man sich hier einen Vorrat an Dollarnoten anlegen, doch sollte man auf den Jahrgang achten. \u00c4ltere Scheine werden z.T. an den Grenzen in Uganda, Kenia und Tansania nicht akzeptiert.<\/p>\n<p style=\"text-align: justify;\"><strong>Fahrzeugversicherung<\/strong><br \/>\nAuf unserer Route ist Simbabwe das erste Land, in der die l\u00e4nder\u00fcbergreifende Comesa Card, oder wegen ihrer Farbe auch &#8218;Yellow Card&#8216; genannte Fahrzeugversicherung, abgeschlossen werden kann. Die Kosten der Comesa Card h\u00e4ngen von den zu bereisenden L\u00e4ndern und der Laufzeit ab und sind scheinbar auch von Land zu Land unterschiedlich.<\/p>\n<p style=\"text-align: justify;\">In unserem Fall kostete die Comesa mit einer Laufzeit von 6 Monaten 182 US$ und beinhaltet die L\u00e4nder Burundi, RDC \/DRC, \u00c4gypten, Eritrea, Kenia, Lybien, Malawi, Ruanda, Tansania, Uganda, Sambia und Simbabwe. Die Comesa gilt nicht f\u00fcr das Land, in der sie abschlossen wird, hierf\u00fcr ben\u00f6tigt man eine separate Fahrzeugversicherung, die wir bereits an der Grenze gekauft hatten. Man liest immer wieder, dass diese Versicherung die selbe Laufzeit wie die gew\u00fcnschte Comesa haben muss, diese Erfahrung k\u00f6nnen wir nicht teilen. Wir wurden bei der Beantragung der Comesa Card nicht nach der Laufzeit unserer lokalen Fahrzeugversicherung in Simbabwe gefragt.<\/p>\n<blockquote>\n<p style=\"text-align: justify;\">Helfen euch die Informationen auf unserer Webseite beim Reisen oder der Vorbereitung dazu weiter? Freut uns. Auch ihr k\u00f6nnt unser Reiseprojekt unterst\u00fctzen, einfach und kostenlos.<\/p>\n<p style=\"text-align: justify;\">Wenn ihr das n\u00e4chste Mal bei Amazon bestellt, nutzt daf\u00fcr den\u00a0<a href=\"http:\/\/www.amazon.de\/?_encoding=UTF8&amp;site-redirect=de&amp;tag=wwwabseitsrei-21&amp;linkCode=ur2&amp;camp=1638&amp;creative=6742\" target=\"_blank\" rel=\"noopener\">Amazon-Link<\/a>\u00a0bei abseitsreisen.de bevor ihr etwas in den Warenkorb legt. Amazon verg\u00fctet uns dadurch ein kleine Linkpr\u00e4mie. Der Preis f\u00fcr euch als Kunden bleibt dadurch nat\u00fcrlich unber\u00fchrt.<\/p>\n<p style=\"text-align: justify;\">Noch besser: Zieht euch diesen\u00a0<a href=\"http:\/\/www.amazon.de\/?_encoding=UTF8&amp;site-redirect=de&amp;tag=wwwabseitsrei-21&amp;linkCode=ur2&amp;camp=1638&amp;creative=6742\" target=\"_blank\" rel=\"noopener\">Amazon-Link<\/a>\u00a0per Drag-and-Drop in die Lesezeichen eures Browsers und klickt euch so f\u00fcr die n\u00e4chsten Bestellungen zu Amazon. Damit unterst\u00fctzt ihr kostenlos diese Webseite bei jedem Einkauf. Dankesch\u00f6n.<\/p>\n<\/blockquote>\n<p style=\"text-align: justify;\"><strong>Stellpl\u00e4tze<\/strong><br \/>\nWir haben in Simbawe nur einen einzigen Stellplatz benutzt:<\/p>\n<p style=\"text-align: justify;\"><strong><a href=\"https:\/\/www.abseitsreisen.de\/blog\/wp-content\/uploads\/2015\/02\/Victoria-Falls.jpg\"><img loading=\"lazy\" decoding=\"async\" class=\"alignleft size-medium wp-image-6035\" style=\"margin: 5pt 15px 15pt 0pt;\" src=\"https:\/\/www.abseitsreisen.de\/blog\/wp-content\/uploads\/2015\/02\/Victoria-Falls-300x200.jpg\" alt=\"Victoria Falls\" width=\"300\" height=\"200\" srcset=\"https:\/\/www.abseitsreisen.de\/blog\/wp-content\/uploads\/2015\/02\/Victoria-Falls-300x200.jpg 300w, https:\/\/www.abseitsreisen.de\/blog\/wp-content\/uploads\/2015\/02\/Victoria-Falls.jpg 725w\" sizes=\"auto, (max-width: 300px) 100vw, 300px\" \/><\/a>Victoria Falls. Shoestring Backpacker<\/strong><br \/>\nS 17\u00b0 55&#8242; 34.4\u201c, E 25\u00b0 50&#8242; 06.0\u201c (~ 940m \u00fc. M.)<\/p>\n<p style=\"text-align: justify;\">10 US$ \/ Nacht<br \/>\n(5 US$ pro Person, Fahrzeug inbegriffen)<\/p>\n<p style=\"text-align: justify;\">Sehr gem\u00fctliches, manchmal lautes Backpacker Hostel mit gro\u00dfem, bewachtem, schattigem Parkplatz.<\/p>\n<p style=\"text-align: justify;\">Ausstattung: WC, kalte Dusche, Pool, leckeres Restaurant, Bar,\u00a0Wi-Fi (200MB kosten 5 US$), Stromanschluss mit langem Kabel m\u00f6glich. Keine H\u00f6henbegrenzung.<\/p>\n<p style=\"text-align: justify;\">Hinweis: Es gibt in Victoria Falls auch das &#8218;Victoria Falls Rest Camp&#8216;. Der weitl\u00e4ufige st\u00e4dtische Campingplatz ist mit 14 US$ pro Person und 8 US$ pro Fahrzeug jedoch deutlich teuerer. Auch hier gibt es neben Sanit\u00e4ranlagen einen Pool und kostenpflichtiges Wi-Fi. Keine H\u00f6henbegrenzung.<\/p>\n","protected":false},"excerpt":{"rendered":"<p>Stand der Informationen Oktober 2014 Visa Ein 30 Tage g\u00fcltiges Touristenvisum kostet f\u00fcr deutsche Staatsb\u00fcrger 30 US$ und kann direkt an der Grenze erworben werden. Einreisebestimmungen Wir verwendeten f\u00fcr die Einfuhr unseres Fahrzeug ein Carnet de Passages. Grenzabwicklung Die Abfertigung &hellip; <a href=\"https:\/\/www.abseitsreisen.de\/blog\/lander-informationen\/simbabwe\/\">Weiterlesen<\/a><\/p>\n","protected":false},"author":1,"featured_media":0,"parent":473,"menu_order":0,"comment_status":"closed","ping_status":"closed","template":"","meta":{"kt_blocks_editor_width":"","_metis_text_type":"standard","_metis_text_length":4674,"_post_count":0,"footnotes":""},"class_list":["post-6031","page","type-page","status-publish","hentry"],"aioseo_notices":[],"public_identification_id":"1ec74894c3d447c3beb311f5c4c08325","private_identification_id":"b3570812867d460599d049df11843ace","_links":{"self":[{"href":"https:\/\/www.abseitsreisen.de\/blog\/wp-json\/wp\/v2\/pages\/6031","targetHints":{"allow":["GET"]}}],"collection":[{"href":"https:\/\/www.abseitsreisen.de\/blog\/wp-json\/wp\/v2\/pages"}],"about":[{"href":"https:\/\/www.abseitsreisen.de\/blog\/wp-json\/wp\/v2\/types\/page"}],"author":[{"embeddable":true,"href":"https:\/\/www.abseitsreisen.de\/blog\/wp-json\/wp\/v2\/users\/1"}],"replies":[{"embeddable":true,"href":"https:\/\/www.abseitsreisen.de\/blog\/wp-json\/wp\/v2\/comments?post=6031"}],"version-history":[{"count":15,"href":"https:\/\/www.abseitsreisen.de\/blog\/wp-json\/wp\/v2\/pages\/6031\/revisions"}],"predecessor-version":[{"id":334008,"href":"https:\/\/www.abseitsreisen.de\/blog\/wp-json\/wp\/v2\/pages\/6031\/revisions\/334008"}],"up":[{"embeddable":true,"href":"https:\/\/www.abseitsreisen.de\/blog\/wp-json\/wp\/v2\/pages\/473"}],"wp:attachment":[{"href":"https:\/\/www.abseitsreisen.de\/blog\/wp-json\/wp\/v2\/media?parent=6031"}],"curies":[{"name":"wp","href":"https:\/\/api.w.org\/{rel}","templated":true}]}}