{"id":6057,"date":"2015-03-15T17:49:24","date_gmt":"2015-03-15T16:49:24","guid":{"rendered":"http:\/\/www.abseitsreisen.de\/blog\/?page_id=6057"},"modified":"2023-11-20T18:17:54","modified_gmt":"2023-11-20T17:17:54","slug":"malawi","status":"publish","type":"page","link":"https:\/\/www.abseitsreisen.de\/blog\/lander-informationen\/malawi\/","title":{"rendered":"Malawi"},"content":{"rendered":"<p style=\"text-align: justify;\"><strong>Stand der Informationen<\/strong><br \/>\nNovember \/ Dezember 2014<\/p>\n<p style=\"text-align: justify;\"><strong>Visa<\/strong><br \/>\nDeutsche Staatsb\u00fcrger d\u00fcrfen sich bis zu 30 Tage visafrei in Malawi aufhalten. Bei Bedarf kann das Visum im Land verl\u00e4ngert werden.<\/p>\n<p>ERG\u00c4NZUNG November 2016:<br \/>\nSeit\u00a0dem 01.10.2015 erhebt Malawi eine Einreisegeb\u00fchr in H\u00f6he von\u00a075 US$. (Danke an Simone und Jochen f\u00fcr diese Information.)<\/p>\n<p style=\"text-align: justify;\"><strong>Einreisebestimmungen<\/strong><br \/>\nWir verwendeten f\u00fcr die Einfuhr unseres Fahrzeugs ein Carnet des Passages. Wir haben in Tanzania italienische Motorradfahrer getroffen, die die Strecke von S\u00fcdafrika bis Tanzania ohne Carnet de Passage gereist waren, demzufolge sollte es m\u00f6glich sein, ein Fahrzeug auch mit TIP (Temporary Import Permit) einzuf\u00fchren.<\/p>\n<p style=\"text-align: justify;\"><strong>Grenzabwicklung<\/strong><\/p>\n<p style=\"text-align: justify;\"><span style=\"text-decoration: underline;\">Einreise bei Chipata\/Mchinji von Sambia kommend. <\/span><\/p>\n<p style=\"text-align: justify;\">Die Einreise bei Chipata\/Mchinji von Sambia kommend verlief z\u00fcgig. P\u00e4sse und Carnet de Passage wurden in einem kleinen Geb\u00e4ude auf der linken Seite gestempelt. Nach einer Fahrzeugversicherung wurden wir nicht gefragt.<br \/>\nDas Fahrzeug wurde nicht kontrolliert.<br \/>\nDirekt hinter der Schranke befindet sich auf der linken Seite ein kleines Geb\u00e4ude, indem f\u00fcr Fahrzeuge \u00fcber 3t eine Road-Tax abh\u00e4ngig von der Strecke erhoben wird. Wir gaben die Strecke Lilongwe und zur\u00fcck an und mussten 14 US$ bezahlen. Diese Geb\u00fchr konnte nur in US-Dollar bezahlt werden. Dauer: ca. 30 Minuten.<\/p>\n<p><span style=\"text-decoration: underline;\">Ausreise bei Chipata\/Mchinji nach Sambia<\/span><\/p>\n<p style=\"text-align: justify;\">Die Ausreise an der selben Grenze zur\u00fcck nach Sambia verlief ebenfalls z\u00fcgig. P\u00e4sse und Carnet de Passage wurden gestempelt. Die Quittung der Road-Tax wurde verlangt. Dauer: ca. 20 Minuten.<\/p>\n<p style=\"text-align: justify;\"><span style=\"text-decoration: underline;\">Erneute Einreise bei Chipata\/Mchinji von Malawi<\/span><\/p>\n<p style=\"text-align: justify;\">Die erneute Einreise bei Chipata\/Mchinji verlief wie oben beschrieben. Auch jetzt gaben wir f\u00fcr die Road-Tax wieder die Strecke Lilongwe und zur\u00fcck an und bezahlten erneut 14 US$.<\/p>\n<p><span style=\"text-decoration: underline;\">Ausreise bei Kasamulu nach Tansania<\/span><\/p>\n<p style=\"text-align: justify;\">Die Ausreise bei Kasamulu nach Tansania verlief erneut z\u00fcgig. P\u00e4sse und ausgef\u00fclltes Ausreiseformular bei der Migration vorzeigen und P\u00e4sse stempeln lassen. Das Carnet wird beim Zoll aufgestempelt. Bevor wir die Schranke durchfahren durften, wurden wir nach der Quittung der Road-Tax gefragt. Diese wurde abgestempelt und uns wieder ausgeh\u00e4ndigt. Dass wir statt Kasamulu bei Einreise Mchinji als Grenze angegeben hatten und dadurch weit weniger Steuern gezahlt hatten, fiel niemandem auf.<\/p>\n<p style=\"text-align: justify;\"><strong>Kraftstoff<\/strong><br \/>\nDiesel ist in Malawi mit \u20ac 1,40 pro Liter extrem teuer. In Sambia war der Diesel mit \u20ac 1,25 pro Liter etwas g\u00fcnstiger und in Tansania lag der Diesel zwischen \u20ac 0,88 und \u20ac 1,- pro Liter.<\/p>\n<p style=\"text-align: justify;\"><strong>Kommunikation<\/strong><br \/>\nWir verwendeten in Malawi die Simkarte von TNM und waren mit der Netzabdeckung zufrieden. Die Minute ins deutsche Telefonnetz war mit etwa \u20ac 0,20 sehr g\u00fcnstig. In den gro\u00dfen Touristenzentren wie Lilongwe und Cape Maclear am Malawi-See gibt es den kostenpflichtigen und relativ zuverl\u00e4ssigen Internetanbieter Skyband. Hostels verkaufen daf\u00fcr Guthaben per Megabyte, das man durch eine Zahlenkombination online freischalten kann. Auch viele Campingpl\u00e4tze bieten Wi-Fi an, das jedoch meist extrem langsam ist, so dass Skypen oder gar Streamen nicht m\u00f6glich ist.<\/p>\n<p style=\"text-align: justify;\"><strong>Stra\u00dfen<\/strong><br \/>\nDie Hauptstra\u00dfen sind in Malawi gr\u00f6\u00dftenteils geteert jedoch teilweise sehr schmal, da der Rand der Stra\u00dfe h\u00e4ufig ausgefranst ist. Au\u00dferhalb der Metropolen sieht man kaum Privatfahrzeuge. Neben Lkws und Bussen werden G\u00fcter in unvorstellbaren Mengen vor allem auf Fahrr\u00e4dern transportiert. Allerorts sind Menschen zu Fu\u00df und per Fahrrad am Stra\u00dfenrand unterwegs.<\/p>\n<p style=\"text-align: justify;\"><strong>Trinkwasser \/ Versorgungslage<\/strong><br \/>\nSuperm\u00e4rkte gibt es nur in gr\u00f6\u00dferen St\u00e4dten. Frisches Obst und Gem\u00fcse gibt es vielerorts am Stra\u00dfenrand. Eine lokale Spezialit\u00e4t sind Chips, Pommes Frites, die auf kleinen Kochern am Stra\u00dfenrand frisch gebraten werden und mit etwas Salat serviert werden. Leitungswasser mit Trinkqualit\u00e4t findet man auf manchen Campingpl\u00e4tzen. Da wir sechzig Liter Trinkwasser transportieren k\u00f6nnen, mussten wir kein abgepacktes Trinkwasser kaufen.<\/p>\n<p style=\"text-align: justify;\"><strong>Geld<\/strong><br \/>\nDie W\u00e4hrung in Malawi ist der Malawi Kwacha und lag zur Zeit unserer Durchreise bei etwa 600 MWK \/ Euro. Geldautomaten gibt es meist nur in gr\u00f6\u00dferen St\u00e4dten bei den Banken.<\/p>\n<blockquote>\n<p style=\"text-align: justify;\">Helfen euch die Informationen auf unserer Webseite beim Reisen oder der Vorbereitung dazu weiter? Freut uns. Auch ihr k\u00f6nnt unser Reiseprojekt unterst\u00fctzen, einfach und kostenlos.<\/p>\n<p style=\"text-align: justify;\">Wenn ihr das n\u00e4chste Mal bei Amazon bestellt, nutzt daf\u00fcr den\u00a0<a href=\"http:\/\/www.amazon.de\/?_encoding=UTF8&amp;site-redirect=de&amp;tag=wwwabseitsrei-21&amp;linkCode=ur2&amp;camp=1638&amp;creative=6742\" target=\"_blank\" rel=\"noopener\">Amazon-Link<\/a>\u00a0bei abseitsreisen.de bevor ihr etwas in den Warenkorb legt. Amazon verg\u00fctet uns dadurch ein kleine Linkpr\u00e4mie. Der Preis f\u00fcr euch als Kunden bleibt dadurch nat\u00fcrlich unber\u00fchrt.<\/p>\n<p style=\"text-align: justify;\">Noch besser: Zieht euch diesen\u00a0<a href=\"http:\/\/www.amazon.de\/?_encoding=UTF8&amp;site-redirect=de&amp;tag=wwwabseitsrei-21&amp;linkCode=ur2&amp;camp=1638&amp;creative=6742\" target=\"_blank\" rel=\"noopener\">Amazon-Link<\/a>\u00a0per Drag-and-Drop in die Lesezeichen eures Browsers und klickt euch so f\u00fcr die n\u00e4chsten Bestellungen zu Amazon. Damit unterst\u00fctzt ihr kostenlos diese Webseite bei jedem Einkauf. Dankesch\u00f6n.<\/p>\n<\/blockquote>\n<p style=\"text-align: justify;\"><strong>Stellpl\u00e4tze<\/strong><br \/>\n<a href=\"https:\/\/www.abseitsreisen.de\/blog\/wp-content\/uploads\/2015\/03\/Lilongwe.jpg\"><img loading=\"lazy\" decoding=\"async\" class=\"alignleft size-medium wp-image-6129\" style=\"margin: 5pt 15px 15pt 0pt;\" src=\"https:\/\/www.abseitsreisen.de\/blog\/wp-content\/uploads\/2015\/03\/Lilongwe-300x200.jpg\" alt=\"Lilongwe\" width=\"300\" height=\"200\" srcset=\"https:\/\/www.abseitsreisen.de\/blog\/wp-content\/uploads\/2015\/03\/Lilongwe-300x200.jpg 300w, https:\/\/www.abseitsreisen.de\/blog\/wp-content\/uploads\/2015\/03\/Lilongwe.jpg 725w\" sizes=\"auto, (max-width: 300px) 100vw, 300px\" \/><\/a><strong>Lilongwe. Mabuya Camp<\/strong><br \/>\nS13\u00b0 59&#8242; 57.5\u201c, E 33\u00b0 45&#8242; 33.4\u201c, (~ 1060m \u00fc. M.)<\/p>\n<p style=\"text-align: justify;\">12 US$ \/ Nacht<br \/>\n(6 US$ pro Person, Fahrzeug inkl.)<\/p>\n<p style=\"text-align: justify;\">Nettes Backpacker Hostel mit Campingm\u00f6glichkeit.<\/p>\n<p style=\"text-align: justify;\">Ausstattung: Strom, Wasser, einfaches WC und hei\u00dfe Dusche, Laundry 1000 MWK pro Ladung, leckeres g\u00fcnstiges Essen nach Voranmeldung, Bar, Wi-Fi via Skyband.<\/p>\n<p style=\"text-align: justify;\">Tipp: Nicht weit entfernt gibt es den indischen Zahnarzt Dr. Anthony (Dr. Anthony\u00b4s Dental Clinic, Area 3, Mthunthama Drive) mit einer, zumindest auf den ersten Blick, sehr modern ausgestatteten Praxis.<\/p>\n<div style=\"clear: both; text-align: justify;\"><\/div>\n<p style=\"text-align: justify;\"><strong><a href=\"https:\/\/www.abseitsreisen.de\/blog\/wp-content\/uploads\/2015\/03\/eagle-nest.jpg\"><img loading=\"lazy\" decoding=\"async\" class=\"alignleft size-medium wp-image-6130\" style=\"margin: 5pt 15px 15pt 0pt;\" src=\"https:\/\/www.abseitsreisen.de\/blog\/wp-content\/uploads\/2015\/03\/eagle-nest-300x200.jpg\" alt=\"eagle nest\" width=\"300\" height=\"200\" srcset=\"https:\/\/www.abseitsreisen.de\/blog\/wp-content\/uploads\/2015\/03\/eagle-nest-300x200.jpg 300w, https:\/\/www.abseitsreisen.de\/blog\/wp-content\/uploads\/2015\/03\/eagle-nest.jpg 725w\" sizes=\"auto, (max-width: 300px) 100vw, 300px\" \/><\/a>Cape Maclear. Eagle Nest<\/strong><br \/>\nS 14\u00b0 00&#8242; 40.4\u201c, E 34\u00b0 50&#8242; 59.2\u201c, (~ 450m \u00fc. M.)<\/p>\n<p style=\"text-align: justify;\">20 US$ \/ Nacht<br \/>\n(10 US$ pro Person, Fahrzeug inkl.)<\/p>\n<p style=\"text-align: justify;\">Sehr gepflegte kleine Lodge mit sch\u00f6nem Campingplatz teilweise direkt am privaten Strand.<\/p>\n<p style=\"text-align: justify;\">Ausstattung: Sauberes WC und hei\u00dfe Dusche, Sp\u00fcle, Strom. Wi-Fi \u00fcber Skyband m\u00f6glich. Keine H\u00f6henbegrenzung.<\/p>\n<div style=\"clear: both; text-align: justify;\"><\/div>\n<p style=\"text-align: justify;\"><strong><a href=\"https:\/\/www.abseitsreisen.de\/blog\/wp-content\/uploads\/2015\/03\/pottery-lodge.jpg\"><img loading=\"lazy\" decoding=\"async\" class=\"alignleft size-medium wp-image-6131\" style=\"margin: 5pt 15px 15pt 0pt;\" src=\"https:\/\/www.abseitsreisen.de\/blog\/wp-content\/uploads\/2015\/03\/pottery-lodge-300x200.jpg\" alt=\"pottery lodge\" width=\"300\" height=\"200\" srcset=\"https:\/\/www.abseitsreisen.de\/blog\/wp-content\/uploads\/2015\/03\/pottery-lodge-300x200.jpg 300w, https:\/\/www.abseitsreisen.de\/blog\/wp-content\/uploads\/2015\/03\/pottery-lodge.jpg 725w\" sizes=\"auto, (max-width: 300px) 100vw, 300px\" \/><\/a>Nkhotakota. Pottery Lodge &amp; Camping<\/strong><br \/>\nS 13\u00b0 03&#8242; 00.4\u201c, E 34\u00b0 19&#8242; 35.2\u201c, (~ 430m \u00fc. M.)<\/p>\n<p style=\"text-align: justify;\">3200 MWK \/ Nacht (ca. \u20ac 5,50)<br \/>\n(1600 MWK pro Person, Fahrzeug inkl.)<\/p>\n<p style=\"text-align: justify;\">Netter Campingplatz am Sandstrand unter hohen B\u00e4umen.<\/p>\n<p style=\"text-align: justify;\">Ausstattung: Strom, Brauchwasser, Restaurant, Internetstick verleihbar 15MWK \/ Min. Keine H\u00f6henbegrenzung.<\/p>\n<div style=\"clear: both; text-align: justify;\"><\/div>\n<p style=\"text-align: justify;\"><strong><a href=\"https:\/\/www.abseitsreisen.de\/blog\/wp-content\/uploads\/2015\/03\/sunga-moya.jpg\"><img loading=\"lazy\" decoding=\"async\" class=\"alignleft size-medium wp-image-6132\" style=\"margin: 5pt 15px 15pt 0pt;\" src=\"https:\/\/www.abseitsreisen.de\/blog\/wp-content\/uploads\/2015\/03\/sunga-moya-300x200.jpg\" alt=\"sunga moya\" width=\"300\" height=\"200\" srcset=\"https:\/\/www.abseitsreisen.de\/blog\/wp-content\/uploads\/2015\/03\/sunga-moya-300x200.jpg 300w, https:\/\/www.abseitsreisen.de\/blog\/wp-content\/uploads\/2015\/03\/sunga-moya.jpg 725w\" sizes=\"auto, (max-width: 300px) 100vw, 300px\" \/><\/a>Chintheche. Sunga Mayo<\/strong><br \/>\nS 11\u00b0 53&#8242; 39.9\u201c, E 34\u00b0 10&#8242; 02.5\u201c (~ 460m \u00fc. M.)<\/p>\n<p style=\"text-align: justify;\">20 US$ \/ Nacht<br \/>\n(10 US$ pro Person, Fahrzeug inkl.,)<\/p>\n<p style=\"text-align: justify;\">Wundersch\u00f6ner, schattiger Campingplatz unter Mangob\u00e4umen direkt am See gelegen.<\/p>\n<p style=\"text-align: justify;\">Ausstattung: Strom, Trinkwasser, sauberes WC, hei\u00dfe Dusche, Restaurant, Bar, Privatstrand. Kein Internet. Keine H\u00f6henbegrenzung. Die letzten drei Kilometer sind sehr holprig.<\/p>\n<div style=\"clear: both; text-align: justify;\"><\/div>\n<p style=\"text-align: justify;\"><strong>Chintheche. Chintheche Inn<\/strong><br \/>\nS 11\u00b053&#8217;3.5&#8243;, E 34\u00b010&#8217;5.3&#8243;, (~ 460m \u00fc. M.)<\/p>\n<p style=\"text-align: justify;\">30 US$ \/ Nacht<br \/>\n(15 US$ pro Person, Fahrzeug inkl. Da wir eine Woche bleiben wollten, wurden uns 8 US$ pro Person angeboten. Wir sind dann aber doch weiter nach Nkhata Bay gefahren.)<\/p>\n<p style=\"text-align: justify;\">Gehobene Lodge mit sonnigem, weitl\u00e4ufigem Campingplatz direkt am Strand.<\/p>\n<p style=\"text-align: justify;\">Ausstattung: Strom, Wasser, sauberes WC, hei\u00dfe Dusche, free Wi-Fi. Keine H\u00f6henbegrenzung.<\/p>\n<div style=\"clear: both; text-align: justify;\"><\/div>\n<p style=\"text-align: justify;\"><strong><a href=\"https:\/\/www.abseitsreisen.de\/blog\/wp-content\/uploads\/2015\/03\/nkhata-bay.jpg\"><img loading=\"lazy\" decoding=\"async\" class=\"alignleft size-medium wp-image-6133\" style=\"margin: 5pt 15px 15pt 0pt;\" src=\"https:\/\/www.abseitsreisen.de\/blog\/wp-content\/uploads\/2015\/03\/nkhata-bay-300x200.jpg\" alt=\"nkhata bay\" width=\"300\" height=\"200\" srcset=\"https:\/\/www.abseitsreisen.de\/blog\/wp-content\/uploads\/2015\/03\/nkhata-bay-300x200.jpg 300w, https:\/\/www.abseitsreisen.de\/blog\/wp-content\/uploads\/2015\/03\/nkhata-bay.jpg 725w\" sizes=\"auto, (max-width: 300px) 100vw, 300px\" \/><\/a>Nkhata Bay. Njaya Lodge<\/strong><br \/>\nS 11\u00b037&#8217;13.2\u201c, E 34\u00b018&#8217;17.5&#8243;, (~ 500m \u00fc. M.)<\/p>\n<p style=\"text-align: justify;\">7 US$ \/ Nacht<br \/>\n(5US$ pro Person, da wir l\u00e4nger als eine Woche blieben, bekamen wir Rabatt)<\/p>\n<p style=\"text-align: justify;\">Am Hang gelegene, freundliche Lodge mit Campingplatz und herrlichem Blick \u00fcber den See.<\/p>\n<p style=\"text-align: justify;\">Ausstattung: Altes WC und hei\u00dfe Dusche, Strom, f\u00fcr malawische Verh\u00e4ltnisse schnelles free Wi-Fi, sehr leckeres Restaurant und Bar, Poolbillard, kleiner Privatstrand und gro\u00dfer \u00f6ffentlicher Sandstrand. Sehr nettes, hilfreiches Personal. Taxi ins Zentrum des kleinen Ortes kostet 2000 MWK. Keine H\u00f6henbegrenzung aber ein Stromkabel h\u00e4ngt einige Meter vor der Lodge auf etwa 3m H\u00f6he \u00fcber die Stra\u00dfe, l\u00e4sst sich aber \u00fcbere das Fahrzeug heben.<\/p>\n<p style=\"text-align: justify;\">Tipp: Wer im Malawi-See auf Tauchgang gehen m\u00f6chte, die Besitzer des Mabuya Camps in Lilongwe unterhalten direkt im Ort mit Aqua Afrika eine gut ausgestattete Tauchschule. Ein Tauchgang kostet 50US$.<\/p>\n<div style=\"clear: both; text-align: justify;\"><\/div>\n<p style=\"text-align: justify;\"><strong><a href=\"https:\/\/www.abseitsreisen.de\/blog\/wp-content\/uploads\/2015\/03\/Hakuna-Matata.jpg\"><img loading=\"lazy\" decoding=\"async\" class=\"alignleft size-medium wp-image-6134\" style=\"margin: 5pt 15px 15pt 0pt;\" src=\"https:\/\/www.abseitsreisen.de\/blog\/wp-content\/uploads\/2015\/03\/Hakuna-Matata-300x200.jpg\" alt=\"Hakuna Matata\" width=\"300\" height=\"200\" srcset=\"https:\/\/www.abseitsreisen.de\/blog\/wp-content\/uploads\/2015\/03\/Hakuna-Matata-300x200.jpg 300w, https:\/\/www.abseitsreisen.de\/blog\/wp-content\/uploads\/2015\/03\/Hakuna-Matata.jpg 725w\" sizes=\"auto, (max-width: 300px) 100vw, 300px\" \/><\/a>Chitimba. Hakuna Matata.<\/strong><br \/>\nS 10\u00b0 35&#8242; 06.7\u201c, E 34\u00b0 10&#8242; 28.3\u201c, (~ 470m \u00fc. M.)<\/p>\n<p style=\"text-align: justify;\">9 US$ \/ Nacht<br \/>\n(4,50 US$ pro Person, 1 US$ f\u00fcr Strom extra, Fahrzeug inkl.)<\/p>\n<p style=\"text-align: justify;\">Etwas heruntergekommener Campingplatz direkt am sch\u00f6nen Sandstrand.<\/p>\n<p style=\"text-align: justify;\">Ausstattung: Sauberes WC und hei\u00dfe Dusche, Strom, Internetstick f\u00fcr Mails umsonst. Keine H\u00f6henbegrenzung. Der s\u00fcdafrikanische Besitzer ist ein Original.<\/p>\n<p style=\"text-align: justify;\">Hinweis: Direkt nebenan ist das durch den Film &#8218;The long way down&#8216; bekannte Chitimba Camp. Das Camp wird gern von Overlander-Trucks angefahren. Das Camp kostet 6 US$ pro Person \/ Nacht. Wi-Fi kostet teure 25 MWK \/ Min. Teuere Bar und Restaurant vorhanden. Eine Souvenirmeile s\u00e4umt die Zufahrt. Wir haben auf diesem Camp selbst nicht \u00fcbernachtet, andere Reisende waren eher nicht begeistert.<\/p>\n<p style=\"text-align: justify;\">Hinweis: Wir waren von dem Kolonialort Livingstonia entt\u00e4uscht. Der sehr kurvenreiche Weg f\u00fchrt zu einer schlichten Kirche mit einem Kirchturm, der in K\u00fcrze einst\u00fcrzen wird und einem winzigen Museum. Auf halber H\u00f6he befindet sich das nette Mushroom Camp, das f\u00fcr Backpacker und Zelt-Reisende ein toller Platz ist, um mit einem gro\u00dfen Fahrzeug dort zu stehen ist es wohl etwas eng.<\/p>\n<p>&nbsp;<\/p>\n","protected":false},"excerpt":{"rendered":"<p>Stand der Informationen November \/ Dezember 2014 Visa Deutsche Staatsb\u00fcrger d\u00fcrfen sich bis zu 30 Tage visafrei in Malawi aufhalten. Bei Bedarf kann das Visum im Land verl\u00e4ngert werden. ERG\u00c4NZUNG November 2016: Seit\u00a0dem 01.10.2015 erhebt Malawi eine Einreisegeb\u00fchr in H\u00f6he &hellip; <a href=\"https:\/\/www.abseitsreisen.de\/blog\/lander-informationen\/malawi\/\">Weiterlesen<\/a><\/p>\n","protected":false},"author":2,"featured_media":0,"parent":473,"menu_order":0,"comment_status":"closed","ping_status":"closed","template":"","meta":{"kt_blocks_editor_width":"","_metis_text_type":"standard","_metis_text_length":8860,"_post_count":0,"footnotes":""},"class_list":["post-6057","page","type-page","status-publish","hentry"],"aioseo_notices":[],"public_identification_id":"51eede918ba8468c85ab27b2a79fdd69","private_identification_id":"171672d696fb434fb44723c97cbbb42a","_links":{"self":[{"href":"https:\/\/www.abseitsreisen.de\/blog\/wp-json\/wp\/v2\/pages\/6057","targetHints":{"allow":["GET"]}}],"collection":[{"href":"https:\/\/www.abseitsreisen.de\/blog\/wp-json\/wp\/v2\/pages"}],"about":[{"href":"https:\/\/www.abseitsreisen.de\/blog\/wp-json\/wp\/v2\/types\/page"}],"author":[{"embeddable":true,"href":"https:\/\/www.abseitsreisen.de\/blog\/wp-json\/wp\/v2\/users\/2"}],"replies":[{"embeddable":true,"href":"https:\/\/www.abseitsreisen.de\/blog\/wp-json\/wp\/v2\/comments?post=6057"}],"version-history":[{"count":19,"href":"https:\/\/www.abseitsreisen.de\/blog\/wp-json\/wp\/v2\/pages\/6057\/revisions"}],"predecessor-version":[{"id":334010,"href":"https:\/\/www.abseitsreisen.de\/blog\/wp-json\/wp\/v2\/pages\/6057\/revisions\/334010"}],"up":[{"embeddable":true,"href":"https:\/\/www.abseitsreisen.de\/blog\/wp-json\/wp\/v2\/pages\/473"}],"wp:attachment":[{"href":"https:\/\/www.abseitsreisen.de\/blog\/wp-json\/wp\/v2\/media?parent=6057"}],"curies":[{"name":"wp","href":"https:\/\/api.w.org\/{rel}","templated":true}]}}