{"id":6753,"date":"2015-11-06T20:25:12","date_gmt":"2015-11-06T19:25:12","guid":{"rendered":"http:\/\/www.abseitsreisen.de\/blog\/?page_id=6753"},"modified":"2023-11-20T18:18:17","modified_gmt":"2023-11-20T17:18:17","slug":"jordanien","status":"publish","type":"page","link":"https:\/\/www.abseitsreisen.de\/blog\/lander-informationen\/jordanien\/","title":{"rendered":"Jordanien"},"content":{"rendered":"<p style=\"text-align: justify;\"><strong>Stand der Informationen<\/strong><br \/>\nJuli \/ August 2015<\/p>\n<p style=\"text-align: justify;\"><strong>Visa<\/strong><br \/>\nDeutsche Staatsb\u00fcrger ben\u00f6tigen f\u00fcr die Einreise nach Jordanien ein Visum. Wir bekamen ein 30 Tage g\u00fcltiges Visum kostenlos direkt bei Einreise am Hafen von Aqaba in den Pass gestempelt. W\u00e4hrend \u00c4gypter den Einreisestempel bereits auf der F\u00e4hre erhielten, bekamen wir das Visum erst nach Ankunft am Hafen.<\/p>\n<p style=\"text-align: justify;\"><strong>Einreisebestimmungen<\/strong><br \/>\nF\u00fcr das Fahrzeug wird kein Carnet des Passages verlangt. Das Fahrzeug wird nicht im Pass vermerkt. Stattdessen erh\u00e4lt man eine tempor\u00e4re Importgenehmigung f\u00fcr 30 Tage.<\/p>\n<p style=\"text-align: justify;\"><strong>Grenzabwicklung<\/strong><br \/>\n<span style=\"text-decoration: underline;\">Einreise nach F\u00e4hr\u00fcberfaht am Hafen von Aqaba:<\/span><br \/>\nEin Touristenpolizist nimmt sich unser an und f\u00fchrt uns zu den einzelnen Stellen.<br \/>\n1. Kurze Fahrzeuginspektion nachdem wir vom Schiff in den Hafen gerollt sind.<br \/>\n2. Wir bekommen eine Laufkarte und sollen mit dem Fahrzeug in eine gro\u00dfe Halle fahren.<br \/>\n3. Hier wird das Fahrzeug ger\u00f6ntgt, dies wir auf der Karte vermerkt.<br \/>\n4. Das Fahrzeug wird ein St\u00fcck weiter vor einem gro\u00dfen B\u00fcrogeb\u00e4ude geparkt, indem sich s\u00e4mtliche Stellen befinden.<br \/>\n5. Fahrzeugversicherung: Diese kann nur \u00fcber einen Monat abgeschlossen werden und muss in Dinar bezahlt werden. Ein Pkw kostet 30 JOD, gr\u00f6\u00dfere Fahrzeuge 100 JOD. Wechselstuben gibt es im selben Geb\u00e4ude und im Geb\u00e4ude nebenan, hier k\u00f6nnen auch \u00c4gyptische Pfund gewechselt werden.<br \/>\n6. Migration: Die P\u00e4sse werden gestempelt, wir d\u00fcrfen uns 30 Tage in Jordanien aufhalten.<br \/>\n7. Zoll: Eine Geb\u00fchr von 20 JOD\u00a0werden verlangt und quittiert. Wir erhalten eine Importerlaubnis \u00fcber 30 Tage.<\/p>\n<p style=\"text-align: justify;\">Dauer: 2 Stunden. Da um 2 Uhr nachts nur noch die Wechselstuben im Geb\u00e4ude nebenan ge\u00f6ffnet waren mussten wir einige Umwege gehen. Dank der Begleitung des Touristenpolizisten mussten wir nicht, wie viele einheimische Fahrer, anstehen, sondern durften das Zollb\u00fcro durch den Hintereingang betreten.<br \/>\nKosten: 100 JOD (125 EUR) Fahrzeugversicherung, 20 JOD (25 JOD) Zollgeb\u00fchr.<\/p>\n<p style=\"text-align: justify;\"><span style=\"text-decoration: underline;\">Ausreise am Grenz\u00fcbergang Sheik Hussein Crossing nach Israel:<br \/>\n<\/span>1. Erste kurze Pass- und Fahrzeugkontrolle am Einfahrtstor<br \/>\n2. Weiterfahrt bis zum Zollgeb\u00e4ude und erneute Fahrzeugkontrolle<br \/>\n3. Die Importgenehmigung wird abgegeben, an einem kleinen Schalter werden weitere Papiere ausgef\u00fcllt<br \/>\n4. Fahrt bis zum Migrationsgeb\u00e4ude auf der linken Seite<br \/>\n5. Bezahlung der Ausreisegeb\u00fchr von 25 JOD pro Fahrzeug und 10 JOD pro Person am Kassenschalter<br \/>\n6. Die P\u00e4sse werden an einem der Schalter ausgestempelt.<\/p>\n<p style=\"text-align: justify;\">Dauer: ca. 1 Stunde<br \/>\nKosten: 45 JOD (ca. 56 EUR)<\/p>\n<p style=\"text-align: justify;\"><strong>Kraftstoff<\/strong><br \/>\nEin Liter Diesel kostete 0,45 JOD (ca. 0,58 \u20ac) und ist damit deutlich teuerer als in \u00c4gypten (0,22 \u20ac) und deutlich billiger als in Israel (1,53 \u20ac). Tankstellen gibt es reichlich.<\/p>\n<p style=\"text-align: justify;\"><strong>Kommunikation<\/strong><br \/>\nWir kauften eine Telefonkarte von Zain, Kosten ca. 12 JOD. Mit zus\u00e4tzlichem Guthaben kann man verschieden gro\u00dfe Internetbundle zukaufen, 1GB kostete ca. 6 JOD. Die Netzabdeckung war gut, selbst in Teilen des Wadi Rum hatten wir Handynetz und Internetempfang.<\/p>\n<p style=\"text-align: justify;\"><strong>Stra\u00dfen<\/strong><br \/>\nDie Stra\u00dfen auf unserer Strecke waren durchgehend geteert, selbst kleine Nebenstra\u00dfen oder Zufahrten zu Privath\u00e4user. Das Wadi Rum l\u00e4dt zum Offroad-Fahren ein und bietet f\u00fcr jeden soviel Sandvergn\u00fcgen wie er m\u00f6chte. Wer nichts riskieren m\u00f6chte, kann sich an die ausgefahrenen Pisten halten. Mit vorausschauender Fahrweise sind weite Teile sicher auch ohne Allrad machbar. Die Polizeipr\u00e4senz in Jordanien ist deutlich niedriger als in \u00c4gypten, Polizeikontrollen waren selten.<\/p>\n<p style=\"text-align: justify;\"><strong>Trinkwasser \/ Versorgungslage<\/strong><br \/>\nIm Vergleich zu \u00c4gypten ist Jordanien ein teueres Land, im Vergleich zu Israel ist es g\u00fcnstig. Tante-Emma L\u00e4den gibt es reichlich, Superm\u00e4rkte haben wir nicht gesucht, da wir nur wenige Tage im Land waren.<\/p>\n<p style=\"text-align: justify;\"><strong>Geld<\/strong><br \/>\nDie W\u00e4hrung in Jordanien ist der Jordanische Dinar (JOD). Im August 2015 liegt der Kurs bei 0,78 JOD zum Euro. Geldautomaten gibt es in St\u00e4dten bei Banken.<\/p>\n<p style=\"text-align: justify;\"><strong>Stellpl\u00e4tze<\/strong><br \/>\nJordanien gilt als relativ sicheres Reiseland, so dass wir \u00fcberwiegend freie Stellpl\u00e4tze w\u00e4hlten.<\/p>\n<p style=\"text-align: justify;\"><strong><a href=\"https:\/\/www.abseitsreisen.de\/blog\/wp-content\/uploads\/2015\/09\/Hafen.jpg\"><img loading=\"lazy\" decoding=\"async\" class=\"alignleft size-medium wp-image-6759\" style=\"margin: 5pt 15px 15pt 0pt;\" src=\"https:\/\/www.abseitsreisen.de\/blog\/wp-content\/uploads\/2015\/09\/Hafen-300x200.jpg\" alt=\"Hafen\" width=\"300\" height=\"200\" srcset=\"https:\/\/www.abseitsreisen.de\/blog\/wp-content\/uploads\/2015\/09\/Hafen-300x200.jpg 300w, https:\/\/www.abseitsreisen.de\/blog\/wp-content\/uploads\/2015\/09\/Hafen.jpg 725w\" sizes=\"auto, (max-width: 300px) 100vw, 300px\" \/><\/a>Aquaba. Nahe Hafen entlang der Stra\u00dfe.<\/strong><br \/>\nN 29\u00b0 27&#8242; 27.2\u201c, E 34\u00b0 58&#8242; 37.8\u201c, (~30m \u00fc. M.)<\/p>\n<p style=\"text-align: justify;\">Freier Stellplatz am Stra\u00dfenrand einer kaum befahrenen Stra\u00dfe. Da wir erst um 2 Uhr nachts in Jordanien ankamen, reihten wir uns in die Schlange wartender Lkws in Hafenn\u00e4he und hatten eine unerwartet ruhig Nacht.<\/p>\n<div style=\"clear: both; text-align: justify;\"><\/div>\n<p style=\"text-align: justify;\"><strong><a href=\"https:\/\/www.abseitsreisen.de\/blog\/wp-content\/uploads\/2015\/09\/Wadi-Rum.jpg\"><img loading=\"lazy\" decoding=\"async\" class=\"alignleft size-medium wp-image-6760\" style=\"margin: 5pt 15px 15pt 0pt;\" src=\"https:\/\/www.abseitsreisen.de\/blog\/wp-content\/uploads\/2015\/09\/Wadi-Rum-300x200.jpg\" alt=\"Wadi Rum\" width=\"300\" height=\"200\" srcset=\"https:\/\/www.abseitsreisen.de\/blog\/wp-content\/uploads\/2015\/09\/Wadi-Rum-300x200.jpg 300w, https:\/\/www.abseitsreisen.de\/blog\/wp-content\/uploads\/2015\/09\/Wadi-Rum.jpg 725w\" sizes=\"auto, (max-width: 300px) 100vw, 300px\" \/><\/a>Wadi Rum.<\/strong><br \/>\nN 29\u00b0 29&#8242; 58.7\u201c, E 35\u00b0 23&#8242; 53.3\u201c, (~1060m \u00fc. M.)<\/p>\n<p style=\"text-align: justify;\">5 JOD \/ Nacht (ca. \u20ac 6,50) da wir zwei N\u00e4chte blieben<br \/>\n(Einmaliger Eintritt: 5 JOD pro Person, 20 JOD f\u00fcr Allradfahrzeuge. Zahlt man statt im B\u00fcro im Touristeninformationszentrum direkt bei den Beduinen wird das Fahrzeug nicht berechnet und man erh\u00e4lt keine Quittung. Nach Bezahlung der Eintrittsgeb\u00fchr kann man sich so lange man m\u00f6chte im Wadi Rum aufhalten.)<\/p>\n<p style=\"text-align: justify;\">Traumhafter freier Stellplatz in der W\u00fcste.<\/p>\n<p>Ausstattung: In direkter N\u00e4he befindet sich ein Zeltcamp mit sauberem WC und Dusche.<\/p>\n<div style=\"clear: both; text-align: justify;\"><\/div>\n<p style=\"text-align: justify;\"><strong><a href=\"https:\/\/www.abseitsreisen.de\/blog\/wp-content\/uploads\/2015\/09\/Wadi-Rum-2.jpg\"><img loading=\"lazy\" decoding=\"async\" class=\"alignleft size-medium wp-image-6761\" style=\"margin: 5pt 15px 15pt 0pt;\" src=\"https:\/\/www.abseitsreisen.de\/blog\/wp-content\/uploads\/2015\/09\/Wadi-Rum-2-300x200.jpg\" alt=\"Wadi Rum 2\" width=\"300\" height=\"200\" srcset=\"https:\/\/www.abseitsreisen.de\/blog\/wp-content\/uploads\/2015\/09\/Wadi-Rum-2-300x200.jpg 300w, https:\/\/www.abseitsreisen.de\/blog\/wp-content\/uploads\/2015\/09\/Wadi-Rum-2.jpg 725w\" sizes=\"auto, (max-width: 300px) 100vw, 300px\" \/><\/a>Wadi Rum.<\/strong><br \/>\nN 29\u00b0 34&#8242; 12.8\u201c, E 35\u00b0 27&#8242; 27.7\u201c, (~1030m \u00fc. M.)<\/p>\n<p style=\"text-align: justify;\">5 JOD \/ Nacht (ca. \u20ac 6,50) da wir zwei N\u00e4chte blieben<\/p>\n<p style=\"text-align: justify;\">Traumhafter, freier Stellplatz in der W\u00fcste.<\/p>\n<div style=\"clear: both; text-align: justify;\"><\/div>\n<p style=\"text-align: justify;\"><strong><a href=\"https:\/\/www.abseitsreisen.de\/blog\/wp-content\/uploads\/2015\/09\/Petra.jpg\"><img loading=\"lazy\" decoding=\"async\" class=\"alignleft size-medium wp-image-6762\" style=\"margin: 5pt 15px 15pt 0pt;\" src=\"https:\/\/www.abseitsreisen.de\/blog\/wp-content\/uploads\/2015\/09\/Petra-300x200.jpg\" alt=\"Petra\" width=\"300\" height=\"200\" srcset=\"https:\/\/www.abseitsreisen.de\/blog\/wp-content\/uploads\/2015\/09\/Petra-300x200.jpg 300w, https:\/\/www.abseitsreisen.de\/blog\/wp-content\/uploads\/2015\/09\/Petra.jpg 725w\" sizes=\"auto, (max-width: 300px) 100vw, 300px\" \/><\/a>Petra<\/strong>.<br \/>\nN 30\u00b0 19&#8242; 33.3\u201c, E 35\u00b0 28&#8242; 02.2\u201c, (~1060m \u00fc. M.)<\/p>\n<p style=\"text-align: justify;\">5 JOD \/ 24 Stunden (ca. \u20ac 6,50)<\/p>\n<p style=\"text-align: justify;\">Parkplatz vor Besucherzentrum.<\/p>\n<p style=\"text-align: justify;\">Ausstattung: Saubere WC w\u00e4hrend der \u00d6ffnungszeiten im Besucherzentrum. Nachts ruhig, w\u00e4hrend abends der Parkplatz auch gern von Einheimischen f\u00fcr Treffen genutzt wird. Keine H\u00f6henbegrenzung.<\/p>\n<div style=\"clear: both; text-align: justify;\"><\/div>\n<p style=\"text-align: justify;\"><strong><a href=\"https:\/\/www.abseitsreisen.de\/blog\/wp-content\/uploads\/2015\/09\/Totes-Meer.jpg\"><img loading=\"lazy\" decoding=\"async\" class=\"alignleft size-medium wp-image-6763\" style=\"margin: 5pt 15px 15pt 0pt;\" src=\"https:\/\/www.abseitsreisen.de\/blog\/wp-content\/uploads\/2015\/09\/Totes-Meer-300x200.jpg\" alt=\"Totes Meer\" width=\"300\" height=\"200\" srcset=\"https:\/\/www.abseitsreisen.de\/blog\/wp-content\/uploads\/2015\/09\/Totes-Meer-300x200.jpg 300w, https:\/\/www.abseitsreisen.de\/blog\/wp-content\/uploads\/2015\/09\/Totes-Meer.jpg 725w\" sizes=\"auto, (max-width: 300px) 100vw, 300px\" \/><\/a>Totes Meer nahe Amman Beach.<\/strong><br \/>\nN 31\u00b0 43&#8242; 45.5\u201c, E 35\u00b0 35&#8242; 25.6\u201c, (~400m unter Null!)<\/p>\n<p style=\"text-align: justify;\">\u00d6ffentlicher, leicht verm\u00fcllter Strandabschnitt mit gro\u00dfem Parkplatz.<\/p>\n<p style=\"text-align: justify;\">Wir haben hier nur Pause gemacht um im Toten Meer zu baden. \u00dcbernachtet haben wir hier nicht, da im August auf 400m unter Null die Hitze nicht zu ertragen ist. Wir waren die einzigen Menschen weit und breit, s\u00e4mtliche Verkaufsst\u00e4nde waren geschlossen.<\/p>\n<div style=\"clear: both; text-align: justify;\"><\/div>\n<p style=\"text-align: justify;\"><strong><a href=\"https:\/\/www.abseitsreisen.de\/blog\/wp-content\/uploads\/2015\/09\/Pella-Ruinen.jpg\"><img loading=\"lazy\" decoding=\"async\" class=\"alignleft size-medium wp-image-6764\" style=\"margin: 5pt 15px 15pt 0pt;\" src=\"https:\/\/www.abseitsreisen.de\/blog\/wp-content\/uploads\/2015\/09\/Pella-Ruinen-300x200.jpg\" alt=\"Pella Ruinen\" width=\"300\" height=\"200\" srcset=\"https:\/\/www.abseitsreisen.de\/blog\/wp-content\/uploads\/2015\/09\/Pella-Ruinen-300x200.jpg 300w, https:\/\/www.abseitsreisen.de\/blog\/wp-content\/uploads\/2015\/09\/Pella-Ruinen.jpg 725w\" sizes=\"auto, (max-width: 300px) 100vw, 300px\" \/><\/a>Pella. Pella Ruinen.<\/strong><br \/>\nN 32\u00b0 27&#8242; 02.2\u201c, E 35\u00b0 37&#8242; 03.6\u201c, (~40m \u00fc. M.)<\/p>\n<p style=\"text-align: justify;\">kostenlos<\/p>\n<p style=\"text-align: justify;\">Parkplatz vor Restaurant. Sobald das Besucherzentrum fertig ist, kann man sicherlich auf dem dortigen Parkplatz \u00fcbernachten, dann wird es auch Toiletten geben. Allerdings soll die Besichtigung der Ruinen dann auch Eintritt kosten, noch ist diese kostenlos.<\/p>\n<div style=\"clear: both; text-align: justify;\"><\/div>\n<blockquote>\n<p style=\"text-align: justify;\">Helfen euch die Informationen auf unserer Webseite beim Reisen oder der Vorbereitung dazu weiter? Freut uns. Auch ihr k\u00f6nnt unser Reiseprojekt unterst\u00fctzen, einfach und kostenlos.<\/p>\n<p style=\"text-align: justify;\">Wenn ihr das n\u00e4chste Mal bei Amazon bestellt, nutzt daf\u00fcr den\u00a0<a href=\"http:\/\/www.amazon.de\/?_encoding=UTF8&amp;site-redirect=de&amp;tag=wwwabseitsrei-21&amp;linkCode=ur2&amp;camp=1638&amp;creative=6742\" target=\"_blank\" rel=\"noopener\">Amazon-Link<\/a>\u00a0bei abseitsreisen.de bevor ihr etwas in den Warenkorb legt. Amazon verg\u00fctet uns dadurch ein kleine Linkpr\u00e4mie. Der Preis f\u00fcr euch als Kunden bleibt dadurch nat\u00fcrlich unber\u00fchrt.<\/p>\n<p style=\"text-align: justify;\">Noch besser: Zieht euch diesen\u00a0<a href=\"http:\/\/www.amazon.de\/?_encoding=UTF8&amp;site-redirect=de&amp;tag=wwwabseitsrei-21&amp;linkCode=ur2&amp;camp=1638&amp;creative=6742\" target=\"_blank\" rel=\"noopener\">Amazon-Link<\/a>\u00a0per Drag-and-Drop in die Lesezeichen eures Browsers und klickt euch so f\u00fcr die n\u00e4chsten Bestellungen zu Amazon. Damit unterst\u00fctzt ihr kostenlos diese Webseite bei jedem Einkauf. Dankesch\u00f6n.<\/p>\n<\/blockquote>\n","protected":false},"excerpt":{"rendered":"<p>Stand der Informationen Juli \/ August 2015 Visa Deutsche Staatsb\u00fcrger ben\u00f6tigen f\u00fcr die Einreise nach Jordanien ein Visum. Wir bekamen ein 30 Tage g\u00fcltiges Visum kostenlos direkt bei Einreise am Hafen von Aqaba in den Pass gestempelt. W\u00e4hrend \u00c4gypter den &hellip; <a href=\"https:\/\/www.abseitsreisen.de\/blog\/lander-informationen\/jordanien\/\">Weiterlesen<\/a><\/p>\n","protected":false},"author":2,"featured_media":0,"parent":473,"menu_order":0,"comment_status":"closed","ping_status":"closed","template":"","meta":{"kt_blocks_editor_width":"","_metis_text_type":"standard","_metis_text_length":6678,"_post_count":0,"footnotes":""},"class_list":["post-6753","page","type-page","status-publish","hentry"],"aioseo_notices":[],"public_identification_id":"8b6222c32f1e45ed8fe03c024e47f512","private_identification_id":"35fe89a36d8649b68111585cc2db4680","_links":{"self":[{"href":"https:\/\/www.abseitsreisen.de\/blog\/wp-json\/wp\/v2\/pages\/6753","targetHints":{"allow":["GET"]}}],"collection":[{"href":"https:\/\/www.abseitsreisen.de\/blog\/wp-json\/wp\/v2\/pages"}],"about":[{"href":"https:\/\/www.abseitsreisen.de\/blog\/wp-json\/wp\/v2\/types\/page"}],"author":[{"embeddable":true,"href":"https:\/\/www.abseitsreisen.de\/blog\/wp-json\/wp\/v2\/users\/2"}],"replies":[{"embeddable":true,"href":"https:\/\/www.abseitsreisen.de\/blog\/wp-json\/wp\/v2\/comments?post=6753"}],"version-history":[{"count":18,"href":"https:\/\/www.abseitsreisen.de\/blog\/wp-json\/wp\/v2\/pages\/6753\/revisions"}],"predecessor-version":[{"id":334017,"href":"https:\/\/www.abseitsreisen.de\/blog\/wp-json\/wp\/v2\/pages\/6753\/revisions\/334017"}],"up":[{"embeddable":true,"href":"https:\/\/www.abseitsreisen.de\/blog\/wp-json\/wp\/v2\/pages\/473"}],"wp:attachment":[{"href":"https:\/\/www.abseitsreisen.de\/blog\/wp-json\/wp\/v2\/media?parent=6753"}],"curies":[{"name":"wp","href":"https:\/\/api.w.org\/{rel}","templated":true}]}}