{"id":7515,"date":"2016-02-12T15:32:54","date_gmt":"2016-02-12T14:32:54","guid":{"rendered":"http:\/\/www.abseitsreisen.de\/blog\/?page_id=7515"},"modified":"2016-02-12T16:20:55","modified_gmt":"2016-02-12T15:20:55","slug":"wildes-suedamerika-20-april-2016-in-giessen","status":"publish","type":"page","link":"https:\/\/www.abseitsreisen.de\/blog\/wildes-suedamerika-20-april-2016-in-giessen\/","title":{"rendered":"&#8218;Wildes S\u00fcdamerika&#8216; &#8211; 20. April 2016 in Gie\u00dfen"},"content":{"rendered":"<p><a title=\"Wildes S\u00fcdamerika\" href=\"https:\/\/www.abseitsreisen.de\/blog\/reise-vortrage\/wildes-suedamerika\/\" target=\"_blank\"><img loading=\"lazy\" decoding=\"async\" class=\" wp-image-4256 alignright\" style=\"margin: 0pt 0px 10pt 20pt;\" src=\"https:\/\/www.abseitsreisen.de\/blog\/wp-content\/uploads\/2012\/09\/Wildes-Suedamerika.jpg\" alt=\"Mit dem Oldtimer von Kolumbien bis Feuerland\" width=\"189\" height=\"252\" \/><\/a><\/p>\n<p><strong style=\"line-height: 1.5em;\">VORVERKAUFSSTELLEN<\/strong><\/p>\n<p style=\"padding-left: 30px;\"><a href=\"http:\/\/haus42-reisen.de\/\" target=\"_blank\">haus42.reisen<\/a><br \/>\nBahnhofstra\u00dfe 42, 35390 Gie\u00dfen<\/p>\n<p style=\"padding-left: 30px;\"><a href=\"http:\/\/www.hst-marketing.com\/pages\/de\/home.php\" target=\"_blank\">HST Tourism Consulting &amp; Marketing<\/a><br \/>\nSeltersweg 18 HH, 35390 Gie\u00dfen<\/p>\n<p style=\"padding-left: 30px;\">Tourist-Information Gie\u00dfen (Kongresshalle)<br \/>\nBerliner Platz 2, 35390 Gie\u00dfen<br \/>\nTelefon: 0641 306-1890<\/p>\n<p>&nbsp;<\/p>\n<p><b>TICKETS ONLINE<\/b><\/p>\n<p style=\"padding-left: 30px;\"><a href=\"https:\/\/www.adticket.de\/Wildes-Sudamerika-Im-Oldtimer-von-Kolumbien-bis-Feuerland-Live-Diashow-von-abseitsreisen\/Giessen-Kongresshalle-Giessen\/20-04-2016_20-00.html?slink\" target=\"_blank\">www.ADticket.de<\/a><\/p>\n<p>&nbsp;<\/p>\n<p><b>KARTENRESERSVIERUNG<\/b><\/p>\n<p style=\"padding-left: 30px;\">Tickets per E-Mail unter <a href=\"mailto:reservierung@abseitsreisen.de?subject=Kartenreservierung&amp;body=Reservierte%20Karten%20werden%20bis%2030%20Minuten%20vor%20Veranstaltungsbeginn%20f%C3%BCr%20Sie%20an%20der%20Abendkasse%20hinterlegt,%20danach%20verf%C3%A4llt%20die%20Reservierung.%0ADer%20Preis%20an%20der%20Abendkasse%20betr%C3%A4gt:%20%E2%82%AC%2015,-%20\/%20%E2%82%AC%2012,-%20erm%C3%A4%C3%9Figt%20%0A%0A%0ATitel,%20Datum%20und%20Ort%20der%20Veranstaltung:%0A%0AAnzahl%20der%20Karten:%0A%0A%0AFamilienname:%0A%0AVorname:%0A%0AStra%C3%9Fe:%0A%0APLZ,%20Ort:%0A%0AE-Mail%20Adresse:%0A%0A%0ADie%20Reservierung%20ist%20g%C3%BCltig,%20sobald%20Sie%20eine%20Best%C3%A4tigungs-E-Mail%20erhalten.%0ABitte%20beachten%20Sie,%20dass%20Karten%20nur%20bis%20zu%2024%20Stunden%20vor%20Veranstaltungsbeginn%20online%20reserviert%20werden%20k%C3%B6nnen.%0A%0AWir%20freuen%20uns%20auf%20Ihren%20Besuch.\" target=\"_blank\">reservierung@abseitsreisen.de<\/a> verbindlich f\u00fcr die Abendkasse reservieren. Reservierte Tickets werden bis 30 Minuten vor Veranstaltungsbeginn an der Abendkasse hinterlegt, danach verf\u00e4llt die Reservierung. <span style=\"line-height: 1.5em;\">(M\u00f6glich bis 24 Stunden vor Veranstaltungsbeginn.)<\/span><\/p>\n<p>&nbsp;<\/p>\n<p><strong>ABENDKASSE<\/strong><\/p>\n<p style=\"padding-left: 30px;\">Restkarten k\u00f6nnen an der Abendkasse erworben werden.<\/p>\n<p>&nbsp;<\/p>\n<p><strong>PREISE <\/strong><\/p>\n<p style=\"padding-left: 30px;\">\u00a0\u20ac 15,- \/ \u20ac 12,- erm\u00e4\u00dfigt<\/p>\n<p style=\"padding-left: 30px;\">Erm\u00e4\u00dfigung gilt f\u00fcr: Sch\u00fcler, Studenten, Rollstuhlfahrer\/Schwerbehinderte (mit &#8222;B&#8220; im Ausweis) und Inhaber einer Travel Agent Card<br \/>\n&#8211; Begleitpersonen erhalten freien Eintritt ohne separate Karte<br \/>\n&#8211; Kinder bis einschlie\u00dflich 6 Jahren haben freien Eintritt ohne Sitzplatzanspruch<\/p>\n<p>&nbsp;<\/p>\n<p><a title=\"Termine\" href=\"https:\/\/www.abseitsreisen.de\/blog\/reise-vortrage\/termine\/\">WEITERE TERMINE<\/a><\/p>\n","protected":false},"excerpt":{"rendered":"<p>VORVERKAUFSSTELLEN haus42.reisen Bahnhofstra\u00dfe 42, 35390 Gie\u00dfen HST Tourism Consulting &amp; Marketing Seltersweg 18 HH, 35390 Gie\u00dfen Tourist-Information Gie\u00dfen (Kongresshalle) Berliner Platz 2, 35390 Gie\u00dfen Telefon: 0641 306-1890 &nbsp; TICKETS ONLINE www.ADticket.de &nbsp; KARTENRESERSVIERUNG Tickets per E-Mail unter reservierung@abseitsreisen.de verbindlich f\u00fcr &hellip; <a href=\"https:\/\/www.abseitsreisen.de\/blog\/wildes-suedamerika-20-april-2016-in-giessen\/\">Weiterlesen<\/a><\/p>\n","protected":false},"author":2,"featured_media":0,"parent":0,"menu_order":0,"comment_status":"closed","ping_status":"closed","template":"","meta":{"kt_blocks_editor_width":"","_metis_text_type":"standard","_metis_text_length":1010,"_post_count":0,"footnotes":""},"class_list":["post-7515","page","type-page","status-publish","hentry"],"aioseo_notices":[],"_links":{"self":[{"href":"https:\/\/www.abseitsreisen.de\/blog\/wp-json\/wp\/v2\/pages\/7515","targetHints":{"allow":["GET"]}}],"collection":[{"href":"https:\/\/www.abseitsreisen.de\/blog\/wp-json\/wp\/v2\/pages"}],"about":[{"href":"https:\/\/www.abseitsreisen.de\/blog\/wp-json\/wp\/v2\/types\/page"}],"author":[{"embeddable":true,"href":"https:\/\/www.abseitsreisen.de\/blog\/wp-json\/wp\/v2\/users\/2"}],"replies":[{"embeddable":true,"href":"https:\/\/www.abseitsreisen.de\/blog\/wp-json\/wp\/v2\/comments?post=7515"}],"version-history":[{"count":9,"href":"https:\/\/www.abseitsreisen.de\/blog\/wp-json\/wp\/v2\/pages\/7515\/revisions"}],"predecessor-version":[{"id":7529,"href":"https:\/\/www.abseitsreisen.de\/blog\/wp-json\/wp\/v2\/pages\/7515\/revisions\/7529"}],"wp:attachment":[{"href":"https:\/\/www.abseitsreisen.de\/blog\/wp-json\/wp\/v2\/media?parent=7515"}],"curies":[{"name":"wp","href":"https:\/\/api.w.org\/{rel}","templated":true}]}}