{"id":761,"date":"2010-11-14T13:15:25","date_gmt":"2010-11-14T11:15:25","guid":{"rendered":"http:\/\/www.abseitsreisen.de\/blog\/?page_id=761"},"modified":"2023-11-20T18:01:38","modified_gmt":"2023-11-20T17:01:38","slug":"russland","status":"publish","type":"page","link":"https:\/\/www.abseitsreisen.de\/blog\/lander-informationen\/russland\/","title":{"rendered":"Russland"},"content":{"rendered":"<p><!-- \t\t@page { margin: 2cm } \t\tP { margin-bottom: 0.21cm } \t\tP.liste-western { font-family: \"TUM Neue Helvetica 55 Regular\"; widows: 0; orphans: 0 } \t\tP.liste-cjk { widows: 0; orphans: 0 } \t\tP.liste-ctl { font-size: 10pt; widows: 0; orphans: 0 } \t\tA:link { color: #0000ff } --><\/p>\n<p style=\"margin-bottom: 0cm; text-align: justify;\"><strong>Stand der Informationen<\/strong><\/p>\n<p style=\"margin-bottom: 0cm; text-align: justify;\">Juli 2010<\/p>\n<p style=\"margin-bottom: 0cm; text-align: justify;\"><strong>Visa<\/strong><\/p>\n<p style=\"margin-bottom: 0cm; text-align: justify;\">Das Visum f\u00fcr Russland kann fr\u00fchestens 3 Monate vor Einreise beantragt werden. M\u00f6chte man sich l\u00e4nger als 30 Tage im Land aufhalten, ben\u00f6tigt man ein Business-Visum. Die hierf\u00fcr notwendige Einladung kann bei verschieden Agenturen u. a. bei der Visumcentrale (<span style=\"color: #0000ff;\"><span style=\"text-decoration: underline;\"><a href=\"http:\/\/www.visumcentrale.de\/\">www.visumcentrale.de<\/a><\/span><\/span>) bestellt werden. Je nach gew\u00fcnschter Aufenthaltsdauer kann dies richtig teuer werden. Beispielsweise kostet eine Einladung f\u00fcr die mehrfache Einreise innerhalb eines halben Jahres mit einer Gesamtaufenthaltsdauer von 90 Tagen im Land stolze 170 \u20ac. Dar\u00fcber hinaus muss bei der Beantragung ein Auslandkrankenschutz nachgewiesen werden. Auf der Internetseite der russischen Botschaft (<span style=\"color: #0000ff;\"><span style=\"text-decoration: underline;\"><a href=\"http:\/\/www.russisches-konsulat.de\/versicherungen.htm\">www.russisches-konsulat.de\/versicherungen.htm<\/a><\/span><\/span>) gibt es eine Liste der von Russland anerkannten Versicherungen. Bei einem Business-Visum m\u00fcssen keine Angaben zum Fahrzeug gemacht werden, bei einem Touristenvisum (g\u00fcltig bis zu 30 Tagen) schon. Da das Visum f\u00fcr Russland etwas aufw\u00e4ndiger ist, haben wir uns dazu entschlossen, es mit unseren Zweitp\u00e4ssen von Deutschland aus \u00fcber die Visumcentrale zu beantragen, was reibungslos funktioniert hat.<\/p>\n<p style=\"margin-bottom: 0cm; text-align: justify;\"><strong>Einreisebestimmungen<\/strong><\/p>\n<p style=\"margin-bottom: 0cm; text-align: justify;\">F\u00fcr das Fahrzeug wird kein Carnet de Passage ben\u00f6tigt. Bei Einreise muss ein Formular f\u00fcr das Fahrzeug ausgef\u00fcllt werden, welches bei Ausreise wieder abzugeben ist. Das Fahrzeug wird nicht zus\u00e4tzlich in den Pass eingetragen. Wir wurden nicht nach einer Kfz-Versicherung gefragt.<\/p>\n<p style=\"margin-bottom: 0cm; text-align: justify;\"><strong>Grenzabwicklung<\/strong><\/p>\n<p style=\"margin-bottom: 0cm; text-align: justify;\">Die Einreise aus Kasachstan bei Rubtsovsk dauerte ca. 3 Stunden. Das Auto wurde grob inspiziert, einige Formulare mussten ausgef\u00fcllt werden. Die Beamten an dem kleinen Grenz\u00fcbergang waren sehr freundlich. Es fielen keinerlei Kosten an.<\/p>\n<p style=\"margin-bottom: 0cm; text-align: justify;\">Die Ausreise an der kleinen Grenze zur Mongolei bei Tashanta (Montag &#8211; Freitag bis 18 Uhr ge\u00f6ffnet, Sonntags geschlossen) verlief sehr z\u00fcgig und dauerte keine 30 Minuten.<\/p>\n<p style=\"margin-bottom: 0cm; text-align: justify;\">Beim Grenz\u00fcbertritt bei Altanbulag \/ Kyakhta aus bzw. in die Mongolei wurde der Lkw komplett ger\u00f6ntgt. Die Formalit\u00e4ten entsprachen ansonsten denen der Grenze bei Rubtsovsk. Der Sonntag erwies sich bei dieser verh\u00e4ltnism\u00e4\u00dfig belebten Grenze als g\u00fcnstiger Tag zur Abwicklung.<\/p>\n<p style=\"margin-bottom: 0cm; text-align: justify;\"><strong>Stellpl\u00e4tze<\/strong><\/p>\n<p style=\"margin-bottom: 0cm; text-align: justify;\">Im Altai gibt es etliche Campingpl\u00e4tze, die w\u00e4hrend der Feriensaison aus allen N\u00e4hten platzen. Je weiter man in das Tal hinein f\u00e4hrt, desto ruhigere Pl\u00e4tzchen lassen sich auch zum frei Stehen finden. Wir fanden hier den wohl sch\u00f6nsten Platz unserer bisherigen Reise.<\/p>\n<p style=\"margin-bottom: 0cm; text-align: justify;\">Die s\u00fcdliche Baikalregion besuchten wir kurz nach Saisonende Anfang September und fanden dort viele einsame und wundersch\u00f6ne Stehm\u00f6glichkeiten direkt am See, w\u00e4hrend der Ferienzeit Juni bis Ende August ist aber auch hier Hochbetrieb.<\/p>\n<p style=\"margin-bottom: 0cm; text-align: justify;\"><strong>Kraftstoff<\/strong><\/p>\n<p style=\"margin-bottom: 0cm; text-align: justify;\">Diesel kostete in den von uns besuchten Regionen zwischen 0,40 \u20ac und 0,55 \u20ac. Tankstellen gibt es viele.<\/p>\n<p style=\"margin-bottom: 0cm; text-align: justify;\"><strong>Kommunikation<\/strong><\/p>\n<p style=\"margin-bottom: 0cm; text-align: justify;\">Mit einer Prepaidkarte kann man f\u00fcr ca. 0,90 \u20ac \/ Minute nach Deutschland telefonieren. Im Web zu surfen war mit \u201abeeline\u2019 recht teuer.<\/p>\n<p style=\"margin-bottom: 0cm; text-align: justify;\">Die Netzabdeckung ist im Altai nicht fl\u00e4chendeckend gew\u00e4hrleistet. Je nach Region wechselt auch der Anbieter, unsere Prepaid-Karte des Anbieters \u201abeeline\u2019 aus dem Altai konnten wir in der Baikalregion nicht mehr nutzen. \u201aMTC\u2019 bietet derzeit die bessere Netzabdeckung und funktioniert auch in der Baikalregion. Die Prepaid-Karten lassen sich an vielen Automaten selbst im kleinsten Dorf aufladen.<\/p>\n<p style=\"margin-bottom: 0cm; text-align: justify;\"><strong>Stra\u00dfen<\/strong><\/p>\n<p style=\"margin-bottom: 0cm; text-align: justify;\">Die Hauptverbindungsstra\u00dfen der von uns bereisten Regionen waren durchwegs in gutem bis ausgezeichnetem Zustand.<\/p>\n<p style=\"margin-bottom: 0cm; text-align: justify;\"><strong>Trinkwasser<\/strong><\/p>\n<p style=\"margin-bottom: 0cm; text-align: justify;\">Pumpbrunnen finden sich in vielen Ortschaften. Auch Parkpl\u00e4tze sind h\u00e4ufig mit Hinweisen auf Trinkwasser beschildert. Quellen sind oft durch bunte, in B\u00fcsche gebundene T\u00fccher zu erkennen und daher leicht zu finden. Eine gute M\u00f6glichkeit vor der Einreise in die West-Mongolei seine Trinkwasserreserven noch einmal aufzuf\u00fcllen ist die Quelle nach Chaganuzun N 50\u00b005`51.9\u201c, E 088\u00b022`39.0\u201c.<\/p>\n<p style=\"margin-bottom: 0cm; text-align: justify;\"><strong>Geld<\/strong><\/p>\n<p style=\"margin-bottom: 0cm; text-align: justify;\">In gr\u00f6\u00dferen Ortschaften findet man leicht Geldautomaten an denen untern anderem mit Visa-Card die Landesw\u00e4hrung abgehoben werden kann.<\/p>\n<blockquote>\n<p style=\"text-align: justify;\">Helfen euch die Informationen auf unserer Webseite beim Reisen oder der Vorbereitung dazu weiter? Freut uns. Auch ihr k\u00f6nnt unser Reiseprojekt unterst\u00fctzen, einfach und kostenlos.<\/p>\n<p style=\"text-align: justify;\">Wenn ihr das n\u00e4chste Mal bei Amazon bestellt, nutzt daf\u00fcr den\u00a0<a href=\"http:\/\/www.amazon.de\/?_encoding=UTF8&amp;site-redirect=de&amp;tag=wwwabseitsrei-21&amp;linkCode=ur2&amp;camp=1638&amp;creative=6742\" target=\"_blank\" rel=\"noopener\">Amazon-Link<\/a>\u00a0bei abseitsreisen.de bevor ihr etwas in den Warenkorb legt. Amazon verg\u00fctet uns dadurch ein kleine Linkpr\u00e4mie. Der Preis f\u00fcr euch als Kunden bleibt dadurch nat\u00fcrlich unber\u00fchrt.<\/p>\n<p style=\"text-align: justify;\">Noch besser: Zieht euch diesen\u00a0<a href=\"http:\/\/www.amazon.de\/?_encoding=UTF8&amp;site-redirect=de&amp;tag=wwwabseitsrei-21&amp;linkCode=ur2&amp;camp=1638&amp;creative=6742\" target=\"_blank\" rel=\"noopener\">Amazon-Link<\/a>\u00a0per Drag-and-Drop in die Lesezeichen eures Browsers und klickt euch so f\u00fcr die n\u00e4chsten Bestellungen zu Amazon. Damit unterst\u00fctzt ihr kostenlos diese Webseite bei jedem Einkauf. Dankesch\u00f6n.<\/p>\n<\/blockquote>\n","protected":false},"excerpt":{"rendered":"<p>Stand der Informationen Juli 2010 Visa Das Visum f\u00fcr Russland kann fr\u00fchestens 3 Monate vor Einreise beantragt werden. M\u00f6chte man sich l\u00e4nger als 30 Tage im Land aufhalten, ben\u00f6tigt man ein Business-Visum. Die hierf\u00fcr notwendige Einladung kann bei verschieden Agenturen &hellip; <a href=\"https:\/\/www.abseitsreisen.de\/blog\/lander-informationen\/russland\/\">Weiterlesen<\/a><\/p>\n","protected":false},"author":1,"featured_media":0,"parent":473,"menu_order":8,"comment_status":"closed","ping_status":"closed","template":"","meta":{"kt_blocks_editor_width":"","_metis_text_type":"standard","_metis_text_length":1289,"_post_count":0,"footnotes":""},"class_list":["post-761","page","type-page","status-publish","hentry"],"aioseo_notices":[],"public_identification_id":"86b392e755584dda88353bdb91725696","private_identification_id":"04b8d85b8a28410d9c26fa0764b52423","_links":{"self":[{"href":"https:\/\/www.abseitsreisen.de\/blog\/wp-json\/wp\/v2\/pages\/761","targetHints":{"allow":["GET"]}}],"collection":[{"href":"https:\/\/www.abseitsreisen.de\/blog\/wp-json\/wp\/v2\/pages"}],"about":[{"href":"https:\/\/www.abseitsreisen.de\/blog\/wp-json\/wp\/v2\/types\/page"}],"author":[{"embeddable":true,"href":"https:\/\/www.abseitsreisen.de\/blog\/wp-json\/wp\/v2\/users\/1"}],"replies":[{"embeddable":true,"href":"https:\/\/www.abseitsreisen.de\/blog\/wp-json\/wp\/v2\/comments?post=761"}],"version-history":[{"count":6,"href":"https:\/\/www.abseitsreisen.de\/blog\/wp-json\/wp\/v2\/pages\/761\/revisions"}],"predecessor-version":[{"id":333980,"href":"https:\/\/www.abseitsreisen.de\/blog\/wp-json\/wp\/v2\/pages\/761\/revisions\/333980"}],"up":[{"embeddable":true,"href":"https:\/\/www.abseitsreisen.de\/blog\/wp-json\/wp\/v2\/pages\/473"}],"wp:attachment":[{"href":"https:\/\/www.abseitsreisen.de\/blog\/wp-json\/wp\/v2\/media?parent=761"}],"curies":[{"name":"wp","href":"https:\/\/api.w.org\/{rel}","templated":true}]}}