{"id":978,"date":"2011-04-21T09:04:56","date_gmt":"2011-04-21T07:04:56","guid":{"rendered":"http:\/\/www.abseitsreisen.de\/blog\/?page_id=978"},"modified":"2018-10-15T13:05:43","modified_gmt":"2018-10-15T11:05:43","slug":"reiseroute","status":"publish","type":"page","link":"https:\/\/www.abseitsreisen.de\/blog\/reiseroute\/","title":{"rendered":"Reiseroute"},"content":{"rendered":"<div id=\"pl-978\"  class=\"panel-layout\" ><div id=\"pg-978-0\"  class=\"panel-grid panel-no-style\" ><div id=\"pgc-978-0-0\"  class=\"panel-grid-cell\" ><div id=\"panel-978-0-0-0\" class=\"so-panel widget widget_sow-headline panel-first-child panel-last-child\" data-index=\"0\" ><div\n\t\t\t\n\t\t\tclass=\"so-widget-sow-headline so-widget-sow-headline-default-e5be6f437fad-978\"\n\t\t\t\n\t\t><div class=\"sow-headline-container \">\n\t\t\t\t\t\t\t<h1 class=\"sow-headline\">\n\t\t\t\t\t\tSechs Jahre Weltumrundung\t\t\t\t\t\t<\/h1>\n\t\t\t\t\t\t\t\t\t\t\t<div class=\"decoration\">\n\t\t\t\t\t\t<div class=\"decoration-inside\"><\/div>\n\t\t\t\t\t<\/div>\n\t\t\t\t\t<\/div>\n<\/div><\/div><\/div><\/div><div id=\"pg-978-1\"  class=\"panel-grid panel-no-style\" ><div id=\"pgc-978-1-0\"  class=\"panel-grid-cell\" ><div id=\"panel-978-1-0-0\" class=\"so-panel widget widget_sow-editor panel-first-child panel-last-child\" data-index=\"1\" ><div\n\t\t\t\n\t\t\tclass=\"so-widget-sow-editor so-widget-sow-editor-base\"\n\t\t\t\n\t\t>\n<div class=\"siteorigin-widget-tinymce textwidget\">\n\t<p>2009 starteten wir von Deutschland aus Richtung Osten. Nach 120 000 Kilometern, 54 bereisten L\u00e4ndern auf f\u00fcnf Kontinenten und knapp sechs Jahren unterwegs hatten wir im August 2015 den Globus umrundet.<\/p>\n<\/div>\n<\/div><\/div><\/div><\/div><div id=\"pg-978-2\"  class=\"panel-grid panel-no-style\" ><div id=\"pgc-978-2-0\"  class=\"panel-grid-cell\" ><div id=\"panel-978-2-0-0\" class=\"so-panel widget widget_sow-image panel-first-child panel-last-child\" data-index=\"2\" ><div\n\t\t\t\n\t\t\tclass=\"so-widget-sow-image so-widget-sow-image-default-dbf295114b96-978\"\n\t\t\t\n\t\t>\n<div class=\"sow-image-container\">\n\t\t<img \n\tsrc=\"https:\/\/www.abseitsreisen.de\/blog\/wp-content\/uploads\/2011\/04\/Reiseroute-abseitsreisen.jpg\" width=\"1920\" height=\"1280\" srcset=\"https:\/\/www.abseitsreisen.de\/blog\/wp-content\/uploads\/2011\/04\/Reiseroute-abseitsreisen.jpg 1920w, https:\/\/www.abseitsreisen.de\/blog\/wp-content\/uploads\/2011\/04\/Reiseroute-abseitsreisen-300x200.jpg 300w, https:\/\/www.abseitsreisen.de\/blog\/wp-content\/uploads\/2011\/04\/Reiseroute-abseitsreisen-768x512.jpg 768w, https:\/\/www.abseitsreisen.de\/blog\/wp-content\/uploads\/2011\/04\/Reiseroute-abseitsreisen-1024x683.jpg 1024w, https:\/\/www.abseitsreisen.de\/blog\/wp-content\/uploads\/2011\/04\/Reiseroute-abseitsreisen-272x182.jpg 272w\" sizes=\"(max-width: 1920px) 100vw, 1920px\" alt=\"Reiseroute abseitsreisen\" \t\tclass=\"so-widget-image\"\/>\n\t<\/div>\n\n<\/div><\/div><\/div><\/div><div id=\"pg-978-3\"  class=\"panel-grid panel-no-style\" ><div id=\"pgc-978-3-0\"  class=\"panel-grid-cell\" ><div id=\"panel-978-3-0-0\" class=\"so-panel widget widget_sow-editor panel-first-child panel-last-child\" data-index=\"3\" ><div\n\t\t\t\n\t\t\tclass=\"so-widget-sow-editor so-widget-sow-editor-base\"\n\t\t\t\n\t\t>\n<div class=\"siteorigin-widget-tinymce textwidget\">\n\t<p><strong>2009<\/strong><br \/> Deutschland - \u00d6sterreich - Slowenien - Ungarn - Bulgarien - Rum\u00e4nien - Griechenland<\/p>\n<p><strong>2010<\/strong><br \/> Griechenland - T\u00fcrkei - Iran - Turkmenistan - Usbekistan - Kirgistan - Kasachstan - Russland - Mongolei - China - Laos<\/p>\n<p><strong>2011<\/strong><br \/> Laos - Kambodscha - Thailand - Malaysia - Singapur - Indonesien\u00a0 - Kanada - USA<\/p>\n<p><strong>2012<\/strong><br \/> USA - Mexiko - Guatemala - Honduras - Nicaragua - Costa Rica - Panama - Kolumbien - Venezuela - Kolumbien<\/p>\n<p><strong>2013<\/strong><br \/> Kolumbien - Ecuador - Peru - Bolivien - Chile - Argentinien<\/p>\n<p><strong>2014\u00a0<\/strong><br \/> S\u00fcdafrika - Swaziland - Lesotho - Namibia - Botswana - Zimbabwe - Sambia - Malawi - Tansania<\/p>\n<p><strong>2015<\/strong><br \/> Tansania - Kenia - Uganda - \u00c4thiopien - Sudan - \u00c4gypten - Jordanien - Israel - Italien - \u00d6sterreich - Deutschland<\/p>\n<\/div>\n<\/div><\/div><\/div><\/div><div id=\"pg-978-4\"  class=\"panel-grid panel-no-style\" ><div id=\"pgc-978-4-0\"  class=\"panel-grid-cell\" ><div id=\"panel-978-4-0-0\" class=\"so-panel widget widget_sow-button panel-first-child panel-last-child\" data-index=\"4\" ><div\n\t\t\t\n\t\t\tclass=\"so-widget-sow-button so-widget-sow-button-atom-f54c0409268f-978\"\n\t\t\t\n\t\t><div class=\"ow-button-base ow-button-align-center\"\n>\n\t\t\t<a\n\t\t\t\t\thref=\"http:\/\/www.abseitsreisen.de\/blog\/profil\/\"\n\t\t\t\t\tclass=\"sowb-button ow-icon-placement-left ow-button-hover\" \t>\n\t\t<span>\n\t\t\t\n\t\t\tProfil\t\t<\/span>\n\t\t\t<\/a>\n\t<\/div>\n<\/div><\/div><\/div><\/div><div id=\"pg-978-5\"  class=\"panel-grid panel-no-style\" ><div id=\"pgc-978-5-0\"  class=\"panel-grid-cell\" >\n\n          <div id=\"panel-978-5-0-0\" class=\"so-panel widget widget_kadence_carousel_widget Kadence_carousel_widget panel-first-child panel-last-child\" data-index=\"5\" ><h3 class=\"widget-title\">Live Fotoreportagen zur Reise<\/h3>\t<div class=\"carousel_outerrim kad-animation\" data-animation=\"fade-in\" data-delay=\"0\">\n\t\t<div class=\"home-margin carousel_outerrim_load fredcarousel\">\n\t\t\t<div id=\"carouselcontainer-69\" class=\"rowtight flat-w-margin p_primarystyle kt-portfolio-carousel fadein-carousel\">\n\t\t\t\t<div id=\"carousel-69\" class=\"clearfix kad_shop_default blog_carousel initcaroufedsel caroufedselclass products\" data-carousel-container=\"#carouselcontainer-69\" data-carousel-transition=\"300\" data-carousel-scroll=\"\" data-carousel-auto=\"true\" data-carousel-speed=\"4000\" data-carousel-id=\"69\" data-carousel-sxl=\"5\" data-carousel-xl=\"5\" data-carousel-md=\"5\" data-carousel-sm=\"4\" data-carousel-xs=\"3\" data-carousel-ss=\"2\">\n\t\t\t\t\t\t\t\t\t\t\t<div class=\"tcol-md-25 tcol-sm-3 tcol-xs-4 tcol-ss-6 all p-item\">\n\t\t\t\t\t\t\t\t\n  <div class=\"portfolio-item grid_item postclass kad-light-gallery kt_item_fade_in\">\n                          <div class=\"portfolio-imagepadding\">\n                      <div class=\"portfolio-hoverclass\">\n                          <a href=\"https:\/\/www.abseitsreisen.de\/blog\/portfolio\/freiheit-auf-vier-raedern\/\" class=\"kt-intrinsic\" style=\"padding-bottom:100%;\">\n                          <img loading=\"lazy\" decoding=\"async\" src=\"https:\/\/www.abseitsreisen.de\/blog\/wp-content\/uploads\/2024\/02\/Freiheit-auf-vier-Raedern-211px.jpg\" width=\"211\" height=\"211\" alt=\"Freiheit auf vier R\u00e4dern\" srcset=\"https:\/\/www.abseitsreisen.de\/blog\/wp-content\/uploads\/2024\/02\/Freiheit-auf-vier-Raedern-211px.jpg 211w, https:\/\/www.abseitsreisen.de\/blog\/wp-content\/uploads\/2024\/02\/Freiheit-auf-vier-Raedern-211px-60x60.jpg 60w\" sizes=\"auto, (max-width: 211px) 100vw, 211px\" class=\"kad-lightboxhover\">\n                          <\/a>\n                          <div class=\"portfolio-hoverover\"><\/div>\n                          <a href=\"https:\/\/www.abseitsreisen.de\/blog\/portfolio\/freiheit-auf-vier-raedern\/\" class=\"portfolio_hov_link_bg\"><\/a>\n                          <div class=\"portfolio-table\">\n                            <div class=\"portfolio-cell\">\n                                                                        <a href=\"https:\/\/www.abseitsreisen.de\/blog\/portfolio\/freiheit-auf-vier-raedern\/\">  <h5>Freiheit auf vier R\u00e4dern <\/h5> <\/a>\n\n                                           \n                                                    <p class=\"cportfoliotag\">\n                                                      Live Fotoreportage                                                    <\/p>\n                                                                              <\/div>\n                          <\/div>\n                      <\/div>\n                    <\/div>\n                    \n          <\/div>\n\n\t\t\t\t\t\t\t<\/div>\n\t\t\t\t\t\t\t\t\t\t\t\t\t\t\t\t\t\t\t<div class=\"tcol-md-25 tcol-sm-3 tcol-xs-4 tcol-ss-6 all p-item\">\n\t\t\t\t\t\t\t\t\n  <div class=\"portfolio-item grid_item postclass kad-light-gallery kt_item_fade_in\">\n                          <div class=\"portfolio-imagepadding\">\n                      <div class=\"portfolio-hoverclass\">\n                          <a href=\"https:\/\/www.abseitsreisen.de\/blog\/portfolio\/abenteuer-transafrika\/\" class=\"kt-intrinsic\" style=\"padding-bottom:100%;\">\n                          <img loading=\"lazy\" decoding=\"async\" src=\"https:\/\/www.abseitsreisen.de\/blog\/wp-content\/uploads\/2016\/07\/Show-5-Plakat-2017-WEB-300x300.jpg\" width=\"300\" height=\"300\" alt=\"Abenteuer Transafrika\" srcset=\"https:\/\/www.abseitsreisen.de\/blog\/wp-content\/uploads\/2016\/07\/Show-5-Plakat-2017-WEB.jpg 540w, https:\/\/www.abseitsreisen.de\/blog\/wp-content\/uploads\/2016\/07\/Show-5-Plakat-2017-WEB-290x290.jpg 290w, https:\/\/www.abseitsreisen.de\/blog\/wp-content\/uploads\/2016\/07\/Show-5-Plakat-2017-WEB-300x300.jpg 300w, https:\/\/www.abseitsreisen.de\/blog\/wp-content\/uploads\/2016\/07\/Show-5-Plakat-2017-WEB-60x60.jpg 60w, https:\/\/www.abseitsreisen.de\/blog\/wp-content\/uploads\/2016\/07\/Show-5-Plakat-2017-WEB-100x100.jpg 100w, https:\/\/www.abseitsreisen.de\/blog\/wp-content\/uploads\/2016\/07\/Show-5-Plakat-2017-WEB-370x370.jpg 370w\" sizes=\"auto, (max-width: 300px) 100vw, 300px\" class=\"kad-lightboxhover\">\n                          <\/a>\n                          <div class=\"portfolio-hoverover\"><\/div>\n                          <a href=\"https:\/\/www.abseitsreisen.de\/blog\/portfolio\/abenteuer-transafrika\/\" class=\"portfolio_hov_link_bg\"><\/a>\n                          <div class=\"portfolio-table\">\n                            <div class=\"portfolio-cell\">\n                                                                        <a href=\"https:\/\/www.abseitsreisen.de\/blog\/portfolio\/abenteuer-transafrika\/\">  <h5>Abenteuer Transafrika <\/h5> <\/a>\n\n                                           \n                                                    <p class=\"cportfoliotag\">\n                                                      Live Fotoreportage                                                    <\/p>\n                                                                              <\/div>\n                          <\/div>\n                      <\/div>\n                    <\/div>\n                    \n          <\/div>\n\n\t\t\t\t\t\t\t<\/div>\n\t\t\t\t\t\t\t\t\t\t\t\t\t\t\t\t\t\t\t<div class=\"tcol-md-25 tcol-sm-3 tcol-xs-4 tcol-ss-6 all p-item\">\n\t\t\t\t\t\t\t\t\n  <div class=\"portfolio-item grid_item postclass kad-light-gallery kt_item_fade_in\">\n                          <div class=\"portfolio-imagepadding\">\n                      <div class=\"portfolio-hoverclass\">\n                          <a href=\"https:\/\/www.abseitsreisen.de\/blog\/portfolio\/wildes-suedamerika\/\" class=\"kt-intrinsic\" style=\"padding-bottom:100%;\">\n                          <img loading=\"lazy\" decoding=\"async\" src=\"https:\/\/www.abseitsreisen.de\/blog\/wp-content\/uploads\/2016\/07\/Show-4-Plakat-2017-WEB-300x300.jpg\" width=\"300\" height=\"300\" alt=\"Wildes S\u00fcdamerika\" srcset=\"https:\/\/www.abseitsreisen.de\/blog\/wp-content\/uploads\/2016\/07\/Show-4-Plakat-2017-WEB.jpg 540w, https:\/\/www.abseitsreisen.de\/blog\/wp-content\/uploads\/2016\/07\/Show-4-Plakat-2017-WEB-290x290.jpg 290w, https:\/\/www.abseitsreisen.de\/blog\/wp-content\/uploads\/2016\/07\/Show-4-Plakat-2017-WEB-300x300.jpg 300w, https:\/\/www.abseitsreisen.de\/blog\/wp-content\/uploads\/2016\/07\/Show-4-Plakat-2017-WEB-60x60.jpg 60w, https:\/\/www.abseitsreisen.de\/blog\/wp-content\/uploads\/2016\/07\/Show-4-Plakat-2017-WEB-100x100.jpg 100w, https:\/\/www.abseitsreisen.de\/blog\/wp-content\/uploads\/2016\/07\/Show-4-Plakat-2017-WEB-370x370.jpg 370w\" sizes=\"auto, (max-width: 300px) 100vw, 300px\" class=\"kad-lightboxhover\">\n                          <\/a>\n                          <div class=\"portfolio-hoverover\"><\/div>\n                          <a href=\"https:\/\/www.abseitsreisen.de\/blog\/portfolio\/wildes-suedamerika\/\" class=\"portfolio_hov_link_bg\"><\/a>\n                          <div class=\"portfolio-table\">\n                            <div class=\"portfolio-cell\">\n                                                                        <a href=\"https:\/\/www.abseitsreisen.de\/blog\/portfolio\/wildes-suedamerika\/\">  <h5>Wildes S\u00fcdamerika <\/h5> <\/a>\n\n                                           \n                                                    <p class=\"cportfoliotag\">\n                                                      Live Fotoreportage                                                    <\/p>\n                                                                              <\/div>\n                          <\/div>\n                      <\/div>\n                    <\/div>\n                    \n          <\/div>\n\n\t\t\t\t\t\t\t<\/div>\n\t\t\t\t\t\t\t\t\t\t\t\t\t\t\t\t\t\t\t<div class=\"tcol-md-25 tcol-sm-3 tcol-xs-4 tcol-ss-6 all p-item\">\n\t\t\t\t\t\t\t\t\n  <div class=\"portfolio-item grid_item postclass kad-light-gallery kt_item_fade_in\">\n                          <div class=\"portfolio-imagepadding\">\n                      <div class=\"portfolio-hoverclass\">\n                          <a href=\"https:\/\/www.abseitsreisen.de\/blog\/portfolio\/unbekanntes-zentralamerika\/\" class=\"kt-intrinsic\" style=\"padding-bottom:100%;\">\n                          <img loading=\"lazy\" decoding=\"async\" src=\"https:\/\/www.abseitsreisen.de\/blog\/wp-content\/uploads\/2016\/07\/SHOW-3-web-2018-300x300.jpg\" width=\"300\" height=\"300\" alt=\"Unbekanntes Zentralamerika\" srcset=\"https:\/\/www.abseitsreisen.de\/blog\/wp-content\/uploads\/2016\/07\/SHOW-3-web-2018.jpg 540w, https:\/\/www.abseitsreisen.de\/blog\/wp-content\/uploads\/2016\/07\/SHOW-3-web-2018-290x290.jpg 290w, https:\/\/www.abseitsreisen.de\/blog\/wp-content\/uploads\/2016\/07\/SHOW-3-web-2018-300x300.jpg 300w, https:\/\/www.abseitsreisen.de\/blog\/wp-content\/uploads\/2016\/07\/SHOW-3-web-2018-60x60.jpg 60w, https:\/\/www.abseitsreisen.de\/blog\/wp-content\/uploads\/2016\/07\/SHOW-3-web-2018-100x100.jpg 100w, https:\/\/www.abseitsreisen.de\/blog\/wp-content\/uploads\/2016\/07\/SHOW-3-web-2018-370x370.jpg 370w\" sizes=\"auto, (max-width: 300px) 100vw, 300px\" class=\"kad-lightboxhover\">\n                          <\/a>\n                          <div class=\"portfolio-hoverover\"><\/div>\n                          <a href=\"https:\/\/www.abseitsreisen.de\/blog\/portfolio\/unbekanntes-zentralamerika\/\" class=\"portfolio_hov_link_bg\"><\/a>\n                          <div class=\"portfolio-table\">\n                            <div class=\"portfolio-cell\">\n                                                                        <a href=\"https:\/\/www.abseitsreisen.de\/blog\/portfolio\/unbekanntes-zentralamerika\/\">  <h5>Unbekanntes Zentralamerika <\/h5> <\/a>\n\n                                           \n                                                    <p class=\"cportfoliotag\">\n                                                      Live Fotoreportage                                                    <\/p>\n                                                                              <\/div>\n                          <\/div>\n                      <\/div>\n                    <\/div>\n                    \n          <\/div>\n\n\t\t\t\t\t\t\t<\/div>\n\t\t\t\t\t\t\t\t\t\t\t\t\t\t\t\t\t\t\t<div class=\"tcol-md-25 tcol-sm-3 tcol-xs-4 tcol-ss-6 all p-item\">\n\t\t\t\t\t\t\t\t\n  <div class=\"portfolio-item grid_item postclass kad-light-gallery kt_item_fade_in\">\n                          <div class=\"portfolio-imagepadding\">\n                      <div class=\"portfolio-hoverclass\">\n                          <a href=\"https:\/\/www.abseitsreisen.de\/blog\/portfolio\/fernost-und-fernwest\/\" class=\"kt-intrinsic\" style=\"padding-bottom:100%;\">\n                          <img loading=\"lazy\" decoding=\"async\" src=\"https:\/\/www.abseitsreisen.de\/blog\/wp-content\/uploads\/2016\/07\/Show-2-Plakat-2017-300x300.jpg\" width=\"300\" height=\"300\" alt=\"Fernost und Fernwest\" srcset=\"https:\/\/www.abseitsreisen.de\/blog\/wp-content\/uploads\/2016\/07\/Show-2-Plakat-2017.jpg 540w, https:\/\/www.abseitsreisen.de\/blog\/wp-content\/uploads\/2016\/07\/Show-2-Plakat-2017-290x290.jpg 290w, https:\/\/www.abseitsreisen.de\/blog\/wp-content\/uploads\/2016\/07\/Show-2-Plakat-2017-300x300.jpg 300w, https:\/\/www.abseitsreisen.de\/blog\/wp-content\/uploads\/2016\/07\/Show-2-Plakat-2017-60x60.jpg 60w, https:\/\/www.abseitsreisen.de\/blog\/wp-content\/uploads\/2016\/07\/Show-2-Plakat-2017-100x100.jpg 100w, https:\/\/www.abseitsreisen.de\/blog\/wp-content\/uploads\/2016\/07\/Show-2-Plakat-2017-370x370.jpg 370w\" sizes=\"auto, (max-width: 300px) 100vw, 300px\" class=\"kad-lightboxhover\">\n                          <\/a>\n                          <div class=\"portfolio-hoverover\"><\/div>\n                          <a href=\"https:\/\/www.abseitsreisen.de\/blog\/portfolio\/fernost-und-fernwest\/\" class=\"portfolio_hov_link_bg\"><\/a>\n                          <div class=\"portfolio-table\">\n                            <div class=\"portfolio-cell\">\n                                                                        <a href=\"https:\/\/www.abseitsreisen.de\/blog\/portfolio\/fernost-und-fernwest\/\">  <h5>Fernost und Fernwest <\/h5> <\/a>\n\n                                           \n                                                    <p class=\"cportfoliotag\">\n                                                      Live Fotoreportage                                                    <\/p>\n                                                                              <\/div>\n                          <\/div>\n                      <\/div>\n                    <\/div>\n                    \n          <\/div>\n\n\t\t\t\t\t\t\t<\/div>\n\t\t\t\t\t\t\t\t\t\t\t\t\t\t\t\t   <\/div>\n\t\t\t<\/div>\n\t\t\t<div class=\"clearfix\"><\/div>\n\t\t\t<a id=\"prevport-69\" class=\"prev_carousel kt-icon-arrow-left\" href=\"#\"><\/a>\n\t\t\t<a id=\"nextport-69\" class=\"next_carousel kt-icon-arrow-right\" href=\"#\"><\/a>\n\t\t<\/div>\n\t<\/div>\n\t<\/div>\n    <\/div><\/div><\/div>","protected":false},"excerpt":{"rendered":"<p>Fernost und Fernwest Im Oldtimer durch S\u00fcdostasien und Nordamerika S\u00fcdostasien und Nordamerika &#8211; zwei faszinierende Welten, wie sie unterschiedlicher kaum sein k\u00f6nnten. Charakterstark, \u00fcberraschend und geheimnisvoll zugleich. Laos &#8211; Kambodscha &#8211; Thailand &#8211; Malaysia &#8211; Singapur &#8211; Sumatra &#8211; Kanada &hellip; <a href=\"https:\/\/www.abseitsreisen.de\/blog\/portfolio\/fernost-und-fernwest\/\">Weiterlesen<\/a><\/p>\n","protected":false},"author":1,"featured_media":4500,"parent":0,"menu_order":2,"comment_status":"closed","ping_status":"closed","template":"","meta":{"kt_blocks_editor_width":"","_metis_text_type":"standard","_metis_text_length":1491,"_post_count":0,"footnotes":""},"class_list":["post-978","page","type-page","status-publish","has-post-thumbnail","hentry"],"aioseo_notices":[],"_links":{"self":[{"href":"https:\/\/www.abseitsreisen.de\/blog\/wp-json\/wp\/v2\/pages\/978","targetHints":{"allow":["GET"]}}],"collection":[{"href":"https:\/\/www.abseitsreisen.de\/blog\/wp-json\/wp\/v2\/pages"}],"about":[{"href":"https:\/\/www.abseitsreisen.de\/blog\/wp-json\/wp\/v2\/types\/page"}],"author":[{"embeddable":true,"href":"https:\/\/www.abseitsreisen.de\/blog\/wp-json\/wp\/v2\/users\/1"}],"replies":[{"embeddable":true,"href":"https:\/\/www.abseitsreisen.de\/blog\/wp-json\/wp\/v2\/comments?post=978"}],"version-history":[{"count":96,"href":"https:\/\/www.abseitsreisen.de\/blog\/wp-json\/wp\/v2\/pages\/978\/revisions"}],"predecessor-version":[{"id":181861,"href":"https:\/\/www.abseitsreisen.de\/blog\/wp-json\/wp\/v2\/pages\/978\/revisions\/181861"}],"wp:featuredmedia":[{"embeddable":true,"href":"https:\/\/www.abseitsreisen.de\/blog\/wp-json\/wp\/v2\/media\/4500"}],"wp:attachment":[{"href":"https:\/\/www.abseitsreisen.de\/blog\/wp-json\/wp\/v2\/media?parent=978"}],"curies":[{"name":"wp","href":"https:\/\/api.w.org\/{rel}","templated":true}]}}